{"id":108,"date":"2025-10-29T15:18:34","date_gmt":"2025-10-29T14:18:34","guid":{"rendered":"https:\/\/newsite.dnpdental.hu\/?page_id=108"},"modified":"2025-11-10T12:43:28","modified_gmt":"2025-11-10T11:43:28","slug":"inlay-onlay","status":"publish","type":"page","link":"https:\/\/dnpdental.hu\/en\/inlay-onlay\/","title":{"rendered":"Inlay, onlay"},"content":{"rendered":"<div data-elementor-type=\"wp-page\" data-elementor-id=\"108\" class=\"elementor elementor-108\" data-elementor-post-type=\"page\">\n\t\t\t\t<div class=\"elementor-element elementor-element-3d489e6 e-flex e-con-boxed e-con e-parent\" data-id=\"3d489e6\" data-element_type=\"container\">\n\t\t\t\t\t<div class=\"e-con-inner\">\n\t\t<div class=\"elementor-element elementor-element-5065553 e-con-full e-flex e-con e-child\" data-id=\"5065553\" data-element_type=\"container\">\n\t\t<div class=\"elementor-element elementor-element-121db4f e-con-full e-flex e-con e-child\" data-id=\"121db4f\" data-element_type=\"container\">\n\t\t<div class=\"elementor-element elementor-element-7963a27 e-con-full e-flex e-con e-child\" data-id=\"7963a27\" data-element_type=\"container\">\n\t\t\t\t<div class=\"elementor-element elementor-element-2db1368 elementor-widget elementor-widget-heading\" data-id=\"2db1368\" data-element_type=\"widget\" data-widget_type=\"heading.default\">\n\t\t\t\t\t<h1 class=\"elementor-heading-title elementor-size-default\">Inlay, onlay<\/h1>\t\t\t\t<\/div>\n\t\t\t\t<div class=\"elementor-element elementor-element-d63fc90 elementor-widget elementor-widget-heading\" data-id=\"d63fc90\" data-element_type=\"widget\" data-widget_type=\"heading.default\">\n\t\t\t\t\t<h2 class=\"elementor-heading-title elementor-size-default\">When are tabs (inlay, onlay) used instead of seals?<\/h2>\t\t\t\t<\/div>\n\t\t\t\t<div class=\"elementor-element elementor-element-1bb747c elementor-widget elementor-widget-text-editor\" data-id=\"1bb747c\" data-element_type=\"widget\" data-widget_type=\"text-editor.default\">\n\t\t\t\t\t\t\t\t\t<p>The tab is made in cases where a significant part of the tooth crown is missing and it can no longer be restored with a filling, or if the contact point between the teeth cannot be created with a filling material due to the large volume of lost tooth tissue. In addition, tabs are used in the treatment of root canals for the final restoration of the tooth after root filling.<\/p><p>A tab (insert, onlay) is, in fact, a durable material that is glued into the tooth in its finished form. It is made by a dental technician in the laboratory based on an individual impression of the patient. The tabs can be made of ceramic, composite or metal.<\/p><p>The insert is made when it is possible to preserve the tops of the tooth and it is not necessary to cover the entire chewing surface. It is also used if it is necessary to cover several tooth tips, but at least one of them remains uncovered.<\/p><p>It is not applied if the tab covers all the vertices of the chewing tooth. If the crown part of the tooth is significantly damaged, it may be necessary to make an inlay covering the entire chewing surface to protect the tooth from fracture. This type of restoration is often chosen for root teeth as the final solution.<\/p>\t\t\t\t\t\t\t\t<\/div>\n\t\t\t\t<\/div>\n\t\t\t\t<div class=\"elementor-element elementor-element-475d331 elementor-widget elementor-widget-image\" data-id=\"475d331\" data-element_type=\"widget\" data-widget_type=\"image.default\">\n\t\t\t\t\t\t\t\t\t\t\t\t\t\t\t<img fetchpriority=\"high\" decoding=\"async\" width=\"600\" height=\"400\" src=\"https:\/\/dnpdental.hu\/wp-content\/uploads\/2025\/11\/inlay_2.webp\" class=\"attachment-large size-large wp-image-808\" alt=\"\" srcset=\"https:\/\/dnpdental.hu\/wp-content\/uploads\/2025\/11\/inlay_2.webp 600w, https:\/\/dnpdental.hu\/wp-content\/uploads\/2025\/11\/inlay_2-300x200.webp 300w, https:\/\/dnpdental.hu\/wp-content\/uploads\/2025\/11\/inlay_2-18x12.webp 18w\" sizes=\"(max-width: 600px) 100vw, 600px\" \/>\t\t\t\t\t\t\t\t\t\t\t\t\t\t\t<\/div>\n\t\t\t\t<\/div>\n\t\t\t\t<div class=\"elementor-element elementor-element-61f7ac1 elementor-align-center elementor-widget elementor-widget-button\" data-id=\"61f7ac1\" data-element_type=\"widget\" data-widget_type=\"button.default\">\n\t\t\t\t\t\t\t\t\t\t<a class=\"elementor-button elementor-button-link elementor-size-sm\" href=\"\/en\/idopontfoglalas\/\">\n\t\t\t\t\t\t<span class=\"elementor-button-content-wrapper\">\n\t\t\t\t\t\t\t\t\t<span class=\"elementor-button-text\">Make an appointment with us<\/span>\n\t\t\t\t\t<\/span>\n\t\t\t\t\t<\/a>\n\t\t\t\t\t\t\t\t<\/div>\n\t\t<div class=\"elementor-element elementor-element-fe9144c e-con-full e-flex e-con e-child\" data-id=\"fe9144c\" data-element_type=\"container\">\n\t\t\t\t<div class=\"elementor-element elementor-element-bcdde62 elementor-widget__width-initial elementor-widget-tablet__width-inherit elementor-widget elementor-widget-image\" data-id=\"bcdde62\" data-element_type=\"widget\" data-widget_type=\"image.default\">\n\t\t\t\t\t\t\t\t\t\t\t\t\t\t\t<img decoding=\"async\" width=\"500\" height=\"500\" src=\"https:\/\/dnpdental.hu\/wp-content\/uploads\/2025\/11\/cirkonium-1.webp\" class=\"attachment-large size-large wp-image-744\" alt=\"\" srcset=\"https:\/\/dnpdental.hu\/wp-content\/uploads\/2025\/11\/cirkonium-1.webp 500w, https:\/\/dnpdental.hu\/wp-content\/uploads\/2025\/11\/cirkonium-1-300x300.webp 300w, https:\/\/dnpdental.hu\/wp-content\/uploads\/2025\/11\/cirkonium-1-150x150.webp 150w, https:\/\/dnpdental.hu\/wp-content\/uploads\/2025\/11\/cirkonium-1-12x12.webp 12w\" sizes=\"(max-width: 500px) 100vw, 500px\" \/>\t\t\t\t\t\t\t\t\t\t\t\t\t\t\t<\/div>\n\t\t<div class=\"elementor-element elementor-element-946e89a e-con-full e-flex e-con e-child\" data-id=\"946e89a\" data-element_type=\"container\">\n\t\t\t\t<div class=\"elementor-element elementor-element-71aa06b elementor-widget elementor-widget-heading\" data-id=\"71aa06b\" data-element_type=\"widget\" data-widget_type=\"heading.default\">\n\t\t\t\t\t<h2 class=\"elementor-heading-title elementor-size-default\">How many times do I need to visit a dental clinic?<\/h2>\t\t\t\t<\/div>\n\t\t\t\t<div class=\"elementor-element elementor-element-f66e722 elementor-widget elementor-widget-text-editor\" data-id=\"f66e722\" data-element_type=\"widget\" data-widget_type=\"text-editor.default\">\n\t\t\t\t\t\t\t\t\t<p>At least two visits to the dentist are required to make the tabs.<\/p><p>During the first visit, the tooth is prepared for insertion by removing the caries-affected areas and forming a cavity of the desired shape. Then an impression of the teeth is taken, on the basis of which a dental technician in the laboratory makes a tab that will fit perfectly and match the shape of the tooth.\nTo protect the tooth before installing the tab, it is closed with a temporary seal.<\/p><p>On the second visit, the tab is fixed with glue, if necessary with the use of local anesthesia.<\/p><p>After that, a follow-up examination may be scheduled at the request of the patient.<\/p>\t\t\t\t\t\t\t\t<\/div>\n\t\t\t\t<\/div>\n\t\t\t\t<\/div>\n\t\t\t\t<div class=\"elementor-element elementor-element-1a25993 elementor-align-center elementor-widget elementor-widget-button\" data-id=\"1a25993\" data-element_type=\"widget\" data-widget_type=\"button.default\">\n\t\t\t\t\t\t\t\t\t\t<a class=\"elementor-button elementor-button-link elementor-size-sm\" href=\"\/en\/idopontfoglalas\/\">\n\t\t\t\t\t\t<span class=\"elementor-button-content-wrapper\">\n\t\t\t\t\t\t\t\t\t<span class=\"elementor-button-text\">We are always ready to help you and your family<\/span>\n\t\t\t\t\t<\/span>\n\t\t\t\t\t<\/a>\n\t\t\t\t\t\t\t\t<\/div>\n\t\t\t\t<\/div>\n\t\t\t\t\t<\/div>\n\t\t\t\t<\/div>\n\t\t\t\t<\/div>","protected":false},"excerpt":{"rendered":"<p>Inlay | Onlay Mikor haszn\u00e1lunk fogt\u00f6m\u00e9s helyett fogbet\u00e9teket &#8211; inlayt\/ onlayt? Bet\u00e9tet akkor k\u00e9sz\u00edt\u00fcnk, ha a fog koronai r\u00e9sz\u00e9b\u0151l nagyon sok hi\u00e1nyzik \u00e9s azt m\u00e1r t\u00f6m\u00e9ssel nem lehet fel\u00e9p\u00edteni, vagy ha a fogak k\u00f6z\u00f6tti kontaktpontot a nagy foganyag hi\u00e1ny miatt m\u00e1r nem lehet t\u00f6m\u0151anyaggal kialak\u00edtani. Ezen k\u00edv\u00fcl alkalmazzuk gy\u00f6k\u00e9rkezelt fogak eset\u00e9ben, gy\u00f6k\u00e9rt\u00f6m\u00e9st k\u00f6vet\u0151en a fog &#8230; <a title=\"Inlay, onlay\" class=\"read-more\" href=\"https:\/\/dnpdental.hu\/en\/inlay-onlay\/\" aria-label=\"Read more about Inlay | Onlay\">Read more<\/a><\/p>","protected":false},"author":1,"featured_media":0,"parent":0,"menu_order":0,"comment_status":"closed","ping_status":"closed","template":"elementor_header_footer","meta":{"footnotes":""},"class_list":["post-108","page","type-page","status-publish"],"yoast_head":"<!-- This site is optimized with the Yoast SEO Premium plugin v26.2 (Yoast SEO v26.5) - https:\/\/yoast.com\/wordpress\/plugins\/seo\/ -->\n<title>Inlay | Onlay - DNP Dental<\/title>\n<meta name=\"robots\" content=\"index, follow, max-snippet:-1, max-image-preview:large, max-video-preview:-1\" \/>\n<link rel=\"canonical\" href=\"https:\/\/dnpdental.hu\/en\/inlay-onlay\/\" \/>\n<meta property=\"og:locale\" content=\"en_GB\" \/>\n<meta property=\"og:type\" content=\"article\" \/>\n<meta property=\"og:title\" content=\"Inlay | Onlay\" \/>\n<meta property=\"og:description\" content=\"Inlay | Onlay Mikor haszn\u00e1lunk fogt\u00f6m\u00e9s helyett fogbet\u00e9teket &#8211; inlayt\/ onlayt? Bet\u00e9tet akkor k\u00e9sz\u00edt\u00fcnk, ha a fog koronai r\u00e9sz\u00e9b\u0151l nagyon sok hi\u00e1nyzik \u00e9s azt m\u00e1r t\u00f6m\u00e9ssel nem lehet fel\u00e9p\u00edteni, vagy ha a fogak k\u00f6z\u00f6tti kontaktpontot a nagy foganyag hi\u00e1ny miatt m\u00e1r nem lehet t\u00f6m\u0151anyaggal kialak\u00edtani. Ezen k\u00edv\u00fcl alkalmazzuk gy\u00f6k\u00e9rkezelt fogak eset\u00e9ben, gy\u00f6k\u00e9rt\u00f6m\u00e9st k\u00f6vet\u0151en a fog ... Read more\" \/>\n<meta property=\"og:url\" content=\"https:\/\/dnpdental.hu\/en\/inlay-onlay\/\" \/>\n<meta property=\"og:site_name\" content=\"DNP Dental\" \/>\n<meta property=\"article:modified_time\" content=\"2025-11-10T11:43:28+00:00\" \/>\n<meta property=\"og:image\" content=\"https:\/\/newsite.dnpdental.hu\/wp-content\/uploads\/2025\/11\/inlay_2.webp\" \/>\n<meta name=\"twitter:card\" content=\"summary_large_image\" \/>\n<meta name=\"twitter:label1\" content=\"Estimated reading time\" \/>\n\t<meta name=\"twitter:data1\" content=\"2 minutes\" \/>\n<script type=\"application\/ld+json\" class=\"yoast-schema-graph\">{\"@context\":\"https:\/\/schema.org\",\"@graph\":[{\"@type\":\"WebPage\",\"@id\":\"https:\/\/dnpdental.hu\/inlay-onlay\/\",\"url\":\"https:\/\/dnpdental.hu\/inlay-onlay\/\",\"name\":\"Inlay | Onlay - DNP Dental\",\"isPartOf\":{\"@id\":\"https:\/\/dnpdental.hu\/#website\"},\"primaryImageOfPage\":{\"@id\":\"https:\/\/dnpdental.hu\/inlay-onlay\/#primaryimage\"},\"image\":{\"@id\":\"https:\/\/dnpdental.hu\/inlay-onlay\/#primaryimage\"},\"thumbnailUrl\":\"https:\/\/newsite.dnpdental.hu\/wp-content\/uploads\/2025\/11\/inlay_2.webp\",\"datePublished\":\"2025-10-29T14:18:34+00:00\",\"dateModified\":\"2025-11-10T11:43:28+00:00\",\"breadcrumb\":{\"@id\":\"https:\/\/dnpdental.hu\/inlay-onlay\/#breadcrumb\"},\"inLanguage\":\"en-GB\",\"potentialAction\":[{\"@type\":\"ReadAction\",\"target\":[\"https:\/\/dnpdental.hu\/inlay-onlay\/\"]}]},{\"@type\":\"ImageObject\",\"inLanguage\":\"en-GB\",\"@id\":\"https:\/\/dnpdental.hu\/inlay-onlay\/#primaryimage\",\"url\":\"https:\/\/newsite.dnpdental.hu\/wp-content\/uploads\/2025\/11\/inlay_2.webp\",\"contentUrl\":\"https:\/\/newsite.dnpdental.hu\/wp-content\/uploads\/2025\/11\/inlay_2.webp\"},{\"@type\":\"BreadcrumbList\",\"@id\":\"https:\/\/dnpdental.hu\/inlay-onlay\/#breadcrumb\",\"itemListElement\":[{\"@type\":\"ListItem\",\"position\":1,\"name\":\"Kezd\u0151lap\",\"item\":\"https:\/\/dnpdental.hu\/\"},{\"@type\":\"ListItem\",\"position\":2,\"name\":\"Inlay | Onlay\"}]},{\"@type\":\"WebSite\",\"@id\":\"https:\/\/dnpdental.hu\/#website\",\"url\":\"https:\/\/dnpdental.hu\/\",\"name\":\"DNP Dental\",\"description\":\"\",\"publisher\":{\"@id\":\"https:\/\/dnpdental.hu\/#organization\"},\"potentialAction\":[{\"@type\":\"SearchAction\",\"target\":{\"@type\":\"EntryPoint\",\"urlTemplate\":\"https:\/\/dnpdental.hu\/?s={search_term_string}\"},\"query-input\":{\"@type\":\"PropertyValueSpecification\",\"valueRequired\":true,\"valueName\":\"search_term_string\"}}],\"inLanguage\":\"en-GB\"},{\"@type\":\"Organization\",\"@id\":\"https:\/\/dnpdental.hu\/#organization\",\"name\":\"DNP Dental\",\"url\":\"https:\/\/dnpdental.hu\/\",\"logo\":{\"@type\":\"ImageObject\",\"inLanguage\":\"en-GB\",\"@id\":\"https:\/\/dnpdental.hu\/#\/schema\/logo\/image\/\",\"url\":\"https:\/\/dnpdental.hu\/wp-content\/uploads\/2025\/11\/DNP-10_mini.webp\",\"contentUrl\":\"https:\/\/dnpdental.hu\/wp-content\/uploads\/2025\/11\/DNP-10_mini.webp\",\"width\":420,\"height\":202,\"caption\":\"DNP Dental\"},\"image\":{\"@id\":\"https:\/\/dnpdental.hu\/#\/schema\/logo\/image\/\"}}]}<\/script>\n<!-- \/ Yoast SEO Premium plugin. -->","yoast_head_json":{"title":"Inlay | Onlay - DNP Dental","robots":{"index":"index","follow":"follow","max-snippet":"max-snippet:-1","max-image-preview":"max-image-preview:large","max-video-preview":"max-video-preview:-1"},"canonical":"https:\/\/dnpdental.hu\/en\/inlay-onlay\/","og_locale":"en_GB","og_type":"article","og_title":"Inlay | Onlay","og_description":"Inlay | Onlay Mikor haszn\u00e1lunk fogt\u00f6m\u00e9s helyett fogbet\u00e9teket &#8211; inlayt\/ onlayt? Bet\u00e9tet akkor k\u00e9sz\u00edt\u00fcnk, ha a fog koronai r\u00e9sz\u00e9b\u0151l nagyon sok hi\u00e1nyzik \u00e9s azt m\u00e1r t\u00f6m\u00e9ssel nem lehet fel\u00e9p\u00edteni, vagy ha a fogak k\u00f6z\u00f6tti kontaktpontot a nagy foganyag hi\u00e1ny miatt m\u00e1r nem lehet t\u00f6m\u0151anyaggal kialak\u00edtani. Ezen k\u00edv\u00fcl alkalmazzuk gy\u00f6k\u00e9rkezelt fogak eset\u00e9ben, gy\u00f6k\u00e9rt\u00f6m\u00e9st k\u00f6vet\u0151en a fog ... Read more","og_url":"https:\/\/dnpdental.hu\/en\/inlay-onlay\/","og_site_name":"DNP Dental","article_modified_time":"2025-11-10T11:43:28+00:00","og_image":[{"url":"https:\/\/newsite.dnpdental.hu\/wp-content\/uploads\/2025\/11\/inlay_2.webp","type":"","width":"","height":""}],"twitter_card":"summary_large_image","twitter_misc":{"Estimated reading time":"2 minutes"},"schema":{"@context":"https:\/\/schema.org","@graph":[{"@type":"WebPage","@id":"https:\/\/dnpdental.hu\/inlay-onlay\/","url":"https:\/\/dnpdental.hu\/inlay-onlay\/","name":"Inlay | Onlay - DNP Dental","isPartOf":{"@id":"https:\/\/dnpdental.hu\/#website"},"primaryImageOfPage":{"@id":"https:\/\/dnpdental.hu\/inlay-onlay\/#primaryimage"},"image":{"@id":"https:\/\/dnpdental.hu\/inlay-onlay\/#primaryimage"},"thumbnailUrl":"https:\/\/newsite.dnpdental.hu\/wp-content\/uploads\/2025\/11\/inlay_2.webp","datePublished":"2025-10-29T14:18:34+00:00","dateModified":"2025-11-10T11:43:28+00:00","breadcrumb":{"@id":"https:\/\/dnpdental.hu\/inlay-onlay\/#breadcrumb"},"inLanguage":"en-GB","potentialAction":[{"@type":"ReadAction","target":["https:\/\/dnpdental.hu\/inlay-onlay\/"]}]},{"@type":"ImageObject","inLanguage":"en-GB","@id":"https:\/\/dnpdental.hu\/inlay-onlay\/#primaryimage","url":"https:\/\/newsite.dnpdental.hu\/wp-content\/uploads\/2025\/11\/inlay_2.webp","contentUrl":"https:\/\/newsite.dnpdental.hu\/wp-content\/uploads\/2025\/11\/inlay_2.webp"},{"@type":"BreadcrumbList","@id":"https:\/\/dnpdental.hu\/inlay-onlay\/#breadcrumb","itemListElement":[{"@type":"ListItem","position":1,"name":"Kezd\u0151lap","item":"https:\/\/dnpdental.hu\/"},{"@type":"ListItem","position":2,"name":"Inlay | Onlay"}]},{"@type":"WebSite","@id":"https:\/\/dnpdental.hu\/#website","url":"https:\/\/dnpdental.hu\/","name":"DNP Dental","description":"","publisher":{"@id":"https:\/\/dnpdental.hu\/#organization"},"potentialAction":[{"@type":"SearchAction","target":{"@type":"EntryPoint","urlTemplate":"https:\/\/dnpdental.hu\/?s={search_term_string}"},"query-input":{"@type":"PropertyValueSpecification","valueRequired":true,"valueName":"search_term_string"}}],"inLanguage":"en-GB"},{"@type":"Organization","@id":"https:\/\/dnpdental.hu\/#organization","name":"DNP Dental","url":"https:\/\/dnpdental.hu\/","logo":{"@type":"ImageObject","inLanguage":"en-GB","@id":"https:\/\/dnpdental.hu\/#\/schema\/logo\/image\/","url":"https:\/\/dnpdental.hu\/wp-content\/uploads\/2025\/11\/DNP-10_mini.webp","contentUrl":"https:\/\/dnpdental.hu\/wp-content\/uploads\/2025\/11\/DNP-10_mini.webp","width":420,"height":202,"caption":"DNP Dental"},"image":{"@id":"https:\/\/dnpdental.hu\/#\/schema\/logo\/image\/"}}]}},"_links":{"self":[{"href":"https:\/\/dnpdental.hu\/en\/wp-json\/wp\/v2\/pages\/108","targetHints":{"allow":["GET"]}}],"collection":[{"href":"https:\/\/dnpdental.hu\/en\/wp-json\/wp\/v2\/pages"}],"about":[{"href":"https:\/\/dnpdental.hu\/en\/wp-json\/wp\/v2\/types\/page"}],"author":[{"embeddable":true,"href":"https:\/\/dnpdental.hu\/en\/wp-json\/wp\/v2\/users\/1"}],"replies":[{"embeddable":true,"href":"https:\/\/dnpdental.hu\/en\/wp-json\/wp\/v2\/comments?post=108"}],"version-history":[{"count":22,"href":"https:\/\/dnpdental.hu\/en\/wp-json\/wp\/v2\/pages\/108\/revisions"}],"predecessor-version":[{"id":1717,"href":"https:\/\/dnpdental.hu\/en\/wp-json\/wp\/v2\/pages\/108\/revisions\/1717"}],"wp:attachment":[{"href":"https:\/\/dnpdental.hu\/en\/wp-json\/wp\/v2\/media?parent=108"}],"curies":[{"name":"wp","href":"https:\/\/api.w.org\/{rel}","templated":true}]}}