{"id":116,"date":"2025-10-29T15:28:03","date_gmt":"2025-10-29T14:28:03","guid":{"rendered":"https:\/\/newsite.dnpdental.hu\/?page_id=116"},"modified":"2025-11-10T12:46:38","modified_gmt":"2025-11-10T11:46:38","slug":"karrier","status":"publish","type":"page","link":"https:\/\/dnpdental.hu\/en\/karrier\/","title":{"rendered":"Career"},"content":{"rendered":"<div data-elementor-type=\"wp-page\" data-elementor-id=\"116\" class=\"elementor elementor-116\" data-elementor-post-type=\"page\">\n\t\t\t\t<div class=\"elementor-element elementor-element-32f4d56 e-flex e-con-boxed e-con e-parent\" data-id=\"32f4d56\" data-element_type=\"container\">\n\t\t\t\t\t<div class=\"e-con-inner\">\n\t\t\t\t<div class=\"elementor-element elementor-element-09485ad elementor-widget elementor-widget-heading\" data-id=\"09485ad\" data-element_type=\"widget\" data-widget_type=\"heading.default\">\n\t\t\t\t\t<h1 class=\"elementor-heading-title elementor-size-default\">Career at DNP Dental<\/h1>\t\t\t\t<\/div>\n\t\t\t\t<div class=\"elementor-element elementor-element-701116b elementor-widget elementor-widget-text-editor\" data-id=\"701116b\" data-element_type=\"widget\" data-widget_type=\"text-editor.default\">\n\t\t\t\t\t\t\t\t\t<p class=\"my-2\">DNP Dental is a new-generation yet warmly personal dental clinic in Budapest\u2019s District XI, where our doctors don\u2019t just work\u2014they truly enjoy coming to the practice each day. Though we opened our doors only a year ago, we already serve a significant number of both Hungarian and international patients.<\/p><p class=\"my-2\">Our mission is to provide a long-term, stable, and reliable professional home for dentists who strive for more\u2014both professionally and personally. At DNP Dental, you won\u2019t find an impersonal production-line atmosphere, but rather a supportive, people-focused environment where every team member\u2019s work is genuinely valued.<\/p>\t\t\t\t\t\t\t\t<\/div>\n\t\t<div class=\"elementor-element elementor-element-b92338b e-con-full e-flex e-con e-child\" data-id=\"b92338b\" data-element_type=\"container\">\n\t\t<div class=\"elementor-element elementor-element-c887285 e-con-full e-flex e-con e-child\" data-id=\"c887285\" data-element_type=\"container\">\n\t\t\t\t<div class=\"elementor-element elementor-element-77bc1a7 elementor-widget elementor-widget-image\" data-id=\"77bc1a7\" data-element_type=\"widget\" data-widget_type=\"image.default\">\n\t\t\t\t\t\t\t\t\t\t\t\t\t\t\t<img fetchpriority=\"high\" decoding=\"async\" width=\"900\" height=\"506\" src=\"https:\/\/dnpdental.hu\/wp-content\/uploads\/2025\/11\/career.webp\" class=\"attachment-large size-large wp-image-907\" alt=\"\" srcset=\"https:\/\/dnpdental.hu\/wp-content\/uploads\/2025\/11\/career.webp 900w, https:\/\/dnpdental.hu\/wp-content\/uploads\/2025\/11\/career-300x169.webp 300w, https:\/\/dnpdental.hu\/wp-content\/uploads\/2025\/11\/career-768x432.webp 768w, https:\/\/dnpdental.hu\/wp-content\/uploads\/2025\/11\/career-18x10.webp 18w\" sizes=\"(max-width: 900px) 100vw, 900px\" \/>\t\t\t\t\t\t\t\t\t\t\t\t\t\t\t<\/div>\n\t\t\t\t<\/div>\n\t\t<div class=\"elementor-element elementor-element-54fcccd e-con-full e-flex e-con e-child\" data-id=\"54fcccd\" data-element_type=\"container\">\n\t\t\t\t<div class=\"elementor-element elementor-element-e7a89b1 elementor-widget elementor-widget-text-editor\" data-id=\"e7a89b1\" data-element_type=\"widget\" data-widget_type=\"text-editor.default\">\n\t\t\t\t\t\t\t\t\t<p class=\"my-2 translation-block\">Our team is small, cohesive, and deeply committed. We believe that trust, openness, and a positive atmosphere are just as essential as professional expertise. Growth here is not just a possibility\u2014it\u2019s part of everyday life. Our modern equipment and attentive assistants ensure a calm, high-standard working environment, while we actively support our doctors\u2019 development through fully funded training and continued education.<\/p><p class=\"my-2 translation-block\">Our patient base includes both local and international guests, which makes daily work diverse, challenging, and highly rewarding. On average, our dentists earn 2 million HUF per month, all without the burden of administration or paperwork\u2014freeing them to focus entirely on what they do best: providing exceptional care.<\/p>\t\t\t\t\t\t\t\t<\/div>\n\t\t\t\t<\/div>\n\t\t\t\t<\/div>\n\t\t\t\t<div class=\"elementor-element elementor-element-5941d9c elementor-widget elementor-widget-text-editor\" data-id=\"5941d9c\" data-element_type=\"widget\" data-widget_type=\"text-editor.default\">\n\t\t\t\t\t\t\t\t\t<div class=\"row my-2\"><div class=\"col-md-12\"><p>If you are looking for a workplace where professional excellence and human values go hand in hand\u2014where they enrich and empower each other\u2014we would love to hear from you. You might be exactly who we\u2019re looking for.<\/p><\/div><\/div><div class=\"row my-2\"><div class=\"col-md-12\"><p class=\"translation-block\">To apply, please send your CV with a photo to info@dnpdental.hu. If you have any questions, feel free to call us at +36 70 215 3925.<\/p><\/div><\/div><div class=\"row my-2\"><div class=\"col-md-12\"><p>Curious to get to know us? We\u2019d be happy to welcome you for a personal visit\u2014coffee is always on us.<\/p><\/div><\/div>\t\t\t\t\t\t\t\t<\/div>\n\t\t\t\t\t<\/div>\n\t\t\t\t<\/div>\n\t\t\t\t<\/div>","protected":false},"excerpt":{"rendered":"<p>Karrier a DNP Dentaln\u00e1l A DNP Dental egy \u00faj gener\u00e1ci\u00f3s, m\u00e9gis csal\u00e1dias fog\u00e1szat Budapest XI. ker\u00fclet\u00e9ben, ahol nem csup\u00e1n dolgoznak az orvosok, hanem \u00f6rmmel \u00e9rkeznek a rendel\u0151be. Rendel\u0151nk alig egy \u00e9ve nyitotta meg kapuit, \u00e9s m\u00e1ris jelent\u0151s hazai \u00e9s nemzetk\u00f6zi p\u00e1ciens\u00e1llom\u00e1nnyal b\u00fcszk\u00e9lkedhet\u00fcnk. C\u00e9lunk, hogy hossz\u00fa t\u00e1von stabil, kisz\u00e1m\u00edthat\u00f3 szakmai otthont ny\u00fajtsunk olyan fogorvosok sz\u00e1m\u00e1ra, akik &#8230; <a title=\"Career\" class=\"read-more\" href=\"https:\/\/dnpdental.hu\/en\/karrier\/\" aria-label=\"Read more about Karrier\">Read more<\/a><\/p>","protected":false},"author":1,"featured_media":0,"parent":0,"menu_order":0,"comment_status":"closed","ping_status":"closed","template":"elementor_header_footer","meta":{"footnotes":""},"class_list":["post-116","page","type-page","status-publish"],"yoast_head":"<!-- This site is optimized with the Yoast SEO Premium plugin v26.2 (Yoast SEO v26.5) - https:\/\/yoast.com\/wordpress\/plugins\/seo\/ -->\n<title>Karrier - DNP Dental<\/title>\n<meta name=\"robots\" content=\"index, follow, max-snippet:-1, max-image-preview:large, max-video-preview:-1\" \/>\n<link rel=\"canonical\" href=\"https:\/\/dnpdental.hu\/en\/karrier\/\" \/>\n<meta property=\"og:locale\" content=\"en_GB\" \/>\n<meta property=\"og:type\" content=\"article\" \/>\n<meta property=\"og:title\" content=\"Karrier\" \/>\n<meta property=\"og:description\" content=\"Karrier a DNP Dentaln\u00e1l A DNP Dental egy \u00faj gener\u00e1ci\u00f3s, m\u00e9gis csal\u00e1dias fog\u00e1szat Budapest XI. ker\u00fclet\u00e9ben, ahol nem csup\u00e1n dolgoznak az orvosok, hanem \u00f6rmmel \u00e9rkeznek a rendel\u0151be. Rendel\u0151nk alig egy \u00e9ve nyitotta meg kapuit, \u00e9s m\u00e1ris jelent\u0151s hazai \u00e9s nemzetk\u00f6zi p\u00e1ciens\u00e1llom\u00e1nnyal b\u00fcszk\u00e9lkedhet\u00fcnk. C\u00e9lunk, hogy hossz\u00fa t\u00e1von stabil, kisz\u00e1m\u00edthat\u00f3 szakmai otthont ny\u00fajtsunk olyan fogorvosok sz\u00e1m\u00e1ra, akik ... Read more\" \/>\n<meta property=\"og:url\" content=\"https:\/\/dnpdental.hu\/en\/karrier\/\" \/>\n<meta property=\"og:site_name\" content=\"DNP Dental\" \/>\n<meta property=\"article:modified_time\" content=\"2025-11-10T11:46:38+00:00\" \/>\n<meta property=\"og:image\" content=\"https:\/\/newsite.dnpdental.hu\/wp-content\/uploads\/2025\/11\/career.webp\" \/>\n<meta name=\"twitter:card\" content=\"summary_large_image\" \/>\n<meta name=\"twitter:label1\" content=\"Estimated reading time\" \/>\n\t<meta name=\"twitter:data1\" content=\"2 minutes\" \/>\n<script type=\"application\/ld+json\" class=\"yoast-schema-graph\">{\"@context\":\"https:\/\/schema.org\",\"@graph\":[{\"@type\":\"WebPage\",\"@id\":\"https:\/\/dnpdental.hu\/karrier\/\",\"url\":\"https:\/\/dnpdental.hu\/karrier\/\",\"name\":\"Karrier - DNP Dental\",\"isPartOf\":{\"@id\":\"https:\/\/dnpdental.hu\/#website\"},\"primaryImageOfPage\":{\"@id\":\"https:\/\/dnpdental.hu\/karrier\/#primaryimage\"},\"image\":{\"@id\":\"https:\/\/dnpdental.hu\/karrier\/#primaryimage\"},\"thumbnailUrl\":\"https:\/\/newsite.dnpdental.hu\/wp-content\/uploads\/2025\/11\/career.webp\",\"datePublished\":\"2025-10-29T14:28:03+00:00\",\"dateModified\":\"2025-11-10T11:46:38+00:00\",\"breadcrumb\":{\"@id\":\"https:\/\/dnpdental.hu\/karrier\/#breadcrumb\"},\"inLanguage\":\"en-GB\",\"potentialAction\":[{\"@type\":\"ReadAction\",\"target\":[\"https:\/\/dnpdental.hu\/karrier\/\"]}]},{\"@type\":\"ImageObject\",\"inLanguage\":\"en-GB\",\"@id\":\"https:\/\/dnpdental.hu\/karrier\/#primaryimage\",\"url\":\"https:\/\/newsite.dnpdental.hu\/wp-content\/uploads\/2025\/11\/career.webp\",\"contentUrl\":\"https:\/\/newsite.dnpdental.hu\/wp-content\/uploads\/2025\/11\/career.webp\"},{\"@type\":\"BreadcrumbList\",\"@id\":\"https:\/\/dnpdental.hu\/karrier\/#breadcrumb\",\"itemListElement\":[{\"@type\":\"ListItem\",\"position\":1,\"name\":\"Kezd\u0151lap\",\"item\":\"https:\/\/dnpdental.hu\/\"},{\"@type\":\"ListItem\",\"position\":2,\"name\":\"Karrier\"}]},{\"@type\":\"WebSite\",\"@id\":\"https:\/\/dnpdental.hu\/#website\",\"url\":\"https:\/\/dnpdental.hu\/\",\"name\":\"DNP Dental\",\"description\":\"\",\"publisher\":{\"@id\":\"https:\/\/dnpdental.hu\/#organization\"},\"potentialAction\":[{\"@type\":\"SearchAction\",\"target\":{\"@type\":\"EntryPoint\",\"urlTemplate\":\"https:\/\/dnpdental.hu\/?s={search_term_string}\"},\"query-input\":{\"@type\":\"PropertyValueSpecification\",\"valueRequired\":true,\"valueName\":\"search_term_string\"}}],\"inLanguage\":\"en-GB\"},{\"@type\":\"Organization\",\"@id\":\"https:\/\/dnpdental.hu\/#organization\",\"name\":\"DNP Dental\",\"url\":\"https:\/\/dnpdental.hu\/\",\"logo\":{\"@type\":\"ImageObject\",\"inLanguage\":\"en-GB\",\"@id\":\"https:\/\/dnpdental.hu\/#\/schema\/logo\/image\/\",\"url\":\"https:\/\/dnpdental.hu\/wp-content\/uploads\/2025\/11\/DNP-10_mini.webp\",\"contentUrl\":\"https:\/\/dnpdental.hu\/wp-content\/uploads\/2025\/11\/DNP-10_mini.webp\",\"width\":420,\"height\":202,\"caption\":\"DNP Dental\"},\"image\":{\"@id\":\"https:\/\/dnpdental.hu\/#\/schema\/logo\/image\/\"}}]}<\/script>\n<!-- \/ Yoast SEO Premium plugin. -->","yoast_head_json":{"title":"Karrier - DNP Dental","robots":{"index":"index","follow":"follow","max-snippet":"max-snippet:-1","max-image-preview":"max-image-preview:large","max-video-preview":"max-video-preview:-1"},"canonical":"https:\/\/dnpdental.hu\/en\/karrier\/","og_locale":"en_GB","og_type":"article","og_title":"Karrier","og_description":"Karrier a DNP Dentaln\u00e1l A DNP Dental egy \u00faj gener\u00e1ci\u00f3s, m\u00e9gis csal\u00e1dias fog\u00e1szat Budapest XI. ker\u00fclet\u00e9ben, ahol nem csup\u00e1n dolgoznak az orvosok, hanem \u00f6rmmel \u00e9rkeznek a rendel\u0151be. Rendel\u0151nk alig egy \u00e9ve nyitotta meg kapuit, \u00e9s m\u00e1ris jelent\u0151s hazai \u00e9s nemzetk\u00f6zi p\u00e1ciens\u00e1llom\u00e1nnyal b\u00fcszk\u00e9lkedhet\u00fcnk. C\u00e9lunk, hogy hossz\u00fa t\u00e1von stabil, kisz\u00e1m\u00edthat\u00f3 szakmai otthont ny\u00fajtsunk olyan fogorvosok sz\u00e1m\u00e1ra, akik ... Read more","og_url":"https:\/\/dnpdental.hu\/en\/karrier\/","og_site_name":"DNP Dental","article_modified_time":"2025-11-10T11:46:38+00:00","og_image":[{"url":"https:\/\/newsite.dnpdental.hu\/wp-content\/uploads\/2025\/11\/career.webp","type":"","width":"","height":""}],"twitter_card":"summary_large_image","twitter_misc":{"Estimated reading time":"2 minutes"},"schema":{"@context":"https:\/\/schema.org","@graph":[{"@type":"WebPage","@id":"https:\/\/dnpdental.hu\/karrier\/","url":"https:\/\/dnpdental.hu\/karrier\/","name":"Karrier - DNP Dental","isPartOf":{"@id":"https:\/\/dnpdental.hu\/#website"},"primaryImageOfPage":{"@id":"https:\/\/dnpdental.hu\/karrier\/#primaryimage"},"image":{"@id":"https:\/\/dnpdental.hu\/karrier\/#primaryimage"},"thumbnailUrl":"https:\/\/newsite.dnpdental.hu\/wp-content\/uploads\/2025\/11\/career.webp","datePublished":"2025-10-29T14:28:03+00:00","dateModified":"2025-11-10T11:46:38+00:00","breadcrumb":{"@id":"https:\/\/dnpdental.hu\/karrier\/#breadcrumb"},"inLanguage":"en-GB","potentialAction":[{"@type":"ReadAction","target":["https:\/\/dnpdental.hu\/karrier\/"]}]},{"@type":"ImageObject","inLanguage":"en-GB","@id":"https:\/\/dnpdental.hu\/karrier\/#primaryimage","url":"https:\/\/newsite.dnpdental.hu\/wp-content\/uploads\/2025\/11\/career.webp","contentUrl":"https:\/\/newsite.dnpdental.hu\/wp-content\/uploads\/2025\/11\/career.webp"},{"@type":"BreadcrumbList","@id":"https:\/\/dnpdental.hu\/karrier\/#breadcrumb","itemListElement":[{"@type":"ListItem","position":1,"name":"Kezd\u0151lap","item":"https:\/\/dnpdental.hu\/"},{"@type":"ListItem","position":2,"name":"Karrier"}]},{"@type":"WebSite","@id":"https:\/\/dnpdental.hu\/#website","url":"https:\/\/dnpdental.hu\/","name":"DNP Dental","description":"","publisher":{"@id":"https:\/\/dnpdental.hu\/#organization"},"potentialAction":[{"@type":"SearchAction","target":{"@type":"EntryPoint","urlTemplate":"https:\/\/dnpdental.hu\/?s={search_term_string}"},"query-input":{"@type":"PropertyValueSpecification","valueRequired":true,"valueName":"search_term_string"}}],"inLanguage":"en-GB"},{"@type":"Organization","@id":"https:\/\/dnpdental.hu\/#organization","name":"DNP Dental","url":"https:\/\/dnpdental.hu\/","logo":{"@type":"ImageObject","inLanguage":"en-GB","@id":"https:\/\/dnpdental.hu\/#\/schema\/logo\/image\/","url":"https:\/\/dnpdental.hu\/wp-content\/uploads\/2025\/11\/DNP-10_mini.webp","contentUrl":"https:\/\/dnpdental.hu\/wp-content\/uploads\/2025\/11\/DNP-10_mini.webp","width":420,"height":202,"caption":"DNP Dental"},"image":{"@id":"https:\/\/dnpdental.hu\/#\/schema\/logo\/image\/"}}]}},"_links":{"self":[{"href":"https:\/\/dnpdental.hu\/en\/wp-json\/wp\/v2\/pages\/116","targetHints":{"allow":["GET"]}}],"collection":[{"href":"https:\/\/dnpdental.hu\/en\/wp-json\/wp\/v2\/pages"}],"about":[{"href":"https:\/\/dnpdental.hu\/en\/wp-json\/wp\/v2\/types\/page"}],"author":[{"embeddable":true,"href":"https:\/\/dnpdental.hu\/en\/wp-json\/wp\/v2\/users\/1"}],"replies":[{"embeddable":true,"href":"https:\/\/dnpdental.hu\/en\/wp-json\/wp\/v2\/comments?post=116"}],"version-history":[{"count":16,"href":"https:\/\/dnpdental.hu\/en\/wp-json\/wp\/v2\/pages\/116\/revisions"}],"predecessor-version":[{"id":1720,"href":"https:\/\/dnpdental.hu\/en\/wp-json\/wp\/v2\/pages\/116\/revisions\/1720"}],"wp:attachment":[{"href":"https:\/\/dnpdental.hu\/en\/wp-json\/wp\/v2\/media?parent=116"}],"curies":[{"name":"wp","href":"https:\/\/api.w.org\/{rel}","templated":true}]}}