{"id":18,"date":"2025-10-29T12:06:43","date_gmt":"2025-10-29T11:06:43","guid":{"rendered":"https:\/\/newsite.dnpdental.hu\/?page_id=18"},"modified":"2025-11-10T10:16:21","modified_gmt":"2025-11-10T09:16:21","slug":"csontpotlas","status":"publish","type":"page","link":"https:\/\/dnpdental.hu\/en\/csontpotlas\/","title":{"rendered":"Bone grafting"},"content":{"rendered":"<div data-elementor-type=\"wp-page\" data-elementor-id=\"18\" class=\"elementor elementor-18\" data-elementor-post-type=\"page\">\n\t\t\t\t<div class=\"elementor-element elementor-element-19a9cce e-flex e-con-boxed e-con e-parent\" data-id=\"19a9cce\" data-element_type=\"container\">\n\t\t\t\t\t<div class=\"e-con-inner\">\n\t\t<div class=\"elementor-element elementor-element-2a3bc50 e-con-full e-flex e-con e-child\" data-id=\"2a3bc50\" data-element_type=\"container\">\n\t\t<div class=\"elementor-element elementor-element-5e362ed e-con-full e-flex e-con e-child\" data-id=\"5e362ed\" data-element_type=\"container\">\n\t\t<div class=\"elementor-element elementor-element-f9ae711 e-con-full e-flex e-con e-child\" data-id=\"f9ae711\" data-element_type=\"container\">\n\t\t\t\t<div class=\"elementor-element elementor-element-f69c50a elementor-widget elementor-widget-heading\" data-id=\"f69c50a\" data-element_type=\"widget\" data-widget_type=\"heading.default\">\n\t\t\t\t\t<h1 class=\"elementor-heading-title elementor-size-default\">Bone grafting<\/h1>\t\t\t\t<\/div>\n\t\t\t\t<div class=\"elementor-element elementor-element-9567d73 elementor-widget elementor-widget-heading\" data-id=\"9567d73\" data-element_type=\"widget\" data-widget_type=\"heading.default\">\n\t\t\t\t\t<h2 class=\"elementor-heading-title elementor-size-default\">The best solutions with the best price-performance ratio at full adentia<\/h2>\t\t\t\t<\/div>\n\t\t\t\t<div class=\"elementor-element elementor-element-2f0df29 elementor-widget elementor-widget-text-editor\" data-id=\"2f0df29\" data-element_type=\"widget\" data-widget_type=\"text-editor.default\">\n\t\t\t\t\t\t\t\t\t<p>Before starting dental implantation, it is necessary to conduct a bone tissue examination, since a stable foundation, i.e. bone, is required for the long-term preservation of a dental implant.<\/p><p>Those who plan to install an implant should not postpone implantation for many years, since in the absence of a tooth, the gum and bone in the place of its absence begin to atrophy over time. If there is not enough bone tissue for implantation, then replacement of the bone will be required to install a permanent prosthesis.<\/p><p>The patient does not experience pain during the bone grafting procedure. In most cases, the operation is performed under local anesthesia, but it can also be performed under general anesthesia.<\/p><p>There are several types of bone grafting:<\/p><ul><li>Raising the floor of the maxillary sinus (sinus lifting)<\/li><li>Expansion of the alveolar process (horizontal augmentation)<\/li><li>Increase in the height of the alveolar process (vertical augmentation)<\/li><li>Often, along with this, it is also necessary to perform a plastic surgery of the mucous membrane.<\/li><\/ul>\t\t\t\t\t\t\t\t<\/div>\n\t\t\t\t<\/div>\n\t\t\t\t<div class=\"elementor-element elementor-element-924df1d elementor-widget elementor-widget-image\" data-id=\"924df1d\" data-element_type=\"widget\" data-widget_type=\"image.default\">\n\t\t\t\t\t\t\t\t\t\t\t\t\t\t\t<img fetchpriority=\"high\" decoding=\"async\" width=\"900\" height=\"600\" src=\"https:\/\/dnpdental.hu\/wp-content\/uploads\/2025\/11\/dental-bone-graft.webp\" class=\"attachment-large size-large wp-image-854\" alt=\"\" srcset=\"https:\/\/dnpdental.hu\/wp-content\/uploads\/2025\/11\/dental-bone-graft.webp 900w, https:\/\/dnpdental.hu\/wp-content\/uploads\/2025\/11\/dental-bone-graft-300x200.webp 300w, https:\/\/dnpdental.hu\/wp-content\/uploads\/2025\/11\/dental-bone-graft-768x512.webp 768w, https:\/\/dnpdental.hu\/wp-content\/uploads\/2025\/11\/dental-bone-graft-18x12.webp 18w\" sizes=\"(max-width: 900px) 100vw, 900px\" \/>\t\t\t\t\t\t\t\t\t\t\t\t\t\t\t<\/div>\n\t\t\t\t<\/div>\n\t\t<div class=\"elementor-element elementor-element-471c301 e-con-full e-flex e-con e-child\" data-id=\"471c301\" data-element_type=\"container\">\n\t\t\t\t<div class=\"elementor-element elementor-element-0c11ef0 elementor-widget elementor-widget-button\" data-id=\"0c11ef0\" data-element_type=\"widget\" data-widget_type=\"button.default\">\n\t\t\t\t\t\t\t\t\t\t<a class=\"elementor-button elementor-button-link elementor-size-sm\" href=\"\/en\/idopontfoglalas\/\">\n\t\t\t\t\t\t<span class=\"elementor-button-content-wrapper\">\n\t\t\t\t\t\t\t\t\t<span class=\"elementor-button-text\">Make an appointment<\/span>\n\t\t\t\t\t<\/span>\n\t\t\t\t\t<\/a>\n\t\t\t\t\t\t\t\t<\/div>\n\t\t\t\t<\/div>\n\t\t<div class=\"elementor-element elementor-element-246633c e-con-full e-flex e-con e-child\" data-id=\"246633c\" data-element_type=\"container\">\n\t\t\t\t<div class=\"elementor-element elementor-element-af47c23 elementor-widget__width-initial elementor-widget-tablet__width-inherit elementor-widget elementor-widget-image\" data-id=\"af47c23\" data-element_type=\"widget\" data-widget_type=\"image.default\">\n\t\t\t\t\t\t\t\t\t\t\t\t\t\t\t<img decoding=\"async\" width=\"600\" height=\"450\" src=\"https:\/\/dnpdental.hu\/wp-content\/uploads\/2025\/11\/dental-bone-graft_2.webp\" class=\"attachment-large size-large wp-image-855\" alt=\"\" srcset=\"https:\/\/dnpdental.hu\/wp-content\/uploads\/2025\/11\/dental-bone-graft_2.webp 600w, https:\/\/dnpdental.hu\/wp-content\/uploads\/2025\/11\/dental-bone-graft_2-300x225.webp 300w, https:\/\/dnpdental.hu\/wp-content\/uploads\/2025\/11\/dental-bone-graft_2-16x12.webp 16w\" sizes=\"(max-width: 600px) 100vw, 600px\" \/>\t\t\t\t\t\t\t\t\t\t\t\t\t\t\t<\/div>\n\t\t<div class=\"elementor-element elementor-element-c60b329 e-con-full e-flex e-con e-child\" data-id=\"c60b329\" data-element_type=\"container\">\n\t\t\t\t<div class=\"elementor-element elementor-element-431a305 elementor-widget elementor-widget-heading\" data-id=\"431a305\" data-element_type=\"widget\" data-widget_type=\"heading.default\">\n\t\t\t\t\t<h2 class=\"elementor-heading-title elementor-size-default\">Bone-plastic materials<\/h2>\t\t\t\t<\/div>\n\t\t\t\t<div class=\"elementor-element elementor-element-ed09084 elementor-widget elementor-widget-heading\" data-id=\"ed09084\" data-element_type=\"widget\" data-widget_type=\"heading.default\">\n\t\t\t\t\t<h3 class=\"elementor-heading-title elementor-size-default\">Artificial bone plastic material<\/h3>\t\t\t\t<\/div>\n\t\t\t\t<div class=\"elementor-element elementor-element-3aa6df8 elementor-widget elementor-widget-text-editor\" data-id=\"3aa6df8\" data-element_type=\"widget\" data-widget_type=\"text-editor.default\">\n\t\t\t\t\t\t\t\t\t<p>Artificial bone plastic material is made from synthetic, alloplastic material, which is mainly composed of hydroxyapatite. It is completely biocompatible, as it is one of the natural components of dental tissue.<\/p>\t\t\t\t\t\t\t\t<\/div>\n\t\t\t\t<div class=\"elementor-element elementor-element-db0deb8 elementor-widget elementor-widget-heading\" data-id=\"db0deb8\" data-element_type=\"widget\" data-widget_type=\"heading.default\">\n\t\t\t\t\t<h3 class=\"elementor-heading-title elementor-size-default\">Natural bone plastic material<\/h3>\t\t\t\t<\/div>\n\t\t\t\t<div class=\"elementor-element elementor-element-20b9e14 elementor-widget elementor-widget-text-editor\" data-id=\"20b9e14\" data-element_type=\"widget\" data-widget_type=\"text-editor.default\">\n\t\t\t\t\t\t\t\t\t<p>Natural bone plastic material is disinfected bone tissue of animal origin, enriched with essential minerals. During the so-called \"directed tissue regeneration\", the human body identifies the replacement material as natural bone tissue. Thanks to the added components, the material adapts to the patient's bone tissue and begins to grow in the gap until it fills it completely. The bone-plastic material fuses with the surrounding area and becomes part of the body within 6-8 months.<\/p>\t\t\t\t\t\t\t\t<\/div>\n\t\t\t\t<\/div>\n\t\t\t\t<\/div>\n\t\t<div class=\"elementor-element elementor-element-6b56781 e-con-full e-flex e-con e-child\" data-id=\"6b56781\" data-element_type=\"container\">\n\t\t<div class=\"elementor-element elementor-element-821c679 e-con-full e-flex e-con e-child\" data-id=\"821c679\" data-element_type=\"container\">\n\t\t\t\t<div class=\"elementor-element elementor-element-1da765e elementor-widget elementor-widget-heading\" data-id=\"1da765e\" data-element_type=\"widget\" data-widget_type=\"heading.default\">\n\t\t\t\t\t<h2 class=\"elementor-heading-title elementor-size-default\">The process of bone grafting<\/h2>\t\t\t\t<\/div>\n\t\t\t\t<div class=\"elementor-element elementor-element-ea12dce elementor-widget elementor-widget-text-editor\" data-id=\"ea12dce\" data-element_type=\"widget\" data-widget_type=\"text-editor.default\">\n\t\t\t\t\t\t\t\t\t<div class=\"col-lg-8\"><p>During the bone grafting procedure, we fill in our own bone material when there is not enough bone tissue to perform the implantation.<\/p><p>In the process of bone grafting, we use either biomaterials or obtain our own bone from other areas in the mouth.<\/p><p><strong>1.<\/strong>\u00a0In most cases, a bone-plastic granulate is used. This method has a high degree of success, as these drugs stimulate and promote the formation of new bone tissue in this area. These areas, supplemented with bone granulate, are covered with a collagen membrane and left for healing.<\/p><p><strong>2.<\/strong>\u00a0It is also possible to use a bone transplant for bone grafting. In this case, we take a bone block of the required size from a certain area of the jaw, which is fixed with titanium screws in the right place and covered with special membranes, the choice of which depends on the case. The bone grafting procedure is performed under sterile conditions and can be performed under local anesthesia, as well as using sedation. The average healing time is 3 to 6 months. The choice of bone grafting procedures (for example, lateral augmentation, sinus lifting) depends on the individual case and is developed based on the evaluation of the Cone Beam CT before the intervention.<\/p><\/div>\t\t\t\t\t\t\t\t<\/div>\n\t\t\t\t<\/div>\n\t\t\t\t<div class=\"elementor-element elementor-element-d25efbf elementor-widget elementor-widget-image\" data-id=\"d25efbf\" data-element_type=\"widget\" data-widget_type=\"image.default\">\n\t\t\t\t\t\t\t\t\t\t\t\t\t\t\t<img decoding=\"async\" width=\"1024\" height=\"536\" src=\"https:\/\/dnpdental.hu\/wp-content\/uploads\/2025\/11\/dental-bone-graft_3-1024x536.webp\" class=\"attachment-large size-large wp-image-856\" alt=\"\" srcset=\"https:\/\/dnpdental.hu\/wp-content\/uploads\/2025\/11\/dental-bone-graft_3-1024x536.webp 1024w, https:\/\/dnpdental.hu\/wp-content\/uploads\/2025\/11\/dental-bone-graft_3-300x157.webp 300w, https:\/\/dnpdental.hu\/wp-content\/uploads\/2025\/11\/dental-bone-graft_3-768x402.webp 768w, https:\/\/dnpdental.hu\/wp-content\/uploads\/2025\/11\/dental-bone-graft_3-18x9.webp 18w, https:\/\/dnpdental.hu\/wp-content\/uploads\/2025\/11\/dental-bone-graft_3.webp 1200w\" sizes=\"(max-width: 1024px) 100vw, 1024px\" \/>\t\t\t\t\t\t\t\t\t\t\t\t\t\t\t<\/div>\n\t\t\t\t<\/div>\n\t\t<div class=\"elementor-element elementor-element-c97223e e-con-full e-flex e-con e-child\" data-id=\"c97223e\" data-element_type=\"container\">\n\t\t\t\t<div class=\"elementor-element elementor-element-199912e elementor-widget elementor-widget-text-editor\" data-id=\"199912e\" data-element_type=\"widget\" data-widget_type=\"text-editor.default\">\n\t\t\t\t\t\t\t\t\t<div class=\"col-lg-8\"><p><strong>Do you have any additional questions? Come to us for a consultation and we will find the best solution for you!<\/strong><\/p><\/div>\t\t\t\t\t\t\t\t<\/div>\n\t\t\t\t<div class=\"elementor-element elementor-element-437dad2 elementor-widget elementor-widget-button\" data-id=\"437dad2\" data-element_type=\"widget\" data-widget_type=\"button.default\">\n\t\t\t\t\t\t\t\t\t\t<a class=\"elementor-button elementor-button-link elementor-size-sm\" href=\"\/en\/idopontfoglalas\/\">\n\t\t\t\t\t\t<span class=\"elementor-button-content-wrapper\">\n\t\t\t\t\t\t\t\t\t<span class=\"elementor-button-text\">Make an appointment with us<\/span>\n\t\t\t\t\t<\/span>\n\t\t\t\t\t<\/a>\n\t\t\t\t\t\t\t\t<\/div>\n\t\t\t\t<\/div>\n\t\t\t\t<\/div>\n\t\t\t\t\t<\/div>\n\t\t\t\t<\/div>\n\t\t\t\t<\/div>","protected":false},"excerpt":{"rendered":"<p>Csontp\u00f3tl\u00e1s Mi\u00e9rt van sz\u00fcks\u00e9g csontp\u00f3tl\u00e1sra? A fog\u00e1szati implant\u00e1ci\u00f3 megkezd\u00e9se el\u0151tt elker\u00fclhetetlen a csont\u00e1llom\u00e1ny vizsg\u00e1lata, hiszen a fogimplant\u00e1tum hossz\u00fa t\u00e1v\u00fa meg\u0151rz\u00e9s\u00e9hez stabil alapokra, azaz csontozatra van sz\u00fcks\u00e9g. Annak, aki implant\u00e1tumot szeretne, nem szabad t\u00fal sok\u00e1ig halogatni a fogbe\u00fcltet\u00e9st, mivel ha a hi\u00e1nyz\u00f3 fogat \u00e9vekig nem p\u00f3toljuk, a fog hely\u00e9n\u00e9l az \u00edny \u00e9s a csont is id\u0151vel &#8230; <a title=\"Bone grafting\" class=\"read-more\" href=\"https:\/\/dnpdental.hu\/en\/csontpotlas\/\" aria-label=\"Read more about Csontp\u00f3tl\u00e1s\">Read more<\/a><\/p>","protected":false},"author":1,"featured_media":0,"parent":0,"menu_order":0,"comment_status":"closed","ping_status":"closed","template":"elementor_header_footer","meta":{"footnotes":""},"class_list":["post-18","page","type-page","status-publish"],"yoast_head":"<!-- This site is optimized with the Yoast SEO Premium plugin v26.2 (Yoast SEO v26.5) - https:\/\/yoast.com\/wordpress\/plugins\/seo\/ -->\n<title>Csontp\u00f3tl\u00e1s | DNP Dental<\/title>\n<meta name=\"description\" content=\"A fog\u00e1szati implant\u00e1ci\u00f3 megkezd\u00e9se el\u0151tt elker\u00fclhetetlen a csont\u00e1llom\u00e1ny vizsg\u00e1lata, hiszen a fogimplant\u00e1tum hossz\u00fa t\u00e1v\u00fa meg\u0151rz\u00e9s\u00e9hez stabil alapokra, azaz csontozatra van sz\u00fcks\u00e9g.\" \/>\n<meta name=\"robots\" content=\"index, follow, max-snippet:-1, max-image-preview:large, max-video-preview:-1\" \/>\n<link rel=\"canonical\" href=\"https:\/\/dnpdental.hu\/en\/csontpotlas\/\" \/>\n<meta property=\"og:locale\" content=\"en_GB\" \/>\n<meta property=\"og:type\" content=\"article\" \/>\n<meta property=\"og:title\" content=\"Csontp\u00f3tl\u00e1s\" \/>\n<meta property=\"og:description\" content=\"A fog\u00e1szati implant\u00e1ci\u00f3 megkezd\u00e9se el\u0151tt elker\u00fclhetetlen a csont\u00e1llom\u00e1ny vizsg\u00e1lata, hiszen a fogimplant\u00e1tum hossz\u00fa t\u00e1v\u00fa meg\u0151rz\u00e9s\u00e9hez stabil alapokra, azaz csontozatra van sz\u00fcks\u00e9g.\" \/>\n<meta property=\"og:url\" content=\"https:\/\/dnpdental.hu\/en\/csontpotlas\/\" \/>\n<meta property=\"og:site_name\" content=\"DNP Dental\" \/>\n<meta property=\"article:modified_time\" content=\"2025-11-10T09:16:21+00:00\" \/>\n<meta property=\"og:image\" content=\"https:\/\/newsite.dnpdental.hu\/wp-content\/uploads\/2025\/11\/dental-bone-graft.webp\" \/>\n<meta name=\"twitter:card\" content=\"summary_large_image\" \/>\n<meta name=\"twitter:label1\" content=\"Estimated reading time\" \/>\n\t<meta name=\"twitter:data1\" content=\"3 minutes\" \/>\n<script type=\"application\/ld+json\" class=\"yoast-schema-graph\">{\"@context\":\"https:\/\/schema.org\",\"@graph\":[{\"@type\":\"WebPage\",\"@id\":\"https:\/\/dnpdental.hu\/csontpotlas\/\",\"url\":\"https:\/\/dnpdental.hu\/csontpotlas\/\",\"name\":\"Csontp\u00f3tl\u00e1s | DNP Dental\",\"isPartOf\":{\"@id\":\"https:\/\/dnpdental.hu\/#website\"},\"primaryImageOfPage\":{\"@id\":\"https:\/\/dnpdental.hu\/csontpotlas\/#primaryimage\"},\"image\":{\"@id\":\"https:\/\/dnpdental.hu\/csontpotlas\/#primaryimage\"},\"thumbnailUrl\":\"https:\/\/newsite.dnpdental.hu\/wp-content\/uploads\/2025\/11\/dental-bone-graft.webp\",\"datePublished\":\"2025-10-29T11:06:43+00:00\",\"dateModified\":\"2025-11-10T09:16:21+00:00\",\"description\":\"A fog\u00e1szati implant\u00e1ci\u00f3 megkezd\u00e9se el\u0151tt elker\u00fclhetetlen a csont\u00e1llom\u00e1ny vizsg\u00e1lata, hiszen a fogimplant\u00e1tum hossz\u00fa t\u00e1v\u00fa meg\u0151rz\u00e9s\u00e9hez stabil alapokra, azaz csontozatra van sz\u00fcks\u00e9g.\",\"breadcrumb\":{\"@id\":\"https:\/\/dnpdental.hu\/csontpotlas\/#breadcrumb\"},\"inLanguage\":\"en-GB\",\"potentialAction\":[{\"@type\":\"ReadAction\",\"target\":[\"https:\/\/dnpdental.hu\/csontpotlas\/\"]}]},{\"@type\":\"ImageObject\",\"inLanguage\":\"en-GB\",\"@id\":\"https:\/\/dnpdental.hu\/csontpotlas\/#primaryimage\",\"url\":\"https:\/\/newsite.dnpdental.hu\/wp-content\/uploads\/2025\/11\/dental-bone-graft.webp\",\"contentUrl\":\"https:\/\/newsite.dnpdental.hu\/wp-content\/uploads\/2025\/11\/dental-bone-graft.webp\"},{\"@type\":\"BreadcrumbList\",\"@id\":\"https:\/\/dnpdental.hu\/csontpotlas\/#breadcrumb\",\"itemListElement\":[{\"@type\":\"ListItem\",\"position\":1,\"name\":\"Kezd\u0151lap\",\"item\":\"https:\/\/dnpdental.hu\/\"},{\"@type\":\"ListItem\",\"position\":2,\"name\":\"Csontp\u00f3tl\u00e1s\"}]},{\"@type\":\"WebSite\",\"@id\":\"https:\/\/dnpdental.hu\/#website\",\"url\":\"https:\/\/dnpdental.hu\/\",\"name\":\"DNP Dental\",\"description\":\"\",\"publisher\":{\"@id\":\"https:\/\/dnpdental.hu\/#organization\"},\"potentialAction\":[{\"@type\":\"SearchAction\",\"target\":{\"@type\":\"EntryPoint\",\"urlTemplate\":\"https:\/\/dnpdental.hu\/?s={search_term_string}\"},\"query-input\":{\"@type\":\"PropertyValueSpecification\",\"valueRequired\":true,\"valueName\":\"search_term_string\"}}],\"inLanguage\":\"en-GB\"},{\"@type\":\"Organization\",\"@id\":\"https:\/\/dnpdental.hu\/#organization\",\"name\":\"DNP Dental\",\"url\":\"https:\/\/dnpdental.hu\/\",\"logo\":{\"@type\":\"ImageObject\",\"inLanguage\":\"en-GB\",\"@id\":\"https:\/\/dnpdental.hu\/#\/schema\/logo\/image\/\",\"url\":\"https:\/\/dnpdental.hu\/wp-content\/uploads\/2025\/11\/DNP-10_mini.webp\",\"contentUrl\":\"https:\/\/dnpdental.hu\/wp-content\/uploads\/2025\/11\/DNP-10_mini.webp\",\"width\":420,\"height\":202,\"caption\":\"DNP Dental\"},\"image\":{\"@id\":\"https:\/\/dnpdental.hu\/#\/schema\/logo\/image\/\"}}]}<\/script>\n<!-- \/ Yoast SEO Premium plugin. -->","yoast_head_json":{"title":"Csontp\u00f3tl\u00e1s | DNP Dental","description":"Before starting dental implantation, it is necessary to conduct a bone tissue examination, since a stable foundation, i.e. bone, is required for the long-term preservation of a dental implant.","robots":{"index":"index","follow":"follow","max-snippet":"max-snippet:-1","max-image-preview":"max-image-preview:large","max-video-preview":"max-video-preview:-1"},"canonical":"https:\/\/dnpdental.hu\/en\/csontpotlas\/","og_locale":"en_GB","og_type":"article","og_title":"Csontp\u00f3tl\u00e1s","og_description":"A fog\u00e1szati implant\u00e1ci\u00f3 megkezd\u00e9se el\u0151tt elker\u00fclhetetlen a csont\u00e1llom\u00e1ny vizsg\u00e1lata, hiszen a fogimplant\u00e1tum hossz\u00fa t\u00e1v\u00fa meg\u0151rz\u00e9s\u00e9hez stabil alapokra, azaz csontozatra van sz\u00fcks\u00e9g.","og_url":"https:\/\/dnpdental.hu\/en\/csontpotlas\/","og_site_name":"DNP Dental","article_modified_time":"2025-11-10T09:16:21+00:00","og_image":[{"url":"https:\/\/newsite.dnpdental.hu\/wp-content\/uploads\/2025\/11\/dental-bone-graft.webp","type":"","width":"","height":""}],"twitter_card":"summary_large_image","twitter_misc":{"Estimated reading time":"3 minutes"},"schema":{"@context":"https:\/\/schema.org","@graph":[{"@type":"WebPage","@id":"https:\/\/dnpdental.hu\/csontpotlas\/","url":"https:\/\/dnpdental.hu\/csontpotlas\/","name":"Csontp\u00f3tl\u00e1s | DNP Dental","isPartOf":{"@id":"https:\/\/dnpdental.hu\/#website"},"primaryImageOfPage":{"@id":"https:\/\/dnpdental.hu\/csontpotlas\/#primaryimage"},"image":{"@id":"https:\/\/dnpdental.hu\/csontpotlas\/#primaryimage"},"thumbnailUrl":"https:\/\/newsite.dnpdental.hu\/wp-content\/uploads\/2025\/11\/dental-bone-graft.webp","datePublished":"2025-10-29T11:06:43+00:00","dateModified":"2025-11-10T09:16:21+00:00","description":"Before starting dental implantation, it is necessary to conduct a bone tissue examination, since a stable foundation, i.e. bone, is required for the long-term preservation of a dental implant.","breadcrumb":{"@id":"https:\/\/dnpdental.hu\/csontpotlas\/#breadcrumb"},"inLanguage":"en-GB","potentialAction":[{"@type":"ReadAction","target":["https:\/\/dnpdental.hu\/csontpotlas\/"]}]},{"@type":"ImageObject","inLanguage":"en-GB","@id":"https:\/\/dnpdental.hu\/csontpotlas\/#primaryimage","url":"https:\/\/newsite.dnpdental.hu\/wp-content\/uploads\/2025\/11\/dental-bone-graft.webp","contentUrl":"https:\/\/newsite.dnpdental.hu\/wp-content\/uploads\/2025\/11\/dental-bone-graft.webp"},{"@type":"BreadcrumbList","@id":"https:\/\/dnpdental.hu\/csontpotlas\/#breadcrumb","itemListElement":[{"@type":"ListItem","position":1,"name":"Kezd\u0151lap","item":"https:\/\/dnpdental.hu\/"},{"@type":"ListItem","position":2,"name":"Csontp\u00f3tl\u00e1s"}]},{"@type":"WebSite","@id":"https:\/\/dnpdental.hu\/#website","url":"https:\/\/dnpdental.hu\/","name":"DNP Dental","description":"","publisher":{"@id":"https:\/\/dnpdental.hu\/#organization"},"potentialAction":[{"@type":"SearchAction","target":{"@type":"EntryPoint","urlTemplate":"https:\/\/dnpdental.hu\/?s={search_term_string}"},"query-input":{"@type":"PropertyValueSpecification","valueRequired":true,"valueName":"search_term_string"}}],"inLanguage":"en-GB"},{"@type":"Organization","@id":"https:\/\/dnpdental.hu\/#organization","name":"DNP Dental","url":"https:\/\/dnpdental.hu\/","logo":{"@type":"ImageObject","inLanguage":"en-GB","@id":"https:\/\/dnpdental.hu\/#\/schema\/logo\/image\/","url":"https:\/\/dnpdental.hu\/wp-content\/uploads\/2025\/11\/DNP-10_mini.webp","contentUrl":"https:\/\/dnpdental.hu\/wp-content\/uploads\/2025\/11\/DNP-10_mini.webp","width":420,"height":202,"caption":"DNP Dental"},"image":{"@id":"https:\/\/dnpdental.hu\/#\/schema\/logo\/image\/"}}]}},"_links":{"self":[{"href":"https:\/\/dnpdental.hu\/en\/wp-json\/wp\/v2\/pages\/18","targetHints":{"allow":["GET"]}}],"collection":[{"href":"https:\/\/dnpdental.hu\/en\/wp-json\/wp\/v2\/pages"}],"about":[{"href":"https:\/\/dnpdental.hu\/en\/wp-json\/wp\/v2\/types\/page"}],"author":[{"embeddable":true,"href":"https:\/\/dnpdental.hu\/en\/wp-json\/wp\/v2\/users\/1"}],"replies":[{"embeddable":true,"href":"https:\/\/dnpdental.hu\/en\/wp-json\/wp\/v2\/comments?post=18"}],"version-history":[{"count":31,"href":"https:\/\/dnpdental.hu\/en\/wp-json\/wp\/v2\/pages\/18\/revisions"}],"predecessor-version":[{"id":1624,"href":"https:\/\/dnpdental.hu\/en\/wp-json\/wp\/v2\/pages\/18\/revisions\/1624"}],"wp:attachment":[{"href":"https:\/\/dnpdental.hu\/en\/wp-json\/wp\/v2\/media?parent=18"}],"curies":[{"name":"wp","href":"https:\/\/api.w.org\/{rel}","templated":true}]}}