{"id":2071,"date":"2025-11-24T19:30:23","date_gmt":"2025-11-24T18:30:23","guid":{"rendered":"https:\/\/dnpdental.hu\/?page_id=2071"},"modified":"2026-03-19T13:33:01","modified_gmt":"2026-03-19T12:33:01","slug":"dr-benko-szvetlana","status":"publish","type":"page","link":"https:\/\/dnpdental.hu\/en\/dr-benko-szvetlana\/","title":{"rendered":"Dr. Benk\u0151 Szvetlana"},"content":{"rendered":"<div data-elementor-type=\"wp-page\" data-elementor-id=\"2071\" class=\"elementor elementor-2071\" data-elementor-post-type=\"page\">\n\t\t\t\t<div class=\"elementor-element elementor-element-74195ae e-flex e-con-boxed e-con e-parent\" data-id=\"74195ae\" data-element_type=\"container\">\n\t\t\t\t\t<div class=\"e-con-inner\">\n\t\t<div class=\"elementor-element elementor-element-6380dce e-con-full e-flex e-con e-child\" data-id=\"6380dce\" data-element_type=\"container\" data-settings=\"{&quot;background_background&quot;:&quot;classic&quot;}\">\n\t\t\t\t<div class=\"elementor-element elementor-element-3fe0585 elementor-widget elementor-widget-image\" data-id=\"3fe0585\" data-element_type=\"widget\" data-widget_type=\"image.default\">\n\t\t\t\t\t\t\t\t\t\t\t\t\t\t\t<img fetchpriority=\"high\" decoding=\"async\" width=\"753\" height=\"1024\" src=\"https:\/\/dnpdental.hu\/wp-content\/uploads\/2026\/01\/DSC00617-753x1024.jpg\" class=\"attachment-large size-large wp-image-2754\" alt=\"\" srcset=\"https:\/\/dnpdental.hu\/wp-content\/uploads\/2026\/01\/DSC00617-753x1024.jpg 753w, https:\/\/dnpdental.hu\/wp-content\/uploads\/2026\/01\/DSC00617-221x300.jpg 221w, https:\/\/dnpdental.hu\/wp-content\/uploads\/2026\/01\/DSC00617-768x1045.jpg 768w, https:\/\/dnpdental.hu\/wp-content\/uploads\/2026\/01\/DSC00617-1129x1536.jpg 1129w, https:\/\/dnpdental.hu\/wp-content\/uploads\/2026\/01\/DSC00617-1505x2048.jpg 1505w, https:\/\/dnpdental.hu\/wp-content\/uploads\/2026\/01\/DSC00617-9x12.jpg 9w, https:\/\/dnpdental.hu\/wp-content\/uploads\/2026\/01\/DSC00617-scaled.jpg 1882w\" sizes=\"(max-width: 753px) 100vw, 753px\" \/>\t\t\t\t\t\t\t\t\t\t\t\t\t\t\t<\/div>\n\t\t<div class=\"elementor-element elementor-element-359aeed e-con-full e-flex e-con e-child\" data-id=\"359aeed\" data-element_type=\"container\">\n\t\t\t\t<div class=\"elementor-element elementor-element-b209537 elementor-widget elementor-widget-heading\" data-id=\"b209537\" data-element_type=\"widget\" data-widget_type=\"heading.default\">\n\t\t\t\t\t<h2 class=\"elementor-heading-title elementor-size-default\">Contact info<\/h2>\t\t\t\t<\/div>\n\t\t\t\t<div class=\"elementor-element elementor-element-177be12 elementor-icon-list--layout-traditional elementor-list-item-link-full_width elementor-widget elementor-widget-icon-list\" data-id=\"177be12\" data-element_type=\"widget\" data-widget_type=\"icon-list.default\">\n\t\t\t\t\t\t\t<ul class=\"elementor-icon-list-items\">\n\t\t\t\t\t\t\t<li class=\"elementor-icon-list-item\">\n\t\t\t\t\t\t\t\t\t\t\t<span class=\"elementor-icon-list-icon\">\n\t\t\t\t\t\t\t<svg aria-hidden=\"true\" class=\"e-font-icon-svg e-fas-phone-alt\" viewbox=\"0 0 512 512\" xmlns=\"http:\/\/www.w3.org\/2000\/svg\"><path d=\"M497.39 361.8l-112-48a24 24 0 0 0-28 6.9l-49.6 60.6A370.66 370.66 0 0 1 130.6 204.11l60.6-49.6a23.94 23.94 0 0 0 6.9-28l-48-112A24.16 24.16 0 0 0 122.6.61l-104 24A24 24 0 0 0 0 48c0 256.5 207.9 464 464 464a24 24 0 0 0 23.4-18.6l24-104a24.29 24.29 0 0 0-14.01-27.6z\"><\/path><\/svg>\t\t\t\t\t\t<\/span>\n\t\t\t\t\t\t\t\t\t\t<span class=\"elementor-icon-list-text\">+36 70 613 6646<\/span>\n\t\t\t\t\t\t\t\t\t<\/li>\n\t\t\t\t\t\t\t\t<li class=\"elementor-icon-list-item\">\n\t\t\t\t\t\t\t\t\t\t\t<span class=\"elementor-icon-list-icon\">\n\t\t\t\t\t\t\t<svg aria-hidden=\"true\" class=\"e-font-icon-svg e-fas-envelope\" viewbox=\"0 0 512 512\" xmlns=\"http:\/\/www.w3.org\/2000\/svg\"><path d=\"M502.3 190.8c3.9-3.1 9.7-.2 9.7 4.7V400c0 26.5-21.5 48-48 48H48c-26.5 0-48-21.5-48-48V195.6c0-5 5.7-7.8 9.7-4.7 22.4 17.4 52.1 39.5 154.1 113.6 21.1 15.4 56.7 47.8 92.2 47.6 35.7.3 72-32.8 92.3-47.6 102-74.1 131.6-96.3 154-113.7zM256 320c23.2.4 56.6-29.2 73.4-41.4 132.7-96.3 142.8-104.7 173.4-128.7 5.8-4.5 9.2-11.5 9.2-18.9v-19c0-26.5-21.5-48-48-48H48C21.5 64 0 85.5 0 112v19c0 7.4 3.4 14.3 9.2 18.9 30.6 23.9 40.7 32.4 173.4 128.7 16.8 12.2 50.2 41.8 73.4 41.4z\"><\/path><\/svg>\t\t\t\t\t\t<\/span>\n\t\t\t\t\t\t\t\t\t\t<span class=\"elementor-icon-list-text\">rendelo@dnpdental.hu<\/span>\n\t\t\t\t\t\t\t\t\t<\/li>\n\t\t\t\t\t\t\t\t<li class=\"elementor-icon-list-item\">\n\t\t\t\t\t\t\t\t\t\t\t<span class=\"elementor-icon-list-icon\">\n\t\t\t\t\t\t\t<svg aria-hidden=\"true\" class=\"e-font-icon-svg e-fas-map-marker-alt\" viewbox=\"0 0 384 512\" xmlns=\"http:\/\/www.w3.org\/2000\/svg\"><path d=\"M172.268 501.67C26.97 291.031 0 269.413 0 192 0 85.961 85.961 0 192 0s192 85.961 192 192c0 77.413-26.97 99.031-172.268 309.67-9.535 13.774-29.93 13.773-39.464 0zM192 272c44.183 0 80-35.817 80-80s-35.817-80-80-80-80 35.817-80 80 35.817 80 80 80z\"><\/path><\/svg>\t\t\t\t\t\t<\/span>\n\t\t\t\t\t\t\t\t\t\t<span class=\"elementor-icon-list-text\">1115 Budapest, Bart\u00f3k B\u00e9la \u00fat 90. 1st floor<\/span>\n\t\t\t\t\t\t\t\t\t<\/li>\n\t\t\t\t\t\t<\/ul>\n\t\t\t\t\t\t<\/div>\n\t\t\t\t<div class=\"elementor-element elementor-element-a0bd980 elementor-widget elementor-widget-heading\" data-id=\"a0bd980\" data-element_type=\"widget\" data-widget_type=\"heading.default\">\n\t\t\t\t\t<h2 class=\"elementor-heading-title elementor-size-default\">Working hours<\/h2>\t\t\t\t<\/div>\n\t\t\t\t<div class=\"elementor-element elementor-element-a9004e3 elementor-icon-list--layout-traditional elementor-list-item-link-full_width elementor-widget elementor-widget-icon-list\" data-id=\"a9004e3\" data-element_type=\"widget\" data-widget_type=\"icon-list.default\">\n\t\t\t\t\t\t\t<ul class=\"elementor-icon-list-items\">\n\t\t\t\t\t\t\t<li class=\"elementor-icon-list-item\">\n\t\t\t\t\t\t\t\t\t\t<span class=\"elementor-icon-list-text\">Monday: 14:00-20:00<br>Wednesday: 14:00-20:00<br><\/span>\n\t\t\t\t\t\t\t\t\t<\/li>\n\t\t\t\t\t\t<\/ul>\n\t\t\t\t\t\t<\/div>\n\t\t\t\t<\/div>\n\t\t\t\t<\/div>\n\t\t<div class=\"elementor-element elementor-element-c12e3f9 e-con-full e-flex e-con e-child\" data-id=\"c12e3f9\" data-element_type=\"container\">\n\t\t\t\t<div class=\"elementor-element elementor-element-eb24610 elementor-widget elementor-widget-heading\" data-id=\"eb24610\" data-element_type=\"widget\" data-widget_type=\"heading.default\">\n\t\t\t\t\t<h1 class=\"elementor-heading-title elementor-size-default\">Dr. Benk\u0151 Szvetlana<\/h1>\t\t\t\t<\/div>\n\t\t\t\t<div class=\"elementor-element elementor-element-1aca246 elementor-widget elementor-widget-heading\" data-id=\"1aca246\" data-element_type=\"widget\" data-widget_type=\"heading.default\">\n\t\t\t\t\t<p class=\"elementor-heading-title elementor-size-default\">General Dentist<\/p>\t\t\t\t<\/div>\n\t\t\t\t<div class=\"elementor-element elementor-element-19b417d elementor-widget elementor-widget-heading\" data-id=\"19b417d\" data-element_type=\"widget\" data-widget_type=\"heading.default\">\n\t\t\t\t\t<h2 class=\"elementor-heading-title elementor-size-default\">Biography<\/h2>\t\t\t\t<\/div>\n\t\t\t\t<div class=\"elementor-element elementor-element-b5adf76 elementor-widget elementor-widget-text-editor\" data-id=\"b5adf76\" data-element_type=\"widget\" data-widget_type=\"text-editor.default\">\n\t\t\t\t\t\t\t\t\t<p data-start=\"98\" data-end=\"350\">I graduated in 2006 with a degree in dentistry with excellent results from the Ukrainian Medical Dental Academy in Poltava, and then continued my specialization in prosthetic and therapeutic dentistry. I successfully had my foreign qualification recognized in Hungary.<\/p><p data-start=\"352\" data-end=\"648\">Throughout my professional career, I have gained extensive experience in preventive, restorative, and aesthetic dentistry. I worked for several years in Ukraine, and later continued my practice in Hungary, where I focus on complex treatments and long-term patient satisfaction.<\/p><p data-start=\"650\" data-end=\"931\">In my work, precision, a patient-centered approach, and building trust-based doctor\u2013patient relationships are of utmost importance to me. My goal is to provide each patient with personalized, high-quality care, whether it involves aesthetic or restorative treatments.<\/p><p data-start=\"933\" data-end=\"1068\">I am a native Ukrainian speaker and also speak Hungarian and Russian at an advanced level, which allows me to communicate easily with my patients in multiple languages.<\/p>\t\t\t\t\t\t\t\t<\/div>\n\t\t\t\t<\/div>\n\t\t\t\t\t<\/div>\n\t\t\t\t<\/div>\n\t\t\t\t<\/div>","protected":false},"excerpt":{"rendered":"<p>Kapcsolati adatok +36 70 613 6646 rendelo@dnpdental.hu 1115 Budapest, Bart\u00f3k B\u00e9la \u00fat 90. 1. emelet Rendel\u00e9si id\u0151 H\u00e9tf\u0151: 14:00-20:00Szerda: 14:00-20:00 Dr. Benk\u0151 Szvetlana \u00c1ltal\u00e1nos fogorvos \u00c9letrajz 2006-ban szereztem fogorvosi diplom\u00e1t kiv\u00e1l\u00f3 eredm\u00e9nnyel az Ukr\u00e1n Orvosi Fogorvosi Akad\u00e9mi\u00e1n, Poltav\u00e1ban, majd ortop\u00e9diai \u00e9s ter\u00e1pi\u00e1s fog\u00e1szat ter\u00fclet\u00e9n folytattam szakosod\u00e1somat. K\u00fclf\u00f6ld\u00f6n szerzett v\u00e9gzetts\u00e9gemet Magyarorsz\u00e1gon sikeresen honos\u00edtottam. Szakmai p\u00e1lyafut\u00e1som sor\u00e1n &#8230; <a title=\"Dr. Benk\u0151 Szvetlana\" class=\"read-more\" href=\"https:\/\/dnpdental.hu\/en\/dr-benko-szvetlana\/\" aria-label=\"Read more about Dr. Benk\u0151 Szvetlana\">Read more<\/a><\/p>","protected":false},"author":3,"featured_media":0,"parent":0,"menu_order":0,"comment_status":"closed","ping_status":"closed","template":"elementor_header_footer","meta":{"footnotes":""},"class_list":["post-2071","page","type-page","status-publish"],"yoast_head":"<!-- This site is optimized with the Yoast SEO Premium plugin v26.2 (Yoast SEO v26.5) - https:\/\/yoast.com\/wordpress\/plugins\/seo\/ -->\n<title>Dr. Benk\u0151 Szvetlana - DNP Dental<\/title>\n<meta name=\"robots\" content=\"index, follow, max-snippet:-1, max-image-preview:large, max-video-preview:-1\" \/>\n<link rel=\"canonical\" href=\"https:\/\/dnpdental.hu\/en\/dr-benko-szvetlana\/\" \/>\n<meta property=\"og:locale\" content=\"en_GB\" \/>\n<meta property=\"og:type\" content=\"article\" \/>\n<meta property=\"og:title\" content=\"Dr. Benk\u0151 Szvetlana\" \/>\n<meta property=\"og:description\" content=\"Kapcsolati adatok +36 70 613 6646 rendelo@dnpdental.hu 1115 Budapest, Bart\u00f3k B\u00e9la \u00fat 90. 1. emelet Rendel\u00e9si id\u0151 H\u00e9tf\u0151: 14:00-20:00Szerda: 14:00-20:00 Dr. Benk\u0151 Szvetlana \u00c1ltal\u00e1nos fogorvos \u00c9letrajz 2006-ban szereztem fogorvosi diplom\u00e1t kiv\u00e1l\u00f3 eredm\u00e9nnyel az Ukr\u00e1n Orvosi Fogorvosi Akad\u00e9mi\u00e1n, Poltav\u00e1ban, majd ortop\u00e9diai \u00e9s ter\u00e1pi\u00e1s fog\u00e1szat ter\u00fclet\u00e9n folytattam szakosod\u00e1somat. K\u00fclf\u00f6ld\u00f6n szerzett v\u00e9gzetts\u00e9gemet Magyarorsz\u00e1gon sikeresen honos\u00edtottam. Szakmai p\u00e1lyafut\u00e1som sor\u00e1n ... Read more\" \/>\n<meta property=\"og:url\" content=\"https:\/\/dnpdental.hu\/en\/dr-benko-szvetlana\/\" \/>\n<meta property=\"og:site_name\" content=\"DNP Dental\" \/>\n<meta property=\"article:modified_time\" content=\"2026-03-19T12:33:01+00:00\" \/>\n<meta property=\"og:image\" content=\"https:\/\/dnpdental.hu\/wp-content\/uploads\/2026\/01\/DSC00617-scaled.jpg\" \/>\n\t<meta property=\"og:image:width\" content=\"1882\" \/>\n\t<meta property=\"og:image:height\" content=\"2560\" \/>\n\t<meta property=\"og:image:type\" content=\"image\/jpeg\" \/>\n<meta name=\"twitter:card\" content=\"summary_large_image\" \/>\n<meta name=\"twitter:label1\" content=\"Estimated reading time\" \/>\n\t<meta name=\"twitter:data1\" content=\"1 minute\" \/>\n<script type=\"application\/ld+json\" class=\"yoast-schema-graph\">{\"@context\":\"https:\/\/schema.org\",\"@graph\":[{\"@type\":\"WebPage\",\"@id\":\"https:\/\/dnpdental.hu\/dr-benko-szvetlana\/\",\"url\":\"https:\/\/dnpdental.hu\/dr-benko-szvetlana\/\",\"name\":\"Dr. Benk\u0151 Szvetlana - DNP Dental\",\"isPartOf\":{\"@id\":\"https:\/\/dnpdental.hu\/#website\"},\"primaryImageOfPage\":{\"@id\":\"https:\/\/dnpdental.hu\/dr-benko-szvetlana\/#primaryimage\"},\"image\":{\"@id\":\"https:\/\/dnpdental.hu\/dr-benko-szvetlana\/#primaryimage\"},\"thumbnailUrl\":\"https:\/\/dnpdental.hu\/wp-content\/uploads\/2026\/01\/DSC00617-753x1024.jpg\",\"datePublished\":\"2025-11-24T18:30:23+00:00\",\"dateModified\":\"2026-03-19T12:33:01+00:00\",\"breadcrumb\":{\"@id\":\"https:\/\/dnpdental.hu\/dr-benko-szvetlana\/#breadcrumb\"},\"inLanguage\":\"en-GB\",\"potentialAction\":[{\"@type\":\"ReadAction\",\"target\":[\"https:\/\/dnpdental.hu\/dr-benko-szvetlana\/\"]}]},{\"@type\":\"ImageObject\",\"inLanguage\":\"en-GB\",\"@id\":\"https:\/\/dnpdental.hu\/dr-benko-szvetlana\/#primaryimage\",\"url\":\"https:\/\/dnpdental.hu\/wp-content\/uploads\/2026\/01\/DSC00617-753x1024.jpg\",\"contentUrl\":\"https:\/\/dnpdental.hu\/wp-content\/uploads\/2026\/01\/DSC00617-753x1024.jpg\"},{\"@type\":\"BreadcrumbList\",\"@id\":\"https:\/\/dnpdental.hu\/dr-benko-szvetlana\/#breadcrumb\",\"itemListElement\":[{\"@type\":\"ListItem\",\"position\":1,\"name\":\"Kezd\u0151lap\",\"item\":\"https:\/\/dnpdental.hu\/\"},{\"@type\":\"ListItem\",\"position\":2,\"name\":\"Dr. Benk\u0151 Szvetlana\"}]},{\"@type\":\"WebSite\",\"@id\":\"https:\/\/dnpdental.hu\/#website\",\"url\":\"https:\/\/dnpdental.hu\/\",\"name\":\"DNP Dental\",\"description\":\"\",\"publisher\":{\"@id\":\"https:\/\/dnpdental.hu\/#organization\"},\"potentialAction\":[{\"@type\":\"SearchAction\",\"target\":{\"@type\":\"EntryPoint\",\"urlTemplate\":\"https:\/\/dnpdental.hu\/?s={search_term_string}\"},\"query-input\":{\"@type\":\"PropertyValueSpecification\",\"valueRequired\":true,\"valueName\":\"search_term_string\"}}],\"inLanguage\":\"en-GB\"},{\"@type\":\"Organization\",\"@id\":\"https:\/\/dnpdental.hu\/#organization\",\"name\":\"DNP Dental\",\"url\":\"https:\/\/dnpdental.hu\/\",\"logo\":{\"@type\":\"ImageObject\",\"inLanguage\":\"en-GB\",\"@id\":\"https:\/\/dnpdental.hu\/#\/schema\/logo\/image\/\",\"url\":\"https:\/\/dnpdental.hu\/wp-content\/uploads\/2025\/11\/DNP-10_mini.webp\",\"contentUrl\":\"https:\/\/dnpdental.hu\/wp-content\/uploads\/2025\/11\/DNP-10_mini.webp\",\"width\":420,\"height\":202,\"caption\":\"DNP Dental\"},\"image\":{\"@id\":\"https:\/\/dnpdental.hu\/#\/schema\/logo\/image\/\"}}]}<\/script>\n<!-- \/ Yoast SEO Premium plugin. -->","yoast_head_json":{"title":"Dr. Benk\u0151 Szvetlana - DNP Dental","robots":{"index":"index","follow":"follow","max-snippet":"max-snippet:-1","max-image-preview":"max-image-preview:large","max-video-preview":"max-video-preview:-1"},"canonical":"https:\/\/dnpdental.hu\/en\/dr-benko-szvetlana\/","og_locale":"en_GB","og_type":"article","og_title":"Dr. Benk\u0151 Szvetlana","og_description":"Kapcsolati adatok +36 70 613 6646 rendelo@dnpdental.hu 1115 Budapest, Bart\u00f3k B\u00e9la \u00fat 90. 1. emelet Rendel\u00e9si id\u0151 H\u00e9tf\u0151: 14:00-20:00Szerda: 14:00-20:00 Dr. Benk\u0151 Szvetlana \u00c1ltal\u00e1nos fogorvos \u00c9letrajz 2006-ban szereztem fogorvosi diplom\u00e1t kiv\u00e1l\u00f3 eredm\u00e9nnyel az Ukr\u00e1n Orvosi Fogorvosi Akad\u00e9mi\u00e1n, Poltav\u00e1ban, majd ortop\u00e9diai \u00e9s ter\u00e1pi\u00e1s fog\u00e1szat ter\u00fclet\u00e9n folytattam szakosod\u00e1somat. K\u00fclf\u00f6ld\u00f6n szerzett v\u00e9gzetts\u00e9gemet Magyarorsz\u00e1gon sikeresen honos\u00edtottam. Szakmai p\u00e1lyafut\u00e1som sor\u00e1n ... Read more","og_url":"https:\/\/dnpdental.hu\/en\/dr-benko-szvetlana\/","og_site_name":"DNP Dental","article_modified_time":"2026-03-19T12:33:01+00:00","og_image":[{"width":1882,"height":2560,"url":"https:\/\/dnpdental.hu\/wp-content\/uploads\/2026\/01\/DSC00617-scaled.jpg","type":"image\/jpeg"}],"twitter_card":"summary_large_image","twitter_misc":{"Estimated reading time":"1 minute"},"schema":{"@context":"https:\/\/schema.org","@graph":[{"@type":"WebPage","@id":"https:\/\/dnpdental.hu\/dr-benko-szvetlana\/","url":"https:\/\/dnpdental.hu\/dr-benko-szvetlana\/","name":"Dr. Benk\u0151 Szvetlana - DNP Dental","isPartOf":{"@id":"https:\/\/dnpdental.hu\/#website"},"primaryImageOfPage":{"@id":"https:\/\/dnpdental.hu\/dr-benko-szvetlana\/#primaryimage"},"image":{"@id":"https:\/\/dnpdental.hu\/dr-benko-szvetlana\/#primaryimage"},"thumbnailUrl":"https:\/\/dnpdental.hu\/wp-content\/uploads\/2026\/01\/DSC00617-753x1024.jpg","datePublished":"2025-11-24T18:30:23+00:00","dateModified":"2026-03-19T12:33:01+00:00","breadcrumb":{"@id":"https:\/\/dnpdental.hu\/dr-benko-szvetlana\/#breadcrumb"},"inLanguage":"en-GB","potentialAction":[{"@type":"ReadAction","target":["https:\/\/dnpdental.hu\/dr-benko-szvetlana\/"]}]},{"@type":"ImageObject","inLanguage":"en-GB","@id":"https:\/\/dnpdental.hu\/dr-benko-szvetlana\/#primaryimage","url":"https:\/\/dnpdental.hu\/wp-content\/uploads\/2026\/01\/DSC00617-753x1024.jpg","contentUrl":"https:\/\/dnpdental.hu\/wp-content\/uploads\/2026\/01\/DSC00617-753x1024.jpg"},{"@type":"BreadcrumbList","@id":"https:\/\/dnpdental.hu\/dr-benko-szvetlana\/#breadcrumb","itemListElement":[{"@type":"ListItem","position":1,"name":"Kezd\u0151lap","item":"https:\/\/dnpdental.hu\/"},{"@type":"ListItem","position":2,"name":"Dr. Benk\u0151 Szvetlana"}]},{"@type":"WebSite","@id":"https:\/\/dnpdental.hu\/#website","url":"https:\/\/dnpdental.hu\/","name":"DNP Dental","description":"","publisher":{"@id":"https:\/\/dnpdental.hu\/#organization"},"potentialAction":[{"@type":"SearchAction","target":{"@type":"EntryPoint","urlTemplate":"https:\/\/dnpdental.hu\/?s={search_term_string}"},"query-input":{"@type":"PropertyValueSpecification","valueRequired":true,"valueName":"search_term_string"}}],"inLanguage":"en-GB"},{"@type":"Organization","@id":"https:\/\/dnpdental.hu\/#organization","name":"DNP Dental","url":"https:\/\/dnpdental.hu\/","logo":{"@type":"ImageObject","inLanguage":"en-GB","@id":"https:\/\/dnpdental.hu\/#\/schema\/logo\/image\/","url":"https:\/\/dnpdental.hu\/wp-content\/uploads\/2025\/11\/DNP-10_mini.webp","contentUrl":"https:\/\/dnpdental.hu\/wp-content\/uploads\/2025\/11\/DNP-10_mini.webp","width":420,"height":202,"caption":"DNP Dental"},"image":{"@id":"https:\/\/dnpdental.hu\/#\/schema\/logo\/image\/"}}]}},"_links":{"self":[{"href":"https:\/\/dnpdental.hu\/en\/wp-json\/wp\/v2\/pages\/2071","targetHints":{"allow":["GET"]}}],"collection":[{"href":"https:\/\/dnpdental.hu\/en\/wp-json\/wp\/v2\/pages"}],"about":[{"href":"https:\/\/dnpdental.hu\/en\/wp-json\/wp\/v2\/types\/page"}],"author":[{"embeddable":true,"href":"https:\/\/dnpdental.hu\/en\/wp-json\/wp\/v2\/users\/3"}],"replies":[{"embeddable":true,"href":"https:\/\/dnpdental.hu\/en\/wp-json\/wp\/v2\/comments?post=2071"}],"version-history":[{"count":18,"href":"https:\/\/dnpdental.hu\/en\/wp-json\/wp\/v2\/pages\/2071\/revisions"}],"predecessor-version":[{"id":3246,"href":"https:\/\/dnpdental.hu\/en\/wp-json\/wp\/v2\/pages\/2071\/revisions\/3246"}],"wp:attachment":[{"href":"https:\/\/dnpdental.hu\/en\/wp-json\/wp\/v2\/media?parent=2071"}],"curies":[{"name":"wp","href":"https:\/\/api.w.org\/{rel}","templated":true}]}}