{"id":230,"date":"2025-10-30T11:09:49","date_gmt":"2025-10-30T10:09:49","guid":{"rendered":"https:\/\/newsite.dnpdental.hu\/?page_id=230"},"modified":"2025-11-10T10:20:50","modified_gmt":"2025-11-10T09:20:50","slug":"e-max-preskeramia-korona-hej","status":"publish","type":"page","link":"https:\/\/dnpdental.hu\/en\/e-max-preskeramia-korona-hej\/","title":{"rendered":"E.Max crown and veneers"},"content":{"rendered":"<div data-elementor-type=\"wp-page\" data-elementor-id=\"230\" class=\"elementor elementor-230\" data-elementor-post-type=\"page\">\n\t\t\t\t<div class=\"elementor-element elementor-element-df2c9e9 e-flex e-con-boxed e-con e-parent\" data-id=\"df2c9e9\" data-element_type=\"container\">\n\t\t\t\t\t<div class=\"e-con-inner\">\n\t\t<div class=\"elementor-element elementor-element-ec5d132 e-con-full e-flex e-con e-child\" data-id=\"ec5d132\" data-element_type=\"container\">\n\t\t<div class=\"elementor-element elementor-element-dbc01dd e-con-full e-flex e-con e-child\" data-id=\"dbc01dd\" data-element_type=\"container\">\n\t\t<div class=\"elementor-element elementor-element-6ded98b e-con-full e-flex e-con e-child\" data-id=\"6ded98b\" data-element_type=\"container\">\n\t\t\t\t<div class=\"elementor-element elementor-element-24d3332 elementor-widget elementor-widget-heading\" data-id=\"24d3332\" data-element_type=\"widget\" data-widget_type=\"heading.default\">\n\t\t\t\t\t<h1 class=\"elementor-heading-title elementor-size-default\">E.Max crown and veneers<\/h1>\t\t\t\t<\/div>\n\t\t\t\t<div class=\"elementor-element elementor-element-6dec484 elementor-widget elementor-widget-heading\" data-id=\"6dec484\" data-element_type=\"widget\" data-widget_type=\"heading.default\">\n\t\t\t\t\t<h2 class=\"elementor-heading-title elementor-size-default\">When is a pressed ceramic crown recommended?<\/h2>\t\t\t\t<\/div>\n\t\t\t\t<div class=\"elementor-element elementor-element-29e5c6c elementor-widget elementor-widget-heading\" data-id=\"29e5c6c\" data-element_type=\"widget\" data-widget_type=\"heading.default\">\n\t\t\t\t\t<h3 class=\"elementor-heading-title elementor-size-default\">Digital design, guaranteed success!<\/h3>\t\t\t\t<\/div>\n\t\t\t\t<div class=\"elementor-element elementor-element-8f452b9 elementor-widget elementor-widget-text-editor\" data-id=\"8f452b9\" data-element_type=\"widget\" data-widget_type=\"text-editor.default\">\n\t\t\t\t\t\t\t\t\t<p>When a prosthesis must meet high aesthetic requirements, we most often recommend to our patients an E.max pressed ceramic crown in the anterior region. Pressed ceramics based on lithium disilicate are currently the most modern and beautiful solution for aesthetic rehabilitation.<\/p><p>Pressed ceramics are a metal\u2014free prosthesis that is completely biocompatible and does not cause allergies. With the help of E.max crowns, many aesthetic problems can be solved, be it the shape or color of the tooth.<\/p><p>This type of ceramic is pressed under high pressure during firing. Pressed ceramics can also be made for a tooth with root treatment, as it hides the discolored stem to a certain extent, and due to its high glass fiber content, it has an aesthetic appearance. In traditional crowns and bridges, the metal frame prevents the passage of light. Pressed ceramics fully match the color of the tooth, and its light transmission capacity is maintained in full.<\/p>\t\t\t\t\t\t\t\t<\/div>\n\t\t\t\t<\/div>\n\t\t\t\t<div class=\"elementor-element elementor-element-1baf90e elementor-widget__width-initial elementor-widget-tablet__width-inherit elementor-widget elementor-widget-image\" data-id=\"1baf90e\" data-element_type=\"widget\" data-widget_type=\"image.default\">\n\t\t\t\t\t\t\t\t\t\t\t\t\t\t\t<img fetchpriority=\"high\" decoding=\"async\" width=\"460\" height=\"307\" src=\"https:\/\/dnpdental.hu\/wp-content\/uploads\/2025\/11\/Teeth_whitening.webp\" class=\"attachment-full size-full wp-image-748\" alt=\"\" srcset=\"https:\/\/dnpdental.hu\/wp-content\/uploads\/2025\/11\/Teeth_whitening.webp 460w, https:\/\/dnpdental.hu\/wp-content\/uploads\/2025\/11\/Teeth_whitening-300x200.webp 300w, https:\/\/dnpdental.hu\/wp-content\/uploads\/2025\/11\/Teeth_whitening-18x12.webp 18w\" sizes=\"(max-width: 460px) 100vw, 460px\" \/>\t\t\t\t\t\t\t\t\t\t\t\t\t\t\t<\/div>\n\t\t\t\t<\/div>\n\t\t\t\t<div class=\"elementor-element elementor-element-91bb0ac elementor-align-center elementor-widget elementor-widget-button\" data-id=\"91bb0ac\" data-element_type=\"widget\" data-widget_type=\"button.default\">\n\t\t\t\t\t\t\t\t\t\t<a class=\"elementor-button elementor-button-link elementor-size-sm\" href=\"\/en\/idopontfoglalas\/\">\n\t\t\t\t\t\t<span class=\"elementor-button-content-wrapper\">\n\t\t\t\t\t\t\t\t\t<span class=\"elementor-button-text\">Make an appointment<\/span>\n\t\t\t\t\t<\/span>\n\t\t\t\t\t<\/a>\n\t\t\t\t\t\t\t\t<\/div>\n\t\t<div class=\"elementor-element elementor-element-ba54366 e-con-full e-flex e-con e-child\" data-id=\"ba54366\" data-element_type=\"container\">\n\t\t\t\t<div class=\"elementor-element elementor-element-ebd6738 elementor-widget__width-initial elementor-widget-tablet__width-inherit elementor-widget elementor-widget-image\" data-id=\"ebd6738\" data-element_type=\"widget\" data-widget_type=\"image.default\">\n\t\t\t\t\t\t\t\t\t\t\t\t\t\t\t<img decoding=\"async\" width=\"460\" height=\"307\" src=\"https:\/\/dnpdental.hu\/wp-content\/uploads\/2025\/10\/Ceramic_crowns_oD1iZ5M.webp\" class=\"attachment-full size-full wp-image-604\" alt=\"\" srcset=\"https:\/\/dnpdental.hu\/wp-content\/uploads\/2025\/10\/Ceramic_crowns_oD1iZ5M.webp 460w, https:\/\/dnpdental.hu\/wp-content\/uploads\/2025\/10\/Ceramic_crowns_oD1iZ5M-300x200.webp 300w, https:\/\/dnpdental.hu\/wp-content\/uploads\/2025\/10\/Ceramic_crowns_oD1iZ5M-18x12.webp 18w\" sizes=\"(max-width: 460px) 100vw, 460px\" \/>\t\t\t\t\t\t\t\t\t\t\t\t\t\t\t<\/div>\n\t\t<div class=\"elementor-element elementor-element-4a28963 e-con-full e-flex e-con e-child\" data-id=\"4a28963\" data-element_type=\"container\">\n\t\t\t\t<div class=\"elementor-element elementor-element-388fb5e elementor-widget elementor-widget-heading\" data-id=\"388fb5e\" data-element_type=\"widget\" data-widget_type=\"heading.default\">\n\t\t\t\t\t<h2 class=\"elementor-heading-title elementor-size-default\">What are the advantages of pressed ceramic crown?<\/h2>\t\t\t\t<\/div>\n\t\t\t\t<div class=\"elementor-element elementor-element-dcafee9 elementor-widget elementor-widget-text-editor\" data-id=\"dcafee9\" data-element_type=\"widget\" data-widget_type=\"text-editor.default\">\n\t\t\t\t\t\t\t\t\t<div class=\"row\"><div class=\"col-lg-8\"><p>Advantages of pressed ceramic crown:<\/p><ul><li>It can be used even in the presence of metal allergies.<\/li><li>The transparency of the crowns is strikingly similar to natural teeth.<\/li><li>There is no metallic grayish line on the edge of the crown, near the gum line.<\/li><li>Fully ceramic.<\/li><li>It is suitable for noticeable correction of aesthetic defects of the front teeth.<\/li><li>It requires a much smaller amount of dental tissue for sharpening compared to a traditional metal-ceramic crown.<\/li><\/ul><\/div><\/div>\t\t\t\t\t\t\t\t<\/div>\n\t\t\t\t<\/div>\n\t\t\t\t<\/div>\n\t\t<div class=\"elementor-element elementor-element-4ff2929 e-con-full e-flex e-con e-child\" data-id=\"4ff2929\" data-element_type=\"container\">\n\t\t<div class=\"elementor-element elementor-element-4e0dc5b e-con-full e-flex e-con e-child\" data-id=\"4e0dc5b\" data-element_type=\"container\">\n\t\t\t\t<div class=\"elementor-element elementor-element-f64e01e elementor-widget elementor-widget-heading\" data-id=\"f64e01e\" data-element_type=\"widget\" data-widget_type=\"heading.default\">\n\t\t\t\t\t<h2 class=\"elementor-heading-title elementor-size-default\">Consultation with a doctor and assessment of the condition<\/h2>\t\t\t\t<\/div>\n\t\t\t\t<div class=\"elementor-element elementor-element-a4d76c3 elementor-widget elementor-widget-text-editor\" data-id=\"a4d76c3\" data-element_type=\"widget\" data-widget_type=\"text-editor.default\">\n\t\t\t\t\t\t\t\t\t<div class=\"col-lg-8\"><div class=\"department-left serv\"><p>During the consultation and assessment with your dentist, all aspects will be taken into account, and we will offer you the most appropriate solution.<\/p><p>If a pressed ceramic crown is the best option, your commercial offer and treatment plan will also include a schedule for the procedure.<\/p><p>The treatment stages are as follows (the procedure is shorter than with a metal-ceramic or zirconium crown): preparation of the tooth(s), removal of the impression, followed immediately by a sample of mats and final fixation.<\/p><\/div><\/div>\t\t\t\t\t\t\t\t<\/div>\n\t\t\t\t<div class=\"elementor-element elementor-element-1d59f10 elementor-widget elementor-widget-heading\" data-id=\"1d59f10\" data-element_type=\"widget\" data-widget_type=\"heading.default\">\n\t\t\t\t\t<h2 class=\"elementor-heading-title elementor-size-default\">E.max facet or E.max crown, what is the difference?<\/h2>\t\t\t\t<\/div>\n\t\t\t\t<div class=\"elementor-element elementor-element-14ab36d elementor-widget elementor-widget-text-editor\" data-id=\"14ab36d\" data-element_type=\"widget\" data-widget_type=\"text-editor.default\">\n\t\t\t\t\t\t\t\t\t<div class=\"col-lg-8\"><div class=\"department-left serv\"><p>The technology is the same, the difference lies in the degree of training. The pressed ceramic facet is applied to the front surface of the tooth, so we minimally sharpen the outer surface, whereas with a crown, the entire tooth surface is covered.<\/p><p>Facets are not always recommended for lower teeth, on the one hand, because of the bite force, on the other, because they can more easily peel off from a smaller tooth surface; in such cases, a crown is a more ideal choice.<\/p><p>We often use crowns for teeth with fillings, as the crown is a more suitable and stable structure for such teeth.<\/p><\/div><\/div>\t\t\t\t\t\t\t\t<\/div>\n\t\t\t\t<\/div>\n\t\t\t\t<div class=\"elementor-element elementor-element-982fe79 elementor-widget__width-initial elementor-widget-tablet__width-inherit elementor-widget elementor-widget-image\" data-id=\"982fe79\" data-element_type=\"widget\" data-widget_type=\"image.default\">\n\t\t\t\t\t\t\t\t\t\t\t\t\t\t\t<img decoding=\"async\" width=\"900\" height=\"600\" src=\"https:\/\/dnpdental.hu\/wp-content\/uploads\/2025\/11\/emax.webp\" class=\"attachment-large size-large wp-image-755\" alt=\"\" srcset=\"https:\/\/dnpdental.hu\/wp-content\/uploads\/2025\/11\/emax.webp 900w, https:\/\/dnpdental.hu\/wp-content\/uploads\/2025\/11\/emax-300x200.webp 300w, https:\/\/dnpdental.hu\/wp-content\/uploads\/2025\/11\/emax-768x512.webp 768w, https:\/\/dnpdental.hu\/wp-content\/uploads\/2025\/11\/emax-18x12.webp 18w\" sizes=\"(max-width: 900px) 100vw, 900px\" \/>\t\t\t\t\t\t\t\t\t\t\t\t\t\t\t<\/div>\n\t\t\t\t<\/div>\n\t\t\t\t<div class=\"elementor-element elementor-element-c7b3690 elementor-align-center elementor-widget elementor-widget-button\" data-id=\"c7b3690\" data-element_type=\"widget\" data-widget_type=\"button.default\">\n\t\t\t\t\t\t\t\t\t\t<a class=\"elementor-button elementor-button-link elementor-size-sm\" href=\"\/en\/idopontfoglalas\/\">\n\t\t\t\t\t\t<span class=\"elementor-button-content-wrapper\">\n\t\t\t\t\t\t\t\t\t<span class=\"elementor-button-text\">Make an appointment<\/span>\n\t\t\t\t\t<\/span>\n\t\t\t\t\t<\/a>\n\t\t\t\t\t\t\t\t<\/div>\n\t\t\t\t<\/div>\n\t\t\t\t\t<\/div>\n\t\t\t\t<\/div>\n\t\t\t\t<\/div>","protected":false},"excerpt":{"rendered":"<p>E.Max p\u00e9sker\u00e1mia korona, h\u00e9j Mikor aj\u00e1nlott a pr\u00e9sker\u00e1mia korona? Digit\u00e1lis tervez\u00e9s, garant\u00e1lt siker! Amikor magas eszt\u00e9tikai k\u00f6vetelm\u00e9nyeknek kell megfelelnie egy fogp\u00f3tl\u00e1snak, a front r\u00e9gi\u00f3ban leggyakrabban a E.max pr\u00e9sker\u00e1mia koron\u00e1t szoktunk javasolni p\u00e1cienseink r\u00e9sz\u00e9re. A l\u00edtium-diszilik\u00e1t alap\u00fa pr\u00e9sker\u00e1mia manaps\u00e1g a legmodernebb, legszebb megold\u00e1s az eszt\u00e9tikai rehabilit\u00e1ci\u00f3kra. A pr\u00e9sker\u00e1mia f\u00e9mmentes p\u00f3tl\u00e1s, amely teljesen biokompatibilis, nem allergiz\u00e1l. Az &#8230; <a title=\"E.Max crown and veneers\" class=\"read-more\" href=\"https:\/\/dnpdental.hu\/en\/e-max-preskeramia-korona-hej\/\" aria-label=\"Read more about E.Max p\u00e9sker\u00e1mia korona, h\u00e9j\">Read more<\/a><\/p>","protected":false},"author":1,"featured_media":0,"parent":0,"menu_order":0,"comment_status":"closed","ping_status":"closed","template":"elementor_header_footer","meta":{"footnotes":""},"class_list":["post-230","page","type-page","status-publish"],"yoast_head":"<!-- This site is optimized with the Yoast SEO Premium plugin v26.2 (Yoast SEO v26.5) - https:\/\/yoast.com\/wordpress\/plugins\/seo\/ -->\n<title>E.Max p\u00e9sker\u00e1mia korona, h\u00e9j - DNP Dental<\/title>\n<meta name=\"robots\" content=\"index, follow, max-snippet:-1, max-image-preview:large, max-video-preview:-1\" \/>\n<link rel=\"canonical\" href=\"https:\/\/dnpdental.hu\/en\/e-max-preskeramia-korona-hej\/\" \/>\n<meta property=\"og:locale\" content=\"en_GB\" \/>\n<meta property=\"og:type\" content=\"article\" \/>\n<meta property=\"og:title\" content=\"E.Max p\u00e9sker\u00e1mia korona, h\u00e9j\" \/>\n<meta property=\"og:description\" content=\"E.Max p\u00e9sker\u00e1mia korona, h\u00e9j Mikor aj\u00e1nlott a pr\u00e9sker\u00e1mia korona? Digit\u00e1lis tervez\u00e9s, garant\u00e1lt siker! Amikor magas eszt\u00e9tikai k\u00f6vetelm\u00e9nyeknek kell megfelelnie egy fogp\u00f3tl\u00e1snak, a front r\u00e9gi\u00f3ban leggyakrabban a E.max pr\u00e9sker\u00e1mia koron\u00e1t szoktunk javasolni p\u00e1cienseink r\u00e9sz\u00e9re. A l\u00edtium-diszilik\u00e1t alap\u00fa pr\u00e9sker\u00e1mia manaps\u00e1g a legmodernebb, legszebb megold\u00e1s az eszt\u00e9tikai rehabilit\u00e1ci\u00f3kra. A pr\u00e9sker\u00e1mia f\u00e9mmentes p\u00f3tl\u00e1s, amely teljesen biokompatibilis, nem allergiz\u00e1l. Az ... Read more\" \/>\n<meta property=\"og:url\" content=\"https:\/\/dnpdental.hu\/en\/e-max-preskeramia-korona-hej\/\" \/>\n<meta property=\"og:site_name\" content=\"DNP Dental\" \/>\n<meta property=\"article:modified_time\" content=\"2025-11-10T09:20:50+00:00\" \/>\n<meta property=\"og:image\" content=\"https:\/\/newsite.dnpdental.hu\/wp-content\/uploads\/2025\/11\/Teeth_whitening.webp\" \/>\n<meta name=\"twitter:card\" content=\"summary_large_image\" \/>\n<meta name=\"twitter:label1\" content=\"Estimated reading time\" \/>\n\t<meta name=\"twitter:data1\" content=\"2 minutes\" \/>\n<script type=\"application\/ld+json\" class=\"yoast-schema-graph\">{\"@context\":\"https:\/\/schema.org\",\"@graph\":[{\"@type\":\"WebPage\",\"@id\":\"https:\/\/dnpdental.hu\/e-max-preskeramia-korona-hej\/\",\"url\":\"https:\/\/dnpdental.hu\/e-max-preskeramia-korona-hej\/\",\"name\":\"E.Max p\u00e9sker\u00e1mia korona, h\u00e9j - DNP Dental\",\"isPartOf\":{\"@id\":\"https:\/\/dnpdental.hu\/#website\"},\"primaryImageOfPage\":{\"@id\":\"https:\/\/dnpdental.hu\/e-max-preskeramia-korona-hej\/#primaryimage\"},\"image\":{\"@id\":\"https:\/\/dnpdental.hu\/e-max-preskeramia-korona-hej\/#primaryimage\"},\"thumbnailUrl\":\"https:\/\/newsite.dnpdental.hu\/wp-content\/uploads\/2025\/11\/Teeth_whitening.webp\",\"datePublished\":\"2025-10-30T10:09:49+00:00\",\"dateModified\":\"2025-11-10T09:20:50+00:00\",\"breadcrumb\":{\"@id\":\"https:\/\/dnpdental.hu\/e-max-preskeramia-korona-hej\/#breadcrumb\"},\"inLanguage\":\"en-GB\",\"potentialAction\":[{\"@type\":\"ReadAction\",\"target\":[\"https:\/\/dnpdental.hu\/e-max-preskeramia-korona-hej\/\"]}]},{\"@type\":\"ImageObject\",\"inLanguage\":\"en-GB\",\"@id\":\"https:\/\/dnpdental.hu\/e-max-preskeramia-korona-hej\/#primaryimage\",\"url\":\"https:\/\/newsite.dnpdental.hu\/wp-content\/uploads\/2025\/11\/Teeth_whitening.webp\",\"contentUrl\":\"https:\/\/newsite.dnpdental.hu\/wp-content\/uploads\/2025\/11\/Teeth_whitening.webp\"},{\"@type\":\"BreadcrumbList\",\"@id\":\"https:\/\/dnpdental.hu\/e-max-preskeramia-korona-hej\/#breadcrumb\",\"itemListElement\":[{\"@type\":\"ListItem\",\"position\":1,\"name\":\"Kezd\u0151lap\",\"item\":\"https:\/\/dnpdental.hu\/\"},{\"@type\":\"ListItem\",\"position\":2,\"name\":\"E.Max p\u00e9sker\u00e1mia korona, h\u00e9j\"}]},{\"@type\":\"WebSite\",\"@id\":\"https:\/\/dnpdental.hu\/#website\",\"url\":\"https:\/\/dnpdental.hu\/\",\"name\":\"DNP Dental\",\"description\":\"\",\"publisher\":{\"@id\":\"https:\/\/dnpdental.hu\/#organization\"},\"potentialAction\":[{\"@type\":\"SearchAction\",\"target\":{\"@type\":\"EntryPoint\",\"urlTemplate\":\"https:\/\/dnpdental.hu\/?s={search_term_string}\"},\"query-input\":{\"@type\":\"PropertyValueSpecification\",\"valueRequired\":true,\"valueName\":\"search_term_string\"}}],\"inLanguage\":\"en-GB\"},{\"@type\":\"Organization\",\"@id\":\"https:\/\/dnpdental.hu\/#organization\",\"name\":\"DNP Dental\",\"url\":\"https:\/\/dnpdental.hu\/\",\"logo\":{\"@type\":\"ImageObject\",\"inLanguage\":\"en-GB\",\"@id\":\"https:\/\/dnpdental.hu\/#\/schema\/logo\/image\/\",\"url\":\"https:\/\/dnpdental.hu\/wp-content\/uploads\/2025\/11\/DNP-10_mini.webp\",\"contentUrl\":\"https:\/\/dnpdental.hu\/wp-content\/uploads\/2025\/11\/DNP-10_mini.webp\",\"width\":420,\"height\":202,\"caption\":\"DNP Dental\"},\"image\":{\"@id\":\"https:\/\/dnpdental.hu\/#\/schema\/logo\/image\/\"}}]}<\/script>\n<!-- \/ Yoast SEO Premium plugin. -->","yoast_head_json":{"title":"E.Max p\u00e9sker\u00e1mia korona, h\u00e9j - DNP Dental","robots":{"index":"index","follow":"follow","max-snippet":"max-snippet:-1","max-image-preview":"max-image-preview:large","max-video-preview":"max-video-preview:-1"},"canonical":"https:\/\/dnpdental.hu\/en\/e-max-preskeramia-korona-hej\/","og_locale":"en_GB","og_type":"article","og_title":"E.Max p\u00e9sker\u00e1mia korona, h\u00e9j","og_description":"E.Max p\u00e9sker\u00e1mia korona, h\u00e9j Mikor aj\u00e1nlott a pr\u00e9sker\u00e1mia korona? Digit\u00e1lis tervez\u00e9s, garant\u00e1lt siker! Amikor magas eszt\u00e9tikai k\u00f6vetelm\u00e9nyeknek kell megfelelnie egy fogp\u00f3tl\u00e1snak, a front r\u00e9gi\u00f3ban leggyakrabban a E.max pr\u00e9sker\u00e1mia koron\u00e1t szoktunk javasolni p\u00e1cienseink r\u00e9sz\u00e9re. A l\u00edtium-diszilik\u00e1t alap\u00fa pr\u00e9sker\u00e1mia manaps\u00e1g a legmodernebb, legszebb megold\u00e1s az eszt\u00e9tikai rehabilit\u00e1ci\u00f3kra. A pr\u00e9sker\u00e1mia f\u00e9mmentes p\u00f3tl\u00e1s, amely teljesen biokompatibilis, nem allergiz\u00e1l. Az ... Read more","og_url":"https:\/\/dnpdental.hu\/en\/e-max-preskeramia-korona-hej\/","og_site_name":"DNP Dental","article_modified_time":"2025-11-10T09:20:50+00:00","og_image":[{"url":"https:\/\/newsite.dnpdental.hu\/wp-content\/uploads\/2025\/11\/Teeth_whitening.webp","type":"","width":"","height":""}],"twitter_card":"summary_large_image","twitter_misc":{"Estimated reading time":"2 minutes"},"schema":{"@context":"https:\/\/schema.org","@graph":[{"@type":"WebPage","@id":"https:\/\/dnpdental.hu\/e-max-preskeramia-korona-hej\/","url":"https:\/\/dnpdental.hu\/e-max-preskeramia-korona-hej\/","name":"E.Max p\u00e9sker\u00e1mia korona, h\u00e9j - DNP Dental","isPartOf":{"@id":"https:\/\/dnpdental.hu\/#website"},"primaryImageOfPage":{"@id":"https:\/\/dnpdental.hu\/e-max-preskeramia-korona-hej\/#primaryimage"},"image":{"@id":"https:\/\/dnpdental.hu\/e-max-preskeramia-korona-hej\/#primaryimage"},"thumbnailUrl":"https:\/\/newsite.dnpdental.hu\/wp-content\/uploads\/2025\/11\/Teeth_whitening.webp","datePublished":"2025-10-30T10:09:49+00:00","dateModified":"2025-11-10T09:20:50+00:00","breadcrumb":{"@id":"https:\/\/dnpdental.hu\/e-max-preskeramia-korona-hej\/#breadcrumb"},"inLanguage":"en-GB","potentialAction":[{"@type":"ReadAction","target":["https:\/\/dnpdental.hu\/e-max-preskeramia-korona-hej\/"]}]},{"@type":"ImageObject","inLanguage":"en-GB","@id":"https:\/\/dnpdental.hu\/e-max-preskeramia-korona-hej\/#primaryimage","url":"https:\/\/newsite.dnpdental.hu\/wp-content\/uploads\/2025\/11\/Teeth_whitening.webp","contentUrl":"https:\/\/newsite.dnpdental.hu\/wp-content\/uploads\/2025\/11\/Teeth_whitening.webp"},{"@type":"BreadcrumbList","@id":"https:\/\/dnpdental.hu\/e-max-preskeramia-korona-hej\/#breadcrumb","itemListElement":[{"@type":"ListItem","position":1,"name":"Kezd\u0151lap","item":"https:\/\/dnpdental.hu\/"},{"@type":"ListItem","position":2,"name":"E.Max p\u00e9sker\u00e1mia korona, h\u00e9j"}]},{"@type":"WebSite","@id":"https:\/\/dnpdental.hu\/#website","url":"https:\/\/dnpdental.hu\/","name":"DNP Dental","description":"","publisher":{"@id":"https:\/\/dnpdental.hu\/#organization"},"potentialAction":[{"@type":"SearchAction","target":{"@type":"EntryPoint","urlTemplate":"https:\/\/dnpdental.hu\/?s={search_term_string}"},"query-input":{"@type":"PropertyValueSpecification","valueRequired":true,"valueName":"search_term_string"}}],"inLanguage":"en-GB"},{"@type":"Organization","@id":"https:\/\/dnpdental.hu\/#organization","name":"DNP Dental","url":"https:\/\/dnpdental.hu\/","logo":{"@type":"ImageObject","inLanguage":"en-GB","@id":"https:\/\/dnpdental.hu\/#\/schema\/logo\/image\/","url":"https:\/\/dnpdental.hu\/wp-content\/uploads\/2025\/11\/DNP-10_mini.webp","contentUrl":"https:\/\/dnpdental.hu\/wp-content\/uploads\/2025\/11\/DNP-10_mini.webp","width":420,"height":202,"caption":"DNP Dental"},"image":{"@id":"https:\/\/dnpdental.hu\/#\/schema\/logo\/image\/"}}]}},"_links":{"self":[{"href":"https:\/\/dnpdental.hu\/en\/wp-json\/wp\/v2\/pages\/230","targetHints":{"allow":["GET"]}}],"collection":[{"href":"https:\/\/dnpdental.hu\/en\/wp-json\/wp\/v2\/pages"}],"about":[{"href":"https:\/\/dnpdental.hu\/en\/wp-json\/wp\/v2\/types\/page"}],"author":[{"embeddable":true,"href":"https:\/\/dnpdental.hu\/en\/wp-json\/wp\/v2\/users\/1"}],"replies":[{"embeddable":true,"href":"https:\/\/dnpdental.hu\/en\/wp-json\/wp\/v2\/comments?post=230"}],"version-history":[{"count":18,"href":"https:\/\/dnpdental.hu\/en\/wp-json\/wp\/v2\/pages\/230\/revisions"}],"predecessor-version":[{"id":2133,"href":"https:\/\/dnpdental.hu\/en\/wp-json\/wp\/v2\/pages\/230\/revisions\/2133"}],"wp:attachment":[{"href":"https:\/\/dnpdental.hu\/en\/wp-json\/wp\/v2\/media?parent=230"}],"curies":[{"name":"wp","href":"https:\/\/api.w.org\/{rel}","templated":true}]}}