{"id":242,"date":"2024-12-25T07:59:00","date_gmt":"2024-12-25T06:59:00","guid":{"rendered":"https:\/\/newsite.dnpdental.hu\/?page_id=242"},"modified":"2025-11-10T10:13:29","modified_gmt":"2025-11-10T09:13:29","slug":"cirkonium-korona","status":"publish","type":"page","link":"https:\/\/dnpdental.hu\/en\/cirkonium-korona\/","title":{"rendered":"Zirconium crown"},"content":{"rendered":"<div data-elementor-type=\"wp-page\" data-elementor-id=\"242\" class=\"elementor elementor-242\" data-elementor-post-type=\"page\">\n\t\t\t\t<div class=\"elementor-element elementor-element-c1fa0f4 e-flex e-con-boxed e-con e-parent\" data-id=\"c1fa0f4\" data-element_type=\"container\">\n\t\t\t\t\t<div class=\"e-con-inner\">\n\t\t<div class=\"elementor-element elementor-element-f9172c8 e-con-full e-flex e-con e-child\" data-id=\"f9172c8\" data-element_type=\"container\">\n\t\t<div class=\"elementor-element elementor-element-29404e2 e-con-full e-flex e-con e-child\" data-id=\"29404e2\" data-element_type=\"container\">\n\t\t<div class=\"elementor-element elementor-element-0366f7a e-con-full e-flex e-con e-child\" data-id=\"0366f7a\" data-element_type=\"container\">\n\t\t\t\t<div class=\"elementor-element elementor-element-8ea49b4 elementor-widget elementor-widget-heading\" data-id=\"8ea49b4\" data-element_type=\"widget\" data-widget_type=\"heading.default\">\n\t\t\t\t\t<h1 class=\"elementor-heading-title elementor-size-default\">Zirconium crown<\/h1>\t\t\t\t<\/div>\n\t\t\t\t<div class=\"elementor-element elementor-element-ec7978c elementor-widget elementor-widget-heading\" data-id=\"ec7978c\" data-element_type=\"widget\" data-widget_type=\"heading.default\">\n\t\t\t\t\t<h2 class=\"elementor-heading-title elementor-size-default\">What are the advantages of a zirconium crown?<\/h2>\t\t\t\t<\/div>\n\t\t\t\t<div class=\"elementor-element elementor-element-0679300 elementor-widget elementor-widget-text-editor\" data-id=\"0679300\" data-element_type=\"widget\" data-widget_type=\"text-editor.default\">\n\t\t\t\t\t\t\t\t\t<p>Zirconium has many beneficial properties such as biocompatibility and natural appearance, which makes it attractive to many. Each case is unique, so the dentist always decides which solution is suitable for a particular patient. In any case, it can be said that zirconium dioxide can be a good option for almost any dental prosthetics. Here are a few reasons why it turned out to be better than the metals used in dentures.<\/p>\t\t\t\t\t\t\t\t<\/div>\n\t\t\t\t<div class=\"elementor-element elementor-element-e978fe0 elementor-widget elementor-widget-heading\" data-id=\"e978fe0\" data-element_type=\"widget\" data-widget_type=\"heading.default\">\n\t\t\t\t\t<h3 class=\"elementor-heading-title elementor-size-default\">Advantages of a zirconium crown:<\/h3>\t\t\t\t<\/div>\n\t\t\t\t<div class=\"elementor-element elementor-element-3de379a elementor-widget elementor-widget-text-editor\" data-id=\"3de379a\" data-element_type=\"widget\" data-widget_type=\"text-editor.default\">\n\t\t\t\t\t\t\t\t\t<div class=\"col-lg-8\"><div class=\"department-left serv\"><ul><li>High quality.<\/li><li>It is especially recommended for the front area due to its perfect aesthetics.<\/li><li>Allergen-free.<\/li><li>Suitable for chewing teeth due to the strength of the material.<\/li><li>Resistant to wear.<\/li><li>There is no metallic taste.<\/li><li>100% Biocompatible.<\/li><\/ul><\/div><\/div>\t\t\t\t\t\t\t\t<\/div>\n\t\t\t\t<\/div>\n\t\t\t\t<div class=\"elementor-element elementor-element-88986eb elementor-widget__width-initial elementor-widget-tablet__width-inherit elementor-widget elementor-widget-image\" data-id=\"88986eb\" data-element_type=\"widget\" data-widget_type=\"image.default\">\n\t\t\t\t\t\t\t\t\t\t\t\t\t\t\t<img fetchpriority=\"high\" decoding=\"async\" width=\"500\" height=\"500\" src=\"https:\/\/dnpdental.hu\/wp-content\/uploads\/2025\/11\/cirkonium-1.webp\" class=\"attachment-large size-large wp-image-744\" alt=\"\" srcset=\"https:\/\/dnpdental.hu\/wp-content\/uploads\/2025\/11\/cirkonium-1.webp 500w, https:\/\/dnpdental.hu\/wp-content\/uploads\/2025\/11\/cirkonium-1-300x300.webp 300w, https:\/\/dnpdental.hu\/wp-content\/uploads\/2025\/11\/cirkonium-1-150x150.webp 150w, https:\/\/dnpdental.hu\/wp-content\/uploads\/2025\/11\/cirkonium-1-12x12.webp 12w\" sizes=\"(max-width: 500px) 100vw, 500px\" \/>\t\t\t\t\t\t\t\t\t\t\t\t\t\t\t<\/div>\n\t\t\t\t<\/div>\n\t\t\t\t<div class=\"elementor-element elementor-element-748ce38 elementor-align-center elementor-widget elementor-widget-button\" data-id=\"748ce38\" data-element_type=\"widget\" data-widget_type=\"button.default\">\n\t\t\t\t\t\t\t\t\t\t<a class=\"elementor-button elementor-button-link elementor-size-sm\" href=\"\/en\/idopontfoglalas\/\">\n\t\t\t\t\t\t<span class=\"elementor-button-content-wrapper\">\n\t\t\t\t\t\t\t\t\t<span class=\"elementor-button-text\">Make an appointment with us<\/span>\n\t\t\t\t\t<\/span>\n\t\t\t\t\t<\/a>\n\t\t\t\t\t\t\t\t<\/div>\n\t\t<div class=\"elementor-element elementor-element-6d44492 e-con-full e-flex e-con e-child\" data-id=\"6d44492\" data-element_type=\"container\">\n\t\t\t\t<div class=\"elementor-element elementor-element-6a996ce elementor-widget__width-initial elementor-widget-tablet__width-inherit elementor-widget elementor-widget-image\" data-id=\"6a996ce\" data-element_type=\"widget\" data-widget_type=\"image.default\">\n\t\t\t\t\t\t\t\t\t\t\t\t\t\t\t<img decoding=\"async\" width=\"900\" height=\"600\" src=\"https:\/\/dnpdental.hu\/wp-content\/uploads\/2025\/11\/cirkonium-2_8l7rajS.webp\" class=\"attachment-large size-large wp-image-762\" alt=\"\" srcset=\"https:\/\/dnpdental.hu\/wp-content\/uploads\/2025\/11\/cirkonium-2_8l7rajS.webp 900w, https:\/\/dnpdental.hu\/wp-content\/uploads\/2025\/11\/cirkonium-2_8l7rajS-300x200.webp 300w, https:\/\/dnpdental.hu\/wp-content\/uploads\/2025\/11\/cirkonium-2_8l7rajS-768x512.webp 768w, https:\/\/dnpdental.hu\/wp-content\/uploads\/2025\/11\/cirkonium-2_8l7rajS-18x12.webp 18w\" sizes=\"(max-width: 900px) 100vw, 900px\" \/>\t\t\t\t\t\t\t\t\t\t\t\t\t\t\t<\/div>\n\t\t<div class=\"elementor-element elementor-element-8c26b71 e-con-full e-flex e-con e-child\" data-id=\"8c26b71\" data-element_type=\"container\">\n\t\t\t\t<div class=\"elementor-element elementor-element-afb8469 elementor-widget elementor-widget-heading\" data-id=\"afb8469\" data-element_type=\"widget\" data-widget_type=\"heading.default\">\n\t\t\t\t\t<h2 class=\"elementor-heading-title elementor-size-default\">When is a zirconium crown recommended?<\/h2>\t\t\t\t<\/div>\n\t\t\t\t<div class=\"elementor-element elementor-element-caf58fd elementor-widget elementor-widget-text-editor\" data-id=\"caf58fd\" data-element_type=\"widget\" data-widget_type=\"text-editor.default\">\n\t\t\t\t\t\t\t\t\t<p>A zirconium crown is recommended in the following cases:<\/p><ul><li>For dental implants.<\/li><li>During tooth restoration.<\/li><li>When repairing broken crowns.<\/li><li>When replacing old crowns.<\/li><li>During aesthetic restoration of teeth.<\/li><li>For the manufacture of bridges.<\/li><\/ul>\t\t\t\t\t\t\t\t<\/div>\n\t\t\t\t<\/div>\n\t\t\t\t<\/div>\n\t\t\t\t<div class=\"elementor-element elementor-element-76afad8 elementor-widget elementor-widget-image\" data-id=\"76afad8\" data-element_type=\"widget\" data-widget_type=\"image.default\">\n\t\t\t\t\t\t\t\t\t\t\t\t\t\t\t<img decoding=\"async\" width=\"1146\" height=\"207\" src=\"https:\/\/dnpdental.hu\/wp-content\/uploads\/2025\/11\/shade_crown.webp\" class=\"attachment-full size-full wp-image-760\" alt=\"\" srcset=\"https:\/\/dnpdental.hu\/wp-content\/uploads\/2025\/11\/shade_crown.webp 1146w, https:\/\/dnpdental.hu\/wp-content\/uploads\/2025\/11\/shade_crown-300x54.webp 300w, https:\/\/dnpdental.hu\/wp-content\/uploads\/2025\/11\/shade_crown-1024x185.webp 1024w, https:\/\/dnpdental.hu\/wp-content\/uploads\/2025\/11\/shade_crown-768x139.webp 768w, https:\/\/dnpdental.hu\/wp-content\/uploads\/2025\/11\/shade_crown-18x3.webp 18w\" sizes=\"(max-width: 1146px) 100vw, 1146px\" \/>\t\t\t\t\t\t\t\t\t\t\t\t\t\t\t<\/div>\n\t\t\t\t<div class=\"elementor-element elementor-element-5e208d4 elementor-widget elementor-widget-text-editor\" data-id=\"5e208d4\" data-element_type=\"widget\" data-widget_type=\"text-editor.default\">\n\t\t\t\t\t\t\t\t\tDuring the consultation and assessment with your dentist, all aspects will be taken into account, and we will offer you the most appropriate solution.\t\t\t\t\t\t\t\t<\/div>\n\t\t\t\t<div class=\"elementor-element elementor-element-4343ecf elementor-widget elementor-widget-text-editor\" data-id=\"4343ecf\" data-element_type=\"widget\" data-widget_type=\"text-editor.default\">\n\t\t\t\t\t\t\t\t\t<div class=\"col-lg-8\"><div class=\"department-left serv\"><p>If a zirconium crown proves to be the most suitable, your offer and treatment plan will contain information about the treatment schedule.<\/p><p>Stages of treatment<br>\n<br>\n1. Preparation of the tooth(s).\n2. Taking casts.\n3. Fitting the frame.\n4. Fitting without glaze setting.\n5. Final consolidation.<\/p><\/div><\/div>\t\t\t\t\t\t\t\t<\/div>\n\t\t<div class=\"elementor-element elementor-element-37067ea e-con-full e-flex e-con e-child\" data-id=\"37067ea\" data-element_type=\"container\">\n\t\t<div class=\"elementor-element elementor-element-ffb70a0 e-con-full e-flex e-con e-child\" data-id=\"ffb70a0\" data-element_type=\"container\">\n\t\t\t\t<div class=\"elementor-element elementor-element-06e958c elementor-widget elementor-widget-text-editor\" data-id=\"06e958c\" data-element_type=\"widget\" data-widget_type=\"text-editor.default\">\n\t\t\t\t\t\t\t\t\t<div class=\"col-lg-8\"><div class=\"department-left serv\"><p><strong>The eternal question is what to choose: a metal ceramic crown, metal\u2014free zirconium ceramics or, perhaps, pressed ceramics?<\/strong><\/p><p>Ceramic-metal crowns are increasingly being selected only for the posterior, chewing area, where their strength and excellent value for money make them particularly recommended.<\/p><p>Another difference is that metal frame crowns may have a gray rim on the neck of the tooth and the edge of the gum, while zirconium ceramic crowns do not have this disadvantage. Due to aesthetic differences, we primarily recommend zirconium ceramic crowns for the visible anterior area, and pressed ceramic crowns with even more outstanding aesthetic characteristics for the restoration of single crowns.<\/p><\/div><\/div>\t\t\t\t\t\t\t\t<\/div>\n\t\t\t\t<\/div>\n\t\t\t\t<div class=\"elementor-element elementor-element-be01a24 elementor-widget__width-initial elementor-widget-tablet__width-inherit elementor-widget elementor-widget-image\" data-id=\"be01a24\" data-element_type=\"widget\" data-widget_type=\"image.default\">\n\t\t\t\t\t\t\t\t\t\t\t\t\t\t\t<img loading=\"lazy\" decoding=\"async\" width=\"900\" height=\"589\" src=\"https:\/\/dnpdental.hu\/wp-content\/uploads\/2025\/11\/kezeles-3_dT05HL2.webp\" class=\"attachment-large size-large wp-image-761\" alt=\"\" srcset=\"https:\/\/dnpdental.hu\/wp-content\/uploads\/2025\/11\/kezeles-3_dT05HL2.webp 900w, https:\/\/dnpdental.hu\/wp-content\/uploads\/2025\/11\/kezeles-3_dT05HL2-300x196.webp 300w, https:\/\/dnpdental.hu\/wp-content\/uploads\/2025\/11\/kezeles-3_dT05HL2-768x503.webp 768w, https:\/\/dnpdental.hu\/wp-content\/uploads\/2025\/11\/kezeles-3_dT05HL2-18x12.webp 18w\" sizes=\"(max-width: 900px) 100vw, 900px\" \/>\t\t\t\t\t\t\t\t\t\t\t\t\t\t\t<\/div>\n\t\t\t\t<\/div>\n\t\t\t\t<div class=\"elementor-element elementor-element-b4ce8d8 elementor-align-center elementor-widget elementor-widget-button\" data-id=\"b4ce8d8\" data-element_type=\"widget\" data-widget_type=\"button.default\">\n\t\t\t\t\t\t\t\t\t\t<a class=\"elementor-button elementor-button-link elementor-size-sm\" href=\"\/en\/idopontfoglalas\/\">\n\t\t\t\t\t\t<span class=\"elementor-button-content-wrapper\">\n\t\t\t\t\t\t\t\t\t<span class=\"elementor-button-text\">Make an appointment<\/span>\n\t\t\t\t\t<\/span>\n\t\t\t\t\t<\/a>\n\t\t\t\t\t\t\t\t<\/div>\n\t\t\t\t<\/div>\n\t\t\t\t\t<\/div>\n\t\t\t\t<\/div>\n\t\t\t\t<\/div>","protected":false},"excerpt":{"rendered":"<p>Cirk\u00f3nium korona Mik a cirk\u00f3nium korona el\u0151nyei? A cirk\u00f3nium sz\u00e1mos j\u00f3 tulajdons\u00e1ga, mint p\u00e9ld\u00e1ul a biokompatibilit\u00e1s \u00e9s a term\u00e9szetes hat\u00e1s, b\u00e1rki sz\u00e1m\u00e1ra vonz\u00f3 lehet. Minden eset m\u00e1s \u00e9s m\u00e1s, ez\u00e9rt mindig a fogorvos d\u00f6nti el, hogy az adott p\u00e1ciensnek milyen megold\u00e1st javasol. Mindenesetre elmondhat\u00f3, hogy fogp\u00f3tl\u00e1s eset\u00e9n szinte b\u00e1rkinek j\u00f3 megold\u00e1s lehet a cirk\u00f3nium-dioxid. Ennek &#8230; <a title=\"Zirconium crown\" class=\"read-more\" href=\"https:\/\/dnpdental.hu\/en\/cirkonium-korona\/\" aria-label=\"Read more about Cirk\u00f3nium korona\">Read more<\/a><\/p>","protected":false},"author":1,"featured_media":0,"parent":0,"menu_order":0,"comment_status":"closed","ping_status":"closed","template":"elementor_header_footer","meta":{"footnotes":""},"class_list":["post-242","page","type-page","status-publish"],"yoast_head":"<!-- This site is optimized with the Yoast SEO Premium plugin v26.2 (Yoast SEO v26.5) - https:\/\/yoast.com\/wordpress\/plugins\/seo\/ -->\n<title>Cirk\u00f3nium korona | DNP Dental<\/title>\n<meta name=\"description\" content=\"A cirk\u00f3nium sz\u00e1mos j\u00f3 tulajdons\u00e1ga, mint p\u00e9ld\u00e1ul a biokompatibilit\u00e1s \u00e9s a term\u00e9szetes hat\u00e1s, b\u00e1rki sz\u00e1m\u00e1ra vonz\u00f3 lehet.\" \/>\n<meta name=\"robots\" content=\"index, follow, max-snippet:-1, max-image-preview:large, max-video-preview:-1\" \/>\n<link rel=\"canonical\" href=\"https:\/\/dnpdental.hu\/en\/cirkonium-korona\/\" \/>\n<meta property=\"og:locale\" content=\"en_GB\" \/>\n<meta property=\"og:type\" content=\"article\" \/>\n<meta property=\"og:title\" content=\"Cirk\u00f3nium korona\" \/>\n<meta property=\"og:description\" content=\"A cirk\u00f3nium sz\u00e1mos j\u00f3 tulajdons\u00e1ga, mint p\u00e9ld\u00e1ul a biokompatibilit\u00e1s \u00e9s a term\u00e9szetes hat\u00e1s, b\u00e1rki sz\u00e1m\u00e1ra vonz\u00f3 lehet.\" \/>\n<meta property=\"og:url\" content=\"https:\/\/dnpdental.hu\/en\/cirkonium-korona\/\" \/>\n<meta property=\"og:site_name\" content=\"DNP Dental\" \/>\n<meta property=\"article:modified_time\" content=\"2025-11-10T09:13:29+00:00\" \/>\n<meta property=\"og:image\" content=\"https:\/\/newsite.dnpdental.hu\/wp-content\/uploads\/2025\/11\/cirkonium-1.webp\" \/>\n<meta name=\"twitter:card\" content=\"summary_large_image\" \/>\n<meta name=\"twitter:label1\" content=\"Estimated reading time\" \/>\n\t<meta name=\"twitter:data1\" content=\"2 minutes\" \/>\n<script type=\"application\/ld+json\" class=\"yoast-schema-graph\">{\"@context\":\"https:\/\/schema.org\",\"@graph\":[{\"@type\":\"WebPage\",\"@id\":\"https:\/\/dnpdental.hu\/cirkonium-korona\/\",\"url\":\"https:\/\/dnpdental.hu\/cirkonium-korona\/\",\"name\":\"Cirk\u00f3nium korona | DNP Dental\",\"isPartOf\":{\"@id\":\"https:\/\/dnpdental.hu\/#website\"},\"primaryImageOfPage\":{\"@id\":\"https:\/\/dnpdental.hu\/cirkonium-korona\/#primaryimage\"},\"image\":{\"@id\":\"https:\/\/dnpdental.hu\/cirkonium-korona\/#primaryimage\"},\"thumbnailUrl\":\"https:\/\/newsite.dnpdental.hu\/wp-content\/uploads\/2025\/11\/cirkonium-1.webp\",\"datePublished\":\"2024-12-25T06:59:00+00:00\",\"dateModified\":\"2025-11-10T09:13:29+00:00\",\"description\":\"A cirk\u00f3nium sz\u00e1mos j\u00f3 tulajdons\u00e1ga, mint p\u00e9ld\u00e1ul a biokompatibilit\u00e1s \u00e9s a term\u00e9szetes hat\u00e1s, b\u00e1rki sz\u00e1m\u00e1ra vonz\u00f3 lehet.\",\"breadcrumb\":{\"@id\":\"https:\/\/dnpdental.hu\/cirkonium-korona\/#breadcrumb\"},\"inLanguage\":\"en-GB\",\"potentialAction\":[{\"@type\":\"ReadAction\",\"target\":[\"https:\/\/dnpdental.hu\/cirkonium-korona\/\"]}]},{\"@type\":\"ImageObject\",\"inLanguage\":\"en-GB\",\"@id\":\"https:\/\/dnpdental.hu\/cirkonium-korona\/#primaryimage\",\"url\":\"https:\/\/newsite.dnpdental.hu\/wp-content\/uploads\/2025\/11\/cirkonium-1.webp\",\"contentUrl\":\"https:\/\/newsite.dnpdental.hu\/wp-content\/uploads\/2025\/11\/cirkonium-1.webp\"},{\"@type\":\"BreadcrumbList\",\"@id\":\"https:\/\/dnpdental.hu\/cirkonium-korona\/#breadcrumb\",\"itemListElement\":[{\"@type\":\"ListItem\",\"position\":1,\"name\":\"Kezd\u0151lap\",\"item\":\"https:\/\/dnpdental.hu\/\"},{\"@type\":\"ListItem\",\"position\":2,\"name\":\"Cirk\u00f3nium korona\"}]},{\"@type\":\"WebSite\",\"@id\":\"https:\/\/dnpdental.hu\/#website\",\"url\":\"https:\/\/dnpdental.hu\/\",\"name\":\"DNP Dental\",\"description\":\"\",\"publisher\":{\"@id\":\"https:\/\/dnpdental.hu\/#organization\"},\"potentialAction\":[{\"@type\":\"SearchAction\",\"target\":{\"@type\":\"EntryPoint\",\"urlTemplate\":\"https:\/\/dnpdental.hu\/?s={search_term_string}\"},\"query-input\":{\"@type\":\"PropertyValueSpecification\",\"valueRequired\":true,\"valueName\":\"search_term_string\"}}],\"inLanguage\":\"en-GB\"},{\"@type\":\"Organization\",\"@id\":\"https:\/\/dnpdental.hu\/#organization\",\"name\":\"DNP Dental\",\"url\":\"https:\/\/dnpdental.hu\/\",\"logo\":{\"@type\":\"ImageObject\",\"inLanguage\":\"en-GB\",\"@id\":\"https:\/\/dnpdental.hu\/#\/schema\/logo\/image\/\",\"url\":\"https:\/\/dnpdental.hu\/wp-content\/uploads\/2025\/11\/DNP-10_mini.webp\",\"contentUrl\":\"https:\/\/dnpdental.hu\/wp-content\/uploads\/2025\/11\/DNP-10_mini.webp\",\"width\":420,\"height\":202,\"caption\":\"DNP Dental\"},\"image\":{\"@id\":\"https:\/\/dnpdental.hu\/#\/schema\/logo\/image\/\"}}]}<\/script>\n<!-- \/ Yoast SEO Premium plugin. -->","yoast_head_json":{"title":"Cirk\u00f3nium korona | DNP Dental","description":"A cirk\u00f3nium sz\u00e1mos j\u00f3 tulajdons\u00e1ga, mint p\u00e9ld\u00e1ul a biokompatibilit\u00e1s \u00e9s a term\u00e9szetes hat\u00e1s, b\u00e1rki sz\u00e1m\u00e1ra vonz\u00f3 lehet.","robots":{"index":"index","follow":"follow","max-snippet":"max-snippet:-1","max-image-preview":"max-image-preview:large","max-video-preview":"max-video-preview:-1"},"canonical":"https:\/\/dnpdental.hu\/en\/cirkonium-korona\/","og_locale":"en_GB","og_type":"article","og_title":"Cirk\u00f3nium korona","og_description":"A cirk\u00f3nium sz\u00e1mos j\u00f3 tulajdons\u00e1ga, mint p\u00e9ld\u00e1ul a biokompatibilit\u00e1s \u00e9s a term\u00e9szetes hat\u00e1s, b\u00e1rki sz\u00e1m\u00e1ra vonz\u00f3 lehet.","og_url":"https:\/\/dnpdental.hu\/en\/cirkonium-korona\/","og_site_name":"DNP Dental","article_modified_time":"2025-11-10T09:13:29+00:00","og_image":[{"url":"https:\/\/newsite.dnpdental.hu\/wp-content\/uploads\/2025\/11\/cirkonium-1.webp","type":"","width":"","height":""}],"twitter_card":"summary_large_image","twitter_misc":{"Estimated reading time":"2 minutes"},"schema":{"@context":"https:\/\/schema.org","@graph":[{"@type":"WebPage","@id":"https:\/\/dnpdental.hu\/cirkonium-korona\/","url":"https:\/\/dnpdental.hu\/cirkonium-korona\/","name":"Cirk\u00f3nium korona | DNP Dental","isPartOf":{"@id":"https:\/\/dnpdental.hu\/#website"},"primaryImageOfPage":{"@id":"https:\/\/dnpdental.hu\/cirkonium-korona\/#primaryimage"},"image":{"@id":"https:\/\/dnpdental.hu\/cirkonium-korona\/#primaryimage"},"thumbnailUrl":"https:\/\/newsite.dnpdental.hu\/wp-content\/uploads\/2025\/11\/cirkonium-1.webp","datePublished":"2024-12-25T06:59:00+00:00","dateModified":"2025-11-10T09:13:29+00:00","description":"A cirk\u00f3nium sz\u00e1mos j\u00f3 tulajdons\u00e1ga, mint p\u00e9ld\u00e1ul a biokompatibilit\u00e1s \u00e9s a term\u00e9szetes hat\u00e1s, b\u00e1rki sz\u00e1m\u00e1ra vonz\u00f3 lehet.","breadcrumb":{"@id":"https:\/\/dnpdental.hu\/cirkonium-korona\/#breadcrumb"},"inLanguage":"en-GB","potentialAction":[{"@type":"ReadAction","target":["https:\/\/dnpdental.hu\/cirkonium-korona\/"]}]},{"@type":"ImageObject","inLanguage":"en-GB","@id":"https:\/\/dnpdental.hu\/cirkonium-korona\/#primaryimage","url":"https:\/\/newsite.dnpdental.hu\/wp-content\/uploads\/2025\/11\/cirkonium-1.webp","contentUrl":"https:\/\/newsite.dnpdental.hu\/wp-content\/uploads\/2025\/11\/cirkonium-1.webp"},{"@type":"BreadcrumbList","@id":"https:\/\/dnpdental.hu\/cirkonium-korona\/#breadcrumb","itemListElement":[{"@type":"ListItem","position":1,"name":"Kezd\u0151lap","item":"https:\/\/dnpdental.hu\/"},{"@type":"ListItem","position":2,"name":"Cirk\u00f3nium korona"}]},{"@type":"WebSite","@id":"https:\/\/dnpdental.hu\/#website","url":"https:\/\/dnpdental.hu\/","name":"DNP Dental","description":"","publisher":{"@id":"https:\/\/dnpdental.hu\/#organization"},"potentialAction":[{"@type":"SearchAction","target":{"@type":"EntryPoint","urlTemplate":"https:\/\/dnpdental.hu\/?s={search_term_string}"},"query-input":{"@type":"PropertyValueSpecification","valueRequired":true,"valueName":"search_term_string"}}],"inLanguage":"en-GB"},{"@type":"Organization","@id":"https:\/\/dnpdental.hu\/#organization","name":"DNP Dental","url":"https:\/\/dnpdental.hu\/","logo":{"@type":"ImageObject","inLanguage":"en-GB","@id":"https:\/\/dnpdental.hu\/#\/schema\/logo\/image\/","url":"https:\/\/dnpdental.hu\/wp-content\/uploads\/2025\/11\/DNP-10_mini.webp","contentUrl":"https:\/\/dnpdental.hu\/wp-content\/uploads\/2025\/11\/DNP-10_mini.webp","width":420,"height":202,"caption":"DNP Dental"},"image":{"@id":"https:\/\/dnpdental.hu\/#\/schema\/logo\/image\/"}}]}},"_links":{"self":[{"href":"https:\/\/dnpdental.hu\/en\/wp-json\/wp\/v2\/pages\/242","targetHints":{"allow":["GET"]}}],"collection":[{"href":"https:\/\/dnpdental.hu\/en\/wp-json\/wp\/v2\/pages"}],"about":[{"href":"https:\/\/dnpdental.hu\/en\/wp-json\/wp\/v2\/types\/page"}],"author":[{"embeddable":true,"href":"https:\/\/dnpdental.hu\/en\/wp-json\/wp\/v2\/users\/1"}],"replies":[{"embeddable":true,"href":"https:\/\/dnpdental.hu\/en\/wp-json\/wp\/v2\/comments?post=242"}],"version-history":[{"count":16,"href":"https:\/\/dnpdental.hu\/en\/wp-json\/wp\/v2\/pages\/242\/revisions"}],"predecessor-version":[{"id":1612,"href":"https:\/\/dnpdental.hu\/en\/wp-json\/wp\/v2\/pages\/242\/revisions\/1612"}],"wp:attachment":[{"href":"https:\/\/dnpdental.hu\/en\/wp-json\/wp\/v2\/media?parent=242"}],"curies":[{"name":"wp","href":"https:\/\/api.w.org\/{rel}","templated":true}]}}