{"id":276,"date":"2024-12-27T14:19:00","date_gmt":"2024-12-27T13:19:00","guid":{"rendered":"https:\/\/newsite.dnpdental.hu\/?page_id=276"},"modified":"2025-11-10T12:42:30","modified_gmt":"2025-11-10T11:42:30","slug":"removable-dentures-stabilized-by-implants","status":"publish","type":"page","link":"https:\/\/dnpdental.hu\/en\/implantatumokkal-stabilizalt-kiveheto-fogsorok\/","title":{"rendered":"Removable dentures stabilized by implants"},"content":{"rendered":"<div data-elementor-type=\"wp-page\" data-elementor-id=\"276\" class=\"elementor elementor-276\" data-elementor-post-type=\"page\">\n\t\t\t\t<div class=\"elementor-element elementor-element-89ef60d e-flex e-con-boxed e-con e-parent\" data-id=\"89ef60d\" data-element_type=\"container\">\n\t\t\t\t\t<div class=\"e-con-inner\">\n\t\t<div class=\"elementor-element elementor-element-1085466 e-con-full e-flex e-con e-child\" data-id=\"1085466\" data-element_type=\"container\">\n\t\t<div class=\"elementor-element elementor-element-4ae121a e-con-full e-flex e-con e-child\" data-id=\"4ae121a\" data-element_type=\"container\">\n\t\t<div class=\"elementor-element elementor-element-865287b e-con-full e-flex e-con e-child\" data-id=\"865287b\" data-element_type=\"container\">\n\t\t\t\t<div class=\"elementor-element elementor-element-18024fa elementor-widget elementor-widget-heading\" data-id=\"18024fa\" data-element_type=\"widget\" data-widget_type=\"heading.default\">\n\t\t\t\t\t<h1 class=\"elementor-heading-title elementor-size-default\">Removable dentures stabilized by implants<\/h1>\t\t\t\t<\/div>\n\t\t\t\t<div class=\"elementor-element elementor-element-5a93c38 elementor-widget elementor-widget-heading\" data-id=\"5a93c38\" data-element_type=\"widget\" data-widget_type=\"heading.default\">\n\t\t\t\t\t<h2 class=\"elementor-heading-title elementor-size-default\">Do you suffer from tooth deficiency and want to make up for them in the best way?<\/h2>\t\t\t\t<\/div>\n\t\t\t\t<div class=\"elementor-element elementor-element-216839a elementor-widget elementor-widget-text-editor\" data-id=\"216839a\" data-element_type=\"widget\" data-widget_type=\"text-editor.default\">\n\t\t\t\t\t\t\t\t\t<p>There are various types of removable dentures. In order for our dentist to be able to determine which of the options will be most suitable for you, you will definitely need a consultation with a medical examination.<\/p><p>During this consultation, factors such as how long you have been missing teeth, how many teeth are missing, whether you have any dentures, and the condition of your bone tissue should be considered.<\/p><p>Implant-based prostheses are usually recommended if the atrophy of the jawbone has progressed far enough and the use of a fully fixed bridge is limited or impossible without additional bone plastic surgery.<\/p><p>Most often, the need for a stabilized prosthesis with implants arises in the treatment of the lower jaw. Among the solutions with prostheses, this provides the greatest stability, as it is fixed on the implants placed in the jaw using special locks.<\/p>\t\t\t\t\t\t\t\t<\/div>\n\t\t\t\t<\/div>\n\t\t\t\t<div class=\"elementor-element elementor-element-d8d0258 elementor-widget__width-initial elementor-widget-tablet__width-inherit elementor-widget elementor-widget-image\" data-id=\"d8d0258\" data-element_type=\"widget\" data-widget_type=\"image.default\">\n\t\t\t\t\t\t\t\t\t\t\t\t\t\t\t<img fetchpriority=\"high\" decoding=\"async\" width=\"900\" height=\"900\" src=\"https:\/\/dnpdental.hu\/wp-content\/uploads\/2025\/11\/rem_dentures_1.webp\" class=\"attachment-large size-large wp-image-778\" alt=\"\" srcset=\"https:\/\/dnpdental.hu\/wp-content\/uploads\/2025\/11\/rem_dentures_1.webp 900w, https:\/\/dnpdental.hu\/wp-content\/uploads\/2025\/11\/rem_dentures_1-300x300.webp 300w, https:\/\/dnpdental.hu\/wp-content\/uploads\/2025\/11\/rem_dentures_1-150x150.webp 150w, https:\/\/dnpdental.hu\/wp-content\/uploads\/2025\/11\/rem_dentures_1-768x768.webp 768w, https:\/\/dnpdental.hu\/wp-content\/uploads\/2025\/11\/rem_dentures_1-12x12.webp 12w\" sizes=\"(max-width: 900px) 100vw, 900px\" \/>\t\t\t\t\t\t\t\t\t\t\t\t\t\t\t<\/div>\n\t\t\t\t<\/div>\n\t\t\t\t<div class=\"elementor-element elementor-element-a47e58e elementor-align-center elementor-widget elementor-widget-button\" data-id=\"a47e58e\" data-element_type=\"widget\" data-widget_type=\"button.default\">\n\t\t\t\t\t\t\t\t\t\t<a class=\"elementor-button elementor-button-link elementor-size-sm\" href=\"\/en\/idopontfoglalas\/\">\n\t\t\t\t\t\t<span class=\"elementor-button-content-wrapper\">\n\t\t\t\t\t\t\t\t\t<span class=\"elementor-button-text\">Make an appointment with us<\/span>\n\t\t\t\t\t<\/span>\n\t\t\t\t\t<\/a>\n\t\t\t\t\t\t\t\t<\/div>\n\t\t<div class=\"elementor-element elementor-element-6281aa3 e-con-full e-flex e-con e-child\" data-id=\"6281aa3\" data-element_type=\"container\">\n\t\t\t\t<div class=\"elementor-element elementor-element-c1fc300 elementor-widget__width-initial elementor-widget-tablet__width-inherit elementor-widget elementor-widget-image\" data-id=\"c1fc300\" data-element_type=\"widget\" data-widget_type=\"image.default\">\n\t\t\t\t\t\t\t\t\t\t\t\t\t\t\t<img decoding=\"async\" width=\"900\" height=\"600\" src=\"https:\/\/dnpdental.hu\/wp-content\/uploads\/2025\/11\/rem_dentures_2.webp\" class=\"attachment-large size-large wp-image-790\" alt=\"\" srcset=\"https:\/\/dnpdental.hu\/wp-content\/uploads\/2025\/11\/rem_dentures_2.webp 900w, https:\/\/dnpdental.hu\/wp-content\/uploads\/2025\/11\/rem_dentures_2-300x200.webp 300w, https:\/\/dnpdental.hu\/wp-content\/uploads\/2025\/11\/rem_dentures_2-768x512.webp 768w, https:\/\/dnpdental.hu\/wp-content\/uploads\/2025\/11\/rem_dentures_2-18x12.webp 18w\" sizes=\"(max-width: 900px) 100vw, 900px\" \/>\t\t\t\t\t\t\t\t\t\t\t\t\t\t\t<\/div>\n\t\t<div class=\"elementor-element elementor-element-aab6ea1 e-con-full e-flex e-con e-child\" data-id=\"aab6ea1\" data-element_type=\"container\">\n\t\t\t\t<div class=\"elementor-element elementor-element-4015d65 elementor-widget elementor-widget-heading\" data-id=\"4015d65\" data-element_type=\"widget\" data-widget_type=\"heading.default\">\n\t\t\t\t\t<h2 class=\"elementor-heading-title elementor-size-default\">What are the advantages of removable dentures fixed on implants?<\/h2>\t\t\t\t<\/div>\n\t\t\t\t<div class=\"elementor-element elementor-element-a9642a8 elementor-widget elementor-widget-text-editor\" data-id=\"a9642a8\" data-element_type=\"widget\" data-widget_type=\"text-editor.default\">\n\t\t\t\t\t\t\t\t\t<ul><li>There is no need to use fixing devices for prosthetics.<\/li><li>Very easy to clean.<\/li><li>It restores stable chewing function well.<\/li><li>If necessary, you can replace lost gums with artificial gums.<\/li><li>An aesthetically pleasing solution is achievable.<\/li><li>A durable solution.<\/li><li>Usually, no bone grafting is required.<\/li><li>In case of damage, the prosthesis is easily repaired.<\/li><li>It can be worn 24 hours a day.<\/li><li>An economical solution.<\/li><\/ul>\t\t\t\t\t\t\t\t<\/div>\n\t\t\t\t<\/div>\n\t\t\t\t<\/div>\n\t\t<div class=\"elementor-element elementor-element-1368551 e-con-full e-flex e-con e-child\" data-id=\"1368551\" data-element_type=\"container\">\n\t\t\t\t<div class=\"elementor-element elementor-element-da0525f elementor-widget elementor-widget-heading\" data-id=\"da0525f\" data-element_type=\"widget\" data-widget_type=\"heading.default\">\n\t\t\t\t\t<h2 class=\"elementor-heading-title elementor-size-default\">The manufacturing process of removable dentures<\/h2>\t\t\t\t<\/div>\n\t\t\t\t<div class=\"elementor-element elementor-element-47457b1 elementor-widget elementor-widget-text-editor\" data-id=\"47457b1\" data-element_type=\"widget\" data-widget_type=\"text-editor.default\">\n\t\t\t\t\t\t\t\t\t<div class=\"col-lg-8\"><div class=\"department-left serv\"><ol><li><strong>Full dental assessment and consultation<\/strong><br \/>First, a consultation is conducted, where, after an X-ray\/CT scan, our dentist and\/or maxillofacial surgeon examine the patient's teeth and propose a treatment plan. After the approval and final approval of the plan, the treatment itself begins.<\/li><li><strong>Taking an impression<\/strong><br \/>We take an impression of the patient's jaw using a special material, and taking into account the patient's wishes, the most appropriate tooth color is selected. The impression is sent to our internal digital dental laboratory, where our dental technicians will produce artificial teeth using modern equipment within a few days.<\/li><li><strong>Fitting and adjustments<\/strong><br \/>As soon as the dental technician completes the individual prosthesis, the patient is called for a fitting. During this process, the dentist checks whether the planned prosthesis is exactly suitable in the oral cavity, whether it is completely comfortable, and whether the desired aesthetic result is achieved.<\/li><li><strong>Broadcast<\/strong><br \/>After all the necessary adjustments, the dentist fixes and hands the removable prosthesis to the patient. After that, the patient can enjoy his new, aesthetic and comfortable prosthesis!<\/li><\/ol><\/div><\/div>\t\t\t\t\t\t\t\t<\/div>\n\t\t\t\t<\/div>\n\t\t\t\t<div class=\"elementor-element elementor-element-35a9481 elementor-align-center elementor-widget elementor-widget-button\" data-id=\"35a9481\" data-element_type=\"widget\" data-widget_type=\"button.default\">\n\t\t\t\t\t\t\t\t\t\t<a class=\"elementor-button elementor-button-link elementor-size-sm\" href=\"\/en\/idopontfoglalas\/\">\n\t\t\t\t\t\t<span class=\"elementor-button-content-wrapper\">\n\t\t\t\t\t\t\t\t\t<span class=\"elementor-button-text\">Make an appointment<\/span>\n\t\t\t\t\t<\/span>\n\t\t\t\t\t<\/a>\n\t\t\t\t\t\t\t\t<\/div>\n\t\t\t\t<\/div>\n\t\t\t\t\t<\/div>\n\t\t\t\t<\/div>\n\t\t\t\t<\/div>","protected":false},"excerpt":{"rendered":"<p>Implant\u00e1tumokkal stabiliz\u00e1lt kivehet\u0151 fogsorok Foghi\u00e1nnyal k\u00fczd \u00e9s a legtesthez\u00e1ll\u00f3bb m\u00f3don szeretn\u00e9 p\u00f3toltatni hi\u00e1nyz\u00f3 fogait? A kivehet\u0151 fogp\u00f3tl\u00e1soknak sz\u00e1mos t\u00edpusa l\u00e9tezik. Ahhoz, hogy fogorvosunk meg\u00e1llap\u00edtsa, melyik lenne az \u00d6nnek legmegfelel\u0151bb alternat\u00edva, mindenk\u00e9pp sz\u00fcks\u00e9g lesz egy \u00e1llapotfelm\u00e9r\u00e9ssel egybek\u00f6t\u00f6tt konzult\u00e1ci\u00f3ra. Ennek sor\u00e1n meg kell vizsg\u00e1lni olyan t\u00e9nyez\u0151ket, mint p\u00e9ld\u00e1ul hogy mi\u00f3ta hi\u00e1nyos a fogsora \u00e9s h\u00e1ny fog hi\u00e1nyzik, &#8230; <a title=\"Removable dentures stabilized by implants\" class=\"read-more\" href=\"https:\/\/dnpdental.hu\/en\/implantatumokkal-stabilizalt-kiveheto-fogsorok\/\" aria-label=\"Read more about Implant\u00e1tumokkal stabiliz\u00e1lt kivehet\u0151 fogsorok\">Read more<\/a><\/p>","protected":false},"author":1,"featured_media":0,"parent":0,"menu_order":0,"comment_status":"closed","ping_status":"closed","template":"elementor_header_footer","meta":{"footnotes":""},"class_list":["post-276","page","type-page","status-publish"],"yoast_head":"<!-- This site is optimized with the Yoast SEO Premium plugin v26.2 (Yoast SEO v26.5) - https:\/\/yoast.com\/wordpress\/plugins\/seo\/ -->\n<title>Implant\u00e1tumokkal stabiliz\u00e1lt kivehet\u0151 fogsorok | DNP Dental<\/title>\n<meta name=\"description\" content=\"Az implant\u00e1tumokra r\u00f6gz\u00edtett fogp\u00f3tl\u00e1sok \u00e1ltal\u00e1ban akkor aj\u00e1nlottak, ha az \u00e1llkapocscsont atr\u00f3fi\u00e1ja el\u00e9g messzire haladt.\" \/>\n<meta name=\"robots\" content=\"index, follow, max-snippet:-1, max-image-preview:large, max-video-preview:-1\" \/>\n<link rel=\"canonical\" href=\"https:\/\/dnpdental.hu\/en\/removable-dentures-stabilized-by-implants\/\" \/>\n<meta property=\"og:locale\" content=\"en_GB\" \/>\n<meta property=\"og:type\" content=\"article\" \/>\n<meta property=\"og:title\" content=\"Implant\u00e1tumokkal stabiliz\u00e1lt kivehet\u0151 fogsorok\" \/>\n<meta property=\"og:description\" content=\"Az implant\u00e1tumokra r\u00f6gz\u00edtett fogp\u00f3tl\u00e1sok \u00e1ltal\u00e1ban akkor aj\u00e1nlottak, ha az \u00e1llkapocscsont atr\u00f3fi\u00e1ja el\u00e9g messzire haladt.\" \/>\n<meta property=\"og:url\" content=\"https:\/\/dnpdental.hu\/en\/removable-dentures-stabilized-by-implants\/\" \/>\n<meta property=\"og:site_name\" content=\"DNP Dental\" \/>\n<meta property=\"article:modified_time\" content=\"2025-11-10T11:42:30+00:00\" \/>\n<meta property=\"og:image\" content=\"https:\/\/newsite.dnpdental.hu\/wp-content\/uploads\/2025\/11\/rem_dentures_1.webp\" \/>\n<meta name=\"twitter:card\" content=\"summary_large_image\" \/>\n<meta name=\"twitter:label1\" content=\"Estimated reading time\" \/>\n\t<meta name=\"twitter:data1\" content=\"2 minutes\" \/>\n<script type=\"application\/ld+json\" class=\"yoast-schema-graph\">{\"@context\":\"https:\/\/schema.org\",\"@graph\":[{\"@type\":\"WebPage\",\"@id\":\"https:\/\/dnpdental.hu\/implantatumokkal-stabilizalt-kiveheto-fogsorok\/\",\"url\":\"https:\/\/dnpdental.hu\/implantatumokkal-stabilizalt-kiveheto-fogsorok\/\",\"name\":\"Implant\u00e1tumokkal stabiliz\u00e1lt kivehet\u0151 fogsorok | DNP Dental\",\"isPartOf\":{\"@id\":\"https:\/\/dnpdental.hu\/#website\"},\"primaryImageOfPage\":{\"@id\":\"https:\/\/dnpdental.hu\/implantatumokkal-stabilizalt-kiveheto-fogsorok\/#primaryimage\"},\"image\":{\"@id\":\"https:\/\/dnpdental.hu\/implantatumokkal-stabilizalt-kiveheto-fogsorok\/#primaryimage\"},\"thumbnailUrl\":\"https:\/\/newsite.dnpdental.hu\/wp-content\/uploads\/2025\/11\/rem_dentures_1.webp\",\"datePublished\":\"2024-12-27T13:19:00+00:00\",\"dateModified\":\"2025-11-10T11:42:30+00:00\",\"description\":\"Az implant\u00e1tumokra r\u00f6gz\u00edtett fogp\u00f3tl\u00e1sok \u00e1ltal\u00e1ban akkor aj\u00e1nlottak, ha az \u00e1llkapocscsont atr\u00f3fi\u00e1ja el\u00e9g messzire haladt.\",\"breadcrumb\":{\"@id\":\"https:\/\/dnpdental.hu\/implantatumokkal-stabilizalt-kiveheto-fogsorok\/#breadcrumb\"},\"inLanguage\":\"en-GB\",\"potentialAction\":[{\"@type\":\"ReadAction\",\"target\":[\"https:\/\/dnpdental.hu\/implantatumokkal-stabilizalt-kiveheto-fogsorok\/\"]}]},{\"@type\":\"ImageObject\",\"inLanguage\":\"en-GB\",\"@id\":\"https:\/\/dnpdental.hu\/implantatumokkal-stabilizalt-kiveheto-fogsorok\/#primaryimage\",\"url\":\"https:\/\/newsite.dnpdental.hu\/wp-content\/uploads\/2025\/11\/rem_dentures_1.webp\",\"contentUrl\":\"https:\/\/newsite.dnpdental.hu\/wp-content\/uploads\/2025\/11\/rem_dentures_1.webp\"},{\"@type\":\"BreadcrumbList\",\"@id\":\"https:\/\/dnpdental.hu\/implantatumokkal-stabilizalt-kiveheto-fogsorok\/#breadcrumb\",\"itemListElement\":[{\"@type\":\"ListItem\",\"position\":1,\"name\":\"Kezd\u0151lap\",\"item\":\"https:\/\/dnpdental.hu\/\"},{\"@type\":\"ListItem\",\"position\":2,\"name\":\"Implant\u00e1tumokkal stabiliz\u00e1lt kivehet\u0151 fogsorok\"}]},{\"@type\":\"WebSite\",\"@id\":\"https:\/\/dnpdental.hu\/#website\",\"url\":\"https:\/\/dnpdental.hu\/\",\"name\":\"DNP Dental\",\"description\":\"\",\"publisher\":{\"@id\":\"https:\/\/dnpdental.hu\/#organization\"},\"potentialAction\":[{\"@type\":\"SearchAction\",\"target\":{\"@type\":\"EntryPoint\",\"urlTemplate\":\"https:\/\/dnpdental.hu\/?s={search_term_string}\"},\"query-input\":{\"@type\":\"PropertyValueSpecification\",\"valueRequired\":true,\"valueName\":\"search_term_string\"}}],\"inLanguage\":\"en-GB\"},{\"@type\":\"Organization\",\"@id\":\"https:\/\/dnpdental.hu\/#organization\",\"name\":\"DNP Dental\",\"url\":\"https:\/\/dnpdental.hu\/\",\"logo\":{\"@type\":\"ImageObject\",\"inLanguage\":\"en-GB\",\"@id\":\"https:\/\/dnpdental.hu\/#\/schema\/logo\/image\/\",\"url\":\"https:\/\/dnpdental.hu\/wp-content\/uploads\/2025\/11\/DNP-10_mini.webp\",\"contentUrl\":\"https:\/\/dnpdental.hu\/wp-content\/uploads\/2025\/11\/DNP-10_mini.webp\",\"width\":420,\"height\":202,\"caption\":\"DNP Dental\"},\"image\":{\"@id\":\"https:\/\/dnpdental.hu\/#\/schema\/logo\/image\/\"}}]}<\/script>\n<!-- \/ Yoast SEO Premium plugin. -->","yoast_head_json":{"title":"Implant\u00e1tumokkal stabiliz\u00e1lt kivehet\u0151 fogsorok | DNP Dental","description":"Dentures fixed on implants are usually recommended if the atrophy of the jawbone has progressed far enough.","robots":{"index":"index","follow":"follow","max-snippet":"max-snippet:-1","max-image-preview":"max-image-preview:large","max-video-preview":"max-video-preview:-1"},"canonical":"https:\/\/dnpdental.hu\/en\/removable-dentures-stabilized-by-implants\/","og_locale":"en_GB","og_type":"article","og_title":"Implant\u00e1tumokkal stabiliz\u00e1lt kivehet\u0151 fogsorok","og_description":"Az implant\u00e1tumokra r\u00f6gz\u00edtett fogp\u00f3tl\u00e1sok \u00e1ltal\u00e1ban akkor aj\u00e1nlottak, ha az \u00e1llkapocscsont atr\u00f3fi\u00e1ja el\u00e9g messzire haladt.","og_url":"https:\/\/dnpdental.hu\/en\/removable-dentures-stabilized-by-implants\/","og_site_name":"DNP Dental","article_modified_time":"2025-11-10T11:42:30+00:00","og_image":[{"url":"https:\/\/newsite.dnpdental.hu\/wp-content\/uploads\/2025\/11\/rem_dentures_1.webp","type":"","width":"","height":""}],"twitter_card":"summary_large_image","twitter_misc":{"Estimated reading time":"2 minutes"},"schema":{"@context":"https:\/\/schema.org","@graph":[{"@type":"WebPage","@id":"https:\/\/dnpdental.hu\/implantatumokkal-stabilizalt-kiveheto-fogsorok\/","url":"https:\/\/dnpdental.hu\/implantatumokkal-stabilizalt-kiveheto-fogsorok\/","name":"Implant\u00e1tumokkal stabiliz\u00e1lt kivehet\u0151 fogsorok | DNP Dental","isPartOf":{"@id":"https:\/\/dnpdental.hu\/#website"},"primaryImageOfPage":{"@id":"https:\/\/dnpdental.hu\/implantatumokkal-stabilizalt-kiveheto-fogsorok\/#primaryimage"},"image":{"@id":"https:\/\/dnpdental.hu\/implantatumokkal-stabilizalt-kiveheto-fogsorok\/#primaryimage"},"thumbnailUrl":"https:\/\/newsite.dnpdental.hu\/wp-content\/uploads\/2025\/11\/rem_dentures_1.webp","datePublished":"2024-12-27T13:19:00+00:00","dateModified":"2025-11-10T11:42:30+00:00","description":"Dentures fixed on implants are usually recommended if the atrophy of the jawbone has progressed far enough.","breadcrumb":{"@id":"https:\/\/dnpdental.hu\/implantatumokkal-stabilizalt-kiveheto-fogsorok\/#breadcrumb"},"inLanguage":"en-GB","potentialAction":[{"@type":"ReadAction","target":["https:\/\/dnpdental.hu\/implantatumokkal-stabilizalt-kiveheto-fogsorok\/"]}]},{"@type":"ImageObject","inLanguage":"en-GB","@id":"https:\/\/dnpdental.hu\/implantatumokkal-stabilizalt-kiveheto-fogsorok\/#primaryimage","url":"https:\/\/newsite.dnpdental.hu\/wp-content\/uploads\/2025\/11\/rem_dentures_1.webp","contentUrl":"https:\/\/newsite.dnpdental.hu\/wp-content\/uploads\/2025\/11\/rem_dentures_1.webp"},{"@type":"BreadcrumbList","@id":"https:\/\/dnpdental.hu\/implantatumokkal-stabilizalt-kiveheto-fogsorok\/#breadcrumb","itemListElement":[{"@type":"ListItem","position":1,"name":"Kezd\u0151lap","item":"https:\/\/dnpdental.hu\/"},{"@type":"ListItem","position":2,"name":"Implant\u00e1tumokkal stabiliz\u00e1lt kivehet\u0151 fogsorok"}]},{"@type":"WebSite","@id":"https:\/\/dnpdental.hu\/#website","url":"https:\/\/dnpdental.hu\/","name":"DNP Dental","description":"","publisher":{"@id":"https:\/\/dnpdental.hu\/#organization"},"potentialAction":[{"@type":"SearchAction","target":{"@type":"EntryPoint","urlTemplate":"https:\/\/dnpdental.hu\/?s={search_term_string}"},"query-input":{"@type":"PropertyValueSpecification","valueRequired":true,"valueName":"search_term_string"}}],"inLanguage":"en-GB"},{"@type":"Organization","@id":"https:\/\/dnpdental.hu\/#organization","name":"DNP Dental","url":"https:\/\/dnpdental.hu\/","logo":{"@type":"ImageObject","inLanguage":"en-GB","@id":"https:\/\/dnpdental.hu\/#\/schema\/logo\/image\/","url":"https:\/\/dnpdental.hu\/wp-content\/uploads\/2025\/11\/DNP-10_mini.webp","contentUrl":"https:\/\/dnpdental.hu\/wp-content\/uploads\/2025\/11\/DNP-10_mini.webp","width":420,"height":202,"caption":"DNP Dental"},"image":{"@id":"https:\/\/dnpdental.hu\/#\/schema\/logo\/image\/"}}]}},"_links":{"self":[{"href":"https:\/\/dnpdental.hu\/en\/wp-json\/wp\/v2\/pages\/276","targetHints":{"allow":["GET"]}}],"collection":[{"href":"https:\/\/dnpdental.hu\/en\/wp-json\/wp\/v2\/pages"}],"about":[{"href":"https:\/\/dnpdental.hu\/en\/wp-json\/wp\/v2\/types\/page"}],"author":[{"embeddable":true,"href":"https:\/\/dnpdental.hu\/en\/wp-json\/wp\/v2\/users\/1"}],"replies":[{"embeddable":true,"href":"https:\/\/dnpdental.hu\/en\/wp-json\/wp\/v2\/comments?post=276"}],"version-history":[{"count":13,"href":"https:\/\/dnpdental.hu\/en\/wp-json\/wp\/v2\/pages\/276\/revisions"}],"predecessor-version":[{"id":1711,"href":"https:\/\/dnpdental.hu\/en\/wp-json\/wp\/v2\/pages\/276\/revisions\/1711"}],"wp:attachment":[{"href":"https:\/\/dnpdental.hu\/en\/wp-json\/wp\/v2\/media?parent=276"}],"curies":[{"name":"wp","href":"https:\/\/api.w.org\/{rel}","templated":true}]}}