{"id":283,"date":"2024-12-27T12:42:00","date_gmt":"2024-12-27T11:42:00","guid":{"rendered":"https:\/\/newsite.dnpdental.hu\/?page_id=283"},"modified":"2025-11-12T12:11:47","modified_gmt":"2025-11-12T11:11:47","slug":"full-partial-removable-dentures","status":"publish","type":"page","link":"https:\/\/dnpdental.hu\/en\/teljes-reszleges-kiveheto-fogsorok\/","title":{"rendered":"Full | partial removable dentures"},"content":{"rendered":"<div data-elementor-type=\"wp-page\" data-elementor-id=\"283\" class=\"elementor elementor-283\" data-elementor-post-type=\"page\">\n\t\t\t\t<div class=\"elementor-element elementor-element-1476791 e-flex e-con-boxed e-con e-parent\" data-id=\"1476791\" data-element_type=\"container\">\n\t\t\t\t\t<div class=\"e-con-inner\">\n\t\t<div class=\"elementor-element elementor-element-8e48ab0 e-con-full e-flex e-con e-child\" data-id=\"8e48ab0\" data-element_type=\"container\">\n\t\t<div class=\"elementor-element elementor-element-be5c7e4 e-con-full e-flex e-con e-child\" data-id=\"be5c7e4\" data-element_type=\"container\">\n\t\t<div class=\"elementor-element elementor-element-8a29fd7 e-con-full e-flex e-con e-child\" data-id=\"8a29fd7\" data-element_type=\"container\">\n\t\t\t\t<div class=\"elementor-element elementor-element-568b3ec elementor-widget elementor-widget-heading\" data-id=\"568b3ec\" data-element_type=\"widget\" data-widget_type=\"heading.default\">\n\t\t\t\t\t<h1 class=\"elementor-heading-title elementor-size-default\">Full | partial removable dentures<\/h1>\t\t\t\t<\/div>\n\t\t\t\t<div class=\"elementor-element elementor-element-9df1a08 elementor-widget elementor-widget-heading\" data-id=\"9df1a08\" data-element_type=\"widget\" data-widget_type=\"heading.default\">\n\t\t\t\t\t<h2 class=\"elementor-heading-title elementor-size-default\">Do you suffer from tooth deficiency and want to make up for them in the best way?<\/h2>\t\t\t\t<\/div>\n\t\t\t\t<div class=\"elementor-element elementor-element-0c8834b elementor-widget elementor-widget-text-editor\" data-id=\"0c8834b\" data-element_type=\"widget\" data-widget_type=\"text-editor.default\">\n\t\t\t\t\t\t\t\t\t<p>There are various types of removable dentures. In order for our dentist to be able to determine which of the options will be most suitable for you, you will definitely need a consultation with a medical examination.<\/p><p>During this consultation, factors such as how long you have been missing teeth, how many teeth are missing, whether you have any dentures, and the condition of your bone tissue should be considered.<\/p>\t\t\t\t\t\t\t\t<\/div>\n\t\t\t\t<\/div>\n\t\t\t\t<div class=\"elementor-element elementor-element-754e324 elementor-widget__width-initial elementor-widget-tablet__width-inherit elementor-widget elementor-widget-image\" data-id=\"754e324\" data-element_type=\"widget\" data-widget_type=\"image.default\">\n\t\t\t\t\t\t\t\t\t\t\t\t\t\t\t<img fetchpriority=\"high\" decoding=\"async\" width=\"900\" height=\"600\" src=\"https:\/\/dnpdental.hu\/wp-content\/uploads\/2025\/11\/denture_1.webp\" class=\"attachment-large size-large wp-image-795\" alt=\"\" srcset=\"https:\/\/dnpdental.hu\/wp-content\/uploads\/2025\/11\/denture_1.webp 900w, https:\/\/dnpdental.hu\/wp-content\/uploads\/2025\/11\/denture_1-300x200.webp 300w, https:\/\/dnpdental.hu\/wp-content\/uploads\/2025\/11\/denture_1-768x512.webp 768w, https:\/\/dnpdental.hu\/wp-content\/uploads\/2025\/11\/denture_1-18x12.webp 18w\" sizes=\"(max-width: 900px) 100vw, 900px\" \/>\t\t\t\t\t\t\t\t\t\t\t\t\t\t\t<\/div>\n\t\t\t\t<\/div>\n\t\t\t\t<div class=\"elementor-element elementor-element-8cc140b elementor-align-center elementor-widget elementor-widget-button\" data-id=\"8cc140b\" data-element_type=\"widget\" data-widget_type=\"button.default\">\n\t\t\t\t\t\t\t\t\t\t<a class=\"elementor-button elementor-button-link elementor-size-sm\" href=\"\/en\/idopontfoglalas\/\">\n\t\t\t\t\t\t<span class=\"elementor-button-content-wrapper\">\n\t\t\t\t\t\t\t\t\t<span class=\"elementor-button-text\">Make an appointment with us<\/span>\n\t\t\t\t\t<\/span>\n\t\t\t\t\t<\/a>\n\t\t\t\t\t\t\t\t<\/div>\n\t\t<div class=\"elementor-element elementor-element-7e31210 e-con-full e-flex e-con e-child\" data-id=\"7e31210\" data-element_type=\"container\">\n\t\t<div class=\"elementor-element elementor-element-c5c7777 e-con-full e-flex e-con e-child\" data-id=\"c5c7777\" data-element_type=\"container\">\n\t\t\t\t<div class=\"elementor-element elementor-element-c80a881 elementor-widget elementor-widget-heading\" data-id=\"c80a881\" data-element_type=\"widget\" data-widget_type=\"heading.default\">\n\t\t\t\t\t<h2 class=\"elementor-heading-title elementor-size-default\">When is a complete removable denture recommended?<\/h2>\t\t\t\t<\/div>\n\t\t\t\t<div class=\"elementor-element elementor-element-2c92324 elementor-widget elementor-widget-text-editor\" data-id=\"2c92324\" data-element_type=\"widget\" data-widget_type=\"text-editor.default\">\n\t\t\t\t\t\t\t\t\t<p>A complete removable denture is a removable denture that is recommended in case of complete tooth loss. This type of prosthesis serves not only to replace teeth, but also to repair gums.<\/p><p>A complete removable denture is made of special plastic, but can also be combined with metal elements. It is important to always keep the prosthesis moist to avoid deformation of its original shape, as this material dries easily.<\/p><p>Thanks to modern technologies, the prostheses fit well, do not fall out due to the vacuum effect, restore normal chewing function and jaw position, and are the most economical solution.<\/p>\t\t\t\t\t\t\t\t<\/div>\n\t\t\t\t<div class=\"elementor-element elementor-element-5d15746 elementor-widget elementor-widget-text-editor\" data-id=\"5d15746\" data-element_type=\"widget\" data-widget_type=\"text-editor.default\">\n\t\t\t\t\t<style>.elementor-element-5d15746{display:none !important}<\/style>\t\t\t\t<\/div>\n\t\t\t\t<\/div>\n\t\t\t\t<\/div>\n\t\t<div class=\"elementor-element elementor-element-d3a9d66 e-con-full e-flex e-con e-child\" data-id=\"d3a9d66\" data-element_type=\"container\">\n\t\t<div class=\"elementor-element elementor-element-23a2d5b e-con-full e-flex e-con e-child\" data-id=\"23a2d5b\" data-element_type=\"container\">\n\t\t\t\t<div class=\"elementor-element elementor-element-229b07a elementor-widget elementor-widget-heading\" data-id=\"229b07a\" data-element_type=\"widget\" data-widget_type=\"heading.default\">\n\t\t\t\t\t<h2 class=\"elementor-heading-title elementor-size-default\">Cleaning of removable dentures<\/h2>\t\t\t\t<\/div>\n\t\t\t\t<div class=\"elementor-element elementor-element-150fe22 elementor-widget elementor-widget-text-editor\" data-id=\"150fe22\" data-element_type=\"widget\" data-widget_type=\"text-editor.default\">\n\t\t\t\t\t\t\t\t\t<div class=\"col-lg-8\"><div class=\"department-left serv\"><p>Regular cleaning of dentures is no less important than brushing your own teeth:<\/p><ul><li>the aesthetic appearance is preserved in the long term<\/li><li>bacteria and fungi that harm the prosthesis are removed in a timely manner<\/li><li>gum health is maintained<\/li><li>proper oral hygiene is ensured<\/li><li>fresh breath is provided<\/li><\/ul><p>In general, it is necessary to remove and clean the removable prosthesis after each meal using a special brush. In addition, chemical disinfection is required 1-2 times a week using tablets to clean the prostheses.<\/p><p>Of course, in our clinic we will provide you with all the necessary information on how to use the appropriate tools and how to properly clean the prostheses.<\/p><\/div><\/div>\t\t\t\t\t\t\t\t<\/div>\n\t\t\t\t<\/div>\n\t\t\t\t<div class=\"elementor-element elementor-element-15a85e4 elementor-widget__width-initial elementor-widget-tablet__width-inherit elementor-widget elementor-widget-image\" data-id=\"15a85e4\" data-element_type=\"widget\" data-widget_type=\"image.default\">\n\t\t\t\t\t\t\t\t\t\t\t\t\t\t\t<img decoding=\"async\" width=\"599\" height=\"336\" src=\"https:\/\/dnpdental.hu\/wp-content\/uploads\/2025\/11\/denture_2.webp\" class=\"attachment-large size-large wp-image-780\" alt=\"\" srcset=\"https:\/\/dnpdental.hu\/wp-content\/uploads\/2025\/11\/denture_2.webp 599w, https:\/\/dnpdental.hu\/wp-content\/uploads\/2025\/11\/denture_2-300x168.webp 300w, https:\/\/dnpdental.hu\/wp-content\/uploads\/2025\/11\/denture_2-18x10.webp 18w\" sizes=\"(max-width: 599px) 100vw, 599px\" \/>\t\t\t\t\t\t\t\t\t\t\t\t\t\t\t<\/div>\n\t\t\t\t<\/div>\n\t\t\t\t<div class=\"elementor-element elementor-element-37d049f elementor-align-center elementor-widget elementor-widget-button\" data-id=\"37d049f\" data-element_type=\"widget\" data-widget_type=\"button.default\">\n\t\t\t\t\t\t\t\t\t\t<a class=\"elementor-button elementor-button-link elementor-size-sm\" href=\"\/en\/idopontfoglalas\/\">\n\t\t\t\t\t\t<span class=\"elementor-button-content-wrapper\">\n\t\t\t\t\t\t\t\t\t<span class=\"elementor-button-text\">Make an appointment<\/span>\n\t\t\t\t\t<\/span>\n\t\t\t\t\t<\/a>\n\t\t\t\t\t\t\t\t<\/div>\n\t\t\t\t<\/div>\n\t\t\t\t\t<\/div>\n\t\t\t\t<\/div>\n\t\t\t\t<\/div>","protected":false},"excerpt":{"rendered":"<p>Teljes | r\u00e9szleges kivehet\u0151 fogsorok Foghi\u00e1nnyal k\u00fczd \u00e9s a legtesthez\u00e1ll\u00f3bb m\u00f3don szeretn\u00e9 p\u00f3toltatni hi\u00e1nyz\u00f3 fogait? A kivehet\u0151 fogp\u00f3tl\u00e1soknak sz\u00e1mos t\u00edpusa l\u00e9tezik. Ahhoz, hogy fogorvosunk meg\u00e1llap\u00edtsa, melyik lenne az \u00d6nnek legmegfelel\u0151bb alternat\u00edva, mindenk\u00e9pp sz\u00fcks\u00e9g lesz egy \u00e1llapotfelm\u00e9r\u00e9ssel egybek\u00f6t\u00f6tt konzult\u00e1ci\u00f3ra. Ennek sor\u00e1n meg kell vizsg\u00e1lni olyan t\u00e9nyez\u0151ket, mint p\u00e9ld\u00e1ul hogy mi\u00f3ta hi\u00e1nyos a fogsora \u00e9s h\u00e1ny fog &#8230; <a title=\"Full | partial removable dentures\" class=\"read-more\" href=\"https:\/\/dnpdental.hu\/en\/teljes-reszleges-kiveheto-fogsorok\/\" aria-label=\"Read more about Teljes | r\u00e9szleges kivehet\u0151 fogsorok\">Read more<\/a><\/p>","protected":false},"author":1,"featured_media":780,"parent":0,"menu_order":0,"comment_status":"closed","ping_status":"closed","template":"elementor_header_footer","meta":{"footnotes":""},"class_list":["post-283","page","type-page","status-publish","has-post-thumbnail"],"yoast_head":"<!-- This site is optimized with the Yoast SEO Premium plugin v26.2 (Yoast SEO v26.5) - https:\/\/yoast.com\/wordpress\/plugins\/seo\/ -->\n<title>Teljes | r\u00e9szleges kivehet\u0151 fogsorok | DNP Dental<\/title>\n<meta name=\"description\" content=\"Foghi\u00e1nnyal k\u00fczd \u00e9s a legtesthez\u00e1ll\u00f3bb m\u00f3don szeretn\u00e9 p\u00f3toltatni hi\u00e1nyz\u00f3 fogait?\" \/>\n<meta name=\"robots\" content=\"index, follow, max-snippet:-1, max-image-preview:large, max-video-preview:-1\" \/>\n<link rel=\"canonical\" href=\"https:\/\/dnpdental.hu\/en\/full-partial-removable-dentures\/\" \/>\n<meta property=\"og:locale\" content=\"en_GB\" \/>\n<meta property=\"og:type\" content=\"article\" \/>\n<meta property=\"og:title\" content=\"Teljes | r\u00e9szleges kivehet\u0151 fogsorok\" \/>\n<meta property=\"og:description\" content=\"Foghi\u00e1nnyal k\u00fczd \u00e9s a legtesthez\u00e1ll\u00f3bb m\u00f3don szeretn\u00e9 p\u00f3toltatni hi\u00e1nyz\u00f3 fogait?\" \/>\n<meta property=\"og:url\" content=\"https:\/\/dnpdental.hu\/en\/full-partial-removable-dentures\/\" \/>\n<meta property=\"og:site_name\" content=\"DNP Dental\" \/>\n<meta property=\"article:modified_time\" content=\"2025-11-12T11:11:47+00:00\" \/>\n<meta property=\"og:image\" content=\"https:\/\/dnpdental.hu\/wp-content\/uploads\/2025\/11\/denture_2.webp\" \/>\n\t<meta property=\"og:image:width\" content=\"599\" \/>\n\t<meta property=\"og:image:height\" content=\"336\" \/>\n\t<meta property=\"og:image:type\" content=\"image\/webp\" \/>\n<meta name=\"twitter:card\" content=\"summary_large_image\" \/>\n<meta name=\"twitter:label1\" content=\"Estimated reading time\" \/>\n\t<meta name=\"twitter:data1\" content=\"2 minutes\" \/>\n<script type=\"application\/ld+json\" class=\"yoast-schema-graph\">{\"@context\":\"https:\/\/schema.org\",\"@graph\":[{\"@type\":\"WebPage\",\"@id\":\"https:\/\/dnpdental.hu\/teljes-reszleges-kiveheto-fogsorok\/\",\"url\":\"https:\/\/dnpdental.hu\/teljes-reszleges-kiveheto-fogsorok\/\",\"name\":\"Teljes | r\u00e9szleges kivehet\u0151 fogsorok | DNP Dental\",\"isPartOf\":{\"@id\":\"https:\/\/dnpdental.hu\/#website\"},\"primaryImageOfPage\":{\"@id\":\"https:\/\/dnpdental.hu\/teljes-reszleges-kiveheto-fogsorok\/#primaryimage\"},\"image\":{\"@id\":\"https:\/\/dnpdental.hu\/teljes-reszleges-kiveheto-fogsorok\/#primaryimage\"},\"thumbnailUrl\":\"https:\/\/dnpdental.hu\/wp-content\/uploads\/2025\/11\/denture_2.webp\",\"datePublished\":\"2024-12-27T11:42:00+00:00\",\"dateModified\":\"2025-11-12T11:11:47+00:00\",\"description\":\"Foghi\u00e1nnyal k\u00fczd \u00e9s a legtesthez\u00e1ll\u00f3bb m\u00f3don szeretn\u00e9 p\u00f3toltatni hi\u00e1nyz\u00f3 fogait?\",\"breadcrumb\":{\"@id\":\"https:\/\/dnpdental.hu\/teljes-reszleges-kiveheto-fogsorok\/#breadcrumb\"},\"inLanguage\":\"en-GB\",\"potentialAction\":[{\"@type\":\"ReadAction\",\"target\":[\"https:\/\/dnpdental.hu\/teljes-reszleges-kiveheto-fogsorok\/\"]}]},{\"@type\":\"ImageObject\",\"inLanguage\":\"en-GB\",\"@id\":\"https:\/\/dnpdental.hu\/teljes-reszleges-kiveheto-fogsorok\/#primaryimage\",\"url\":\"https:\/\/dnpdental.hu\/wp-content\/uploads\/2025\/11\/denture_2.webp\",\"contentUrl\":\"https:\/\/dnpdental.hu\/wp-content\/uploads\/2025\/11\/denture_2.webp\",\"width\":599,\"height\":336},{\"@type\":\"BreadcrumbList\",\"@id\":\"https:\/\/dnpdental.hu\/teljes-reszleges-kiveheto-fogsorok\/#breadcrumb\",\"itemListElement\":[{\"@type\":\"ListItem\",\"position\":1,\"name\":\"Kezd\u0151lap\",\"item\":\"https:\/\/dnpdental.hu\/\"},{\"@type\":\"ListItem\",\"position\":2,\"name\":\"Teljes | r\u00e9szleges kivehet\u0151 fogsorok\"}]},{\"@type\":\"WebSite\",\"@id\":\"https:\/\/dnpdental.hu\/#website\",\"url\":\"https:\/\/dnpdental.hu\/\",\"name\":\"DNP Dental\",\"description\":\"\",\"publisher\":{\"@id\":\"https:\/\/dnpdental.hu\/#organization\"},\"potentialAction\":[{\"@type\":\"SearchAction\",\"target\":{\"@type\":\"EntryPoint\",\"urlTemplate\":\"https:\/\/dnpdental.hu\/?s={search_term_string}\"},\"query-input\":{\"@type\":\"PropertyValueSpecification\",\"valueRequired\":true,\"valueName\":\"search_term_string\"}}],\"inLanguage\":\"en-GB\"},{\"@type\":\"Organization\",\"@id\":\"https:\/\/dnpdental.hu\/#organization\",\"name\":\"DNP Dental\",\"url\":\"https:\/\/dnpdental.hu\/\",\"logo\":{\"@type\":\"ImageObject\",\"inLanguage\":\"en-GB\",\"@id\":\"https:\/\/dnpdental.hu\/#\/schema\/logo\/image\/\",\"url\":\"https:\/\/dnpdental.hu\/wp-content\/uploads\/2025\/11\/DNP-10_mini.webp\",\"contentUrl\":\"https:\/\/dnpdental.hu\/wp-content\/uploads\/2025\/11\/DNP-10_mini.webp\",\"width\":420,\"height\":202,\"caption\":\"DNP Dental\"},\"image\":{\"@id\":\"https:\/\/dnpdental.hu\/#\/schema\/logo\/image\/\"}}]}<\/script>\n<!-- \/ Yoast SEO Premium plugin. -->","yoast_head_json":{"title":"Teljes | r\u00e9szleges kivehet\u0151 fogsorok | DNP Dental","description":"Do you suffer from tooth deficiency and want to make up for them in the best way?","robots":{"index":"index","follow":"follow","max-snippet":"max-snippet:-1","max-image-preview":"max-image-preview:large","max-video-preview":"max-video-preview:-1"},"canonical":"https:\/\/dnpdental.hu\/en\/full-partial-removable-dentures\/","og_locale":"en_GB","og_type":"article","og_title":"Teljes | r\u00e9szleges kivehet\u0151 fogsorok","og_description":"Foghi\u00e1nnyal k\u00fczd \u00e9s a legtesthez\u00e1ll\u00f3bb m\u00f3don szeretn\u00e9 p\u00f3toltatni hi\u00e1nyz\u00f3 fogait?","og_url":"https:\/\/dnpdental.hu\/en\/full-partial-removable-dentures\/","og_site_name":"DNP Dental","article_modified_time":"2025-11-12T11:11:47+00:00","og_image":[{"width":599,"height":336,"url":"https:\/\/dnpdental.hu\/wp-content\/uploads\/2025\/11\/denture_2.webp","type":"image\/webp"}],"twitter_card":"summary_large_image","twitter_misc":{"Estimated reading time":"2 minutes"},"schema":{"@context":"https:\/\/schema.org","@graph":[{"@type":"WebPage","@id":"https:\/\/dnpdental.hu\/teljes-reszleges-kiveheto-fogsorok\/","url":"https:\/\/dnpdental.hu\/teljes-reszleges-kiveheto-fogsorok\/","name":"Teljes | r\u00e9szleges kivehet\u0151 fogsorok | DNP Dental","isPartOf":{"@id":"https:\/\/dnpdental.hu\/#website"},"primaryImageOfPage":{"@id":"https:\/\/dnpdental.hu\/teljes-reszleges-kiveheto-fogsorok\/#primaryimage"},"image":{"@id":"https:\/\/dnpdental.hu\/teljes-reszleges-kiveheto-fogsorok\/#primaryimage"},"thumbnailUrl":"https:\/\/dnpdental.hu\/wp-content\/uploads\/2025\/11\/denture_2.webp","datePublished":"2024-12-27T11:42:00+00:00","dateModified":"2025-11-12T11:11:47+00:00","description":"Do you suffer from tooth deficiency and want to make up for them in the best way?","breadcrumb":{"@id":"https:\/\/dnpdental.hu\/teljes-reszleges-kiveheto-fogsorok\/#breadcrumb"},"inLanguage":"en-GB","potentialAction":[{"@type":"ReadAction","target":["https:\/\/dnpdental.hu\/teljes-reszleges-kiveheto-fogsorok\/"]}]},{"@type":"ImageObject","inLanguage":"en-GB","@id":"https:\/\/dnpdental.hu\/teljes-reszleges-kiveheto-fogsorok\/#primaryimage","url":"https:\/\/dnpdental.hu\/wp-content\/uploads\/2025\/11\/denture_2.webp","contentUrl":"https:\/\/dnpdental.hu\/wp-content\/uploads\/2025\/11\/denture_2.webp","width":599,"height":336},{"@type":"BreadcrumbList","@id":"https:\/\/dnpdental.hu\/teljes-reszleges-kiveheto-fogsorok\/#breadcrumb","itemListElement":[{"@type":"ListItem","position":1,"name":"Kezd\u0151lap","item":"https:\/\/dnpdental.hu\/"},{"@type":"ListItem","position":2,"name":"Teljes | r\u00e9szleges kivehet\u0151 fogsorok"}]},{"@type":"WebSite","@id":"https:\/\/dnpdental.hu\/#website","url":"https:\/\/dnpdental.hu\/","name":"DNP Dental","description":"","publisher":{"@id":"https:\/\/dnpdental.hu\/#organization"},"potentialAction":[{"@type":"SearchAction","target":{"@type":"EntryPoint","urlTemplate":"https:\/\/dnpdental.hu\/?s={search_term_string}"},"query-input":{"@type":"PropertyValueSpecification","valueRequired":true,"valueName":"search_term_string"}}],"inLanguage":"en-GB"},{"@type":"Organization","@id":"https:\/\/dnpdental.hu\/#organization","name":"DNP Dental","url":"https:\/\/dnpdental.hu\/","logo":{"@type":"ImageObject","inLanguage":"en-GB","@id":"https:\/\/dnpdental.hu\/#\/schema\/logo\/image\/","url":"https:\/\/dnpdental.hu\/wp-content\/uploads\/2025\/11\/DNP-10_mini.webp","contentUrl":"https:\/\/dnpdental.hu\/wp-content\/uploads\/2025\/11\/DNP-10_mini.webp","width":420,"height":202,"caption":"DNP Dental"},"image":{"@id":"https:\/\/dnpdental.hu\/#\/schema\/logo\/image\/"}}]}},"_links":{"self":[{"href":"https:\/\/dnpdental.hu\/en\/wp-json\/wp\/v2\/pages\/283","targetHints":{"allow":["GET"]}}],"collection":[{"href":"https:\/\/dnpdental.hu\/en\/wp-json\/wp\/v2\/pages"}],"about":[{"href":"https:\/\/dnpdental.hu\/en\/wp-json\/wp\/v2\/types\/page"}],"author":[{"embeddable":true,"href":"https:\/\/dnpdental.hu\/en\/wp-json\/wp\/v2\/users\/1"}],"replies":[{"embeddable":true,"href":"https:\/\/dnpdental.hu\/en\/wp-json\/wp\/v2\/comments?post=283"}],"version-history":[{"count":22,"href":"https:\/\/dnpdental.hu\/en\/wp-json\/wp\/v2\/pages\/283\/revisions"}],"predecessor-version":[{"id":1946,"href":"https:\/\/dnpdental.hu\/en\/wp-json\/wp\/v2\/pages\/283\/revisions\/1946"}],"wp:featuredmedia":[{"embeddable":true,"href":"https:\/\/dnpdental.hu\/en\/wp-json\/wp\/v2\/media\/780"}],"wp:attachment":[{"href":"https:\/\/dnpdental.hu\/en\/wp-json\/wp\/v2\/media?parent=283"}],"curies":[{"name":"wp","href":"https:\/\/api.w.org\/{rel}","templated":true}]}}