{"id":3,"date":"2025-10-29T10:39:46","date_gmt":"2025-10-29T10:39:46","guid":{"rendered":"https:\/\/newsite.dnpdental.hu\/?page_id=3"},"modified":"2025-11-06T11:49:13","modified_gmt":"2025-11-06T10:49:13","slug":"adatvedelmi-tajekoztato","status":"publish","type":"page","link":"https:\/\/dnpdental.hu\/en\/adatvedelmi-tajekoztato\/","title":{"rendered":"Privacy Notice"},"content":{"rendered":"<h2 class=\"wp-block-heading\">Who we are<\/h2>\n\n\n\n<p>The address of our website:&nbsp;<a href=\"https:\/\/dnpdental.hu\/en\/\" target=\"_blank\" rel=\"noreferrer noopener\"><strong>https:\/\/dnpdental.hu<\/strong><\/a>.<\/p>\n\n\n\n<h3 class=\"wp-block-heading\">Comments<\/h3>\n\n\n\n<p>When sending a comment, in addition to the information provided in the form, the IP address and the browser ID string are collected to filter out unwanted content.<\/p>\n\n\n\n<p>An anonymized string created from your email address (the so-called hash) can be transferred to the Gravatar service if it is used on the site. The terms of use of the Gravatar service can be viewed at:&nbsp;<a href=\"https:\/\/automattic.com\/privacy\/\" target=\"_blank\" rel=\"noreferrer noopener\"><strong>https:\/\/automattic.com\/privacy\/<\/strong><\/a>After the comment is approved, its content and profile picture will be displayed publicly.<\/p>\n\n\n\n<h3 class=\"wp-block-heading\">Media<\/h3>\n\n\n\n<p>If a registered user uploads images to the site, it is necessary to avoid uploading files with EXIF data that include GPS coordinates. Site visitors can download and extract location data from images on the site.<\/p>\n\n\n\n<h3 class=\"wp-block-heading\">Cookies<\/h3>\n\n\n\n<p>If you leave a comment on our website, your name, email address and website may be stored in cookies. This is done for convenience, so that you don't have to fill in these fields again at the next comment. The validity period of such cookies is one year.<\/p>\n\n\n\n<p>When you visit the login page, temporary cookies are set to determine whether your browser accepts cookies. These cookies do not contain any personal data and are deleted when you close your browser.<\/p>\n\n\n\n<p>When you log in to the site, several cookies are set that store login information and interface display parameters. Login cookies are valid for two days, and cookies with interface parameters are valid for one year. If you select \"Remember me\", the login will be saved for two weeks. When you log out of your account, the login cookies are deleted.<\/p>\n\n\n\n<p>When editing or publishing an entry, an additional cookie is saved in the browser. This cookie does not contain any personal data, but only stores the ID of the record that you edited. Its validity period is one day.<\/p>\n\n\n\n<h3 class=\"wp-block-heading\">Embedded content from other websites<\/h3>\n\n\n\n<p>Articles on this site may include embedded content (such as videos, images, articles, etc.). Embedded content from other websites behaves the same as if you had visited another site.<\/p>\n\n\n\n<p>These sites may collect data about you, use cookies, embed additional third-party tracking systems, and monitor your interaction with embedded content, especially if you have an account and are logged in to it.<\/p>\n\n\n\n<h3 class=\"wp-block-heading\">Who do we share your data with?<\/h3>\n\n\n\n<p>If you request a password reset, your IP address will be included in the reset email.<\/p>\n\n\n\n<h3 class=\"wp-block-heading\">How long do we store your data?<\/h3>\n\n\n\n<p>If you leave a comment, the comment itself and its metadata are stored indefinitely. This is done so that we can automatically recognize and approve subsequent comments, instead of leaving them in the moderation queue.<\/p>\n\n\n\n<p>For registered users (if any), the personal information provided in their profile is also stored on the site. All users can view, edit, or delete their personal information at any time (except for the username). Site administrators can also view and edit this information.<\/p>\n\n\n\n<h3 class=\"wp-block-heading\">What rights do you have over your data?<\/h3>\n\n\n\n<p>If you have an account on this site or have left comments, you can request the export of your personal data that we store, including any data that you have provided to us. You can also request the deletion of all your personal data. This does not include data that we are required to store for administrative, legal, or security purposes.<\/p>\n\n\n\n<h3 class=\"wp-block-heading\">Where are we sending your data to<\/h3>\n\n\n\n<p>User comments can be checked using an automatic spam detection service.<\/p>","protected":false},"excerpt":{"rendered":"<p>Kik vagyunk A weboldalunk c\u00edme:&nbsp;https:\/\/dnpdental.hu. Hozz\u00e1sz\u00f3l\u00e1sok Hozz\u00e1sz\u00f3l\u00e1s bek\u00fcld\u00e9sekor a hozz\u00e1sz\u00f3l\u00e1si \u0171rlapban megadottakon k\u00edv\u00fcl begy\u0171jt\u00e9sre ker\u00fcl a hozz\u00e1sz\u00f3l\u00f3 IP c\u00edme \u00e9s a b\u00f6ng\u00e9sz\u0151azonos\u00edt\u00f3 karakterl\u00e1nc a k\u00e9retlen tartalmak kisz\u0171r\u00e9se c\u00e9lj\u00e1b\u00f3l. Egy szem\u00e9lytelen\u00edtett, az e-mail c\u00edmb\u0151l el\u0151\u00e1ll\u00edtott karakterl\u00e1nc (hashnek szok\u00e1s nevezni) ker\u00fcl tov\u00e1bb\u00edt\u00e1sra a Gravatar szolg\u00e1ltat\u00e1s fel\u00e9, ha ez az oldalon haszn\u00e1latban van. A Gravatar szolg\u00e1ltat\u00e1s felt\u00e9telei az &#8230; <a title=\"Privacy Notice\" class=\"read-more\" href=\"https:\/\/dnpdental.hu\/en\/adatvedelmi-tajekoztato\/\" aria-label=\"Read more about Adatv\u00e9delmi ir\u00e1nyelvek\">Read more<\/a><\/p>","protected":false},"author":1,"featured_media":0,"parent":0,"menu_order":0,"comment_status":"closed","ping_status":"open","template":"","meta":{"footnotes":""},"class_list":["post-3","page","type-page","status-publish"],"yoast_head":"<!-- This site is optimized with the Yoast SEO Premium plugin v26.2 (Yoast SEO v26.5) - https:\/\/yoast.com\/wordpress\/plugins\/seo\/ -->\n<title>Adatv\u00e9delmi ir\u00e1nyelvek - DNP Dental<\/title>\n<meta name=\"robots\" content=\"index, follow, max-snippet:-1, max-image-preview:large, max-video-preview:-1\" \/>\n<link rel=\"canonical\" href=\"https:\/\/dnpdental.hu\/en\/adatvedelmi-tajekoztato\/\" \/>\n<meta property=\"og:locale\" content=\"en_GB\" \/>\n<meta property=\"og:type\" content=\"article\" \/>\n<meta property=\"og:title\" content=\"Adatv\u00e9delmi ir\u00e1nyelvek\" \/>\n<meta property=\"og:description\" content=\"Kik vagyunk A weboldalunk c\u00edme:&nbsp;https:\/\/dnpdental.hu. Hozz\u00e1sz\u00f3l\u00e1sok Hozz\u00e1sz\u00f3l\u00e1s bek\u00fcld\u00e9sekor a hozz\u00e1sz\u00f3l\u00e1si \u0171rlapban megadottakon k\u00edv\u00fcl begy\u0171jt\u00e9sre ker\u00fcl a hozz\u00e1sz\u00f3l\u00f3 IP c\u00edme \u00e9s a b\u00f6ng\u00e9sz\u0151azonos\u00edt\u00f3 karakterl\u00e1nc a k\u00e9retlen tartalmak kisz\u0171r\u00e9se c\u00e9lj\u00e1b\u00f3l. Egy szem\u00e9lytelen\u00edtett, az e-mail c\u00edmb\u0151l el\u0151\u00e1ll\u00edtott karakterl\u00e1nc (hashnek szok\u00e1s nevezni) ker\u00fcl tov\u00e1bb\u00edt\u00e1sra a Gravatar szolg\u00e1ltat\u00e1s fel\u00e9, ha ez az oldalon haszn\u00e1latban van. A Gravatar szolg\u00e1ltat\u00e1s felt\u00e9telei az ... Read more\" \/>\n<meta property=\"og:url\" content=\"https:\/\/dnpdental.hu\/en\/adatvedelmi-tajekoztato\/\" \/>\n<meta property=\"og:site_name\" content=\"DNP Dental\" \/>\n<meta property=\"article:modified_time\" content=\"2025-11-06T10:49:13+00:00\" \/>\n<meta name=\"twitter:card\" content=\"summary_large_image\" \/>\n<meta name=\"twitter:label1\" content=\"Estimated reading time\" \/>\n\t<meta name=\"twitter:data1\" content=\"3 minutes\" \/>\n<script type=\"application\/ld+json\" class=\"yoast-schema-graph\">{\"@context\":\"https:\/\/schema.org\",\"@graph\":[{\"@type\":\"WebPage\",\"@id\":\"https:\/\/dnpdental.hu\/adatvedelmi-tajekoztato\/\",\"url\":\"https:\/\/dnpdental.hu\/adatvedelmi-tajekoztato\/\",\"name\":\"Adatv\u00e9delmi ir\u00e1nyelvek - DNP Dental\",\"isPartOf\":{\"@id\":\"https:\/\/dnpdental.hu\/#website\"},\"datePublished\":\"2025-10-29T10:39:46+00:00\",\"dateModified\":\"2025-11-06T10:49:13+00:00\",\"breadcrumb\":{\"@id\":\"https:\/\/dnpdental.hu\/adatvedelmi-tajekoztato\/#breadcrumb\"},\"inLanguage\":\"en-GB\",\"potentialAction\":[{\"@type\":\"ReadAction\",\"target\":[\"https:\/\/dnpdental.hu\/adatvedelmi-tajekoztato\/\"]}]},{\"@type\":\"BreadcrumbList\",\"@id\":\"https:\/\/dnpdental.hu\/adatvedelmi-tajekoztato\/#breadcrumb\",\"itemListElement\":[{\"@type\":\"ListItem\",\"position\":1,\"name\":\"Kezd\u0151lap\",\"item\":\"https:\/\/dnpdental.hu\/\"},{\"@type\":\"ListItem\",\"position\":2,\"name\":\"Adatv\u00e9delmi ir\u00e1nyelvek\"}]},{\"@type\":\"WebSite\",\"@id\":\"https:\/\/dnpdental.hu\/#website\",\"url\":\"https:\/\/dnpdental.hu\/\",\"name\":\"DNP Dental\",\"description\":\"\",\"publisher\":{\"@id\":\"https:\/\/dnpdental.hu\/#organization\"},\"potentialAction\":[{\"@type\":\"SearchAction\",\"target\":{\"@type\":\"EntryPoint\",\"urlTemplate\":\"https:\/\/dnpdental.hu\/?s={search_term_string}\"},\"query-input\":{\"@type\":\"PropertyValueSpecification\",\"valueRequired\":true,\"valueName\":\"search_term_string\"}}],\"inLanguage\":\"en-GB\"},{\"@type\":\"Organization\",\"@id\":\"https:\/\/dnpdental.hu\/#organization\",\"name\":\"DNP Dental\",\"url\":\"https:\/\/dnpdental.hu\/\",\"logo\":{\"@type\":\"ImageObject\",\"inLanguage\":\"en-GB\",\"@id\":\"https:\/\/dnpdental.hu\/#\/schema\/logo\/image\/\",\"url\":\"https:\/\/dnpdental.hu\/wp-content\/uploads\/2025\/11\/DNP-10_mini.webp\",\"contentUrl\":\"https:\/\/dnpdental.hu\/wp-content\/uploads\/2025\/11\/DNP-10_mini.webp\",\"width\":420,\"height\":202,\"caption\":\"DNP Dental\"},\"image\":{\"@id\":\"https:\/\/dnpdental.hu\/#\/schema\/logo\/image\/\"}}]}<\/script>\n<!-- \/ Yoast SEO Premium plugin. -->","yoast_head_json":{"title":"Adatv\u00e9delmi ir\u00e1nyelvek - DNP Dental","robots":{"index":"index","follow":"follow","max-snippet":"max-snippet:-1","max-image-preview":"max-image-preview:large","max-video-preview":"max-video-preview:-1"},"canonical":"https:\/\/dnpdental.hu\/en\/adatvedelmi-tajekoztato\/","og_locale":"en_GB","og_type":"article","og_title":"Adatv\u00e9delmi ir\u00e1nyelvek","og_description":"Kik vagyunk A weboldalunk c\u00edme:&nbsp;https:\/\/dnpdental.hu. Hozz\u00e1sz\u00f3l\u00e1sok Hozz\u00e1sz\u00f3l\u00e1s bek\u00fcld\u00e9sekor a hozz\u00e1sz\u00f3l\u00e1si \u0171rlapban megadottakon k\u00edv\u00fcl begy\u0171jt\u00e9sre ker\u00fcl a hozz\u00e1sz\u00f3l\u00f3 IP c\u00edme \u00e9s a b\u00f6ng\u00e9sz\u0151azonos\u00edt\u00f3 karakterl\u00e1nc a k\u00e9retlen tartalmak kisz\u0171r\u00e9se c\u00e9lj\u00e1b\u00f3l. Egy szem\u00e9lytelen\u00edtett, az e-mail c\u00edmb\u0151l el\u0151\u00e1ll\u00edtott karakterl\u00e1nc (hashnek szok\u00e1s nevezni) ker\u00fcl tov\u00e1bb\u00edt\u00e1sra a Gravatar szolg\u00e1ltat\u00e1s fel\u00e9, ha ez az oldalon haszn\u00e1latban van. A Gravatar szolg\u00e1ltat\u00e1s felt\u00e9telei az ... Read more","og_url":"https:\/\/dnpdental.hu\/en\/adatvedelmi-tajekoztato\/","og_site_name":"DNP Dental","article_modified_time":"2025-11-06T10:49:13+00:00","twitter_card":"summary_large_image","twitter_misc":{"Estimated reading time":"3 minutes"},"schema":{"@context":"https:\/\/schema.org","@graph":[{"@type":"WebPage","@id":"https:\/\/dnpdental.hu\/adatvedelmi-tajekoztato\/","url":"https:\/\/dnpdental.hu\/adatvedelmi-tajekoztato\/","name":"Adatv\u00e9delmi ir\u00e1nyelvek - DNP Dental","isPartOf":{"@id":"https:\/\/dnpdental.hu\/#website"},"datePublished":"2025-10-29T10:39:46+00:00","dateModified":"2025-11-06T10:49:13+00:00","breadcrumb":{"@id":"https:\/\/dnpdental.hu\/adatvedelmi-tajekoztato\/#breadcrumb"},"inLanguage":"en-GB","potentialAction":[{"@type":"ReadAction","target":["https:\/\/dnpdental.hu\/adatvedelmi-tajekoztato\/"]}]},{"@type":"BreadcrumbList","@id":"https:\/\/dnpdental.hu\/adatvedelmi-tajekoztato\/#breadcrumb","itemListElement":[{"@type":"ListItem","position":1,"name":"Kezd\u0151lap","item":"https:\/\/dnpdental.hu\/"},{"@type":"ListItem","position":2,"name":"Adatv\u00e9delmi ir\u00e1nyelvek"}]},{"@type":"WebSite","@id":"https:\/\/dnpdental.hu\/#website","url":"https:\/\/dnpdental.hu\/","name":"DNP Dental","description":"","publisher":{"@id":"https:\/\/dnpdental.hu\/#organization"},"potentialAction":[{"@type":"SearchAction","target":{"@type":"EntryPoint","urlTemplate":"https:\/\/dnpdental.hu\/?s={search_term_string}"},"query-input":{"@type":"PropertyValueSpecification","valueRequired":true,"valueName":"search_term_string"}}],"inLanguage":"en-GB"},{"@type":"Organization","@id":"https:\/\/dnpdental.hu\/#organization","name":"DNP Dental","url":"https:\/\/dnpdental.hu\/","logo":{"@type":"ImageObject","inLanguage":"en-GB","@id":"https:\/\/dnpdental.hu\/#\/schema\/logo\/image\/","url":"https:\/\/dnpdental.hu\/wp-content\/uploads\/2025\/11\/DNP-10_mini.webp","contentUrl":"https:\/\/dnpdental.hu\/wp-content\/uploads\/2025\/11\/DNP-10_mini.webp","width":420,"height":202,"caption":"DNP Dental"},"image":{"@id":"https:\/\/dnpdental.hu\/#\/schema\/logo\/image\/"}}]}},"_links":{"self":[{"href":"https:\/\/dnpdental.hu\/en\/wp-json\/wp\/v2\/pages\/3","targetHints":{"allow":["GET"]}}],"collection":[{"href":"https:\/\/dnpdental.hu\/en\/wp-json\/wp\/v2\/pages"}],"about":[{"href":"https:\/\/dnpdental.hu\/en\/wp-json\/wp\/v2\/types\/page"}],"author":[{"embeddable":true,"href":"https:\/\/dnpdental.hu\/en\/wp-json\/wp\/v2\/users\/1"}],"replies":[{"embeddable":true,"href":"https:\/\/dnpdental.hu\/en\/wp-json\/wp\/v2\/comments?post=3"}],"version-history":[{"count":3,"href":"https:\/\/dnpdental.hu\/en\/wp-json\/wp\/v2\/pages\/3\/revisions"}],"predecessor-version":[{"id":1385,"href":"https:\/\/dnpdental.hu\/en\/wp-json\/wp\/v2\/pages\/3\/revisions\/1385"}],"wp:attachment":[{"href":"https:\/\/dnpdental.hu\/en\/wp-json\/wp\/v2\/media?parent=3"}],"curies":[{"name":"wp","href":"https:\/\/api.w.org\/{rel}","templated":true}]}}