{"id":320,"date":"2024-12-30T10:38:00","date_gmt":"2024-12-30T09:38:00","guid":{"rendered":"https:\/\/newsite.dnpdental.hu\/?page_id=320"},"modified":"2025-11-10T12:48:37","modified_gmt":"2025-11-10T11:48:37","slug":"neodent-gm-implantacio","status":"publish","type":"page","link":"https:\/\/dnpdental.hu\/en\/neodent-gm-implantacio\/","title":{"rendered":"Neodent GM Straumann Group Implants"},"content":{"rendered":"<div data-elementor-type=\"wp-page\" data-elementor-id=\"320\" class=\"elementor elementor-320\" data-elementor-post-type=\"page\">\n\t\t\t\t<div class=\"elementor-element elementor-element-4c76c7d e-flex e-con-boxed e-con e-parent\" data-id=\"4c76c7d\" data-element_type=\"container\">\n\t\t\t\t\t<div class=\"e-con-inner\">\n\t\t<div class=\"elementor-element elementor-element-31ca1de e-con-full e-flex e-con e-child\" data-id=\"31ca1de\" data-element_type=\"container\">\n\t\t<div class=\"elementor-element elementor-element-01f350f e-con-full e-flex e-con e-child\" data-id=\"01f350f\" data-element_type=\"container\">\n\t\t<div class=\"elementor-element elementor-element-2768542 e-con-full e-flex e-con e-child\" data-id=\"2768542\" data-element_type=\"container\">\n\t\t\t\t<div class=\"elementor-element elementor-element-78a38cb elementor-widget elementor-widget-heading\" data-id=\"78a38cb\" data-element_type=\"widget\" data-widget_type=\"heading.default\">\n\t\t\t\t\t<h1 class=\"elementor-heading-title elementor-size-default\">Neodent GM Straumann Group Implants<\/h1>\t\t\t\t<\/div>\n\t\t\t\t<div class=\"elementor-element elementor-element-cb3c50a elementor-widget elementor-widget-text-editor\" data-id=\"cb3c50a\" data-element_type=\"widget\" data-widget_type=\"text-editor.default\">\n\t\t\t\t\t\t\t\t\t<p><strong>Restoring lost teeth is not only a matter of aesthetics, but also of health. Modern dentistry offers many solutions, and one of the best of them is neodent implants. At DNP Dental, we are proud to offer our patients implantation using Neodent products, which have proven themselves to be a reliable and long-lasting solution for dental restoration.<\/strong><\/p>\t\t\t\t\t\t\t\t<\/div>\n\t\t\t\t<div class=\"elementor-element elementor-element-05bb46b elementor-widget elementor-widget-heading\" data-id=\"05bb46b\" data-element_type=\"widget\" data-widget_type=\"heading.default\">\n\t\t\t\t\t<h2 class=\"elementor-heading-title elementor-size-default\">What are Neodent implants?<\/h2>\t\t\t\t<\/div>\n\t\t\t\t<div class=\"elementor-element elementor-element-d90c7a8 elementor-widget elementor-widget-text-editor\" data-id=\"d90c7a8\" data-element_type=\"widget\" data-widget_type=\"text-editor.default\">\n\t\t\t\t\t\t\t\t\t<div class=\"col-lg-8\"><div class=\"department-left serv\"><p>Neodent GM Straumann Group \u2014 It is a leading manufacturer of dental implants, which was founded in Brazil (owner: Straumann Switzerland) and has since gained worldwide popularity due to the high quality of its products. Neodent implants are characterized by high biocompatibility, strength and durability, which makes them an excellent choice for people who want to regain a full smile and dental health.<\/p><\/div><\/div>\t\t\t\t\t\t\t\t<\/div>\n\t\t\t\t<\/div>\n\t\t\t\t<div class=\"elementor-element elementor-element-b0c0967 elementor-widget__width-initial elementor-widget-tablet__width-inherit elementor-widget elementor-widget-image\" data-id=\"b0c0967\" data-element_type=\"widget\" data-widget_type=\"image.default\">\n\t\t\t\t\t\t\t\t\t\t\t\t\t\t\t<img fetchpriority=\"high\" decoding=\"async\" width=\"900\" height=\"601\" src=\"https:\/\/dnpdental.hu\/wp-content\/uploads\/2025\/10\/DSC01085_0gBkF32.webp\" class=\"attachment-large size-large wp-image-605\" alt=\"\" srcset=\"https:\/\/dnpdental.hu\/wp-content\/uploads\/2025\/10\/DSC01085_0gBkF32.webp 900w, https:\/\/dnpdental.hu\/wp-content\/uploads\/2025\/10\/DSC01085_0gBkF32-300x200.webp 300w, https:\/\/dnpdental.hu\/wp-content\/uploads\/2025\/10\/DSC01085_0gBkF32-768x513.webp 768w, https:\/\/dnpdental.hu\/wp-content\/uploads\/2025\/10\/DSC01085_0gBkF32-18x12.webp 18w\" sizes=\"(max-width: 900px) 100vw, 900px\" \/>\t\t\t\t\t\t\t\t\t\t\t\t\t\t\t<\/div>\n\t\t\t\t<\/div>\n\t\t\t\t<div class=\"elementor-element elementor-element-d2b790f elementor-widget__width-inherit elementor-widget-divider--view-line elementor-widget elementor-widget-divider\" data-id=\"d2b790f\" data-element_type=\"widget\" data-widget_type=\"divider.default\">\n\t\t\t\t\t\t\t<div class=\"elementor-divider\">\n\t\t\t<span class=\"elementor-divider-separator\">\n\t\t\t\t\t\t<\/span>\n\t\t<\/div>\n\t\t\t\t\t\t<\/div>\n\t\t<div class=\"elementor-element elementor-element-98aa90f e-con-full e-flex e-con e-child\" data-id=\"98aa90f\" data-element_type=\"container\">\n\t\t\t\t<div class=\"elementor-element elementor-element-92e2b8b elementor-widget__width-initial elementor-widget-tablet__width-inherit elementor-widget elementor-widget-image\" data-id=\"92e2b8b\" data-element_type=\"widget\" data-widget_type=\"image.default\">\n\t\t\t\t\t\t\t\t\t\t\t\t\t\t\t<img decoding=\"async\" width=\"594\" height=\"900\" src=\"https:\/\/dnpdental.hu\/wp-content\/uploads\/2025\/11\/dsc01092_R5oFroK.webp\" class=\"attachment-large size-large wp-image-832\" alt=\"\" srcset=\"https:\/\/dnpdental.hu\/wp-content\/uploads\/2025\/11\/dsc01092_R5oFroK.webp 594w, https:\/\/dnpdental.hu\/wp-content\/uploads\/2025\/11\/dsc01092_R5oFroK-198x300.webp 198w, https:\/\/dnpdental.hu\/wp-content\/uploads\/2025\/11\/dsc01092_R5oFroK-8x12.webp 8w\" sizes=\"(max-width: 594px) 100vw, 594px\" \/>\t\t\t\t\t\t\t\t\t\t\t\t\t\t\t<\/div>\n\t\t<div class=\"elementor-element elementor-element-dd2d91a e-con-full e-flex e-con e-child\" data-id=\"dd2d91a\" data-element_type=\"container\">\n\t\t\t\t<div class=\"elementor-element elementor-element-35c2f4f elementor-widget elementor-widget-heading\" data-id=\"35c2f4f\" data-element_type=\"widget\" data-widget_type=\"heading.default\">\n\t\t\t\t\t<h2 class=\"elementor-heading-title elementor-size-default\">Advantages of Neodent implants<\/h2>\t\t\t\t<\/div>\n\t\t\t\t<div class=\"elementor-element elementor-element-5ccc816 elementor-widget elementor-widget-text-editor\" data-id=\"5ccc816\" data-element_type=\"widget\" data-widget_type=\"text-editor.default\">\n\t\t\t\t\t\t\t\t\t<ol><li><p><strong>High quality and reliability<\/strong>Neodent implants are manufactured using advanced technology and high-quality materials such as titanium alloy. This ensures their long service life and minimal risks of rejection.<\/p><\/li><li><p><strong>Modern technologies and innovations<\/strong><br \/>Neodent is constantly developing its technologies, including innovative methods of implant placement, which allows achieving excellent results with minimal intervention. As a result, the implantation procedure becomes faster, less painful and with minimal risks.<\/p><\/li><li><p><strong>Aesthetics and functionality<\/strong><br \/>Neodent implants have excellent aesthetics and integrate well with natural teeth. Thanks to their precise and reliable attachment, they restore the functions of chewing and look absolutely natural.<\/p><\/li><li><p><strong>Minimal risks and a quick recovery period<\/strong><br \/>One of the main features of Neodent implants is their high degree of integration with bone tissue, which minimizes the risks of rejection and accelerates the healing process. In our clinic, we use minimally invasive methods, which contributes to faster recovery after surgery.<\/p><\/li><li><p><strong>Suitable for most patients<\/strong><br \/>Neodent implants are suitable for people of all ages, including those who experience tooth loss in adulthood. They are also an excellent solution for patients with insufficient bone density, thanks to unique installation technologies and affordable options.<\/p><\/li><\/ol>\t\t\t\t\t\t\t\t<\/div>\n\t\t\t\t<\/div>\n\t\t\t\t<\/div>\n\t\t\t\t<div class=\"elementor-element elementor-element-7a4a2bb elementor-widget__width-inherit elementor-widget-divider--view-line elementor-widget elementor-widget-divider\" data-id=\"7a4a2bb\" data-element_type=\"widget\" data-widget_type=\"divider.default\">\n\t\t\t\t\t\t\t<div class=\"elementor-divider\">\n\t\t\t<span class=\"elementor-divider-separator\">\n\t\t\t\t\t\t<\/span>\n\t\t<\/div>\n\t\t\t\t\t\t<\/div>\n\t\t<div class=\"elementor-element elementor-element-4f06f84 e-con-full e-flex e-con e-child\" data-id=\"4f06f84\" data-element_type=\"container\">\n\t\t<div class=\"elementor-element elementor-element-2fb4f27 e-con-full e-flex e-con e-child\" data-id=\"2fb4f27\" data-element_type=\"container\">\n\t\t\t\t<div class=\"elementor-element elementor-element-42ba864 elementor-widget elementor-widget-heading\" data-id=\"42ba864\" data-element_type=\"widget\" data-widget_type=\"heading.default\">\n\t\t\t\t\t<h2 class=\"elementor-heading-title elementor-size-default\">How is the Neodent implant installation process going in our DNP Dental clinic?<\/h2>\t\t\t\t<\/div>\n\t\t\t\t<div class=\"elementor-element elementor-element-74a0463 elementor-widget elementor-widget-text-editor\" data-id=\"74a0463\" data-element_type=\"widget\" data-widget_type=\"text-editor.default\">\n\t\t\t\t\t\t\t\t\t<div class=\"col-lg-8\"><div class=\"department-left serv\"><ol><li><p><strong>Initial consultation, KT (which we manufacture on site) and diagnostics<\/strong><br \/>At the first consultation, the DNP Dental dentist will examine your dentition in detail, conduct the necessary examinations (for example, X-rays) and assess the condition of the bone tissue. This will allow you to choose the optimal approach for the installation of implants and eliminate possible contraindications.<\/p><\/li><li><p><strong>Preparation and installation of the implant<\/strong><br \/>The process of implant placement includes several steps. At the first stage, surgery is performed, during which the implant is carefully implanted into the jawbone. This procedure is usually performed under local anesthesia, and patients rarely experience pain.<\/p><\/li><li><p><strong>The healing process and the installation of the crown<\/strong><br \/>After the implant is installed, a healing period is required, during which the implant fuses with the bone tissue. This process usually takes several months. Upon completion of healing, an individually selected crown is placed on the implant, which completely restores the appearance of the tooth.<\/p><\/li><li><p><strong>Constant monitoring and care<\/strong><br \/>It is important to remember that after the implants are installed, regular visits to the dentist are required to monitor their condition. DNP Dental specialists are always ready to provide you with recommendations on the care of implants so that they will serve you for a long time and flawlessly.<\/p><\/li><\/ol><\/div><\/div>\t\t\t\t\t\t\t\t<\/div>\n\t\t\t\t<\/div>\n\t\t\t\t<div class=\"elementor-element elementor-element-5aa872d elementor-widget__width-initial elementor-widget-tablet__width-inherit elementor-widget elementor-widget-image\" data-id=\"5aa872d\" data-element_type=\"widget\" data-widget_type=\"image.default\">\n\t\t\t\t\t\t\t\t\t\t\t\t\t\t\t<img decoding=\"async\" width=\"900\" height=\"601\" src=\"https:\/\/dnpdental.hu\/wp-content\/uploads\/2025\/11\/DSC01033.webp\" class=\"attachment-large size-large wp-image-834\" alt=\"Implant\u00e1ci\u00f3s konzult\u00e1ci\u00f3\" srcset=\"https:\/\/dnpdental.hu\/wp-content\/uploads\/2025\/11\/DSC01033.webp 900w, https:\/\/dnpdental.hu\/wp-content\/uploads\/2025\/11\/DSC01033-300x200.webp 300w, https:\/\/dnpdental.hu\/wp-content\/uploads\/2025\/11\/DSC01033-768x513.webp 768w, https:\/\/dnpdental.hu\/wp-content\/uploads\/2025\/11\/DSC01033-18x12.webp 18w\" sizes=\"(max-width: 900px) 100vw, 900px\" \/>\t\t\t\t\t\t\t\t\t\t\t\t\t\t\t<\/div>\n\t\t\t\t<\/div>\n\t\t\t\t<div class=\"elementor-element elementor-element-ba3c5a4 elementor-widget__width-inherit elementor-widget-divider--view-line elementor-widget elementor-widget-divider\" data-id=\"ba3c5a4\" data-element_type=\"widget\" data-widget_type=\"divider.default\">\n\t\t\t\t\t\t\t<div class=\"elementor-divider\">\n\t\t\t<span class=\"elementor-divider-separator\">\n\t\t\t\t\t\t<\/span>\n\t\t<\/div>\n\t\t\t\t\t\t<\/div>\n\t\t<div class=\"elementor-element elementor-element-7ca17ea e-con-full e-flex e-con e-child\" data-id=\"7ca17ea\" data-element_type=\"container\">\n\t\t\t\t<div class=\"elementor-element elementor-element-fc4a5db elementor-widget__width-initial elementor-widget-tablet__width-inherit elementor-widget elementor-widget-image\" data-id=\"fc4a5db\" data-element_type=\"widget\" data-widget_type=\"image.default\">\n\t\t\t\t\t\t\t\t\t\t\t\t\t\t\t<img loading=\"lazy\" decoding=\"async\" width=\"601\" height=\"900\" src=\"https:\/\/dnpdental.hu\/wp-content\/uploads\/2025\/11\/dsc01009_oyLRXIj.webp\" class=\"attachment-large size-large wp-image-835\" alt=\"\" srcset=\"https:\/\/dnpdental.hu\/wp-content\/uploads\/2025\/11\/dsc01009_oyLRXIj.webp 601w, https:\/\/dnpdental.hu\/wp-content\/uploads\/2025\/11\/dsc01009_oyLRXIj-200x300.webp 200w, https:\/\/dnpdental.hu\/wp-content\/uploads\/2025\/11\/dsc01009_oyLRXIj-8x12.webp 8w\" sizes=\"(max-width: 601px) 100vw, 601px\" \/>\t\t\t\t\t\t\t\t\t\t\t\t\t\t\t<\/div>\n\t\t<div class=\"elementor-element elementor-element-5f9b61b e-con-full e-flex e-con e-child\" data-id=\"5f9b61b\" data-element_type=\"container\">\n\t\t\t\t<div class=\"elementor-element elementor-element-ff30bcb elementor-widget elementor-widget-heading\" data-id=\"ff30bcb\" data-element_type=\"widget\" data-widget_type=\"heading.default\">\n\t\t\t\t\t<h2 class=\"elementor-heading-title elementor-size-default\">Why should you choose DNP Dental Clinic for the installation of Neodent implants?<\/h2>\t\t\t\t<\/div>\n\t\t\t\t<div class=\"elementor-element elementor-element-ac35d21 elementor-widget elementor-widget-text-editor\" data-id=\"ac35d21\" data-element_type=\"widget\" data-widget_type=\"text-editor.default\">\n\t\t\t\t\t\t\t\t\t<ol><li><p><strong>Experience and qualifications of specialists<\/strong><br \/>DNP Dental employs highly qualified dental implantologists with many years of experience in the installation of dental implants. We guarantee you a high-quality and safe procedure.<\/p><\/li><li><p><strong>\u0421\u043e\u0432\u0440\u0435\u043c\u0435\u043d\u043d\u043e\u0435 \u043e\u0431\u043e\u0440\u0443\u0434\u043e\u0432\u0430\u043d\u0438\u0435<\/strong><br \/>\u0412 \u043d\u0430\u0448\u0435\u0439 \u043a\u043b\u0438\u043d\u0438\u043a\u0435 \u0438\u0441\u043f\u043e\u043b\u044c\u0437\u0443\u044e\u0442\u0441\u044f \u0442\u043e\u043b\u044c\u043a\u043e \u0441\u0430\u043c\u044b\u0435 \u0441\u043e\u0432\u0440\u0435\u043c\u0435\u043d\u043d\u044b\u0435 \u0442\u0435\u0445\u043d\u043e\u043b\u043e\u0433\u0438\u0438 \u0438 \u043e\u0431\u043e\u0440\u0443\u0434\u043e\u0432\u0430\u043d\u0438\u0435 \u0434\u043b\u044f \u0434\u0438\u0430\u0433\u043d\u043e\u0441\u0442\u0438\u043a\u0438 \u0438 \u043b\u0435\u0447\u0435\u043d\u0438\u044f, \u0447\u0442\u043e \u043f\u043e\u0437\u0432\u043e\u043b\u044f\u0435\u0442 \u043d\u0430\u043c \u0434\u043e\u0441\u0442\u0438\u0433\u0430\u0442\u044c \u043d\u0430\u0438\u043b\u0443\u0447\u0448\u0438\u0445 \u0440\u0435\u0437\u0443\u043b\u044c\u0442\u0430\u0442\u043e\u0432 \u043f\u0440\u0438 \u043c\u0438\u043d\u0438\u043c\u0430\u043b\u044c\u043d\u044b\u0445 \u0440\u0438\u0441\u043a\u0430\u0445 \u0434\u043b\u044f \u0437\u0434\u043e\u0440\u043e\u0432\u044c\u044f.<\/p><\/li><li><p><strong>Individual approach<\/strong><br \/>We always take into account the characteristics of each patient and offer an individually tailored solution. We take care of your comfort and health at every stage of treatment.<\/p><\/li><li><p><strong>Support at all stages<\/strong><br \/>We provide complete information and support at all stages of treatment. You will always be aware of what is happening and will be able to ask any questions to our specialist.<\/p><\/li><\/ol>\t\t\t\t\t\t\t\t<\/div>\n\t\t\t\t<\/div>\n\t\t\t\t<\/div>\n\t\t\t\t<div class=\"elementor-element elementor-element-8a143b2 elementor-align-center elementor-widget elementor-widget-button\" data-id=\"8a143b2\" data-element_type=\"widget\" data-widget_type=\"button.default\">\n\t\t\t\t\t\t\t\t\t\t<a class=\"elementor-button elementor-button-link elementor-size-sm\" href=\"\/en\/idopontfoglalas\/\">\n\t\t\t\t\t\t<span class=\"elementor-button-content-wrapper\">\n\t\t\t\t\t\t\t\t\t<span class=\"elementor-button-text\">Make an appointment<\/span>\n\t\t\t\t\t<\/span>\n\t\t\t\t\t<\/a>\n\t\t\t\t\t\t\t\t<\/div>\n\t\t\t\t<\/div>\n\t\t\t\t\t<\/div>\n\t\t\t\t<\/div>\n\t\t\t\t<\/div>","protected":false},"excerpt":{"rendered":"<p>Neodent GM Implant\u00e1ci\u00f3 A elveszett fogak helyre\u00e1ll\u00edt\u00e1sa nemcsak eszt\u00e9tikai, hanem eg\u00e9szs\u00e9g\u00fcgyi k\u00e9rd\u00e9s is. A modern fog\u00e1szat sz\u00e1mos megold\u00e1st k\u00edn\u00e1l, \u00e9s ezek k\u00f6z\u00fcl az egyik legjobb a Neodent implant\u00e1tumok. A DNP Dental klinik\u00e1nkon b\u00fcszk\u00e9n k\u00edn\u00e1lunk p\u00e1cienseinknek implant\u00e1ci\u00f3t a Neodent term\u00e9keivel, amelyek megb\u00edzhat\u00f3s\u00e1gukkal \u00e9s tart\u00f3ss\u00e1gukkal bizony\u00edtott\u00e1k magukat a fogsor helyre\u00e1ll\u00edt\u00e1s\u00e1nak kiv\u00e1l\u00f3 megold\u00e1sak\u00e9nt. Mi az a Neodent implant\u00e1tum? &#8230; <a title=\"Neodent GM Straumann Group Implants\" class=\"read-more\" href=\"https:\/\/dnpdental.hu\/en\/neodent-gm-implantacio\/\" aria-label=\"Read more about Neodent GM Implant\u00e1ci\u00f3\">Read more<\/a><\/p>","protected":false},"author":1,"featured_media":0,"parent":0,"menu_order":0,"comment_status":"closed","ping_status":"closed","template":"elementor_header_footer","meta":{"footnotes":""},"class_list":["post-320","page","type-page","status-publish"],"yoast_head":"<!-- This site is optimized with the Yoast SEO Premium plugin v26.2 (Yoast SEO v26.5) - https:\/\/yoast.com\/wordpress\/plugins\/seo\/ -->\n<title>Neodent GM Implant\u00e1ci\u00f3 | DNP Dental<\/title>\n<meta name=\"robots\" content=\"index, follow, max-snippet:-1, max-image-preview:large, max-video-preview:-1\" \/>\n<link rel=\"canonical\" href=\"https:\/\/dnpdental.hu\/en\/neodent-gm-implantacio\/\" \/>\n<meta property=\"og:locale\" content=\"en_GB\" \/>\n<meta property=\"og:type\" content=\"article\" \/>\n<meta property=\"og:title\" content=\"Neodent GM Implant\u00e1ci\u00f3\" \/>\n<meta property=\"og:description\" content=\"Neodent GM Implant\u00e1ci\u00f3 A elveszett fogak helyre\u00e1ll\u00edt\u00e1sa nemcsak eszt\u00e9tikai, hanem eg\u00e9szs\u00e9g\u00fcgyi k\u00e9rd\u00e9s is. A modern fog\u00e1szat sz\u00e1mos megold\u00e1st k\u00edn\u00e1l, \u00e9s ezek k\u00f6z\u00fcl az egyik legjobb a Neodent implant\u00e1tumok. A DNP Dental klinik\u00e1nkon b\u00fcszk\u00e9n k\u00edn\u00e1lunk p\u00e1cienseinknek implant\u00e1ci\u00f3t a Neodent term\u00e9keivel, amelyek megb\u00edzhat\u00f3s\u00e1gukkal \u00e9s tart\u00f3ss\u00e1gukkal bizony\u00edtott\u00e1k magukat a fogsor helyre\u00e1ll\u00edt\u00e1s\u00e1nak kiv\u00e1l\u00f3 megold\u00e1sak\u00e9nt. Mi az a Neodent implant\u00e1tum? ... Read more\" \/>\n<meta property=\"og:url\" content=\"https:\/\/dnpdental.hu\/en\/neodent-gm-implantacio\/\" \/>\n<meta property=\"og:site_name\" content=\"DNP Dental\" \/>\n<meta property=\"article:modified_time\" content=\"2025-11-10T11:48:37+00:00\" \/>\n<meta property=\"og:image\" content=\"https:\/\/newsite.dnpdental.hu\/wp-content\/uploads\/2025\/10\/DSC01085_0gBkF32.webp\" \/>\n<meta name=\"twitter:card\" content=\"summary_large_image\" \/>\n<meta name=\"twitter:label1\" content=\"Estimated reading time\" \/>\n\t<meta name=\"twitter:data1\" content=\"4 minutes\" \/>\n<script type=\"application\/ld+json\" class=\"yoast-schema-graph\">{\"@context\":\"https:\/\/schema.org\",\"@graph\":[{\"@type\":\"WebPage\",\"@id\":\"https:\/\/dnpdental.hu\/neodent-gm-implantacio\/\",\"url\":\"https:\/\/dnpdental.hu\/neodent-gm-implantacio\/\",\"name\":\"Neodent GM Implant\u00e1ci\u00f3 | DNP Dental\",\"isPartOf\":{\"@id\":\"https:\/\/dnpdental.hu\/#website\"},\"primaryImageOfPage\":{\"@id\":\"https:\/\/dnpdental.hu\/neodent-gm-implantacio\/#primaryimage\"},\"image\":{\"@id\":\"https:\/\/dnpdental.hu\/neodent-gm-implantacio\/#primaryimage\"},\"thumbnailUrl\":\"https:\/\/newsite.dnpdental.hu\/wp-content\/uploads\/2025\/10\/DSC01085_0gBkF32.webp\",\"datePublished\":\"2024-12-30T09:38:00+00:00\",\"dateModified\":\"2025-11-10T11:48:37+00:00\",\"breadcrumb\":{\"@id\":\"https:\/\/dnpdental.hu\/neodent-gm-implantacio\/#breadcrumb\"},\"inLanguage\":\"en-GB\",\"potentialAction\":[{\"@type\":\"ReadAction\",\"target\":[\"https:\/\/dnpdental.hu\/neodent-gm-implantacio\/\"]}]},{\"@type\":\"ImageObject\",\"inLanguage\":\"en-GB\",\"@id\":\"https:\/\/dnpdental.hu\/neodent-gm-implantacio\/#primaryimage\",\"url\":\"https:\/\/newsite.dnpdental.hu\/wp-content\/uploads\/2025\/10\/DSC01085_0gBkF32.webp\",\"contentUrl\":\"https:\/\/newsite.dnpdental.hu\/wp-content\/uploads\/2025\/10\/DSC01085_0gBkF32.webp\"},{\"@type\":\"BreadcrumbList\",\"@id\":\"https:\/\/dnpdental.hu\/neodent-gm-implantacio\/#breadcrumb\",\"itemListElement\":[{\"@type\":\"ListItem\",\"position\":1,\"name\":\"Kezd\u0151lap\",\"item\":\"https:\/\/dnpdental.hu\/\"},{\"@type\":\"ListItem\",\"position\":2,\"name\":\"Neodent GM Implant\u00e1ci\u00f3\"}]},{\"@type\":\"WebSite\",\"@id\":\"https:\/\/dnpdental.hu\/#website\",\"url\":\"https:\/\/dnpdental.hu\/\",\"name\":\"DNP Dental\",\"description\":\"\",\"publisher\":{\"@id\":\"https:\/\/dnpdental.hu\/#organization\"},\"potentialAction\":[{\"@type\":\"SearchAction\",\"target\":{\"@type\":\"EntryPoint\",\"urlTemplate\":\"https:\/\/dnpdental.hu\/?s={search_term_string}\"},\"query-input\":{\"@type\":\"PropertyValueSpecification\",\"valueRequired\":true,\"valueName\":\"search_term_string\"}}],\"inLanguage\":\"en-GB\"},{\"@type\":\"Organization\",\"@id\":\"https:\/\/dnpdental.hu\/#organization\",\"name\":\"DNP Dental\",\"url\":\"https:\/\/dnpdental.hu\/\",\"logo\":{\"@type\":\"ImageObject\",\"inLanguage\":\"en-GB\",\"@id\":\"https:\/\/dnpdental.hu\/#\/schema\/logo\/image\/\",\"url\":\"https:\/\/dnpdental.hu\/wp-content\/uploads\/2025\/11\/DNP-10_mini.webp\",\"contentUrl\":\"https:\/\/dnpdental.hu\/wp-content\/uploads\/2025\/11\/DNP-10_mini.webp\",\"width\":420,\"height\":202,\"caption\":\"DNP Dental\"},\"image\":{\"@id\":\"https:\/\/dnpdental.hu\/#\/schema\/logo\/image\/\"}}]}<\/script>\n<!-- \/ Yoast SEO Premium plugin. -->","yoast_head_json":{"title":"Neodent GM Implant\u00e1ci\u00f3 | DNP Dental","robots":{"index":"index","follow":"follow","max-snippet":"max-snippet:-1","max-image-preview":"max-image-preview:large","max-video-preview":"max-video-preview:-1"},"canonical":"https:\/\/dnpdental.hu\/en\/neodent-gm-implantacio\/","og_locale":"en_GB","og_type":"article","og_title":"Neodent GM Implant\u00e1ci\u00f3","og_description":"Neodent GM Implant\u00e1ci\u00f3 A elveszett fogak helyre\u00e1ll\u00edt\u00e1sa nemcsak eszt\u00e9tikai, hanem eg\u00e9szs\u00e9g\u00fcgyi k\u00e9rd\u00e9s is. A modern fog\u00e1szat sz\u00e1mos megold\u00e1st k\u00edn\u00e1l, \u00e9s ezek k\u00f6z\u00fcl az egyik legjobb a Neodent implant\u00e1tumok. A DNP Dental klinik\u00e1nkon b\u00fcszk\u00e9n k\u00edn\u00e1lunk p\u00e1cienseinknek implant\u00e1ci\u00f3t a Neodent term\u00e9keivel, amelyek megb\u00edzhat\u00f3s\u00e1gukkal \u00e9s tart\u00f3ss\u00e1gukkal bizony\u00edtott\u00e1k magukat a fogsor helyre\u00e1ll\u00edt\u00e1s\u00e1nak kiv\u00e1l\u00f3 megold\u00e1sak\u00e9nt. Mi az a Neodent implant\u00e1tum? ... Read more","og_url":"https:\/\/dnpdental.hu\/en\/neodent-gm-implantacio\/","og_site_name":"DNP Dental","article_modified_time":"2025-11-10T11:48:37+00:00","og_image":[{"url":"https:\/\/newsite.dnpdental.hu\/wp-content\/uploads\/2025\/10\/DSC01085_0gBkF32.webp","type":"","width":"","height":""}],"twitter_card":"summary_large_image","twitter_misc":{"Estimated reading time":"4 minutes"},"schema":{"@context":"https:\/\/schema.org","@graph":[{"@type":"WebPage","@id":"https:\/\/dnpdental.hu\/neodent-gm-implantacio\/","url":"https:\/\/dnpdental.hu\/neodent-gm-implantacio\/","name":"Neodent GM Implant\u00e1ci\u00f3 | DNP Dental","isPartOf":{"@id":"https:\/\/dnpdental.hu\/#website"},"primaryImageOfPage":{"@id":"https:\/\/dnpdental.hu\/neodent-gm-implantacio\/#primaryimage"},"image":{"@id":"https:\/\/dnpdental.hu\/neodent-gm-implantacio\/#primaryimage"},"thumbnailUrl":"https:\/\/newsite.dnpdental.hu\/wp-content\/uploads\/2025\/10\/DSC01085_0gBkF32.webp","datePublished":"2024-12-30T09:38:00+00:00","dateModified":"2025-11-10T11:48:37+00:00","breadcrumb":{"@id":"https:\/\/dnpdental.hu\/neodent-gm-implantacio\/#breadcrumb"},"inLanguage":"en-GB","potentialAction":[{"@type":"ReadAction","target":["https:\/\/dnpdental.hu\/neodent-gm-implantacio\/"]}]},{"@type":"ImageObject","inLanguage":"en-GB","@id":"https:\/\/dnpdental.hu\/neodent-gm-implantacio\/#primaryimage","url":"https:\/\/newsite.dnpdental.hu\/wp-content\/uploads\/2025\/10\/DSC01085_0gBkF32.webp","contentUrl":"https:\/\/newsite.dnpdental.hu\/wp-content\/uploads\/2025\/10\/DSC01085_0gBkF32.webp"},{"@type":"BreadcrumbList","@id":"https:\/\/dnpdental.hu\/neodent-gm-implantacio\/#breadcrumb","itemListElement":[{"@type":"ListItem","position":1,"name":"Kezd\u0151lap","item":"https:\/\/dnpdental.hu\/"},{"@type":"ListItem","position":2,"name":"Neodent GM Implant\u00e1ci\u00f3"}]},{"@type":"WebSite","@id":"https:\/\/dnpdental.hu\/#website","url":"https:\/\/dnpdental.hu\/","name":"DNP Dental","description":"","publisher":{"@id":"https:\/\/dnpdental.hu\/#organization"},"potentialAction":[{"@type":"SearchAction","target":{"@type":"EntryPoint","urlTemplate":"https:\/\/dnpdental.hu\/?s={search_term_string}"},"query-input":{"@type":"PropertyValueSpecification","valueRequired":true,"valueName":"search_term_string"}}],"inLanguage":"en-GB"},{"@type":"Organization","@id":"https:\/\/dnpdental.hu\/#organization","name":"DNP Dental","url":"https:\/\/dnpdental.hu\/","logo":{"@type":"ImageObject","inLanguage":"en-GB","@id":"https:\/\/dnpdental.hu\/#\/schema\/logo\/image\/","url":"https:\/\/dnpdental.hu\/wp-content\/uploads\/2025\/11\/DNP-10_mini.webp","contentUrl":"https:\/\/dnpdental.hu\/wp-content\/uploads\/2025\/11\/DNP-10_mini.webp","width":420,"height":202,"caption":"DNP Dental"},"image":{"@id":"https:\/\/dnpdental.hu\/#\/schema\/logo\/image\/"}}]}},"_links":{"self":[{"href":"https:\/\/dnpdental.hu\/en\/wp-json\/wp\/v2\/pages\/320","targetHints":{"allow":["GET"]}}],"collection":[{"href":"https:\/\/dnpdental.hu\/en\/wp-json\/wp\/v2\/pages"}],"about":[{"href":"https:\/\/dnpdental.hu\/en\/wp-json\/wp\/v2\/types\/page"}],"author":[{"embeddable":true,"href":"https:\/\/dnpdental.hu\/en\/wp-json\/wp\/v2\/users\/1"}],"replies":[{"embeddable":true,"href":"https:\/\/dnpdental.hu\/en\/wp-json\/wp\/v2\/comments?post=320"}],"version-history":[{"count":13,"href":"https:\/\/dnpdental.hu\/en\/wp-json\/wp\/v2\/pages\/320\/revisions"}],"predecessor-version":[{"id":1727,"href":"https:\/\/dnpdental.hu\/en\/wp-json\/wp\/v2\/pages\/320\/revisions\/1727"}],"wp:attachment":[{"href":"https:\/\/dnpdental.hu\/en\/wp-json\/wp\/v2\/media?parent=320"}],"curies":[{"name":"wp","href":"https:\/\/api.w.org\/{rel}","templated":true}]}}