{"id":321,"date":"2024-12-28T13:48:00","date_gmt":"2024-12-28T12:48:00","guid":{"rendered":"https:\/\/newsite.dnpdental.hu\/?page_id=321"},"modified":"2025-11-10T10:07:55","modified_gmt":"2025-11-10T09:07:55","slug":"all-on-4-es-all-on-6-fogpotlasok","status":"publish","type":"page","link":"https:\/\/dnpdental.hu\/en\/all-on-4-es-all-on-6-fogpotlasok\/","title":{"rendered":"All-on-4\u2122 \u0438 All-on-6\u2122"},"content":{"rendered":"<div data-elementor-type=\"wp-page\" data-elementor-id=\"321\" class=\"elementor elementor-321\" data-elementor-post-type=\"page\">\n\t\t\t\t<div class=\"elementor-element elementor-element-3e7ee20 e-flex e-con-boxed e-con e-parent\" data-id=\"3e7ee20\" data-element_type=\"container\">\n\t\t\t\t\t<div class=\"e-con-inner\">\n\t\t<div class=\"elementor-element elementor-element-92e0475 e-con-full e-flex e-con e-child\" data-id=\"92e0475\" data-element_type=\"container\">\n\t\t<div class=\"elementor-element elementor-element-f5bd10b e-con-full e-flex e-con e-child\" data-id=\"f5bd10b\" data-element_type=\"container\">\n\t\t<div class=\"elementor-element elementor-element-838c81c e-con-full e-flex e-con e-child\" data-id=\"838c81c\" data-element_type=\"container\">\n\t\t\t\t<div class=\"elementor-element elementor-element-297a2cb elementor-widget elementor-widget-heading\" data-id=\"297a2cb\" data-element_type=\"widget\" data-widget_type=\"heading.default\">\n\t\t\t\t\t<h1 class=\"elementor-heading-title elementor-size-default\">All-on-4\u2122 \u0438 All-on-6\u2122<\/h1>\t\t\t\t<\/div>\n\t\t\t\t<div class=\"elementor-element elementor-element-06e1df5 elementor-widget elementor-widget-heading\" data-id=\"06e1df5\" data-element_type=\"widget\" data-widget_type=\"heading.default\">\n\t\t\t\t\t<h2 class=\"elementor-heading-title elementor-size-default\">The best value-for-money solutions for complete adentia<\/h2>\t\t\t\t<\/div>\n\t\t\t\t<div class=\"elementor-element elementor-element-3ba51a2 elementor-widget elementor-widget-image\" data-id=\"3ba51a2\" data-element_type=\"widget\" data-widget_type=\"image.default\">\n\t\t\t\t\t\t\t\t\t\t\t\t\t\t\t<img fetchpriority=\"high\" decoding=\"async\" width=\"1024\" height=\"297\" src=\"https:\/\/dnpdental.hu\/wp-content\/uploads\/2025\/11\/all_on_4_6_2-1024x297.webp\" class=\"attachment-large size-large wp-image-839\" alt=\"\" srcset=\"https:\/\/dnpdental.hu\/wp-content\/uploads\/2025\/11\/all_on_4_6_2-1024x297.webp 1024w, https:\/\/dnpdental.hu\/wp-content\/uploads\/2025\/11\/all_on_4_6_2-300x87.webp 300w, https:\/\/dnpdental.hu\/wp-content\/uploads\/2025\/11\/all_on_4_6_2-768x223.webp 768w, https:\/\/dnpdental.hu\/wp-content\/uploads\/2025\/11\/all_on_4_6_2-18x5.webp 18w, https:\/\/dnpdental.hu\/wp-content\/uploads\/2025\/11\/all_on_4_6_2.webp 1536w\" sizes=\"(max-width: 1024px) 100vw, 1024px\" \/>\t\t\t\t\t\t\t\t\t\t\t\t\t\t\t<\/div>\n\t\t\t\t<div class=\"elementor-element elementor-element-f7cfd76 elementor-widget elementor-widget-text-editor\" data-id=\"f7cfd76\" data-element_type=\"widget\" data-widget_type=\"text-editor.default\">\n\t\t\t\t\t\t\t\t\t<p>Smile and eat confidently, forget about uncomfortable removable dentures!<\/p><p>The All-on-4\u2122 system is based on installing 4 implants in specific jaw locations to create a three-dimensional trapezoidal force that allows 4 implants to hold a 12-tooth prosthesis. Since fewer implants are installed, it is significantly cheaper compared to other fixed implant solutions.<\/p><p>The All-on-4\u2122 solution provides greater stability in the bone, and also helps to avoid performing some additional operations, such as bone grafting. After the implants are installed, we can immediately establish a temporary dentition, avoiding the inconvenience associated with the complete absence of teeth.<\/p><p>The All-on-6\u2122 implantation is a variation of the All-on-4\u2122 technology, with the difference that instead of 4 implants, 6 are installed in the front of the jaw. The 6-implant option is mainly recommended for the upper jaw.<\/p><p>The All-on-4\u2122 or All-on-6\u2122 implantation methods are also suitable for those who used to wear removable dentures, but found their use inconvenient.<\/p>\t\t\t\t\t\t\t\t<\/div>\n\t\t\t\t<\/div>\n\t\t\t\t<\/div>\n\t\t<div class=\"elementor-element elementor-element-6157ea5 e-con-full e-flex e-con e-child\" data-id=\"6157ea5\" data-element_type=\"container\">\n\t\t\t\t<div class=\"elementor-element elementor-element-ef63fec elementor-widget elementor-widget-heading\" data-id=\"ef63fec\" data-element_type=\"widget\" data-widget_type=\"heading.default\">\n\t\t\t\t\t<h2 class=\"elementor-heading-title elementor-size-default\">Advantages of All-on-4\u2122 and All-on-6\u2122 dentures<\/h2>\t\t\t\t<\/div>\n\t\t\t\t<div class=\"elementor-element elementor-element-a750d65 elementor-widget elementor-widget-text-editor\" data-id=\"a750d65\" data-element_type=\"widget\" data-widget_type=\"text-editor.default\">\n\t\t\t\t\t\t\t\t\t<ul><li><p>Excellent value for money, as it is enough to install only 4 or 6 implants on each jaw for a complete reconstruction of the dentition.<\/p><\/li><li><p>The perfect solution for those who have lost all their teeth.<\/p><\/li><li><p>The treatment avoids bone grafting.<\/p><\/li><li><p>There is no need to use a fixing cream for dentures.<\/p><\/li><li><p>The prosthesis will not loosen, move or swing.<\/p><\/li><li><p>The palate is completely free.<\/p><\/li><li><p>The prosthesis is fixed on the implants.<\/p><\/li><li><p>It can be performed even with long-term absence of teeth and lack of bone.<\/p><\/li><li><p>Easy to care for.<\/p><\/li><li><p>It is executed quickly.<\/p><\/li><\/ul><h3>Do you want to eat and laugh comfortably and freely again?<\/h3>\t\t\t\t\t\t\t\t<\/div>\n\t\t\t\t<\/div>\n\t\t\t\t<div class=\"elementor-element elementor-element-1fec49e elementor-align-center elementor-widget elementor-widget-button\" data-id=\"1fec49e\" data-element_type=\"widget\" data-widget_type=\"button.default\">\n\t\t\t\t\t\t\t\t\t\t<a class=\"elementor-button elementor-button-link elementor-size-sm\" href=\"\/en\/idopontfoglalas\/\">\n\t\t\t\t\t\t<span class=\"elementor-button-content-wrapper\">\n\t\t\t\t\t\t\t\t\t<span class=\"elementor-button-text\">Make an appointment with us<\/span>\n\t\t\t\t\t<\/span>\n\t\t\t\t\t<\/a>\n\t\t\t\t\t\t\t\t<\/div>\n\t\t\t\t<\/div>\n\t\t\t\t\t<\/div>\n\t\t\t\t<\/div>\n\t\t\t\t<\/div>","protected":false},"excerpt":{"rendered":"<p>All-on-4\u2122 \u00e9s All-on-6\u2122 fogp\u00f3tl\u00e1sok A legjobb \u00e1r-\u00e9rt\u00e9k ar\u00e1ny\u00fa fix megold\u00e1sok teljes fogatlans\u00e1g eset\u00e9re Mosolyogjon \u00e9s egyen magabiztosan, felejtse el k\u00e9nyelmetlen kivehet\u0151 prot\u00e9zis\u00e9t! Az All-on-4\u2122 rendszer alapja, hogy 4 implant\u00e1tumot konkr\u00e9t helyekre \u00fcltetnek be az \u00e1llkapocsba, hogy 3 dimenzi\u00f3s trap\u00e9zer\u0151t hozzanak l\u00e9tre, \u00edgy tud a 4 implant\u00e1tum megtartani egy 12 fogb\u00f3l \u00e1ll\u00f3 prot\u00e9zist. Mivel kevesebb implant\u00e1tum &#8230; <a title=\"All-on-4\u2122 \u0438 All-on-6\u2122\" class=\"read-more\" href=\"https:\/\/dnpdental.hu\/en\/all-on-4-es-all-on-6-fogpotlasok\/\" aria-label=\"Read more about All-on-4\u2122 \u00e9s All-on-6\u2122 fogp\u00f3tl\u00e1sok\">Read more<\/a><\/p>","protected":false},"author":1,"featured_media":828,"parent":0,"menu_order":0,"comment_status":"closed","ping_status":"closed","template":"elementor_header_footer","meta":{"footnotes":""},"class_list":["post-321","page","type-page","status-publish","has-post-thumbnail"],"yoast_head":"<!-- This site is optimized with the Yoast SEO Premium plugin v26.2 (Yoast SEO v26.5) - https:\/\/yoast.com\/wordpress\/plugins\/seo\/ -->\n<title>All-on-4\u2122 \u00e9s All-on-6\u2122 fogp\u00f3tl\u00e1sok | DNP Dental<\/title>\n<meta name=\"description\" content=\"A legjobb \u00e1r-\u00e9rt\u00e9k ar\u00e1ny\u00fa fix megold\u00e1sok teljes fogatlans\u00e1g eset\u00e9re\" \/>\n<meta name=\"robots\" content=\"index, follow, max-snippet:-1, max-image-preview:large, max-video-preview:-1\" \/>\n<link rel=\"canonical\" href=\"https:\/\/dnpdental.hu\/en\/all-on-4-es-all-on-6-fogpotlasok\/\" \/>\n<meta property=\"og:locale\" content=\"en_GB\" \/>\n<meta property=\"og:type\" content=\"article\" \/>\n<meta property=\"og:title\" content=\"All-on-4\u2122 \u00e9s All-on-6\u2122 fogp\u00f3tl\u00e1sok\" \/>\n<meta property=\"og:description\" content=\"A legjobb \u00e1r-\u00e9rt\u00e9k ar\u00e1ny\u00fa fix megold\u00e1sok teljes fogatlans\u00e1g eset\u00e9re\" \/>\n<meta property=\"og:url\" content=\"https:\/\/dnpdental.hu\/en\/all-on-4-es-all-on-6-fogpotlasok\/\" \/>\n<meta property=\"og:site_name\" content=\"DNP Dental\" \/>\n<meta property=\"article:modified_time\" content=\"2025-11-10T09:07:55+00:00\" \/>\n<meta property=\"og:image\" content=\"https:\/\/dnpdental.hu\/wp-content\/uploads\/2025\/11\/all_on_4_1.webp\" \/>\n\t<meta property=\"og:image:width\" content=\"700\" \/>\n\t<meta property=\"og:image:height\" content=\"700\" \/>\n\t<meta property=\"og:image:type\" content=\"image\/webp\" \/>\n<meta name=\"twitter:card\" content=\"summary_large_image\" \/>\n<meta name=\"twitter:label1\" content=\"Estimated reading time\" \/>\n\t<meta name=\"twitter:data1\" content=\"2 minutes\" \/>\n<script type=\"application\/ld+json\" class=\"yoast-schema-graph\">{\"@context\":\"https:\/\/schema.org\",\"@graph\":[{\"@type\":\"WebPage\",\"@id\":\"https:\/\/dnpdental.hu\/all-on-4-es-all-on-6-fogpotlasok\/\",\"url\":\"https:\/\/dnpdental.hu\/all-on-4-es-all-on-6-fogpotlasok\/\",\"name\":\"All-on-4\u2122 \u00e9s All-on-6\u2122 fogp\u00f3tl\u00e1sok | DNP Dental\",\"isPartOf\":{\"@id\":\"https:\/\/dnpdental.hu\/#website\"},\"primaryImageOfPage\":{\"@id\":\"https:\/\/dnpdental.hu\/all-on-4-es-all-on-6-fogpotlasok\/#primaryimage\"},\"image\":{\"@id\":\"https:\/\/dnpdental.hu\/all-on-4-es-all-on-6-fogpotlasok\/#primaryimage\"},\"thumbnailUrl\":\"https:\/\/dnpdental.hu\/wp-content\/uploads\/2025\/11\/all_on_4_1.webp\",\"datePublished\":\"2024-12-28T12:48:00+00:00\",\"dateModified\":\"2025-11-10T09:07:55+00:00\",\"description\":\"A legjobb \u00e1r-\u00e9rt\u00e9k ar\u00e1ny\u00fa fix megold\u00e1sok teljes fogatlans\u00e1g eset\u00e9re\",\"breadcrumb\":{\"@id\":\"https:\/\/dnpdental.hu\/all-on-4-es-all-on-6-fogpotlasok\/#breadcrumb\"},\"inLanguage\":\"en-GB\",\"potentialAction\":[{\"@type\":\"ReadAction\",\"target\":[\"https:\/\/dnpdental.hu\/all-on-4-es-all-on-6-fogpotlasok\/\"]}]},{\"@type\":\"ImageObject\",\"inLanguage\":\"en-GB\",\"@id\":\"https:\/\/dnpdental.hu\/all-on-4-es-all-on-6-fogpotlasok\/#primaryimage\",\"url\":\"https:\/\/dnpdental.hu\/wp-content\/uploads\/2025\/11\/all_on_4_1.webp\",\"contentUrl\":\"https:\/\/dnpdental.hu\/wp-content\/uploads\/2025\/11\/all_on_4_1.webp\",\"width\":700,\"height\":700},{\"@type\":\"BreadcrumbList\",\"@id\":\"https:\/\/dnpdental.hu\/all-on-4-es-all-on-6-fogpotlasok\/#breadcrumb\",\"itemListElement\":[{\"@type\":\"ListItem\",\"position\":1,\"name\":\"Kezd\u0151lap\",\"item\":\"https:\/\/dnpdental.hu\/\"},{\"@type\":\"ListItem\",\"position\":2,\"name\":\"All-on-4\u2122 \u00e9s All-on-6\u2122 fogp\u00f3tl\u00e1sok\"}]},{\"@type\":\"WebSite\",\"@id\":\"https:\/\/dnpdental.hu\/#website\",\"url\":\"https:\/\/dnpdental.hu\/\",\"name\":\"DNP Dental\",\"description\":\"\",\"publisher\":{\"@id\":\"https:\/\/dnpdental.hu\/#organization\"},\"potentialAction\":[{\"@type\":\"SearchAction\",\"target\":{\"@type\":\"EntryPoint\",\"urlTemplate\":\"https:\/\/dnpdental.hu\/?s={search_term_string}\"},\"query-input\":{\"@type\":\"PropertyValueSpecification\",\"valueRequired\":true,\"valueName\":\"search_term_string\"}}],\"inLanguage\":\"en-GB\"},{\"@type\":\"Organization\",\"@id\":\"https:\/\/dnpdental.hu\/#organization\",\"name\":\"DNP Dental\",\"url\":\"https:\/\/dnpdental.hu\/\",\"logo\":{\"@type\":\"ImageObject\",\"inLanguage\":\"en-GB\",\"@id\":\"https:\/\/dnpdental.hu\/#\/schema\/logo\/image\/\",\"url\":\"https:\/\/dnpdental.hu\/wp-content\/uploads\/2025\/11\/DNP-10_mini.webp\",\"contentUrl\":\"https:\/\/dnpdental.hu\/wp-content\/uploads\/2025\/11\/DNP-10_mini.webp\",\"width\":420,\"height\":202,\"caption\":\"DNP Dental\"},\"image\":{\"@id\":\"https:\/\/dnpdental.hu\/#\/schema\/logo\/image\/\"}}]}<\/script>\n<!-- \/ Yoast SEO Premium plugin. -->","yoast_head_json":{"title":"All-on-4\u2122 \u00e9s All-on-6\u2122 fogp\u00f3tl\u00e1sok | DNP Dental","description":"The best value-for-money solutions for complete adentia","robots":{"index":"index","follow":"follow","max-snippet":"max-snippet:-1","max-image-preview":"max-image-preview:large","max-video-preview":"max-video-preview:-1"},"canonical":"https:\/\/dnpdental.hu\/en\/all-on-4-es-all-on-6-fogpotlasok\/","og_locale":"en_GB","og_type":"article","og_title":"All-on-4\u2122 \u00e9s All-on-6\u2122 fogp\u00f3tl\u00e1sok","og_description":"A legjobb \u00e1r-\u00e9rt\u00e9k ar\u00e1ny\u00fa fix megold\u00e1sok teljes fogatlans\u00e1g eset\u00e9re","og_url":"https:\/\/dnpdental.hu\/en\/all-on-4-es-all-on-6-fogpotlasok\/","og_site_name":"DNP Dental","article_modified_time":"2025-11-10T09:07:55+00:00","og_image":[{"width":700,"height":700,"url":"https:\/\/dnpdental.hu\/wp-content\/uploads\/2025\/11\/all_on_4_1.webp","type":"image\/webp"}],"twitter_card":"summary_large_image","twitter_misc":{"Estimated reading time":"2 minutes"},"schema":{"@context":"https:\/\/schema.org","@graph":[{"@type":"WebPage","@id":"https:\/\/dnpdental.hu\/all-on-4-es-all-on-6-fogpotlasok\/","url":"https:\/\/dnpdental.hu\/all-on-4-es-all-on-6-fogpotlasok\/","name":"All-on-4\u2122 \u00e9s All-on-6\u2122 fogp\u00f3tl\u00e1sok | DNP Dental","isPartOf":{"@id":"https:\/\/dnpdental.hu\/#website"},"primaryImageOfPage":{"@id":"https:\/\/dnpdental.hu\/all-on-4-es-all-on-6-fogpotlasok\/#primaryimage"},"image":{"@id":"https:\/\/dnpdental.hu\/all-on-4-es-all-on-6-fogpotlasok\/#primaryimage"},"thumbnailUrl":"https:\/\/dnpdental.hu\/wp-content\/uploads\/2025\/11\/all_on_4_1.webp","datePublished":"2024-12-28T12:48:00+00:00","dateModified":"2025-11-10T09:07:55+00:00","description":"The best value-for-money solutions for complete adentia","breadcrumb":{"@id":"https:\/\/dnpdental.hu\/all-on-4-es-all-on-6-fogpotlasok\/#breadcrumb"},"inLanguage":"en-GB","potentialAction":[{"@type":"ReadAction","target":["https:\/\/dnpdental.hu\/all-on-4-es-all-on-6-fogpotlasok\/"]}]},{"@type":"ImageObject","inLanguage":"en-GB","@id":"https:\/\/dnpdental.hu\/all-on-4-es-all-on-6-fogpotlasok\/#primaryimage","url":"https:\/\/dnpdental.hu\/wp-content\/uploads\/2025\/11\/all_on_4_1.webp","contentUrl":"https:\/\/dnpdental.hu\/wp-content\/uploads\/2025\/11\/all_on_4_1.webp","width":700,"height":700},{"@type":"BreadcrumbList","@id":"https:\/\/dnpdental.hu\/all-on-4-es-all-on-6-fogpotlasok\/#breadcrumb","itemListElement":[{"@type":"ListItem","position":1,"name":"Kezd\u0151lap","item":"https:\/\/dnpdental.hu\/"},{"@type":"ListItem","position":2,"name":"All-on-4\u2122 \u00e9s All-on-6\u2122 fogp\u00f3tl\u00e1sok"}]},{"@type":"WebSite","@id":"https:\/\/dnpdental.hu\/#website","url":"https:\/\/dnpdental.hu\/","name":"DNP Dental","description":"","publisher":{"@id":"https:\/\/dnpdental.hu\/#organization"},"potentialAction":[{"@type":"SearchAction","target":{"@type":"EntryPoint","urlTemplate":"https:\/\/dnpdental.hu\/?s={search_term_string}"},"query-input":{"@type":"PropertyValueSpecification","valueRequired":true,"valueName":"search_term_string"}}],"inLanguage":"en-GB"},{"@type":"Organization","@id":"https:\/\/dnpdental.hu\/#organization","name":"DNP Dental","url":"https:\/\/dnpdental.hu\/","logo":{"@type":"ImageObject","inLanguage":"en-GB","@id":"https:\/\/dnpdental.hu\/#\/schema\/logo\/image\/","url":"https:\/\/dnpdental.hu\/wp-content\/uploads\/2025\/11\/DNP-10_mini.webp","contentUrl":"https:\/\/dnpdental.hu\/wp-content\/uploads\/2025\/11\/DNP-10_mini.webp","width":420,"height":202,"caption":"DNP Dental"},"image":{"@id":"https:\/\/dnpdental.hu\/#\/schema\/logo\/image\/"}}]}},"_links":{"self":[{"href":"https:\/\/dnpdental.hu\/en\/wp-json\/wp\/v2\/pages\/321","targetHints":{"allow":["GET"]}}],"collection":[{"href":"https:\/\/dnpdental.hu\/en\/wp-json\/wp\/v2\/pages"}],"about":[{"href":"https:\/\/dnpdental.hu\/en\/wp-json\/wp\/v2\/types\/page"}],"author":[{"embeddable":true,"href":"https:\/\/dnpdental.hu\/en\/wp-json\/wp\/v2\/users\/1"}],"replies":[{"embeddable":true,"href":"https:\/\/dnpdental.hu\/en\/wp-json\/wp\/v2\/comments?post=321"}],"version-history":[{"count":16,"href":"https:\/\/dnpdental.hu\/en\/wp-json\/wp\/v2\/pages\/321\/revisions"}],"predecessor-version":[{"id":1597,"href":"https:\/\/dnpdental.hu\/en\/wp-json\/wp\/v2\/pages\/321\/revisions\/1597"}],"wp:featuredmedia":[{"embeddable":true,"href":"https:\/\/dnpdental.hu\/en\/wp-json\/wp\/v2\/media\/828"}],"wp:attachment":[{"href":"https:\/\/dnpdental.hu\/en\/wp-json\/wp\/v2\/media?parent=321"}],"curies":[{"name":"wp","href":"https:\/\/api.w.org\/{rel}","templated":true}]}}