{"id":322,"date":"2024-12-28T13:47:00","date_gmt":"2024-12-28T12:47:00","guid":{"rendered":"https:\/\/newsite.dnpdental.hu\/?page_id=322"},"modified":"2025-11-10T10:01:56","modified_gmt":"2025-11-10T09:01:56","slug":"8-implantatumon-rogzitett-korhid","status":"publish","type":"page","link":"https:\/\/dnpdental.hu\/en\/8-implantatumon-rogzitett-korhid\/","title":{"rendered":"Circular dental structure fixed on 8 implants"},"content":{"rendered":"<div data-elementor-type=\"wp-page\" data-elementor-id=\"322\" class=\"elementor elementor-322\" data-elementor-post-type=\"page\">\n\t\t\t\t<div class=\"elementor-element elementor-element-cec07eb e-flex e-con-boxed e-con e-parent\" data-id=\"cec07eb\" data-element_type=\"container\">\n\t\t\t\t\t<div class=\"e-con-inner\">\n\t\t<div class=\"elementor-element elementor-element-0441fa1 e-flex e-con-boxed e-con e-child\" data-id=\"0441fa1\" data-element_type=\"container\">\n\t\t\t\t\t<div class=\"e-con-inner\">\n\t\t<div class=\"elementor-element elementor-element-adae741 e-con-full e-flex e-con e-child\" data-id=\"adae741\" data-element_type=\"container\">\n\t\t<div class=\"elementor-element elementor-element-fdcfd87 e-con-full e-flex e-con e-child\" data-id=\"fdcfd87\" data-element_type=\"container\">\n\t\t\t\t<div class=\"elementor-element elementor-element-cc72e35 elementor-widget elementor-widget-heading\" data-id=\"cc72e35\" data-element_type=\"widget\" data-widget_type=\"heading.default\">\n\t\t\t\t\t<h1 class=\"elementor-heading-title elementor-size-default\">Circular dental structure fixed on 8 implants\n<\/h1>\t\t\t\t<\/div>\n\t\t\t\t<div class=\"elementor-element elementor-element-5aa14e0 elementor-widget elementor-widget-heading\" data-id=\"5aa14e0\" data-element_type=\"widget\" data-widget_type=\"heading.default\">\n\t\t\t\t\t<h2 class=\"elementor-heading-title elementor-size-default\">The highest level of implantation solutions in the complete absence of teet...\n<\/h2>\t\t\t\t<\/div>\n\t\t\t\t<div class=\"elementor-element elementor-element-43c901e elementor-widget elementor-widget-text-editor\" data-id=\"43c901e\" data-element_type=\"widget\" data-widget_type=\"text-editor.default\">\n\t\t\t\t\t\t\t\t\t<p>There are several options for rehabilitation in the complete absence of teeth, from a removable prosthesis to a non\u2014removable circular bridge mounted on implants. The quantity and quality of existing bone tissue, the patient's health status, and financial aspects can also influence the preparation of a treatment plan. Thanks to the continuous development of dental implantology, our patients can choose from an increasing number of alternatives.<\/p><p>Those who want to install implants should not delay implantation, as bone resorption occurs over time in place of missing teeth. If there is not enough bone tissue for implantation, then bone grafting will be required, otherwise it will be impossible to produce a fixed prosthesis.<\/p><p>For those who are missing all their teeth, the most stable and closest solution to natural teeth is a fully fixed circular bridge mounted on 8 implants.<\/p>\t\t\t\t\t\t\t\t<\/div>\n\t\t\t\t<\/div>\n\t\t<div class=\"elementor-element elementor-element-604653e e-con-full e-flex e-con e-child\" data-id=\"604653e\" data-element_type=\"container\">\n\t\t\t\t<div class=\"elementor-element elementor-element-d94ba3b elementor-widget elementor-widget-image\" data-id=\"d94ba3b\" data-element_type=\"widget\" data-widget_type=\"image.default\">\n\t\t\t\t\t\t\t\t\t\t\t\t\t\t\t<img fetchpriority=\"high\" decoding=\"async\" width=\"900\" height=\"600\" src=\"https:\/\/dnpdental.hu\/wp-content\/uploads\/2025\/11\/etpimpl1.webp\" class=\"attachment-large size-large wp-image-846\" alt=\"\" srcset=\"https:\/\/dnpdental.hu\/wp-content\/uploads\/2025\/11\/etpimpl1.webp 900w, https:\/\/dnpdental.hu\/wp-content\/uploads\/2025\/11\/etpimpl1-300x200.webp 300w, https:\/\/dnpdental.hu\/wp-content\/uploads\/2025\/11\/etpimpl1-768x512.webp 768w, https:\/\/dnpdental.hu\/wp-content\/uploads\/2025\/11\/etpimpl1-18x12.webp 18w\" sizes=\"(max-width: 900px) 100vw, 900px\" \/>\t\t\t\t\t\t\t\t\t\t\t\t\t\t\t<\/div>\n\t\t\t\t<\/div>\n\t\t\t\t<\/div>\n\t\t\t\t<div class=\"elementor-element elementor-element-0ed6127 elementor-widget elementor-widget-heading\" data-id=\"0ed6127\" data-element_type=\"widget\" data-widget_type=\"heading.default\">\n\t\t\t\t\t<h2 class=\"elementor-heading-title elementor-size-default\">Why do I need 8 implants?<\/h2>\t\t\t\t<\/div>\n\t\t\t\t<div class=\"elementor-element elementor-element-f02f985 elementor-widget elementor-widget-text-editor\" data-id=\"f02f985\" data-element_type=\"widget\" data-widget_type=\"text-editor.default\">\n\t\t\t\t\t\t\t\t\t<p>When fixing a circular bridge on 8 implants, it is possible to fix a bridge consisting of 12-14 teeth, which provides the most natural and stable feeling. Whereas in the case of the All-on-4 solution, when only 4 implants are used, only 10 teeth can be installed. This method is used when there is not enough bone tissue in the area of the back teeth to install implants and it cannot be restored.<\/p><p>The fixation of the circular bridge on 6 implants is also a fully acceptable and common solution. However, it is worth noting that the posterior implants have a much greater load, since the molars account for the main chewing pressure. If you use only 6 implants, the front teeth will be supported by four implants, while the back teeth will be supported by only two. Therefore, the installation of 8 implants provides a more comfortable and stable solution for a long time, especially for the upper jaw.<\/p><p>The number of implants that will be installed depends on the size and shape of the dentition, the quality of the bone, and the type of prosthesis on the opposite jaw.<\/p><p><strong>Do you want to take care of your smile? Come to us for a consultation, and we will find the best solution for you!<\/strong><\/p>\t\t\t\t\t\t\t\t<\/div>\n\t\t\t\t<div class=\"elementor-element elementor-element-7c95521 elementor-align-center elementor-widget elementor-widget-button\" data-id=\"7c95521\" data-element_type=\"widget\" data-widget_type=\"button.default\">\n\t\t\t\t\t\t\t\t\t\t<a class=\"elementor-button elementor-button-link elementor-size-sm\" href=\"\/en\/idopontfoglalas\/\">\n\t\t\t\t\t\t<span class=\"elementor-button-content-wrapper\">\n\t\t\t\t\t\t\t\t\t<span class=\"elementor-button-text\">Make an appointment with us<\/span>\n\t\t\t\t\t<\/span>\n\t\t\t\t\t<\/a>\n\t\t\t\t\t\t\t\t<\/div>\n\t\t\t\t<div class=\"elementor-element elementor-element-3abb481 elementor-widget elementor-widget-heading\" data-id=\"3abb481\" data-element_type=\"widget\" data-widget_type=\"heading.default\">\n\t\t\t\t\t<h2 class=\"elementor-heading-title elementor-size-default\">How does dental implantation work?<\/h2>\t\t\t\t<\/div>\n\t\t\t\t<div class=\"elementor-element elementor-element-86ad145 elementor-widget elementor-widget-text-editor\" data-id=\"86ad145\" data-element_type=\"widget\" data-widget_type=\"text-editor.default\">\n\t\t\t\t\t\t\t\t\t<div class=\"col-lg-8\"><div class=\"department-left serv\"><p>Since the goal is to create a natural-looking and functioning tooth or dentition, it is first necessary to plan the position of the implants to be installed.<\/p><p><strong>1. The first step: Consultation and planning<\/strong><\/p><p>During a personal consultation, you will get to know your doctor, who will make an individual, accurate treatment plan for you. Based on the X-ray, the examination, and your wishes, the doctor will draw up a detailed, personalized treatment plan. For careful implantation planning, 3D CBCT (cone beam computed tomography) must be performed and analyzed in each case.<\/p><p>The treatment plan includes the stages of prosthetics, detailed costs, recovery time intervals between necessary visits, as well as recommendations on the choice of an implant and its location.<\/p><p><strong>2. The second step: The installation of implants<\/strong><\/p><p>The placement of implants in the jaw is painless; the procedure can be performed under local anesthesia or, if necessary, under anesthesia. After surgery, the patient must follow the recommendations and instructions of the doctor in order to wait for the end of the healing period necessary for osseointegration (implant engraftment) and restoration of bone tissue.<\/p><p>If there is not enough bone tissue to install a dental implant, a bone grafting procedure is performed to replace the missing bone. This can be done simultaneously with the implantation, but if significant bone repair is required, a separate surgical operation is performed first.<\/p><p><strong>3. The third step: Making a permanent denture<\/strong><\/p><p>During the 3-6-month healing period after implantation, the implant fuses with the jawbone. At this time, it is also important to maintain perfect oral hygiene, strictly following the doctor's recommendations.<\/p><p>After the end of the healing period, a permanent denture is installed on the implants, which can be made of metal ceramics, zirconium ceramics or monolithic zirconium.<\/p><p>During a personal consultation, a treatment plan will be drawn up that will determine the best solution for you. If possible, our specialist will suggest several alternatives depending on your personal needs and preferences.<\/p><\/div><\/div>\t\t\t\t\t\t\t\t<\/div>\n\t\t\t\t<div class=\"elementor-element elementor-element-2e145ee elementor-widget elementor-widget-text-editor\" data-id=\"2e145ee\" data-element_type=\"widget\" data-widget_type=\"text-editor.default\">\n\t\t\t\t\t\t\t\t\t<div class=\"col-lg-8\"><div class=\"department-left serv\"><p><strong>Any other questions? Write to us!<\/strong><\/p><\/div><\/div>\t\t\t\t\t\t\t\t<\/div>\n\t\t\t\t<div class=\"elementor-element elementor-element-2b1c345 elementor-align-center elementor-widget elementor-widget-button\" data-id=\"2b1c345\" data-element_type=\"widget\" data-widget_type=\"button.default\">\n\t\t\t\t\t\t\t\t\t\t<a class=\"elementor-button elementor-button-link elementor-size-sm\" href=\"\/en\/idopontfoglalas\/\">\n\t\t\t\t\t\t<span class=\"elementor-button-content-wrapper\">\n\t\t\t\t\t\t\t\t\t<span class=\"elementor-button-text\">Kapcsolatfelv\u00e9tel<\/span>\n\t\t\t\t\t<\/span>\n\t\t\t\t\t<\/a>\n\t\t\t\t\t\t\t\t<\/div>\n\t\t\t\t<div class=\"elementor-element elementor-element-4edea38 elementor-widget elementor-widget-heading\" data-id=\"4edea38\" data-element_type=\"widget\" data-widget_type=\"heading.default\">\n\t\t\t\t\t<h2 class=\"elementor-heading-title elementor-size-default\">Did you know?\n<\/h2>\t\t\t\t<\/div>\n\t\t\t\t<div class=\"elementor-element elementor-element-1fda681 elementor-widget elementor-widget-text-editor\" data-id=\"1fda681\" data-element_type=\"widget\" data-widget_type=\"text-editor.default\">\n\t\t\t\t\t\t\t\t\t<p>Regular dental checkups are even more important during dental implantation than during other dental procedures!<\/p><p>Ignoring regular dental checkups is associated with a high risk that any gum infections, periosteum, or bone loss around the implant may be detected too late.<\/p><p>That is why we strongly recommend that you have a dental check-up at least once a year.<\/p>\t\t\t\t\t\t\t\t<\/div>\n\t\t\t\t\t<\/div>\n\t\t\t\t<\/div>\n\t\t\t\t\t<\/div>\n\t\t\t\t<\/div>\n\t\t\t\t<\/div>","protected":false},"excerpt":{"rendered":"<p>8 implant\u00e1tumon r\u00f6gz\u00edtett k\u00f6rh\u00edd A fogbe\u00fcltet\u00e9si megold\u00e1sok cs\u00facsa teljes foghi\u00e1ny eset\u00e9n A fogatlans\u00e1g rehabilit\u00e1ci\u00f3j\u00e1nak k\u00fcl\u00f6nb\u00f6z\u0151 v\u00e1ltozatai vannak a teljes kivehet\u0151 fogsort\u00f3l kezdve eg\u00e9szen az implant\u00e1tumokra r\u00f6gz\u00edtett k\u00f6rh\u00eddig. A megl\u00e9v\u0151 csont\u00e1llom\u00e1ny mennyis\u00e9ge \u00e9s min\u0151s\u00e9ge, a p\u00e1ciens eg\u00e9szs\u00e9gi \u00e1llapota \u00e9s anyagi szempontok is befoly\u00e1solhatj\u00e1k a kezel\u00e9si terv fel\u00e9p\u00edt\u00e9s\u00e9t. A fog\u00e1szati implantol\u00f3gia folyamatos fejl\u0151d\u00e9s\u00e9nek k\u00f6sz\u00f6nhet\u0151en egyre t\u00f6bb alternat\u00edva &#8230; <a title=\"Circular dental structure fixed on 8 implants\" class=\"read-more\" href=\"https:\/\/dnpdental.hu\/en\/8-implantatumon-rogzitett-korhid\/\" aria-label=\"Read more about 8 implant\u00e1tumon r\u00f6gz\u00edtett k\u00f6rh\u00edd\">Read more<\/a><\/p>","protected":false},"author":1,"featured_media":0,"parent":0,"menu_order":0,"comment_status":"closed","ping_status":"closed","template":"elementor_header_footer","meta":{"footnotes":""},"class_list":["post-322","page","type-page","status-publish"],"yoast_head":"<!-- This site is optimized with the Yoast SEO Premium plugin v26.2 (Yoast SEO v26.5) - https:\/\/yoast.com\/wordpress\/plugins\/seo\/ -->\n<title>8 implant\u00e1tumon r\u00f6gz\u00edtett k\u00f6rh\u00edd | DNP Dental<\/title>\n<meta name=\"description\" content=\"A fogbe\u00fcltet\u00e9si megold\u00e1sok cs\u00facsa teljes foghi\u00e1ny eset\u00e9n\" \/>\n<meta name=\"robots\" content=\"index, follow, max-snippet:-1, max-image-preview:large, max-video-preview:-1\" \/>\n<link rel=\"canonical\" href=\"https:\/\/dnpdental.hu\/en\/8-implantatumon-rogzitett-korhid\/\" \/>\n<meta property=\"og:locale\" content=\"en_GB\" \/>\n<meta property=\"og:type\" content=\"article\" \/>\n<meta property=\"og:title\" content=\"8 implant\u00e1tumon r\u00f6gz\u00edtett k\u00f6rh\u00edd\" \/>\n<meta property=\"og:description\" content=\"A fogbe\u00fcltet\u00e9si megold\u00e1sok cs\u00facsa teljes foghi\u00e1ny eset\u00e9n\" \/>\n<meta property=\"og:url\" content=\"https:\/\/dnpdental.hu\/en\/8-implantatumon-rogzitett-korhid\/\" \/>\n<meta property=\"og:site_name\" content=\"DNP Dental\" \/>\n<meta property=\"article:modified_time\" content=\"2025-11-10T09:01:56+00:00\" \/>\n<meta property=\"og:image\" content=\"https:\/\/newsite.dnpdental.hu\/wp-content\/uploads\/2025\/11\/etpimpl1.webp\" \/>\n<meta name=\"twitter:card\" content=\"summary_large_image\" \/>\n<meta name=\"twitter:label1\" content=\"Estimated reading time\" \/>\n\t<meta name=\"twitter:data1\" content=\"4 minutes\" \/>\n<script type=\"application\/ld+json\" class=\"yoast-schema-graph\">{\"@context\":\"https:\/\/schema.org\",\"@graph\":[{\"@type\":\"WebPage\",\"@id\":\"https:\/\/dnpdental.hu\/8-implantatumon-rogzitett-korhid\/\",\"url\":\"https:\/\/dnpdental.hu\/8-implantatumon-rogzitett-korhid\/\",\"name\":\"8 implant\u00e1tumon r\u00f6gz\u00edtett k\u00f6rh\u00edd | DNP Dental\",\"isPartOf\":{\"@id\":\"https:\/\/dnpdental.hu\/#website\"},\"primaryImageOfPage\":{\"@id\":\"https:\/\/dnpdental.hu\/8-implantatumon-rogzitett-korhid\/#primaryimage\"},\"image\":{\"@id\":\"https:\/\/dnpdental.hu\/8-implantatumon-rogzitett-korhid\/#primaryimage\"},\"thumbnailUrl\":\"https:\/\/newsite.dnpdental.hu\/wp-content\/uploads\/2025\/11\/etpimpl1.webp\",\"datePublished\":\"2024-12-28T12:47:00+00:00\",\"dateModified\":\"2025-11-10T09:01:56+00:00\",\"description\":\"A fogbe\u00fcltet\u00e9si megold\u00e1sok cs\u00facsa teljes foghi\u00e1ny eset\u00e9n\",\"breadcrumb\":{\"@id\":\"https:\/\/dnpdental.hu\/8-implantatumon-rogzitett-korhid\/#breadcrumb\"},\"inLanguage\":\"en-GB\",\"potentialAction\":[{\"@type\":\"ReadAction\",\"target\":[\"https:\/\/dnpdental.hu\/8-implantatumon-rogzitett-korhid\/\"]}]},{\"@type\":\"ImageObject\",\"inLanguage\":\"en-GB\",\"@id\":\"https:\/\/dnpdental.hu\/8-implantatumon-rogzitett-korhid\/#primaryimage\",\"url\":\"https:\/\/newsite.dnpdental.hu\/wp-content\/uploads\/2025\/11\/etpimpl1.webp\",\"contentUrl\":\"https:\/\/newsite.dnpdental.hu\/wp-content\/uploads\/2025\/11\/etpimpl1.webp\"},{\"@type\":\"BreadcrumbList\",\"@id\":\"https:\/\/dnpdental.hu\/8-implantatumon-rogzitett-korhid\/#breadcrumb\",\"itemListElement\":[{\"@type\":\"ListItem\",\"position\":1,\"name\":\"Kezd\u0151lap\",\"item\":\"https:\/\/dnpdental.hu\/\"},{\"@type\":\"ListItem\",\"position\":2,\"name\":\"8 implant\u00e1tumon r\u00f6gz\u00edtett k\u00f6rh\u00edd\"}]},{\"@type\":\"WebSite\",\"@id\":\"https:\/\/dnpdental.hu\/#website\",\"url\":\"https:\/\/dnpdental.hu\/\",\"name\":\"DNP Dental\",\"description\":\"\",\"publisher\":{\"@id\":\"https:\/\/dnpdental.hu\/#organization\"},\"potentialAction\":[{\"@type\":\"SearchAction\",\"target\":{\"@type\":\"EntryPoint\",\"urlTemplate\":\"https:\/\/dnpdental.hu\/?s={search_term_string}\"},\"query-input\":{\"@type\":\"PropertyValueSpecification\",\"valueRequired\":true,\"valueName\":\"search_term_string\"}}],\"inLanguage\":\"en-GB\"},{\"@type\":\"Organization\",\"@id\":\"https:\/\/dnpdental.hu\/#organization\",\"name\":\"DNP Dental\",\"url\":\"https:\/\/dnpdental.hu\/\",\"logo\":{\"@type\":\"ImageObject\",\"inLanguage\":\"en-GB\",\"@id\":\"https:\/\/dnpdental.hu\/#\/schema\/logo\/image\/\",\"url\":\"https:\/\/dnpdental.hu\/wp-content\/uploads\/2025\/11\/DNP-10_mini.webp\",\"contentUrl\":\"https:\/\/dnpdental.hu\/wp-content\/uploads\/2025\/11\/DNP-10_mini.webp\",\"width\":420,\"height\":202,\"caption\":\"DNP Dental\"},\"image\":{\"@id\":\"https:\/\/dnpdental.hu\/#\/schema\/logo\/image\/\"}}]}<\/script>\n<!-- \/ Yoast SEO Premium plugin. -->","yoast_head_json":{"title":"8 implant\u00e1tumon r\u00f6gz\u00edtett k\u00f6rh\u00edd | DNP Dental","description":"The highest level of implantation solutions in the complete absence of teet...","robots":{"index":"index","follow":"follow","max-snippet":"max-snippet:-1","max-image-preview":"max-image-preview:large","max-video-preview":"max-video-preview:-1"},"canonical":"https:\/\/dnpdental.hu\/en\/8-implantatumon-rogzitett-korhid\/","og_locale":"en_GB","og_type":"article","og_title":"8 implant\u00e1tumon r\u00f6gz\u00edtett k\u00f6rh\u00edd","og_description":"A fogbe\u00fcltet\u00e9si megold\u00e1sok cs\u00facsa teljes foghi\u00e1ny eset\u00e9n","og_url":"https:\/\/dnpdental.hu\/en\/8-implantatumon-rogzitett-korhid\/","og_site_name":"DNP Dental","article_modified_time":"2025-11-10T09:01:56+00:00","og_image":[{"url":"https:\/\/newsite.dnpdental.hu\/wp-content\/uploads\/2025\/11\/etpimpl1.webp","type":"","width":"","height":""}],"twitter_card":"summary_large_image","twitter_misc":{"Estimated reading time":"4 minutes"},"schema":{"@context":"https:\/\/schema.org","@graph":[{"@type":"WebPage","@id":"https:\/\/dnpdental.hu\/8-implantatumon-rogzitett-korhid\/","url":"https:\/\/dnpdental.hu\/8-implantatumon-rogzitett-korhid\/","name":"8 implant\u00e1tumon r\u00f6gz\u00edtett k\u00f6rh\u00edd | DNP Dental","isPartOf":{"@id":"https:\/\/dnpdental.hu\/#website"},"primaryImageOfPage":{"@id":"https:\/\/dnpdental.hu\/8-implantatumon-rogzitett-korhid\/#primaryimage"},"image":{"@id":"https:\/\/dnpdental.hu\/8-implantatumon-rogzitett-korhid\/#primaryimage"},"thumbnailUrl":"https:\/\/newsite.dnpdental.hu\/wp-content\/uploads\/2025\/11\/etpimpl1.webp","datePublished":"2024-12-28T12:47:00+00:00","dateModified":"2025-11-10T09:01:56+00:00","description":"The highest level of implantation solutions in the complete absence of teet...","breadcrumb":{"@id":"https:\/\/dnpdental.hu\/8-implantatumon-rogzitett-korhid\/#breadcrumb"},"inLanguage":"en-GB","potentialAction":[{"@type":"ReadAction","target":["https:\/\/dnpdental.hu\/8-implantatumon-rogzitett-korhid\/"]}]},{"@type":"ImageObject","inLanguage":"en-GB","@id":"https:\/\/dnpdental.hu\/8-implantatumon-rogzitett-korhid\/#primaryimage","url":"https:\/\/newsite.dnpdental.hu\/wp-content\/uploads\/2025\/11\/etpimpl1.webp","contentUrl":"https:\/\/newsite.dnpdental.hu\/wp-content\/uploads\/2025\/11\/etpimpl1.webp"},{"@type":"BreadcrumbList","@id":"https:\/\/dnpdental.hu\/8-implantatumon-rogzitett-korhid\/#breadcrumb","itemListElement":[{"@type":"ListItem","position":1,"name":"Kezd\u0151lap","item":"https:\/\/dnpdental.hu\/"},{"@type":"ListItem","position":2,"name":"8 implant\u00e1tumon r\u00f6gz\u00edtett k\u00f6rh\u00edd"}]},{"@type":"WebSite","@id":"https:\/\/dnpdental.hu\/#website","url":"https:\/\/dnpdental.hu\/","name":"DNP Dental","description":"","publisher":{"@id":"https:\/\/dnpdental.hu\/#organization"},"potentialAction":[{"@type":"SearchAction","target":{"@type":"EntryPoint","urlTemplate":"https:\/\/dnpdental.hu\/?s={search_term_string}"},"query-input":{"@type":"PropertyValueSpecification","valueRequired":true,"valueName":"search_term_string"}}],"inLanguage":"en-GB"},{"@type":"Organization","@id":"https:\/\/dnpdental.hu\/#organization","name":"DNP Dental","url":"https:\/\/dnpdental.hu\/","logo":{"@type":"ImageObject","inLanguage":"en-GB","@id":"https:\/\/dnpdental.hu\/#\/schema\/logo\/image\/","url":"https:\/\/dnpdental.hu\/wp-content\/uploads\/2025\/11\/DNP-10_mini.webp","contentUrl":"https:\/\/dnpdental.hu\/wp-content\/uploads\/2025\/11\/DNP-10_mini.webp","width":420,"height":202,"caption":"DNP Dental"},"image":{"@id":"https:\/\/dnpdental.hu\/#\/schema\/logo\/image\/"}}]}},"_links":{"self":[{"href":"https:\/\/dnpdental.hu\/en\/wp-json\/wp\/v2\/pages\/322","targetHints":{"allow":["GET"]}}],"collection":[{"href":"https:\/\/dnpdental.hu\/en\/wp-json\/wp\/v2\/pages"}],"about":[{"href":"https:\/\/dnpdental.hu\/en\/wp-json\/wp\/v2\/types\/page"}],"author":[{"embeddable":true,"href":"https:\/\/dnpdental.hu\/en\/wp-json\/wp\/v2\/users\/1"}],"replies":[{"embeddable":true,"href":"https:\/\/dnpdental.hu\/en\/wp-json\/wp\/v2\/comments?post=322"}],"version-history":[{"count":20,"href":"https:\/\/dnpdental.hu\/en\/wp-json\/wp\/v2\/pages\/322\/revisions"}],"predecessor-version":[{"id":1986,"href":"https:\/\/dnpdental.hu\/en\/wp-json\/wp\/v2\/pages\/322\/revisions\/1986"}],"wp:attachment":[{"href":"https:\/\/dnpdental.hu\/en\/wp-json\/wp\/v2\/media?parent=322"}],"curies":[{"name":"wp","href":"https:\/\/api.w.org\/{rel}","templated":true}]}}