{"id":52,"date":"2024-12-26T14:52:00","date_gmt":"2024-12-26T13:52:00","guid":{"rendered":"https:\/\/newsite.dnpdental.hu\/?page_id=52"},"modified":"2025-11-10T10:26:54","modified_gmt":"2025-11-10T09:26:54","slug":"fogaszati-hidak","status":"publish","type":"page","link":"https:\/\/dnpdental.hu\/en\/fogaszati-hidak\/","title":{"rendered":"Dental bridges"},"content":{"rendered":"<div data-elementor-type=\"wp-page\" data-elementor-id=\"52\" class=\"elementor elementor-52\" data-elementor-post-type=\"page\">\n\t\t\t\t<div class=\"elementor-element elementor-element-52ebffb e-flex e-con-boxed e-con e-parent\" data-id=\"52ebffb\" data-element_type=\"container\">\n\t\t\t\t\t<div class=\"e-con-inner\">\n\t\t<div class=\"elementor-element elementor-element-11d5926 e-con-full e-flex e-con e-child\" data-id=\"11d5926\" data-element_type=\"container\">\n\t\t<div class=\"elementor-element elementor-element-4196b40 e-con-full e-flex e-con e-child\" data-id=\"4196b40\" data-element_type=\"container\">\n\t\t<div class=\"elementor-element elementor-element-06a87ea e-con-full e-flex e-con e-child\" data-id=\"06a87ea\" data-element_type=\"container\">\n\t\t\t\t<div class=\"elementor-element elementor-element-a5c9a3c elementor-widget elementor-widget-heading\" data-id=\"a5c9a3c\" data-element_type=\"widget\" data-widget_type=\"heading.default\">\n\t\t\t\t\t<h1 class=\"elementor-heading-title elementor-size-default\">Dental bridges<\/h1>\t\t\t\t<\/div>\n\t\t\t\t<div class=\"elementor-element elementor-element-d743fee elementor-widget elementor-widget-heading\" data-id=\"d743fee\" data-element_type=\"widget\" data-widget_type=\"heading.default\">\n\t\t\t\t\t<h2 class=\"elementor-heading-title elementor-size-default\">Dental bridge:\nthe fastest solution for dental replacement<\/h2>\t\t\t\t<\/div>\n\t\t\t\t<div class=\"elementor-element elementor-element-6e81b43 elementor-widget elementor-widget-text-editor\" data-id=\"6e81b43\" data-element_type=\"widget\" data-widget_type=\"text-editor.default\">\n\t\t\t\t\t\t\t\t\t<p class=\"translation-block\">Are you suffering from tooth loss and want to restore your lost teeth quickly? Dental bridges are the solution!<\/p><p>Dental bridge is recommended for replacing one or more teeth to eliminate aesthetic problems caused by missing teeth and restore chewing and speech functions.<\/p><p>The bridge consists of crowns attached to supporting teeth, which can be either natural or mounted on implants. The gap is filled with artificial teeth, which are called the \"bridge part\".<br \/><br \/><strong>Fortunately, there are several solutions for replacing lost or removed teeth today:<\/strong><\/p><ul><li>Dental bridge (and its supporting elements \u2014 dental crowns)<\/li><li>Partial or complete removable prosthesis<\/li><li>Dental implants.<\/li><\/ul><p><strong>In order for our dentist to determine which option will be most suitable for you, you will definitely need a consultation combined with an assessment of your condition.<\/strong><\/p>\t\t\t\t\t\t\t\t<\/div>\n\t\t\t\t<\/div>\n\t\t\t\t<div class=\"elementor-element elementor-element-8e73086 elementor-widget elementor-widget-image\" data-id=\"8e73086\" data-element_type=\"widget\" data-widget_type=\"image.default\">\n\t\t\t\t\t\t\t\t\t\t\t\t\t\t\t<img fetchpriority=\"high\" decoding=\"async\" width=\"720\" height=\"480\" src=\"https:\/\/dnpdental.hu\/wp-content\/uploads\/2025\/11\/bridge_1.webp\" class=\"attachment-large size-large wp-image-772\" alt=\"\" srcset=\"https:\/\/dnpdental.hu\/wp-content\/uploads\/2025\/11\/bridge_1.webp 720w, https:\/\/dnpdental.hu\/wp-content\/uploads\/2025\/11\/bridge_1-300x200.webp 300w, https:\/\/dnpdental.hu\/wp-content\/uploads\/2025\/11\/bridge_1-18x12.webp 18w\" sizes=\"(max-width: 720px) 100vw, 720px\" \/>\t\t\t\t\t\t\t\t\t\t\t\t\t\t\t<\/div>\n\t\t\t\t<\/div>\n\t\t<div class=\"elementor-element elementor-element-c14ae04 e-con-full e-flex e-con e-child\" data-id=\"c14ae04\" data-element_type=\"container\">\n\t\t\t\t<div class=\"elementor-element elementor-element-459b81f elementor-widget elementor-widget-button\" data-id=\"459b81f\" data-element_type=\"widget\" data-widget_type=\"button.default\">\n\t\t\t\t\t\t\t\t\t\t<a class=\"elementor-button elementor-button-link elementor-size-sm\" href=\"\/en\/idopontfoglalas\/\">\n\t\t\t\t\t\t<span class=\"elementor-button-content-wrapper\">\n\t\t\t\t\t\t\t\t\t<span class=\"elementor-button-text\">Make an appointment with us<\/span>\n\t\t\t\t\t<\/span>\n\t\t\t\t\t<\/a>\n\t\t\t\t\t\t\t\t<\/div>\n\t\t\t\t<\/div>\n\t\t<div class=\"elementor-element elementor-element-de5afd0 e-con-full e-flex e-con e-child\" data-id=\"de5afd0\" data-element_type=\"container\">\n\t\t\t\t<div class=\"elementor-element elementor-element-fde6917 elementor-widget__width-initial elementor-widget-tablet__width-inherit elementor-widget elementor-widget-image\" data-id=\"fde6917\" data-element_type=\"widget\" data-widget_type=\"image.default\">\n\t\t\t\t\t\t\t\t\t\t\t\t\t\t\t<img decoding=\"async\" width=\"900\" height=\"600\" src=\"https:\/\/dnpdental.hu\/wp-content\/uploads\/2025\/11\/bridge_2.webp\" class=\"attachment-large size-large wp-image-773\" alt=\"\" srcset=\"https:\/\/dnpdental.hu\/wp-content\/uploads\/2025\/11\/bridge_2.webp 900w, https:\/\/dnpdental.hu\/wp-content\/uploads\/2025\/11\/bridge_2-300x200.webp 300w, https:\/\/dnpdental.hu\/wp-content\/uploads\/2025\/11\/bridge_2-768x512.webp 768w, https:\/\/dnpdental.hu\/wp-content\/uploads\/2025\/11\/bridge_2-18x12.webp 18w\" sizes=\"(max-width: 900px) 100vw, 900px\" \/>\t\t\t\t\t\t\t\t\t\t\t\t\t\t\t<\/div>\n\t\t<div class=\"elementor-element elementor-element-aff1771 e-con-full e-flex e-con e-child\" data-id=\"aff1771\" data-element_type=\"container\">\n\t\t\t\t<div class=\"elementor-element elementor-element-5de7361 elementor-widget elementor-widget-heading\" data-id=\"5de7361\" data-element_type=\"widget\" data-widget_type=\"heading.default\">\n\t\t\t\t\t<h2 class=\"elementor-heading-title elementor-size-default\">Why is it important to eliminate tooth deficiency?<\/h2>\t\t\t\t<\/div>\n\t\t\t\t<div class=\"elementor-element elementor-element-b7292e8 elementor-widget elementor-widget-text-editor\" data-id=\"b7292e8\" data-element_type=\"widget\" data-widget_type=\"text-editor.default\">\n\t\t\t\t\t\t\t\t\t<p>Due to lack of teeth, the following problems may occur:<\/p><ul><li>The bone tissue under the missing area may begin to atrophy and weaken.<\/li><li>An area without protection can become inflamed more easily.<\/li><li>The teeth next to the empty space may tilt towards the missing tooth.<\/li><li>The gum in this area may become more vulnerable.<\/li><li>The effectiveness of chewing is reduced.<\/li><li>Unilateral chewing may occur, which puts strain on the jaw joints.<\/li><\/ul>\t\t\t\t\t\t\t\t<\/div>\n\t\t\t\t<\/div>\n\t\t\t\t<\/div>\n\t\t<div class=\"elementor-element elementor-element-24fdb5c e-con-full e-flex e-con e-child\" data-id=\"24fdb5c\" data-element_type=\"container\">\n\t\t<div class=\"elementor-element elementor-element-36cc234 e-con-full e-flex e-con e-child\" data-id=\"36cc234\" data-element_type=\"container\">\n\t\t\t\t<div class=\"elementor-element elementor-element-99557d1 elementor-widget elementor-widget-heading\" data-id=\"99557d1\" data-element_type=\"widget\" data-widget_type=\"heading.default\">\n\t\t\t\t\t<h2 class=\"elementor-heading-title elementor-size-default\">Types of bridges<\/h2>\t\t\t\t<\/div>\n\t\t\t\t<div class=\"elementor-element elementor-element-d5a4d8f elementor-widget elementor-widget-text-editor\" data-id=\"d5a4d8f\" data-element_type=\"widget\" data-widget_type=\"text-editor.default\">\n\t\t\t\t\t\t\t\t\t<div class=\"col-lg-8\"><p>Depending on the bridge design, bridges based on adjacent teeth are distinguished from bridges mounted on implants.<\/p><p>In the first case, the lack of teeth is solved with the help of dental bridges that rest on the surrounding teeth. However, in order for a dental bridge to be made on adjacent teeth, they must be completely healthy, whole and stable so that they can be used as supporting elements.<\/p><p>A bridge mounted on your own teeth is a quick solution and provides an ideal aesthetic effect. The surface of the teeth that will be supported must be treated before installation, which does not endanger their health.<\/p><p>If this solution is not possible, our experts will offer you another option.<\/p><p>Thanks to modern dental technologies, dental bridges can now also be easily installed on implants. One of the main advantages of implant-based bridges is that they can reliably restore several missing teeth with an optimal number of implants. This procedure is an ideal solution even in case of complete tooth shortage using the so-called circular bridge.<\/p><p>In the case of implant-supported bridges, there is no need to grind healthy teeth next to an empty space, and they provide a more stable solution that can serve without problems for decades. In addition, the load on the bone tissue in the area of missing teeth will be uniform, which helps to avoid its atrophy and weakening.<\/p><\/div>\t\t\t\t\t\t\t\t<\/div>\n\t\t\t\t<div class=\"elementor-element elementor-element-74af023 elementor-align-center elementor-widget elementor-widget-button\" data-id=\"74af023\" data-element_type=\"widget\" data-widget_type=\"button.default\">\n\t\t\t\t\t\t\t\t\t\t<a class=\"elementor-button elementor-button-link elementor-size-sm\" href=\"\/en\/idopontfoglalas\/\">\n\t\t\t\t\t\t<span class=\"elementor-button-content-wrapper\">\n\t\t\t\t\t\t\t\t\t<span class=\"elementor-button-text\">Make an appointment with us<\/span>\n\t\t\t\t\t<\/span>\n\t\t\t\t\t<\/a>\n\t\t\t\t\t\t\t\t<\/div>\n\t\t\t\t<\/div>\n\t\t\t\t<div class=\"elementor-element elementor-element-13b6c0b elementor-widget__width-inherit elementor-widget elementor-widget-image\" data-id=\"13b6c0b\" data-element_type=\"widget\" data-widget_type=\"image.default\">\n\t\t\t\t\t\t\t\t\t\t\t\t\t\t\t<img decoding=\"async\" width=\"1024\" height=\"640\" src=\"https:\/\/dnpdental.hu\/wp-content\/uploads\/2025\/11\/bridge_3.webp\" class=\"attachment-large size-large wp-image-774\" alt=\"\" srcset=\"https:\/\/dnpdental.hu\/wp-content\/uploads\/2025\/11\/bridge_3.webp 1024w, https:\/\/dnpdental.hu\/wp-content\/uploads\/2025\/11\/bridge_3-300x188.webp 300w, https:\/\/dnpdental.hu\/wp-content\/uploads\/2025\/11\/bridge_3-768x480.webp 768w, https:\/\/dnpdental.hu\/wp-content\/uploads\/2025\/11\/bridge_3-18x12.webp 18w\" sizes=\"(max-width: 1024px) 100vw, 1024px\" \/>\t\t\t\t\t\t\t\t\t\t\t\t\t\t\t<\/div>\n\t\t\t\t<\/div>\n\t\t\t\t<\/div>\n\t\t\t\t\t<\/div>\n\t\t\t\t<\/div>\n\t\t\t\t<\/div>","protected":false},"excerpt":{"rendered":"<p>Fog\u00e1szati hidak Fog\u00e1szati h\u00edd: a leggyorsabb megold\u00e1s foghi\u00e1nyra Foghi\u00e1nnyal k\u00fczd \u00e9s gyorsan szeretn\u00e9 p\u00f3toltatni hi\u00e1nyz\u00f3 fog\u00e1t\/fogait?\u00a0A fog\u00e1szati hidak jelentik a megold\u00e1st! Egy vagy t\u00f6bb fog p\u00f3tl\u00e1s\u00e1ra aj\u00e1nlott hidat alkalmazni annak \u00e9rdek\u00e9ben, hogy elt\u00fcntess\u00fck a hi\u00e1nyb\u00f3l ad\u00f3d\u00f3 eszt\u00e9tikai probl\u00e9m\u00e1kat \u00e9s helyre\u00e1ll\u00edtsuk a r\u00e1g\u00e1s- \u00e9s besz\u00e9dfunkci\u00f3t. A h\u00edd tart\u00f3pill\u00e9rre ragasztott koron\u00e1b\u00f3l \u00e1ll, mely lehet term\u00e9szetes fogon, vagy &#8230; <a title=\"Dental bridges\" class=\"read-more\" href=\"https:\/\/dnpdental.hu\/en\/fogaszati-hidak\/\" aria-label=\"Read more about Fog\u00e1szati hidak\">Read more<\/a><\/p>","protected":false},"author":1,"featured_media":0,"parent":0,"menu_order":0,"comment_status":"closed","ping_status":"closed","template":"elementor_header_footer","meta":{"footnotes":""},"class_list":["post-52","page","type-page","status-publish"],"yoast_head":"<!-- This site is optimized with the Yoast SEO Premium plugin v26.2 (Yoast SEO v26.5) - https:\/\/yoast.com\/wordpress\/plugins\/seo\/ -->\n<title>Fog\u00e1szati hidak - DNP Dental<\/title>\n<meta name=\"robots\" content=\"index, follow, max-snippet:-1, max-image-preview:large, max-video-preview:-1\" \/>\n<link rel=\"canonical\" href=\"https:\/\/dnpdental.hu\/en\/fogaszati-hidak\/\" \/>\n<meta property=\"og:locale\" content=\"en_GB\" \/>\n<meta property=\"og:type\" content=\"article\" \/>\n<meta property=\"og:title\" content=\"Fog\u00e1szati hidak\" \/>\n<meta property=\"og:description\" content=\"Fog\u00e1szati hidak Fog\u00e1szati h\u00edd: a leggyorsabb megold\u00e1s foghi\u00e1nyra Foghi\u00e1nnyal k\u00fczd \u00e9s gyorsan szeretn\u00e9 p\u00f3toltatni hi\u00e1nyz\u00f3 fog\u00e1t\/fogait?\u00a0A fog\u00e1szati hidak jelentik a megold\u00e1st! Egy vagy t\u00f6bb fog p\u00f3tl\u00e1s\u00e1ra aj\u00e1nlott hidat alkalmazni annak \u00e9rdek\u00e9ben, hogy elt\u00fcntess\u00fck a hi\u00e1nyb\u00f3l ad\u00f3d\u00f3 eszt\u00e9tikai probl\u00e9m\u00e1kat \u00e9s helyre\u00e1ll\u00edtsuk a r\u00e1g\u00e1s- \u00e9s besz\u00e9dfunkci\u00f3t. A h\u00edd tart\u00f3pill\u00e9rre ragasztott koron\u00e1b\u00f3l \u00e1ll, mely lehet term\u00e9szetes fogon, vagy ... Read more\" \/>\n<meta property=\"og:url\" content=\"https:\/\/dnpdental.hu\/en\/fogaszati-hidak\/\" \/>\n<meta property=\"og:site_name\" content=\"DNP Dental\" \/>\n<meta property=\"article:modified_time\" content=\"2025-11-10T09:26:54+00:00\" \/>\n<meta property=\"og:image\" content=\"https:\/\/newsite.dnpdental.hu\/wp-content\/uploads\/2025\/11\/bridge_1.webp\" \/>\n<meta name=\"twitter:card\" content=\"summary_large_image\" \/>\n<meta name=\"twitter:label1\" content=\"Estimated reading time\" \/>\n\t<meta name=\"twitter:data1\" content=\"2 minutes\" \/>\n<script type=\"application\/ld+json\" class=\"yoast-schema-graph\">{\"@context\":\"https:\/\/schema.org\",\"@graph\":[{\"@type\":\"WebPage\",\"@id\":\"https:\/\/dnpdental.hu\/fogaszati-hidak\/\",\"url\":\"https:\/\/dnpdental.hu\/fogaszati-hidak\/\",\"name\":\"Fog\u00e1szati hidak - DNP Dental\",\"isPartOf\":{\"@id\":\"https:\/\/dnpdental.hu\/#website\"},\"primaryImageOfPage\":{\"@id\":\"https:\/\/dnpdental.hu\/fogaszati-hidak\/#primaryimage\"},\"image\":{\"@id\":\"https:\/\/dnpdental.hu\/fogaszati-hidak\/#primaryimage\"},\"thumbnailUrl\":\"https:\/\/newsite.dnpdental.hu\/wp-content\/uploads\/2025\/11\/bridge_1.webp\",\"datePublished\":\"2024-12-26T13:52:00+00:00\",\"dateModified\":\"2025-11-10T09:26:54+00:00\",\"breadcrumb\":{\"@id\":\"https:\/\/dnpdental.hu\/fogaszati-hidak\/#breadcrumb\"},\"inLanguage\":\"en-GB\",\"potentialAction\":[{\"@type\":\"ReadAction\",\"target\":[\"https:\/\/dnpdental.hu\/fogaszati-hidak\/\"]}]},{\"@type\":\"ImageObject\",\"inLanguage\":\"en-GB\",\"@id\":\"https:\/\/dnpdental.hu\/fogaszati-hidak\/#primaryimage\",\"url\":\"https:\/\/newsite.dnpdental.hu\/wp-content\/uploads\/2025\/11\/bridge_1.webp\",\"contentUrl\":\"https:\/\/newsite.dnpdental.hu\/wp-content\/uploads\/2025\/11\/bridge_1.webp\"},{\"@type\":\"BreadcrumbList\",\"@id\":\"https:\/\/dnpdental.hu\/fogaszati-hidak\/#breadcrumb\",\"itemListElement\":[{\"@type\":\"ListItem\",\"position\":1,\"name\":\"Kezd\u0151lap\",\"item\":\"https:\/\/dnpdental.hu\/\"},{\"@type\":\"ListItem\",\"position\":2,\"name\":\"Fog\u00e1szati hidak\"}]},{\"@type\":\"WebSite\",\"@id\":\"https:\/\/dnpdental.hu\/#website\",\"url\":\"https:\/\/dnpdental.hu\/\",\"name\":\"DNP Dental\",\"description\":\"\",\"publisher\":{\"@id\":\"https:\/\/dnpdental.hu\/#organization\"},\"potentialAction\":[{\"@type\":\"SearchAction\",\"target\":{\"@type\":\"EntryPoint\",\"urlTemplate\":\"https:\/\/dnpdental.hu\/?s={search_term_string}\"},\"query-input\":{\"@type\":\"PropertyValueSpecification\",\"valueRequired\":true,\"valueName\":\"search_term_string\"}}],\"inLanguage\":\"en-GB\"},{\"@type\":\"Organization\",\"@id\":\"https:\/\/dnpdental.hu\/#organization\",\"name\":\"DNP Dental\",\"url\":\"https:\/\/dnpdental.hu\/\",\"logo\":{\"@type\":\"ImageObject\",\"inLanguage\":\"en-GB\",\"@id\":\"https:\/\/dnpdental.hu\/#\/schema\/logo\/image\/\",\"url\":\"https:\/\/dnpdental.hu\/wp-content\/uploads\/2025\/11\/DNP-10_mini.webp\",\"contentUrl\":\"https:\/\/dnpdental.hu\/wp-content\/uploads\/2025\/11\/DNP-10_mini.webp\",\"width\":420,\"height\":202,\"caption\":\"DNP Dental\"},\"image\":{\"@id\":\"https:\/\/dnpdental.hu\/#\/schema\/logo\/image\/\"}}]}<\/script>\n<!-- \/ Yoast SEO Premium plugin. -->","yoast_head_json":{"title":"Fog\u00e1szati hidak - DNP Dental","robots":{"index":"index","follow":"follow","max-snippet":"max-snippet:-1","max-image-preview":"max-image-preview:large","max-video-preview":"max-video-preview:-1"},"canonical":"https:\/\/dnpdental.hu\/en\/fogaszati-hidak\/","og_locale":"en_GB","og_type":"article","og_title":"Fog\u00e1szati hidak","og_description":"Fog\u00e1szati hidak Fog\u00e1szati h\u00edd: a leggyorsabb megold\u00e1s foghi\u00e1nyra Foghi\u00e1nnyal k\u00fczd \u00e9s gyorsan szeretn\u00e9 p\u00f3toltatni hi\u00e1nyz\u00f3 fog\u00e1t\/fogait?\u00a0A fog\u00e1szati hidak jelentik a megold\u00e1st! Egy vagy t\u00f6bb fog p\u00f3tl\u00e1s\u00e1ra aj\u00e1nlott hidat alkalmazni annak \u00e9rdek\u00e9ben, hogy elt\u00fcntess\u00fck a hi\u00e1nyb\u00f3l ad\u00f3d\u00f3 eszt\u00e9tikai probl\u00e9m\u00e1kat \u00e9s helyre\u00e1ll\u00edtsuk a r\u00e1g\u00e1s- \u00e9s besz\u00e9dfunkci\u00f3t. A h\u00edd tart\u00f3pill\u00e9rre ragasztott koron\u00e1b\u00f3l \u00e1ll, mely lehet term\u00e9szetes fogon, vagy ... Read more","og_url":"https:\/\/dnpdental.hu\/en\/fogaszati-hidak\/","og_site_name":"DNP Dental","article_modified_time":"2025-11-10T09:26:54+00:00","og_image":[{"url":"https:\/\/newsite.dnpdental.hu\/wp-content\/uploads\/2025\/11\/bridge_1.webp","type":"","width":"","height":""}],"twitter_card":"summary_large_image","twitter_misc":{"Estimated reading time":"2 minutes"},"schema":{"@context":"https:\/\/schema.org","@graph":[{"@type":"WebPage","@id":"https:\/\/dnpdental.hu\/fogaszati-hidak\/","url":"https:\/\/dnpdental.hu\/fogaszati-hidak\/","name":"Fog\u00e1szati hidak - DNP Dental","isPartOf":{"@id":"https:\/\/dnpdental.hu\/#website"},"primaryImageOfPage":{"@id":"https:\/\/dnpdental.hu\/fogaszati-hidak\/#primaryimage"},"image":{"@id":"https:\/\/dnpdental.hu\/fogaszati-hidak\/#primaryimage"},"thumbnailUrl":"https:\/\/newsite.dnpdental.hu\/wp-content\/uploads\/2025\/11\/bridge_1.webp","datePublished":"2024-12-26T13:52:00+00:00","dateModified":"2025-11-10T09:26:54+00:00","breadcrumb":{"@id":"https:\/\/dnpdental.hu\/fogaszati-hidak\/#breadcrumb"},"inLanguage":"en-GB","potentialAction":[{"@type":"ReadAction","target":["https:\/\/dnpdental.hu\/fogaszati-hidak\/"]}]},{"@type":"ImageObject","inLanguage":"en-GB","@id":"https:\/\/dnpdental.hu\/fogaszati-hidak\/#primaryimage","url":"https:\/\/newsite.dnpdental.hu\/wp-content\/uploads\/2025\/11\/bridge_1.webp","contentUrl":"https:\/\/newsite.dnpdental.hu\/wp-content\/uploads\/2025\/11\/bridge_1.webp"},{"@type":"BreadcrumbList","@id":"https:\/\/dnpdental.hu\/fogaszati-hidak\/#breadcrumb","itemListElement":[{"@type":"ListItem","position":1,"name":"Kezd\u0151lap","item":"https:\/\/dnpdental.hu\/"},{"@type":"ListItem","position":2,"name":"Fog\u00e1szati hidak"}]},{"@type":"WebSite","@id":"https:\/\/dnpdental.hu\/#website","url":"https:\/\/dnpdental.hu\/","name":"DNP Dental","description":"","publisher":{"@id":"https:\/\/dnpdental.hu\/#organization"},"potentialAction":[{"@type":"SearchAction","target":{"@type":"EntryPoint","urlTemplate":"https:\/\/dnpdental.hu\/?s={search_term_string}"},"query-input":{"@type":"PropertyValueSpecification","valueRequired":true,"valueName":"search_term_string"}}],"inLanguage":"en-GB"},{"@type":"Organization","@id":"https:\/\/dnpdental.hu\/#organization","name":"DNP Dental","url":"https:\/\/dnpdental.hu\/","logo":{"@type":"ImageObject","inLanguage":"en-GB","@id":"https:\/\/dnpdental.hu\/#\/schema\/logo\/image\/","url":"https:\/\/dnpdental.hu\/wp-content\/uploads\/2025\/11\/DNP-10_mini.webp","contentUrl":"https:\/\/dnpdental.hu\/wp-content\/uploads\/2025\/11\/DNP-10_mini.webp","width":420,"height":202,"caption":"DNP Dental"},"image":{"@id":"https:\/\/dnpdental.hu\/#\/schema\/logo\/image\/"}}]}},"_links":{"self":[{"href":"https:\/\/dnpdental.hu\/en\/wp-json\/wp\/v2\/pages\/52","targetHints":{"allow":["GET"]}}],"collection":[{"href":"https:\/\/dnpdental.hu\/en\/wp-json\/wp\/v2\/pages"}],"about":[{"href":"https:\/\/dnpdental.hu\/en\/wp-json\/wp\/v2\/types\/page"}],"author":[{"embeddable":true,"href":"https:\/\/dnpdental.hu\/en\/wp-json\/wp\/v2\/users\/1"}],"replies":[{"embeddable":true,"href":"https:\/\/dnpdental.hu\/en\/wp-json\/wp\/v2\/comments?post=52"}],"version-history":[{"count":16,"href":"https:\/\/dnpdental.hu\/en\/wp-json\/wp\/v2\/pages\/52\/revisions"}],"predecessor-version":[{"id":1666,"href":"https:\/\/dnpdental.hu\/en\/wp-json\/wp\/v2\/pages\/52\/revisions\/1666"}],"wp:attachment":[{"href":"https:\/\/dnpdental.hu\/en\/wp-json\/wp\/v2\/media?parent=52"}],"curies":[{"name":"wp","href":"https:\/\/api.w.org\/{rel}","templated":true}]}}