{"id":67,"date":"2024-12-28T13:38:00","date_gmt":"2024-12-28T12:38:00","guid":{"rendered":"https:\/\/newsite.dnpdental.hu\/?page_id=67"},"modified":"2026-01-08T14:45:08","modified_gmt":"2026-01-08T13:45:08","slug":"tooth-extraction","status":"publish","type":"page","link":"https:\/\/dnpdental.hu\/en\/foghuzas\/","title":{"rendered":"Tooth extraction"},"content":{"rendered":"<div data-elementor-type=\"wp-page\" data-elementor-id=\"67\" class=\"elementor elementor-67\" data-elementor-post-type=\"page\">\n\t\t\t\t<div class=\"elementor-element elementor-element-f251eb9 e-flex e-con-boxed e-con e-parent\" data-id=\"f251eb9\" data-element_type=\"container\">\n\t\t\t\t\t<div class=\"e-con-inner\">\n\t\t<div class=\"elementor-element elementor-element-051a991 e-con-full e-flex e-con e-child\" data-id=\"051a991\" data-element_type=\"container\">\n\t\t\t\t<div class=\"elementor-element elementor-element-8ac18aa elementor-widget elementor-widget-heading\" data-id=\"8ac18aa\" data-element_type=\"widget\" data-widget_type=\"heading.default\">\n\t\t\t\t\t<h1 class=\"elementor-heading-title elementor-size-default\">Tooth extraction\n<\/h1>\t\t\t\t<\/div>\n\t\t\t\t<div class=\"elementor-element elementor-element-e4f57df elementor-widget elementor-widget-text-editor\" data-id=\"e4f57df\" data-element_type=\"widget\" data-widget_type=\"text-editor.default\">\n\t\t\t\t\t\t\t\t\t<p><strong>Most people go to the dentist only when their teeth hurt so much that painkillers and home remedies no longer help. It should be understood that if the tooth starts to hurt, the pain will not go away on its own, but may only temporarily weaken. Therefore, it is recommended to make an appointment with a dentist as soon as possible. In extreme cases, the solution is tooth extraction.<\/strong><\/p>\t\t\t\t\t\t\t\t<\/div>\n\t\t\t\t<div class=\"elementor-element elementor-element-3255159 elementor-widget elementor-widget-heading\" data-id=\"3255159\" data-element_type=\"widget\" data-widget_type=\"heading.default\">\n\t\t\t\t\t<h2 class=\"elementor-heading-title elementor-size-default\">Why might tooth extraction be required? When is tooth extraction necessary?<\/h2>\t\t\t\t<\/div>\n\t\t\t\t<div class=\"elementor-element elementor-element-36ae56e elementor-widget__width-inherit elementor-widget elementor-widget-image\" data-id=\"36ae56e\" data-element_type=\"widget\" data-widget_type=\"image.default\">\n\t\t\t\t\t\t\t\t\t\t\t\t\t\t\t<img fetchpriority=\"high\" decoding=\"async\" width=\"814\" height=\"543\" src=\"https:\/\/dnpdental.hu\/wp-content\/uploads\/2025\/11\/removing-the-tooth_11.webp\" class=\"attachment-large size-large wp-image-821\" alt=\"\" srcset=\"https:\/\/dnpdental.hu\/wp-content\/uploads\/2025\/11\/removing-the-tooth_11.webp 814w, https:\/\/dnpdental.hu\/wp-content\/uploads\/2025\/11\/removing-the-tooth_11-300x200.webp 300w, https:\/\/dnpdental.hu\/wp-content\/uploads\/2025\/11\/removing-the-tooth_11-768x512.webp 768w, https:\/\/dnpdental.hu\/wp-content\/uploads\/2025\/11\/removing-the-tooth_11-18x12.webp 18w\" sizes=\"(max-width: 814px) 100vw, 814px\" \/>\t\t\t\t\t\t\t\t\t\t\t\t\t\t\t<\/div>\n\t\t\t\t<div class=\"elementor-element elementor-element-e0a24d4 elementor-widget elementor-widget-text-editor\" data-id=\"e0a24d4\" data-element_type=\"widget\" data-widget_type=\"text-editor.default\">\n\t\t\t\t\t\t\t\t\t<div class=\"col-lg-8\"><div class=\"department-left serv\"><p>Dental problems identified at an early stage (for example, inflammation of a tooth or root) can be cured in many cases. However, over time, the affected and inflamed tooth can often no longer be saved, and its removal remains the only solution.<\/p><p>Tooth extraction is most often necessary when:<\/p><ul><li><p>They undergo significant inflammation or are mobile.<\/p><\/li><li><p>The root is damaged and cannot be treated with other methods.<\/p><\/li><li><p>The crown is destroyed due to severe caries, and it is impossible to perform fillings or other dental procedures.<\/p><\/li><li><p>Root treatment will also fail.<\/p><\/li><li><p>There are teeth in the oral cavity that cause aesthetic or functional problems, such as protruding or tilted teeth.<\/p><\/li><\/ul><\/div><\/div>\t\t\t\t\t\t\t\t<\/div>\n\t\t\t\t<div class=\"elementor-element elementor-element-9b1ef89 elementor-align-center elementor-widget elementor-widget-button\" data-id=\"9b1ef89\" data-element_type=\"widget\" data-widget_type=\"button.default\">\n\t\t\t\t\t\t\t\t\t\t<a class=\"elementor-button elementor-button-link elementor-size-sm\" href=\"\/en\/idopontfoglalas\/\">\n\t\t\t\t\t\t<span class=\"elementor-button-content-wrapper\">\n\t\t\t\t\t\t\t\t\t<span class=\"elementor-button-text\">Make an appointment with us<\/span>\n\t\t\t\t\t<\/span>\n\t\t\t\t\t<\/a>\n\t\t\t\t\t\t\t\t<\/div>\n\t\t\t\t<div class=\"elementor-element elementor-element-150dfdb elementor-widget elementor-widget-heading\" data-id=\"150dfdb\" data-element_type=\"widget\" data-widget_type=\"heading.default\">\n\t\t\t\t\t<h2 class=\"elementor-heading-title elementor-size-default\">How does tooth extraction work?<\/h2>\t\t\t\t<\/div>\n\t\t\t\t<div class=\"elementor-element elementor-element-d191b76 elementor-widget elementor-widget-text-editor\" data-id=\"d191b76\" data-element_type=\"widget\" data-widget_type=\"text-editor.default\">\n\t\t\t\t\t\t\t\t\t<p>A thorough dental examination and X-ray are always performed before tooth extraction. Based on the image, the doctor decides whether a simple tooth extraction or surgery is required.<\/p><p><strong>Tip:<\/strong>\u00a0It is important that the patient eats before the procedure, as after anesthesia is administered, one should not eat until the numbness has passed (about 3-4 hours).<\/p>\t\t\t\t\t\t\t\t<\/div>\n\t\t\t\t<div class=\"elementor-element elementor-element-ea45dc6 elementor-widget elementor-widget-heading\" data-id=\"ea45dc6\" data-element_type=\"widget\" data-widget_type=\"heading.default\">\n\t\t\t\t\t<h3 class=\"elementor-heading-title elementor-size-default\">Simple tooth extraction<\/h3>\t\t\t\t<\/div>\n\t\t\t\t<div class=\"elementor-element elementor-element-5fb4233 elementor-widget elementor-widget-text-editor\" data-id=\"5fb4233\" data-element_type=\"widget\" data-widget_type=\"text-editor.default\">\n\t\t\t\t\t\t\t\t\t<div class=\"col-lg-8\"><div class=\"department-left serv\"><p>A simple tooth extraction is performed under local anesthesia. First, the doctor loosens the tooth, and then removes it with forceps. If an inflamed tooth is removed, it is also necessary to remove the inflamed tissues in the area of the hole. After that, bite the gauze swab for 30 minutes.<\/p><\/div><\/div>\t\t\t\t\t\t\t\t<\/div>\n\t\t\t\t<div class=\"elementor-element elementor-element-eaba90d elementor-widget elementor-widget-heading\" data-id=\"eaba90d\" data-element_type=\"widget\" data-widget_type=\"heading.default\">\n\t\t\t\t\t<h3 class=\"elementor-heading-title elementor-size-default\">Surgical tooth extraction<\/h3>\t\t\t\t<\/div>\n\t\t\t\t<div class=\"elementor-element elementor-element-33446f1 elementor-widget elementor-widget-text-editor\" data-id=\"33446f1\" data-element_type=\"widget\" data-widget_type=\"text-editor.default\">\n\t\t\t\t\t\t\t\t\t<div class=\"col-lg-8\"><div class=\"department-left serv\"><p>In some cases, simple tooth extraction is not possible. This applies to situations where:<\/p><ul><li><p>The roots of the tooth are broken.<\/p><\/li><li><p>The teeth were stuck in the process of development and did not erupt.<\/p><\/li><li><p>The X-ray shows strongly curved or branched roots.<\/p><\/li><li><p>The upper tooth is located close to the maxillary sinus, which can lead to its opening.<\/p><\/li><\/ul><p>In such cases, surgical tooth extraction should be used. The procedure is performed under local anesthesia. After opening the area, the doctor removes the tooth, and then thoroughly cleanses the wound of inflamed tissues and applies stitches to close the operating area.<\/p><p>To stop the bleeding, after the procedure, you need to bite the gauze swab for 30 minutes, after which the patient can go home. After complex operations, swelling on the face may occur, and antibiotics and painkillers may be required.<\/p><\/div><\/div>\t\t\t\t\t\t\t\t<\/div>\n\t\t\t\t<div class=\"elementor-element elementor-element-57480b3 elementor-widget elementor-widget-heading\" data-id=\"57480b3\" data-element_type=\"widget\" data-widget_type=\"heading.default\">\n\t\t\t\t\t<h2 class=\"elementor-heading-title elementor-size-default\">When may it be necessary to close the maxillary sinus?<\/h2>\t\t\t\t<\/div>\n\t\t\t\t<div class=\"elementor-element elementor-element-6e89495 elementor-widget elementor-widget-text-editor\" data-id=\"6e89495\" data-element_type=\"widget\" data-widget_type=\"text-editor.default\">\n\t\t\t\t\t\t\t\t\t<p>The maxillary sinus, or sinus, is located in the upper jaw above the teeth. Sinus closure is necessary if it opens. This can happen when molars are removed, when the maxillary sinus connects to the oral cavity through the tooth site.<\/p><p>To close the sinus in the area of the extracted tooth, incisions are made in the gum, forming a flap that is stitched together to separate the maxillary sinus from the oral cavity. The stitches are removed after 1-2 weeks.<\/p><p>If the sinus is not closed, food and drinks can enter the nasal cavity, and various bacteria can enter the sinus, causing inflammation that requires treatment by an otolaryngologist.<\/p>\t\t\t\t\t\t\t\t<\/div>\n\t\t\t\t<div class=\"elementor-element elementor-element-8f750da elementor-align-center elementor-widget elementor-widget-button\" data-id=\"8f750da\" data-element_type=\"widget\" data-widget_type=\"button.default\">\n\t\t\t\t\t\t\t\t\t\t<a class=\"elementor-button elementor-button-link elementor-size-sm\" href=\"\/en\/idopontfoglalas\/\">\n\t\t\t\t\t\t<span class=\"elementor-button-content-wrapper\">\n\t\t\t\t\t\t\t\t\t<span class=\"elementor-button-text\">Make an appointment<\/span>\n\t\t\t\t\t<\/span>\n\t\t\t\t\t<\/a>\n\t\t\t\t\t\t\t\t<\/div>\n\t\t\t\t<div class=\"elementor-element elementor-element-3235296 elementor-widget elementor-widget-heading\" data-id=\"3235296\" data-element_type=\"widget\" data-widget_type=\"heading.default\">\n\t\t\t\t\t<h2 class=\"elementor-heading-title elementor-size-default\">What is removal of the tip of the dental root?<\/h2>\t\t\t\t<\/div>\n\t\t\t\t<div class=\"elementor-element elementor-element-5f7851a elementor-widget elementor-widget-text-editor\" data-id=\"5f7851a\" data-element_type=\"widget\" data-widget_type=\"text-editor.default\">\n\t\t\t\t\t\t\t\t\t<div class=\"col-lg-8\"><div class=\"department-left serv\"><p>Root tip resection is the removal of the root tip of a tooth. If, after treatment of the root canal, inflammation occurs in the area of the root tip, this surgical intervention is used to save the tooth.<\/p><p>The operation is performed under local anesthesia. A small incision is made in the gum, through which the inflamed bone tissue and the tip of the tooth root are removed. Then stitches are applied, which are removed after a week. After surgery, painkillers may be required, and swelling on the face may also appear, which disappears after two to three days with external cooling.<\/p><\/div><\/div>\t\t\t\t\t\t\t\t<\/div>\n\t\t\t\t<\/div>\n\t\t\t\t\t<\/div>\n\t\t\t\t<\/div>\n\t\t\t\t<\/div>","protected":false},"excerpt":{"rendered":"<p>Fogh\u00faz\u00e1s A legt\u00f6bb ember csak akkor fordul fogorvoshoz, ha m\u00e1r annyira f\u00e1j a foguk, hogy a f\u00e1jdalomcsillap\u00edt\u00f3k \u00e9s a h\u00e1zi praktik\u00e1k sem seg\u00edtenek. Azt tudni kell, hogyha a fog egyszer elkezd f\u00e1jni, az nem m\u00falik el mag\u00e1t\u00f3l, legfeljebb egy id\u0151re al\u00e1bbhagy a f\u00e1jdalom. Ez\u00e9rt tan\u00e1csos min\u00e9l hamarabb bejelentkezni a fogorvoshoz. V\u00e9gs\u0151 esetben a fogh\u00faz\u00e1s a &#8230; <a title=\"Tooth extraction\" class=\"read-more\" href=\"https:\/\/dnpdental.hu\/en\/foghuzas\/\" aria-label=\"Read more about Fogh\u00faz\u00e1s\">Read more<\/a><\/p>","protected":false},"author":1,"featured_media":746,"parent":0,"menu_order":0,"comment_status":"closed","ping_status":"closed","template":"elementor_header_footer","meta":{"footnotes":""},"class_list":["post-67","page","type-page","status-publish","has-post-thumbnail"],"yoast_head":"<!-- This site is optimized with the Yoast SEO Premium plugin v26.2 (Yoast SEO v26.5) - https:\/\/yoast.com\/wordpress\/plugins\/seo\/ -->\n<title>Fogh\u00faz\u00e1s Kezel\u00e9s | DNP Dental<\/title>\n<meta name=\"description\" content=\"Mi\u00e9rt lehet sz\u00fcks\u00e9ges a fogak elt\u00e1vol\u00edt\u00e1sa? Mikor sz\u00fcks\u00e9ges a fogh\u00faz\u00e1s? Mindenre v\u00e1laszt adunk kezel\u00e9si oldalunkon!\" \/>\n<meta name=\"robots\" content=\"index, follow, max-snippet:-1, max-image-preview:large, max-video-preview:-1\" \/>\n<link rel=\"canonical\" href=\"https:\/\/dnpdental.hu\/en\/tooth-extraction\/\" \/>\n<meta property=\"og:locale\" content=\"en_GB\" \/>\n<meta property=\"og:type\" content=\"article\" \/>\n<meta property=\"og:title\" content=\"Fogh\u00faz\u00e1s\" \/>\n<meta property=\"og:description\" content=\"Mi\u00e9rt lehet sz\u00fcks\u00e9ges a fogak elt\u00e1vol\u00edt\u00e1sa? Mikor sz\u00fcks\u00e9ges a fogh\u00faz\u00e1s? Mindenre v\u00e1laszt adunk kezel\u00e9si oldalunkon!\" \/>\n<meta property=\"og:url\" content=\"https:\/\/dnpdental.hu\/en\/tooth-extraction\/\" \/>\n<meta property=\"og:site_name\" content=\"DNP Dental\" \/>\n<meta property=\"article:modified_time\" content=\"2026-01-08T13:45:08+00:00\" \/>\n<meta property=\"og:image\" content=\"https:\/\/dnpdental.hu\/wp-content\/uploads\/2025\/11\/foghuzas_vdnoGA5.webp\" \/>\n\t<meta property=\"og:image:width\" content=\"900\" \/>\n\t<meta property=\"og:image:height\" content=\"601\" \/>\n\t<meta property=\"og:image:type\" content=\"image\/webp\" \/>\n<meta name=\"twitter:card\" content=\"summary_large_image\" \/>\n<meta name=\"twitter:label1\" content=\"Estimated reading time\" \/>\n\t<meta name=\"twitter:data1\" content=\"4 minutes\" \/>\n<script type=\"application\/ld+json\" class=\"yoast-schema-graph\">{\"@context\":\"https:\/\/schema.org\",\"@graph\":[{\"@type\":\"WebPage\",\"@id\":\"https:\/\/dnpdental.hu\/foghuzas\/\",\"url\":\"https:\/\/dnpdental.hu\/foghuzas\/\",\"name\":\"Fogh\u00faz\u00e1s Kezel\u00e9s | DNP Dental\",\"isPartOf\":{\"@id\":\"https:\/\/dnpdental.hu\/#website\"},\"primaryImageOfPage\":{\"@id\":\"https:\/\/dnpdental.hu\/foghuzas\/#primaryimage\"},\"image\":{\"@id\":\"https:\/\/dnpdental.hu\/foghuzas\/#primaryimage\"},\"thumbnailUrl\":\"https:\/\/dnpdental.hu\/wp-content\/uploads\/2025\/11\/foghuzas_vdnoGA5.webp\",\"datePublished\":\"2024-12-28T12:38:00+00:00\",\"dateModified\":\"2026-01-08T13:45:08+00:00\",\"description\":\"Mi\u00e9rt lehet sz\u00fcks\u00e9ges a fogak elt\u00e1vol\u00edt\u00e1sa? Mikor sz\u00fcks\u00e9ges a fogh\u00faz\u00e1s? Mindenre v\u00e1laszt adunk kezel\u00e9si oldalunkon!\",\"breadcrumb\":{\"@id\":\"https:\/\/dnpdental.hu\/foghuzas\/#breadcrumb\"},\"inLanguage\":\"en-GB\",\"potentialAction\":[{\"@type\":\"ReadAction\",\"target\":[\"https:\/\/dnpdental.hu\/foghuzas\/\"]}]},{\"@type\":\"ImageObject\",\"inLanguage\":\"en-GB\",\"@id\":\"https:\/\/dnpdental.hu\/foghuzas\/#primaryimage\",\"url\":\"https:\/\/dnpdental.hu\/wp-content\/uploads\/2025\/11\/foghuzas_vdnoGA5.webp\",\"contentUrl\":\"https:\/\/dnpdental.hu\/wp-content\/uploads\/2025\/11\/foghuzas_vdnoGA5.webp\",\"width\":900,\"height\":601,\"caption\":\"fogh\u00faz\u00e1s\"},{\"@type\":\"BreadcrumbList\",\"@id\":\"https:\/\/dnpdental.hu\/foghuzas\/#breadcrumb\",\"itemListElement\":[{\"@type\":\"ListItem\",\"position\":1,\"name\":\"Kezd\u0151lap\",\"item\":\"https:\/\/dnpdental.hu\/\"},{\"@type\":\"ListItem\",\"position\":2,\"name\":\"Fogh\u00faz\u00e1s\"}]},{\"@type\":\"WebSite\",\"@id\":\"https:\/\/dnpdental.hu\/#website\",\"url\":\"https:\/\/dnpdental.hu\/\",\"name\":\"DNP Dental\",\"description\":\"\",\"publisher\":{\"@id\":\"https:\/\/dnpdental.hu\/#organization\"},\"potentialAction\":[{\"@type\":\"SearchAction\",\"target\":{\"@type\":\"EntryPoint\",\"urlTemplate\":\"https:\/\/dnpdental.hu\/?s={search_term_string}\"},\"query-input\":{\"@type\":\"PropertyValueSpecification\",\"valueRequired\":true,\"valueName\":\"search_term_string\"}}],\"inLanguage\":\"en-GB\"},{\"@type\":\"Organization\",\"@id\":\"https:\/\/dnpdental.hu\/#organization\",\"name\":\"DNP Dental\",\"url\":\"https:\/\/dnpdental.hu\/\",\"logo\":{\"@type\":\"ImageObject\",\"inLanguage\":\"en-GB\",\"@id\":\"https:\/\/dnpdental.hu\/#\/schema\/logo\/image\/\",\"url\":\"https:\/\/dnpdental.hu\/wp-content\/uploads\/2025\/11\/DNP-10_mini.webp\",\"contentUrl\":\"https:\/\/dnpdental.hu\/wp-content\/uploads\/2025\/11\/DNP-10_mini.webp\",\"width\":420,\"height\":202,\"caption\":\"DNP Dental\"},\"image\":{\"@id\":\"https:\/\/dnpdental.hu\/#\/schema\/logo\/image\/\"}}]}<\/script>\n<!-- \/ Yoast SEO Premium plugin. -->","yoast_head_json":{"title":"Fogh\u00faz\u00e1s Kezel\u00e9s | DNP Dental","description":"Mi\u00e9rt lehet sz\u00fcks\u00e9ges a fogak elt\u00e1vol\u00edt\u00e1sa? Mikor sz\u00fcks\u00e9ges a fogh\u00faz\u00e1s? Mindenre v\u00e1laszt adunk kezel\u00e9si oldalunkon!","robots":{"index":"index","follow":"follow","max-snippet":"max-snippet:-1","max-image-preview":"max-image-preview:large","max-video-preview":"max-video-preview:-1"},"canonical":"https:\/\/dnpdental.hu\/en\/tooth-extraction\/","og_locale":"en_GB","og_type":"article","og_title":"Fogh\u00faz\u00e1s","og_description":"Mi\u00e9rt lehet sz\u00fcks\u00e9ges a fogak elt\u00e1vol\u00edt\u00e1sa? Mikor sz\u00fcks\u00e9ges a fogh\u00faz\u00e1s? Mindenre v\u00e1laszt adunk kezel\u00e9si oldalunkon!","og_url":"https:\/\/dnpdental.hu\/en\/tooth-extraction\/","og_site_name":"DNP Dental","article_modified_time":"2026-01-08T13:45:08+00:00","og_image":[{"width":900,"height":601,"url":"https:\/\/dnpdental.hu\/wp-content\/uploads\/2025\/11\/foghuzas_vdnoGA5.webp","type":"image\/webp"}],"twitter_card":"summary_large_image","twitter_misc":{"Estimated reading time":"4 minutes"},"schema":{"@context":"https:\/\/schema.org","@graph":[{"@type":"WebPage","@id":"https:\/\/dnpdental.hu\/foghuzas\/","url":"https:\/\/dnpdental.hu\/foghuzas\/","name":"Fogh\u00faz\u00e1s Kezel\u00e9s | DNP Dental","isPartOf":{"@id":"https:\/\/dnpdental.hu\/#website"},"primaryImageOfPage":{"@id":"https:\/\/dnpdental.hu\/foghuzas\/#primaryimage"},"image":{"@id":"https:\/\/dnpdental.hu\/foghuzas\/#primaryimage"},"thumbnailUrl":"https:\/\/dnpdental.hu\/wp-content\/uploads\/2025\/11\/foghuzas_vdnoGA5.webp","datePublished":"2024-12-28T12:38:00+00:00","dateModified":"2026-01-08T13:45:08+00:00","description":"Mi\u00e9rt lehet sz\u00fcks\u00e9ges a fogak elt\u00e1vol\u00edt\u00e1sa? Mikor sz\u00fcks\u00e9ges a fogh\u00faz\u00e1s? Mindenre v\u00e1laszt adunk kezel\u00e9si oldalunkon!","breadcrumb":{"@id":"https:\/\/dnpdental.hu\/foghuzas\/#breadcrumb"},"inLanguage":"en-GB","potentialAction":[{"@type":"ReadAction","target":["https:\/\/dnpdental.hu\/foghuzas\/"]}]},{"@type":"ImageObject","inLanguage":"en-GB","@id":"https:\/\/dnpdental.hu\/foghuzas\/#primaryimage","url":"https:\/\/dnpdental.hu\/wp-content\/uploads\/2025\/11\/foghuzas_vdnoGA5.webp","contentUrl":"https:\/\/dnpdental.hu\/wp-content\/uploads\/2025\/11\/foghuzas_vdnoGA5.webp","width":900,"height":601,"caption":"fogh\u00faz\u00e1s"},{"@type":"BreadcrumbList","@id":"https:\/\/dnpdental.hu\/foghuzas\/#breadcrumb","itemListElement":[{"@type":"ListItem","position":1,"name":"Kezd\u0151lap","item":"https:\/\/dnpdental.hu\/"},{"@type":"ListItem","position":2,"name":"Fogh\u00faz\u00e1s"}]},{"@type":"WebSite","@id":"https:\/\/dnpdental.hu\/#website","url":"https:\/\/dnpdental.hu\/","name":"DNP Dental","description":"","publisher":{"@id":"https:\/\/dnpdental.hu\/#organization"},"potentialAction":[{"@type":"SearchAction","target":{"@type":"EntryPoint","urlTemplate":"https:\/\/dnpdental.hu\/?s={search_term_string}"},"query-input":{"@type":"PropertyValueSpecification","valueRequired":true,"valueName":"search_term_string"}}],"inLanguage":"en-GB"},{"@type":"Organization","@id":"https:\/\/dnpdental.hu\/#organization","name":"DNP Dental","url":"https:\/\/dnpdental.hu\/","logo":{"@type":"ImageObject","inLanguage":"en-GB","@id":"https:\/\/dnpdental.hu\/#\/schema\/logo\/image\/","url":"https:\/\/dnpdental.hu\/wp-content\/uploads\/2025\/11\/DNP-10_mini.webp","contentUrl":"https:\/\/dnpdental.hu\/wp-content\/uploads\/2025\/11\/DNP-10_mini.webp","width":420,"height":202,"caption":"DNP Dental"},"image":{"@id":"https:\/\/dnpdental.hu\/#\/schema\/logo\/image\/"}}]}},"_links":{"self":[{"href":"https:\/\/dnpdental.hu\/en\/wp-json\/wp\/v2\/pages\/67","targetHints":{"allow":["GET"]}}],"collection":[{"href":"https:\/\/dnpdental.hu\/en\/wp-json\/wp\/v2\/pages"}],"about":[{"href":"https:\/\/dnpdental.hu\/en\/wp-json\/wp\/v2\/types\/page"}],"author":[{"embeddable":true,"href":"https:\/\/dnpdental.hu\/en\/wp-json\/wp\/v2\/users\/1"}],"replies":[{"embeddable":true,"href":"https:\/\/dnpdental.hu\/en\/wp-json\/wp\/v2\/comments?post=67"}],"version-history":[{"count":16,"href":"https:\/\/dnpdental.hu\/en\/wp-json\/wp\/v2\/pages\/67\/revisions"}],"predecessor-version":[{"id":2661,"href":"https:\/\/dnpdental.hu\/en\/wp-json\/wp\/v2\/pages\/67\/revisions\/2661"}],"wp:featuredmedia":[{"embeddable":true,"href":"https:\/\/dnpdental.hu\/en\/wp-json\/wp\/v2\/media\/746"}],"wp:attachment":[{"href":"https:\/\/dnpdental.hu\/en\/wp-json\/wp\/v2\/media?parent=67"}],"curies":[{"name":"wp","href":"https:\/\/api.w.org\/{rel}","templated":true}]}}