{"id":69,"date":"2025-10-29T13:43:59","date_gmt":"2025-10-29T12:43:59","guid":{"rendered":"https:\/\/newsite.dnpdental.hu\/?page_id=69"},"modified":"2025-11-10T11:44:10","modified_gmt":"2025-11-10T10:44:10","slug":"fogpotlasok","status":"publish","type":"page","link":"https:\/\/dnpdental.hu\/en\/fogpotlasok\/","title":{"rendered":"Prosthetics"},"content":{"rendered":"<div data-elementor-type=\"wp-page\" data-elementor-id=\"69\" class=\"elementor elementor-69\" data-elementor-post-type=\"page\">\n\t\t\t\t<div class=\"elementor-element elementor-element-6341b52 e-flex e-con-boxed e-con e-parent\" data-id=\"6341b52\" data-element_type=\"container\">\n\t\t\t\t\t<div class=\"e-con-inner\">\n\t\t\t\t<div class=\"elementor-element elementor-element-9ef794a elementor-widget elementor-widget-heading\" data-id=\"9ef794a\" data-element_type=\"widget\" data-widget_type=\"heading.default\">\n\t\t\t\t\t<h1 class=\"elementor-heading-title elementor-size-default\">Prosthetics<\/h1>\t\t\t\t<\/div>\n\t\t<div class=\"elementor-element elementor-element-960434d e-grid e-con-full e-con e-child\" data-id=\"960434d\" data-element_type=\"container\">\n\t\t\t\t<div class=\"elementor-element elementor-element-0ae9560 elementor-cta--layout-image-above elementor-cta--skin-classic elementor-animated-content elementor-widget elementor-widget-call-to-action\" data-id=\"0ae9560\" data-element_type=\"widget\" data-widget_type=\"call-to-action.default\">\n\t\t\t\t\t\t\t<a class=\"elementor-cta\" href=\"\/en\/temporary-dentures\/\">\n\t\t\t\t\t<div class=\"elementor-cta__bg-wrapper\">\n\t\t\t\t<div class=\"elementor-cta__bg elementor-bg\" style=\"background-image: url(https:\/\/dnpdental.hu\/wp-content\/uploads\/2025\/11\/vremenye_protezy.webp);\" role=\"img\" aria-label=\"vremenye_protezy\"><\/div>\n\t\t\t\t<div class=\"elementor-cta__bg-overlay\"><\/div>\n\t\t\t<\/div>\n\t\t\t\t\t\t\t<div class=\"elementor-cta__content\">\n\t\t\t\t\n\t\t\t\t\t\t\t\t\t<h2 class=\"elementor-cta__title elementor-cta__content-item elementor-content-item\">\n\t\t\t\t\t\tTemporary dentures\t\t\t\t\t<\/h2>\n\t\t\t\t\n\t\t\t\t\t\t\t\t\t<div class=\"elementor-cta__description elementor-cta__content-item elementor-content-item\">\n\t\t\t\t\t\tDon't you want to live with an incomplete smile while permanent prosthetics are being prepared?\t\t\t\t\t<\/div>\n\t\t\t\t\n\t\t\t\t\t\t\t\t\t<div class=\"elementor-cta__button-wrapper elementor-cta__content-item elementor-content-item\">\n\t\t\t\t\t<span class=\"elementor-cta__button elementor-button elementor-size-\">\n\t\t\t\t\t\tMore details\t\t\t\t\t<\/span>\n\t\t\t\t\t<\/div>\n\t\t\t\t\t\t\t<\/div>\n\t\t\t\t\t\t<\/a>\n\t\t\t\t\t\t<\/div>\n\t\t\t\t<div class=\"elementor-element elementor-element-82cc763 elementor-cta--layout-image-above elementor-cta--skin-classic elementor-animated-content elementor-widget elementor-widget-call-to-action\" data-id=\"82cc763\" data-element_type=\"widget\" data-widget_type=\"call-to-action.default\">\n\t\t\t\t\t\t\t<a class=\"elementor-cta\" href=\"\/en\/removable-dentures-stabilized-by-implants\/\">\n\t\t\t\t\t<div class=\"elementor-cta__bg-wrapper\">\n\t\t\t\t<div class=\"elementor-cta__bg elementor-bg\" style=\"background-image: url(https:\/\/dnpdental.hu\/wp-content\/uploads\/2025\/11\/rem_dentures_1.webp);\" role=\"img\" aria-label=\"rem_dentures_1\"><\/div>\n\t\t\t\t<div class=\"elementor-cta__bg-overlay\"><\/div>\n\t\t\t<\/div>\n\t\t\t\t\t\t\t<div class=\"elementor-cta__content\">\n\t\t\t\t\n\t\t\t\t\t\t\t\t\t<h2 class=\"elementor-cta__title elementor-cta__content-item elementor-content-item\">\n\t\t\t\t\t\tRemovable dentures stabilized by implants\t\t\t\t\t<\/h2>\n\t\t\t\t\n\t\t\t\t\t\t\t\t\t<div class=\"elementor-cta__description elementor-cta__content-item elementor-content-item\">\n\t\t\t\t\t\tDentures fixed on implants are usually recommended if the atrophy of the jawbone has progressed far enough.\t\t\t\t\t<\/div>\n\t\t\t\t\n\t\t\t\t\t\t\t\t\t<div class=\"elementor-cta__button-wrapper elementor-cta__content-item elementor-content-item\">\n\t\t\t\t\t<span class=\"elementor-cta__button elementor-button elementor-size-\">\n\t\t\t\t\t\tMore details\t\t\t\t\t<\/span>\n\t\t\t\t\t<\/div>\n\t\t\t\t\t\t\t<\/div>\n\t\t\t\t\t\t<\/a>\n\t\t\t\t\t\t<\/div>\n\t\t\t\t<div class=\"elementor-element elementor-element-fff800e elementor-cta--layout-image-above elementor-cta--skin-classic elementor-animated-content elementor-widget elementor-widget-call-to-action\" data-id=\"fff800e\" data-element_type=\"widget\" data-widget_type=\"call-to-action.default\">\n\t\t\t\t\t\t\t<a class=\"elementor-cta\" href=\"\/en\/full-partial-removable-dentures\/\">\n\t\t\t\t\t<div class=\"elementor-cta__bg-wrapper\">\n\t\t\t\t<div class=\"elementor-cta__bg elementor-bg\" style=\"background-image: url(https:\/\/dnpdental.hu\/wp-content\/uploads\/2025\/11\/denture_2.webp);\" role=\"img\" aria-label=\"denture_2\"><\/div>\n\t\t\t\t<div class=\"elementor-cta__bg-overlay\"><\/div>\n\t\t\t<\/div>\n\t\t\t\t\t\t\t<div class=\"elementor-cta__content\">\n\t\t\t\t\n\t\t\t\t\t\t\t\t\t<h2 class=\"elementor-cta__title elementor-cta__content-item elementor-content-item\">\n\t\t\t\t\t\tFull | partial removable dentures\t\t\t\t\t<\/h2>\n\t\t\t\t\n\t\t\t\t\t\t\t\t\t<div class=\"elementor-cta__description elementor-cta__content-item elementor-content-item\">\n\t\t\t\t\t\tDo you suffer from tooth deficiency and want to make up for them in the best way?\t\t\t\t\t<\/div>\n\t\t\t\t\n\t\t\t\t\t\t\t\t\t<div class=\"elementor-cta__button-wrapper elementor-cta__content-item elementor-content-item\">\n\t\t\t\t\t<span class=\"elementor-cta__button elementor-button elementor-size-\">\n\t\t\t\t\t\tMore details\t\t\t\t\t<\/span>\n\t\t\t\t\t<\/div>\n\t\t\t\t\t\t\t<\/div>\n\t\t\t\t\t\t<\/a>\n\t\t\t\t\t\t<\/div>\n\t\t\t\t<\/div>\n\t\t\t\t\t<\/div>\n\t\t\t\t<\/div>\n\t\t\t\t<\/div>","protected":false},"excerpt":{"rendered":"<p>Fogp\u00f3tl\u00e1sok Ideiglenes fogp\u00f3tl\u00e1sok Nem akarsz hi\u00e1nyos mosollyal \u00e9lni, mik\u00f6zben \u00e1lland\u00f3 prot\u00e9ziseket k\u00e9sz\u00edtenek? B\u0151vebben Implant\u00e1tumokkal stabiliz\u00e1lt kivehet\u0151 fogsorok Az implant\u00e1tumokra r\u00f6gz\u00edtett fogp\u00f3tl\u00e1sok \u00e1ltal\u00e1ban akkor aj\u00e1nlottak, ha az \u00e1llkapocscsont atr\u00f3fi\u00e1ja el\u00e9g messzire haladt. B\u0151vebben Teljes | r\u00e9szleges kivehet\u0151 fogsorok Foghi\u00e1nnyal k\u00fczd \u00e9s a legtesthez\u00e1ll\u00f3bb m\u00f3don szeretn\u00e9 p\u00f3toltatni hi\u00e1nyz\u00f3 fogait? B\u0151vebben<\/p>","protected":false},"author":1,"featured_media":826,"parent":0,"menu_order":0,"comment_status":"closed","ping_status":"closed","template":"elementor_header_footer","meta":{"footnotes":""},"class_list":["post-69","page","type-page","status-publish","has-post-thumbnail"],"yoast_head":"<!-- This site is optimized with the Yoast SEO Premium plugin v26.2 (Yoast SEO v26.5) - https:\/\/yoast.com\/wordpress\/plugins\/seo\/ -->\n<title>Fogp\u00f3tl\u00e1sok - DNP Dental<\/title>\n<meta name=\"robots\" content=\"index, follow, max-snippet:-1, max-image-preview:large, max-video-preview:-1\" \/>\n<link rel=\"canonical\" href=\"https:\/\/dnpdental.hu\/en\/fogpotlasok\/\" \/>\n<meta property=\"og:locale\" content=\"en_GB\" \/>\n<meta property=\"og:type\" content=\"article\" \/>\n<meta property=\"og:title\" content=\"Fogp\u00f3tl\u00e1sok\" \/>\n<meta property=\"og:description\" content=\"Fogp\u00f3tl\u00e1sok Ideiglenes fogp\u00f3tl\u00e1sok Nem akarsz hi\u00e1nyos mosollyal \u00e9lni, mik\u00f6zben \u00e1lland\u00f3 prot\u00e9ziseket k\u00e9sz\u00edtenek? B\u0151vebben Implant\u00e1tumokkal stabiliz\u00e1lt kivehet\u0151 fogsorok Az implant\u00e1tumokra r\u00f6gz\u00edtett fogp\u00f3tl\u00e1sok \u00e1ltal\u00e1ban akkor aj\u00e1nlottak, ha az \u00e1llkapocscsont atr\u00f3fi\u00e1ja el\u00e9g messzire haladt. B\u0151vebben Teljes | r\u00e9szleges kivehet\u0151 fogsorok Foghi\u00e1nnyal k\u00fczd \u00e9s a legtesthez\u00e1ll\u00f3bb m\u00f3don szeretn\u00e9 p\u00f3toltatni hi\u00e1nyz\u00f3 fogait? B\u0151vebben\" \/>\n<meta property=\"og:url\" content=\"https:\/\/dnpdental.hu\/en\/fogpotlasok\/\" \/>\n<meta property=\"og:site_name\" content=\"DNP Dental\" \/>\n<meta property=\"article:modified_time\" content=\"2025-11-10T10:44:10+00:00\" \/>\n<meta property=\"og:image\" content=\"https:\/\/dnpdental.hu\/wp-content\/uploads\/2025\/11\/dental-implantation_1.webp\" \/>\n\t<meta property=\"og:image:width\" content=\"700\" \/>\n\t<meta property=\"og:image:height\" content=\"700\" \/>\n\t<meta property=\"og:image:type\" content=\"image\/webp\" \/>\n<meta name=\"twitter:card\" content=\"summary_large_image\" \/>\n<meta name=\"twitter:label1\" content=\"Estimated reading time\" \/>\n\t<meta name=\"twitter:data1\" content=\"1 minute\" \/>\n<script type=\"application\/ld+json\" class=\"yoast-schema-graph\">{\"@context\":\"https:\/\/schema.org\",\"@graph\":[{\"@type\":\"WebPage\",\"@id\":\"https:\/\/dnpdental.hu\/fogpotlasok\/\",\"url\":\"https:\/\/dnpdental.hu\/fogpotlasok\/\",\"name\":\"Fogp\u00f3tl\u00e1sok - DNP Dental\",\"isPartOf\":{\"@id\":\"https:\/\/dnpdental.hu\/#website\"},\"primaryImageOfPage\":{\"@id\":\"https:\/\/dnpdental.hu\/fogpotlasok\/#primaryimage\"},\"image\":{\"@id\":\"https:\/\/dnpdental.hu\/fogpotlasok\/#primaryimage\"},\"thumbnailUrl\":\"https:\/\/dnpdental.hu\/wp-content\/uploads\/2025\/11\/dental-implantation_1.webp\",\"datePublished\":\"2025-10-29T12:43:59+00:00\",\"dateModified\":\"2025-11-10T10:44:10+00:00\",\"breadcrumb\":{\"@id\":\"https:\/\/dnpdental.hu\/fogpotlasok\/#breadcrumb\"},\"inLanguage\":\"en-GB\",\"potentialAction\":[{\"@type\":\"ReadAction\",\"target\":[\"https:\/\/dnpdental.hu\/fogpotlasok\/\"]}]},{\"@type\":\"ImageObject\",\"inLanguage\":\"en-GB\",\"@id\":\"https:\/\/dnpdental.hu\/fogpotlasok\/#primaryimage\",\"url\":\"https:\/\/dnpdental.hu\/wp-content\/uploads\/2025\/11\/dental-implantation_1.webp\",\"contentUrl\":\"https:\/\/dnpdental.hu\/wp-content\/uploads\/2025\/11\/dental-implantation_1.webp\",\"width\":700,\"height\":700},{\"@type\":\"BreadcrumbList\",\"@id\":\"https:\/\/dnpdental.hu\/fogpotlasok\/#breadcrumb\",\"itemListElement\":[{\"@type\":\"ListItem\",\"position\":1,\"name\":\"Kezd\u0151lap\",\"item\":\"https:\/\/dnpdental.hu\/\"},{\"@type\":\"ListItem\",\"position\":2,\"name\":\"Fogp\u00f3tl\u00e1sok\"}]},{\"@type\":\"WebSite\",\"@id\":\"https:\/\/dnpdental.hu\/#website\",\"url\":\"https:\/\/dnpdental.hu\/\",\"name\":\"DNP Dental\",\"description\":\"\",\"publisher\":{\"@id\":\"https:\/\/dnpdental.hu\/#organization\"},\"potentialAction\":[{\"@type\":\"SearchAction\",\"target\":{\"@type\":\"EntryPoint\",\"urlTemplate\":\"https:\/\/dnpdental.hu\/?s={search_term_string}\"},\"query-input\":{\"@type\":\"PropertyValueSpecification\",\"valueRequired\":true,\"valueName\":\"search_term_string\"}}],\"inLanguage\":\"en-GB\"},{\"@type\":\"Organization\",\"@id\":\"https:\/\/dnpdental.hu\/#organization\",\"name\":\"DNP Dental\",\"url\":\"https:\/\/dnpdental.hu\/\",\"logo\":{\"@type\":\"ImageObject\",\"inLanguage\":\"en-GB\",\"@id\":\"https:\/\/dnpdental.hu\/#\/schema\/logo\/image\/\",\"url\":\"https:\/\/dnpdental.hu\/wp-content\/uploads\/2025\/11\/DNP-10_mini.webp\",\"contentUrl\":\"https:\/\/dnpdental.hu\/wp-content\/uploads\/2025\/11\/DNP-10_mini.webp\",\"width\":420,\"height\":202,\"caption\":\"DNP Dental\"},\"image\":{\"@id\":\"https:\/\/dnpdental.hu\/#\/schema\/logo\/image\/\"}}]}<\/script>\n<!-- \/ Yoast SEO Premium plugin. -->","yoast_head_json":{"title":"Fogp\u00f3tl\u00e1sok - DNP Dental","robots":{"index":"index","follow":"follow","max-snippet":"max-snippet:-1","max-image-preview":"max-image-preview:large","max-video-preview":"max-video-preview:-1"},"canonical":"https:\/\/dnpdental.hu\/en\/fogpotlasok\/","og_locale":"en_GB","og_type":"article","og_title":"Fogp\u00f3tl\u00e1sok","og_description":"Fogp\u00f3tl\u00e1sok Ideiglenes fogp\u00f3tl\u00e1sok Nem akarsz hi\u00e1nyos mosollyal \u00e9lni, mik\u00f6zben \u00e1lland\u00f3 prot\u00e9ziseket k\u00e9sz\u00edtenek? B\u0151vebben Implant\u00e1tumokkal stabiliz\u00e1lt kivehet\u0151 fogsorok Az implant\u00e1tumokra r\u00f6gz\u00edtett fogp\u00f3tl\u00e1sok \u00e1ltal\u00e1ban akkor aj\u00e1nlottak, ha az \u00e1llkapocscsont atr\u00f3fi\u00e1ja el\u00e9g messzire haladt. B\u0151vebben Teljes | r\u00e9szleges kivehet\u0151 fogsorok Foghi\u00e1nnyal k\u00fczd \u00e9s a legtesthez\u00e1ll\u00f3bb m\u00f3don szeretn\u00e9 p\u00f3toltatni hi\u00e1nyz\u00f3 fogait? B\u0151vebben","og_url":"https:\/\/dnpdental.hu\/en\/fogpotlasok\/","og_site_name":"DNP Dental","article_modified_time":"2025-11-10T10:44:10+00:00","og_image":[{"width":700,"height":700,"url":"https:\/\/dnpdental.hu\/wp-content\/uploads\/2025\/11\/dental-implantation_1.webp","type":"image\/webp"}],"twitter_card":"summary_large_image","twitter_misc":{"Estimated reading time":"1 minute"},"schema":{"@context":"https:\/\/schema.org","@graph":[{"@type":"WebPage","@id":"https:\/\/dnpdental.hu\/fogpotlasok\/","url":"https:\/\/dnpdental.hu\/fogpotlasok\/","name":"Fogp\u00f3tl\u00e1sok - DNP Dental","isPartOf":{"@id":"https:\/\/dnpdental.hu\/#website"},"primaryImageOfPage":{"@id":"https:\/\/dnpdental.hu\/fogpotlasok\/#primaryimage"},"image":{"@id":"https:\/\/dnpdental.hu\/fogpotlasok\/#primaryimage"},"thumbnailUrl":"https:\/\/dnpdental.hu\/wp-content\/uploads\/2025\/11\/dental-implantation_1.webp","datePublished":"2025-10-29T12:43:59+00:00","dateModified":"2025-11-10T10:44:10+00:00","breadcrumb":{"@id":"https:\/\/dnpdental.hu\/fogpotlasok\/#breadcrumb"},"inLanguage":"en-GB","potentialAction":[{"@type":"ReadAction","target":["https:\/\/dnpdental.hu\/fogpotlasok\/"]}]},{"@type":"ImageObject","inLanguage":"en-GB","@id":"https:\/\/dnpdental.hu\/fogpotlasok\/#primaryimage","url":"https:\/\/dnpdental.hu\/wp-content\/uploads\/2025\/11\/dental-implantation_1.webp","contentUrl":"https:\/\/dnpdental.hu\/wp-content\/uploads\/2025\/11\/dental-implantation_1.webp","width":700,"height":700},{"@type":"BreadcrumbList","@id":"https:\/\/dnpdental.hu\/fogpotlasok\/#breadcrumb","itemListElement":[{"@type":"ListItem","position":1,"name":"Kezd\u0151lap","item":"https:\/\/dnpdental.hu\/"},{"@type":"ListItem","position":2,"name":"Fogp\u00f3tl\u00e1sok"}]},{"@type":"WebSite","@id":"https:\/\/dnpdental.hu\/#website","url":"https:\/\/dnpdental.hu\/","name":"DNP Dental","description":"","publisher":{"@id":"https:\/\/dnpdental.hu\/#organization"},"potentialAction":[{"@type":"SearchAction","target":{"@type":"EntryPoint","urlTemplate":"https:\/\/dnpdental.hu\/?s={search_term_string}"},"query-input":{"@type":"PropertyValueSpecification","valueRequired":true,"valueName":"search_term_string"}}],"inLanguage":"en-GB"},{"@type":"Organization","@id":"https:\/\/dnpdental.hu\/#organization","name":"DNP Dental","url":"https:\/\/dnpdental.hu\/","logo":{"@type":"ImageObject","inLanguage":"en-GB","@id":"https:\/\/dnpdental.hu\/#\/schema\/logo\/image\/","url":"https:\/\/dnpdental.hu\/wp-content\/uploads\/2025\/11\/DNP-10_mini.webp","contentUrl":"https:\/\/dnpdental.hu\/wp-content\/uploads\/2025\/11\/DNP-10_mini.webp","width":420,"height":202,"caption":"DNP Dental"},"image":{"@id":"https:\/\/dnpdental.hu\/#\/schema\/logo\/image\/"}}]}},"_links":{"self":[{"href":"https:\/\/dnpdental.hu\/en\/wp-json\/wp\/v2\/pages\/69","targetHints":{"allow":["GET"]}}],"collection":[{"href":"https:\/\/dnpdental.hu\/en\/wp-json\/wp\/v2\/pages"}],"about":[{"href":"https:\/\/dnpdental.hu\/en\/wp-json\/wp\/v2\/types\/page"}],"author":[{"embeddable":true,"href":"https:\/\/dnpdental.hu\/en\/wp-json\/wp\/v2\/users\/1"}],"replies":[{"embeddable":true,"href":"https:\/\/dnpdental.hu\/en\/wp-json\/wp\/v2\/comments?post=69"}],"version-history":[{"count":22,"href":"https:\/\/dnpdental.hu\/en\/wp-json\/wp\/v2\/pages\/69\/revisions"}],"predecessor-version":[{"id":1690,"href":"https:\/\/dnpdental.hu\/en\/wp-json\/wp\/v2\/pages\/69\/revisions\/1690"}],"wp:featuredmedia":[{"embeddable":true,"href":"https:\/\/dnpdental.hu\/en\/wp-json\/wp\/v2\/media\/826"}],"wp:attachment":[{"href":"https:\/\/dnpdental.hu\/en\/wp-json\/wp\/v2\/media?parent=69"}],"curies":[{"name":"wp","href":"https:\/\/api.w.org\/{rel}","templated":true}]}}