{"id":994,"date":"2025-11-01T01:43:25","date_gmt":"2025-11-01T00:43:25","guid":{"rendered":"https:\/\/newsite.dnpdental.hu\/?page_id=994"},"modified":"2026-03-24T11:43:01","modified_gmt":"2026-03-24T10:43:01","slug":"peto-reka","status":"publish","type":"page","link":"https:\/\/dnpdental.hu\/en\/peto-reka\/","title":{"rendered":"Pet\u0151 R\u00e9ka"},"content":{"rendered":"<div data-elementor-type=\"wp-page\" data-elementor-id=\"994\" class=\"elementor elementor-994\" data-elementor-post-type=\"page\">\n\t\t\t\t<div class=\"elementor-element elementor-element-d5e8786 e-flex e-con-boxed e-con e-parent\" data-id=\"d5e8786\" data-element_type=\"container\">\n\t\t\t\t\t<div class=\"e-con-inner\">\n\t\t<div class=\"elementor-element elementor-element-b09218b e-con-full e-flex e-con e-child\" data-id=\"b09218b\" data-element_type=\"container\" data-settings=\"{&quot;background_background&quot;:&quot;classic&quot;}\">\n\t\t\t\t<div class=\"elementor-element elementor-element-512cc06 elementor-widget elementor-widget-image\" data-id=\"512cc06\" data-element_type=\"widget\" data-widget_type=\"image.default\">\n\t\t\t\t\t\t\t\t\t\t\t\t\t\t\t<img fetchpriority=\"high\" decoding=\"async\" width=\"600\" height=\"789\" src=\"https:\/\/dnpdental.hu\/wp-content\/uploads\/2026\/03\/Peto-Reka-fogaszati-asszisztens.jpg\" class=\"attachment-large size-large wp-image-3252\" alt=\"\" srcset=\"https:\/\/dnpdental.hu\/wp-content\/uploads\/2026\/03\/Peto-Reka-fogaszati-asszisztens.jpg 600w, https:\/\/dnpdental.hu\/wp-content\/uploads\/2026\/03\/Peto-Reka-fogaszati-asszisztens-228x300.jpg 228w, https:\/\/dnpdental.hu\/wp-content\/uploads\/2026\/03\/Peto-Reka-fogaszati-asszisztens-9x12.jpg 9w\" sizes=\"(max-width: 600px) 100vw, 600px\" \/>\t\t\t\t\t\t\t\t\t\t\t\t\t\t\t<\/div>\n\t\t<div class=\"elementor-element elementor-element-521ea36 e-con-full e-flex e-con e-child\" data-id=\"521ea36\" data-element_type=\"container\">\n\t\t\t\t<div class=\"elementor-element elementor-element-947a4f2 elementor-widget elementor-widget-heading\" data-id=\"947a4f2\" data-element_type=\"widget\" data-widget_type=\"heading.default\">\n\t\t\t\t\t<h2 class=\"elementor-heading-title elementor-size-default\">Contact info<\/h2>\t\t\t\t<\/div>\n\t\t\t\t<div class=\"elementor-element elementor-element-225577c elementor-icon-list--layout-traditional elementor-list-item-link-full_width elementor-widget elementor-widget-icon-list\" data-id=\"225577c\" data-element_type=\"widget\" data-widget_type=\"icon-list.default\">\n\t\t\t\t\t\t\t<ul class=\"elementor-icon-list-items\">\n\t\t\t\t\t\t\t<li class=\"elementor-icon-list-item\">\n\t\t\t\t\t\t\t\t\t\t\t<span class=\"elementor-icon-list-icon\">\n\t\t\t\t\t\t\t<svg aria-hidden=\"true\" class=\"e-font-icon-svg e-fas-phone-alt\" viewbox=\"0 0 512 512\" xmlns=\"http:\/\/www.w3.org\/2000\/svg\"><path d=\"M497.39 361.8l-112-48a24 24 0 0 0-28 6.9l-49.6 60.6A370.66 370.66 0 0 1 130.6 204.11l60.6-49.6a23.94 23.94 0 0 0 6.9-28l-48-112A24.16 24.16 0 0 0 122.6.61l-104 24A24 24 0 0 0 0 48c0 256.5 207.9 464 464 464a24 24 0 0 0 23.4-18.6l24-104a24.29 24.29 0 0 0-14.01-27.6z\"><\/path><\/svg>\t\t\t\t\t\t<\/span>\n\t\t\t\t\t\t\t\t\t\t<span class=\"elementor-icon-list-text\">+36 70 613 6646<\/span>\n\t\t\t\t\t\t\t\t\t<\/li>\n\t\t\t\t\t\t\t\t<li class=\"elementor-icon-list-item\">\n\t\t\t\t\t\t\t\t\t\t\t<span class=\"elementor-icon-list-icon\">\n\t\t\t\t\t\t\t<svg aria-hidden=\"true\" class=\"e-font-icon-svg e-fas-envelope\" viewbox=\"0 0 512 512\" xmlns=\"http:\/\/www.w3.org\/2000\/svg\"><path d=\"M502.3 190.8c3.9-3.1 9.7-.2 9.7 4.7V400c0 26.5-21.5 48-48 48H48c-26.5 0-48-21.5-48-48V195.6c0-5 5.7-7.8 9.7-4.7 22.4 17.4 52.1 39.5 154.1 113.6 21.1 15.4 56.7 47.8 92.2 47.6 35.7.3 72-32.8 92.3-47.6 102-74.1 131.6-96.3 154-113.7zM256 320c23.2.4 56.6-29.2 73.4-41.4 132.7-96.3 142.8-104.7 173.4-128.7 5.8-4.5 9.2-11.5 9.2-18.9v-19c0-26.5-21.5-48-48-48H48C21.5 64 0 85.5 0 112v19c0 7.4 3.4 14.3 9.2 18.9 30.6 23.9 40.7 32.4 173.4 128.7 16.8 12.2 50.2 41.8 73.4 41.4z\"><\/path><\/svg>\t\t\t\t\t\t<\/span>\n\t\t\t\t\t\t\t\t\t\t<span class=\"elementor-icon-list-text\">rendelo@dnpdental.hu<\/span>\n\t\t\t\t\t\t\t\t\t<\/li>\n\t\t\t\t\t\t\t\t<li class=\"elementor-icon-list-item\">\n\t\t\t\t\t\t\t\t\t\t\t<span class=\"elementor-icon-list-icon\">\n\t\t\t\t\t\t\t<svg aria-hidden=\"true\" class=\"e-font-icon-svg e-fas-map-marker-alt\" viewbox=\"0 0 384 512\" xmlns=\"http:\/\/www.w3.org\/2000\/svg\"><path d=\"M172.268 501.67C26.97 291.031 0 269.413 0 192 0 85.961 85.961 0 192 0s192 85.961 192 192c0 77.413-26.97 99.031-172.268 309.67-9.535 13.774-29.93 13.773-39.464 0zM192 272c44.183 0 80-35.817 80-80s-35.817-80-80-80-80 35.817-80 80 35.817 80 80 80z\"><\/path><\/svg>\t\t\t\t\t\t<\/span>\n\t\t\t\t\t\t\t\t\t\t<span class=\"elementor-icon-list-text\">1115 Budapest, Bart\u00f3k B\u00e9la \u00fat 90. 1st floor<\/span>\n\t\t\t\t\t\t\t\t\t<\/li>\n\t\t\t\t\t\t<\/ul>\n\t\t\t\t\t\t<\/div>\n\t\t\t\t<div class=\"elementor-element elementor-element-91b3264 elementor-widget elementor-widget-heading\" data-id=\"91b3264\" data-element_type=\"widget\" data-widget_type=\"heading.default\">\n\t\t\t\t\t<h2 class=\"elementor-heading-title elementor-size-default\">Working hours<\/h2>\t\t\t\t<\/div>\n\t\t\t\t<div class=\"elementor-element elementor-element-697d85b elementor-icon-list--layout-traditional elementor-list-item-link-full_width elementor-widget elementor-widget-icon-list\" data-id=\"697d85b\" data-element_type=\"widget\" data-widget_type=\"icon-list.default\">\n\t\t\t\t\t\t\t<ul class=\"elementor-icon-list-items\">\n\t\t\t\t\t\t\t<li class=\"elementor-icon-list-item\">\n\t\t\t\t\t\t\t\t\t\t<span class=\"elementor-icon-list-text\">Monday - Saturday: 08:00 - 20:00<\/span>\n\t\t\t\t\t\t\t\t\t<\/li>\n\t\t\t\t\t\t<\/ul>\n\t\t\t\t\t\t<\/div>\n\t\t\t\t<\/div>\n\t\t\t\t<\/div>\n\t\t<div class=\"elementor-element elementor-element-ae11c6a e-con-full e-flex e-con e-child\" data-id=\"ae11c6a\" data-element_type=\"container\">\n\t\t\t\t<div class=\"elementor-element elementor-element-2b58edd elementor-widget elementor-widget-heading\" data-id=\"2b58edd\" data-element_type=\"widget\" data-widget_type=\"heading.default\">\n\t\t\t\t\t<h1 class=\"elementor-heading-title elementor-size-default\">Pet\u0151 R\u00e9ka<\/h1>\t\t\t\t<\/div>\n\t\t\t\t<div class=\"elementor-element elementor-element-f84056f elementor-widget elementor-widget-heading\" data-id=\"f84056f\" data-element_type=\"widget\" data-widget_type=\"heading.default\">\n\t\t\t\t\t<p class=\"elementor-heading-title elementor-size-default\">Dental Assistant<\/p>\t\t\t\t<\/div>\n\t\t\t\t<div class=\"elementor-element elementor-element-ca864e3 elementor-widget elementor-widget-heading\" data-id=\"ca864e3\" data-element_type=\"widget\" data-widget_type=\"heading.default\">\n\t\t\t\t\t<h2 class=\"elementor-heading-title elementor-size-default\">Biography<\/h2>\t\t\t\t<\/div>\n\t\t\t\t<div class=\"elementor-element elementor-element-cd3d8df elementor-widget elementor-widget-text-editor\" data-id=\"cd3d8df\" data-element_type=\"widget\" data-widget_type=\"text-editor.default\">\n\t\t\t\t\t\t\t\t\t<div class=\"doctor-details-area section\"><div class=\"container\"><div class=\"row\"><div class=\"col-lg-7\"><div class=\"doctor-details-item\"><div class=\"doctor-details-right\"><div class=\"doctor-details-biography\"><p>As a dental assistant, I believe that beyond professional expertise, empathy, attentiveness, and a sense of safety are just as important for patients. I grew up in a family where almost everyone works in healthcare, so from a young age, helping others, dedication, and a sense of responsibility came naturally to me. This heritage is what guided me onto this path.<br \/><br \/>It is important to me that patients receive not only excellent professional care, but also understanding, patience, and genuine attention. My goal is for everyone to leave feeling calm, confident, and with a positive experience.<br \/><br \/>I believe that a smile is not only about teeth \u2014 but also about the feeling we experience in the moment.<\/p><\/div><\/div><\/div><\/div><\/div><\/div><\/div>\t\t\t\t\t\t\t\t<\/div>\n\t\t\t\t<\/div>\n\t\t\t\t\t<\/div>\n\t\t\t\t<\/div>\n\t\t\t\t<\/div>","protected":false},"excerpt":{"rendered":"<p>Kapcsolati adatok +36 70 613 6646 rendelo@dnpdental.hu 1115 Budapest, Bart\u00f3k B\u00e9la \u00fat 90. 1. emelet Rendel\u00e9si id\u0151 H\u00e9tf\u0151-Szombat: 08:00-20:00 Pet\u0151 R\u00e9ka Fog\u00e1szati Asszisztens \u00c9letrajz Fog\u00e1szati asszisztensk\u00e9nt hiszek abban, hogy a szakmai felk\u00e9sz\u00fclts\u00e9g mellett az embers\u00e9g, a figyelem \u00e9s a biztons\u00e1g\u00e9rzet legal\u00e1bb olyan fontos a p\u00e1ciensek sz\u00e1m\u00e1ra. Egy olyan csal\u00e1dban n\u0151ttem fel, ahol szinte mindenki az &#8230; <a title=\"Pet\u0151 R\u00e9ka\" class=\"read-more\" href=\"https:\/\/dnpdental.hu\/en\/peto-reka\/\" aria-label=\"Read more about Pet\u0151 R\u00e9ka\">Read more<\/a><\/p>","protected":false},"author":1,"featured_media":0,"parent":0,"menu_order":0,"comment_status":"closed","ping_status":"closed","template":"elementor_header_footer","meta":{"footnotes":""},"class_list":["post-994","page","type-page","status-publish"],"yoast_head":"<!-- This site is optimized with the Yoast SEO Premium plugin v26.2 (Yoast SEO v26.5) - https:\/\/yoast.com\/wordpress\/plugins\/seo\/ -->\n<title>Pet\u0151 R\u00e9ka - DNP Dental<\/title>\n<meta name=\"robots\" content=\"index, follow, max-snippet:-1, max-image-preview:large, max-video-preview:-1\" \/>\n<link rel=\"canonical\" href=\"https:\/\/dnpdental.hu\/en\/peto-reka\/\" \/>\n<meta property=\"og:locale\" content=\"en_GB\" \/>\n<meta property=\"og:type\" content=\"article\" \/>\n<meta property=\"og:title\" content=\"Pet\u0151 R\u00e9ka\" \/>\n<meta property=\"og:description\" content=\"Kapcsolati adatok +36 70 613 6646 rendelo@dnpdental.hu 1115 Budapest, Bart\u00f3k B\u00e9la \u00fat 90. 1. emelet Rendel\u00e9si id\u0151 H\u00e9tf\u0151-Szombat: 08:00-20:00 Pet\u0151 R\u00e9ka Fog\u00e1szati Asszisztens \u00c9letrajz Fog\u00e1szati asszisztensk\u00e9nt hiszek abban, hogy a szakmai felk\u00e9sz\u00fclts\u00e9g mellett az embers\u00e9g, a figyelem \u00e9s a biztons\u00e1g\u00e9rzet legal\u00e1bb olyan fontos a p\u00e1ciensek sz\u00e1m\u00e1ra. Egy olyan csal\u00e1dban n\u0151ttem fel, ahol szinte mindenki az ... Read more\" \/>\n<meta property=\"og:url\" content=\"https:\/\/dnpdental.hu\/en\/peto-reka\/\" \/>\n<meta property=\"og:site_name\" content=\"DNP Dental\" \/>\n<meta property=\"article:modified_time\" content=\"2026-03-24T10:43:01+00:00\" \/>\n<meta property=\"og:image\" content=\"https:\/\/dnpdental.hu\/wp-content\/uploads\/2026\/03\/Peto-Reka-fogaszati-asszisztens.jpg\" \/>\n\t<meta property=\"og:image:width\" content=\"600\" \/>\n\t<meta property=\"og:image:height\" content=\"789\" \/>\n\t<meta property=\"og:image:type\" content=\"image\/jpeg\" \/>\n<meta name=\"twitter:card\" content=\"summary_large_image\" \/>\n<meta name=\"twitter:label1\" content=\"Estimated reading time\" \/>\n\t<meta name=\"twitter:data1\" content=\"1 minute\" \/>\n<script type=\"application\/ld+json\" class=\"yoast-schema-graph\">{\"@context\":\"https:\/\/schema.org\",\"@graph\":[{\"@type\":\"WebPage\",\"@id\":\"https:\/\/dnpdental.hu\/peto-reka\/\",\"url\":\"https:\/\/dnpdental.hu\/peto-reka\/\",\"name\":\"Pet\u0151 R\u00e9ka - DNP Dental\",\"isPartOf\":{\"@id\":\"https:\/\/dnpdental.hu\/#website\"},\"primaryImageOfPage\":{\"@id\":\"https:\/\/dnpdental.hu\/peto-reka\/#primaryimage\"},\"image\":{\"@id\":\"https:\/\/dnpdental.hu\/peto-reka\/#primaryimage\"},\"thumbnailUrl\":\"https:\/\/dnpdental.hu\/wp-content\/uploads\/2026\/03\/Peto-Reka-fogaszati-asszisztens.jpg\",\"datePublished\":\"2025-11-01T00:43:25+00:00\",\"dateModified\":\"2026-03-24T10:43:01+00:00\",\"breadcrumb\":{\"@id\":\"https:\/\/dnpdental.hu\/peto-reka\/#breadcrumb\"},\"inLanguage\":\"en-GB\",\"potentialAction\":[{\"@type\":\"ReadAction\",\"target\":[\"https:\/\/dnpdental.hu\/peto-reka\/\"]}]},{\"@type\":\"ImageObject\",\"inLanguage\":\"en-GB\",\"@id\":\"https:\/\/dnpdental.hu\/peto-reka\/#primaryimage\",\"url\":\"https:\/\/dnpdental.hu\/wp-content\/uploads\/2026\/03\/Peto-Reka-fogaszati-asszisztens.jpg\",\"contentUrl\":\"https:\/\/dnpdental.hu\/wp-content\/uploads\/2026\/03\/Peto-Reka-fogaszati-asszisztens.jpg\"},{\"@type\":\"BreadcrumbList\",\"@id\":\"https:\/\/dnpdental.hu\/peto-reka\/#breadcrumb\",\"itemListElement\":[{\"@type\":\"ListItem\",\"position\":1,\"name\":\"Kezd\u0151lap\",\"item\":\"https:\/\/dnpdental.hu\/\"},{\"@type\":\"ListItem\",\"position\":2,\"name\":\"Pet\u0151 R\u00e9ka\"}]},{\"@type\":\"WebSite\",\"@id\":\"https:\/\/dnpdental.hu\/#website\",\"url\":\"https:\/\/dnpdental.hu\/\",\"name\":\"DNP Dental\",\"description\":\"\",\"publisher\":{\"@id\":\"https:\/\/dnpdental.hu\/#organization\"},\"potentialAction\":[{\"@type\":\"SearchAction\",\"target\":{\"@type\":\"EntryPoint\",\"urlTemplate\":\"https:\/\/dnpdental.hu\/?s={search_term_string}\"},\"query-input\":{\"@type\":\"PropertyValueSpecification\",\"valueRequired\":true,\"valueName\":\"search_term_string\"}}],\"inLanguage\":\"en-GB\"},{\"@type\":\"Organization\",\"@id\":\"https:\/\/dnpdental.hu\/#organization\",\"name\":\"DNP Dental\",\"url\":\"https:\/\/dnpdental.hu\/\",\"logo\":{\"@type\":\"ImageObject\",\"inLanguage\":\"en-GB\",\"@id\":\"https:\/\/dnpdental.hu\/#\/schema\/logo\/image\/\",\"url\":\"https:\/\/dnpdental.hu\/wp-content\/uploads\/2025\/11\/DNP-10_mini.webp\",\"contentUrl\":\"https:\/\/dnpdental.hu\/wp-content\/uploads\/2025\/11\/DNP-10_mini.webp\",\"width\":420,\"height\":202,\"caption\":\"DNP Dental\"},\"image\":{\"@id\":\"https:\/\/dnpdental.hu\/#\/schema\/logo\/image\/\"}}]}<\/script>\n<!-- \/ Yoast SEO Premium plugin. -->","yoast_head_json":{"title":"Pet\u0151 R\u00e9ka - DNP Dental","robots":{"index":"index","follow":"follow","max-snippet":"max-snippet:-1","max-image-preview":"max-image-preview:large","max-video-preview":"max-video-preview:-1"},"canonical":"https:\/\/dnpdental.hu\/en\/peto-reka\/","og_locale":"en_GB","og_type":"article","og_title":"Pet\u0151 R\u00e9ka","og_description":"Kapcsolati adatok +36 70 613 6646 rendelo@dnpdental.hu 1115 Budapest, Bart\u00f3k B\u00e9la \u00fat 90. 1. emelet Rendel\u00e9si id\u0151 H\u00e9tf\u0151-Szombat: 08:00-20:00 Pet\u0151 R\u00e9ka Fog\u00e1szati Asszisztens \u00c9letrajz Fog\u00e1szati asszisztensk\u00e9nt hiszek abban, hogy a szakmai felk\u00e9sz\u00fclts\u00e9g mellett az embers\u00e9g, a figyelem \u00e9s a biztons\u00e1g\u00e9rzet legal\u00e1bb olyan fontos a p\u00e1ciensek sz\u00e1m\u00e1ra. Egy olyan csal\u00e1dban n\u0151ttem fel, ahol szinte mindenki az ... Read more","og_url":"https:\/\/dnpdental.hu\/en\/peto-reka\/","og_site_name":"DNP Dental","article_modified_time":"2026-03-24T10:43:01+00:00","og_image":[{"width":600,"height":789,"url":"https:\/\/dnpdental.hu\/wp-content\/uploads\/2026\/03\/Peto-Reka-fogaszati-asszisztens.jpg","type":"image\/jpeg"}],"twitter_card":"summary_large_image","twitter_misc":{"Estimated reading time":"1 minute"},"schema":{"@context":"https:\/\/schema.org","@graph":[{"@type":"WebPage","@id":"https:\/\/dnpdental.hu\/peto-reka\/","url":"https:\/\/dnpdental.hu\/peto-reka\/","name":"Pet\u0151 R\u00e9ka - DNP Dental","isPartOf":{"@id":"https:\/\/dnpdental.hu\/#website"},"primaryImageOfPage":{"@id":"https:\/\/dnpdental.hu\/peto-reka\/#primaryimage"},"image":{"@id":"https:\/\/dnpdental.hu\/peto-reka\/#primaryimage"},"thumbnailUrl":"https:\/\/dnpdental.hu\/wp-content\/uploads\/2026\/03\/Peto-Reka-fogaszati-asszisztens.jpg","datePublished":"2025-11-01T00:43:25+00:00","dateModified":"2026-03-24T10:43:01+00:00","breadcrumb":{"@id":"https:\/\/dnpdental.hu\/peto-reka\/#breadcrumb"},"inLanguage":"en-GB","potentialAction":[{"@type":"ReadAction","target":["https:\/\/dnpdental.hu\/peto-reka\/"]}]},{"@type":"ImageObject","inLanguage":"en-GB","@id":"https:\/\/dnpdental.hu\/peto-reka\/#primaryimage","url":"https:\/\/dnpdental.hu\/wp-content\/uploads\/2026\/03\/Peto-Reka-fogaszati-asszisztens.jpg","contentUrl":"https:\/\/dnpdental.hu\/wp-content\/uploads\/2026\/03\/Peto-Reka-fogaszati-asszisztens.jpg"},{"@type":"BreadcrumbList","@id":"https:\/\/dnpdental.hu\/peto-reka\/#breadcrumb","itemListElement":[{"@type":"ListItem","position":1,"name":"Kezd\u0151lap","item":"https:\/\/dnpdental.hu\/"},{"@type":"ListItem","position":2,"name":"Pet\u0151 R\u00e9ka"}]},{"@type":"WebSite","@id":"https:\/\/dnpdental.hu\/#website","url":"https:\/\/dnpdental.hu\/","name":"DNP Dental","description":"","publisher":{"@id":"https:\/\/dnpdental.hu\/#organization"},"potentialAction":[{"@type":"SearchAction","target":{"@type":"EntryPoint","urlTemplate":"https:\/\/dnpdental.hu\/?s={search_term_string}"},"query-input":{"@type":"PropertyValueSpecification","valueRequired":true,"valueName":"search_term_string"}}],"inLanguage":"en-GB"},{"@type":"Organization","@id":"https:\/\/dnpdental.hu\/#organization","name":"DNP Dental","url":"https:\/\/dnpdental.hu\/","logo":{"@type":"ImageObject","inLanguage":"en-GB","@id":"https:\/\/dnpdental.hu\/#\/schema\/logo\/image\/","url":"https:\/\/dnpdental.hu\/wp-content\/uploads\/2025\/11\/DNP-10_mini.webp","contentUrl":"https:\/\/dnpdental.hu\/wp-content\/uploads\/2025\/11\/DNP-10_mini.webp","width":420,"height":202,"caption":"DNP Dental"},"image":{"@id":"https:\/\/dnpdental.hu\/#\/schema\/logo\/image\/"}}]}},"_links":{"self":[{"href":"https:\/\/dnpdental.hu\/en\/wp-json\/wp\/v2\/pages\/994","targetHints":{"allow":["GET"]}}],"collection":[{"href":"https:\/\/dnpdental.hu\/en\/wp-json\/wp\/v2\/pages"}],"about":[{"href":"https:\/\/dnpdental.hu\/en\/wp-json\/wp\/v2\/types\/page"}],"author":[{"embeddable":true,"href":"https:\/\/dnpdental.hu\/en\/wp-json\/wp\/v2\/users\/1"}],"replies":[{"embeddable":true,"href":"https:\/\/dnpdental.hu\/en\/wp-json\/wp\/v2\/comments?post=994"}],"version-history":[{"count":32,"href":"https:\/\/dnpdental.hu\/en\/wp-json\/wp\/v2\/pages\/994\/revisions"}],"predecessor-version":[{"id":3340,"href":"https:\/\/dnpdental.hu\/en\/wp-json\/wp\/v2\/pages\/994\/revisions\/3340"}],"wp:attachment":[{"href":"https:\/\/dnpdental.hu\/en\/wp-json\/wp\/v2\/media?parent=994"}],"curies":[{"name":"wp","href":"https:\/\/api.w.org\/{rel}","templated":true}]}}