{"id":1001,"date":"2025-11-01T01:45:08","date_gmt":"2025-11-01T00:45:08","guid":{"rendered":"https:\/\/newsite.dnpdental.hu\/?page_id=1001"},"modified":"2026-01-28T17:50:38","modified_gmt":"2026-01-28T16:50:38","slug":"papp_lidia","status":"publish","type":"page","link":"https:\/\/dnpdental.hu\/ru\/papp_lidia\/","title":{"rendered":"Papp L\u00eddia"},"content":{"rendered":"<div data-elementor-type=\"wp-page\" data-elementor-id=\"1001\" class=\"elementor elementor-1001\" data-elementor-post-type=\"page\">\n\t\t\t\t<div class=\"elementor-element elementor-element-b6d0563 e-flex e-con-boxed e-con e-parent\" data-id=\"b6d0563\" data-element_type=\"container\">\n\t\t\t\t\t<div class=\"e-con-inner\">\n\t\t<div class=\"elementor-element elementor-element-fdd77eb e-con-full e-flex e-con e-child\" data-id=\"fdd77eb\" data-element_type=\"container\" data-settings=\"{&quot;background_background&quot;:&quot;classic&quot;}\">\n\t\t\t\t<div class=\"elementor-element elementor-element-7687527 elementor-widget elementor-widget-image\" data-id=\"7687527\" data-element_type=\"widget\" data-widget_type=\"image.default\">\n\t\t\t\t\t\t\t\t\t\t\t\t\t\t\t<img fetchpriority=\"high\" decoding=\"async\" width=\"683\" height=\"1024\" src=\"https:\/\/dnpdental.hu\/wp-content\/uploads\/2026\/01\/DSC00367-2-1-683x1024.jpg\" class=\"attachment-large size-large wp-image-2798\" alt=\"\" srcset=\"https:\/\/dnpdental.hu\/wp-content\/uploads\/2026\/01\/DSC00367-2-1-683x1024.jpg 683w, https:\/\/dnpdental.hu\/wp-content\/uploads\/2026\/01\/DSC00367-2-1-200x300.jpg 200w, https:\/\/dnpdental.hu\/wp-content\/uploads\/2026\/01\/DSC00367-2-1-768x1152.jpg 768w, https:\/\/dnpdental.hu\/wp-content\/uploads\/2026\/01\/DSC00367-2-1-1024x1536.jpg 1024w, https:\/\/dnpdental.hu\/wp-content\/uploads\/2026\/01\/DSC00367-2-1-1365x2048.jpg 1365w, https:\/\/dnpdental.hu\/wp-content\/uploads\/2026\/01\/DSC00367-2-1-8x12.jpg 8w, https:\/\/dnpdental.hu\/wp-content\/uploads\/2026\/01\/DSC00367-2-1-scaled.jpg 1707w\" sizes=\"(max-width: 683px) 100vw, 683px\" \/>\t\t\t\t\t\t\t\t\t\t\t\t\t\t\t<\/div>\n\t\t<div class=\"elementor-element elementor-element-e15e80d e-con-full e-flex e-con e-child\" data-id=\"e15e80d\" data-element_type=\"container\">\n\t\t\t\t<div class=\"elementor-element elementor-element-2238e16 elementor-widget elementor-widget-heading\" data-id=\"2238e16\" data-element_type=\"widget\" data-widget_type=\"heading.default\">\n\t\t\t\t\t<h2 class=\"elementor-heading-title elementor-size-default\">\u041a\u043e\u043d\u0442\u0430\u043a\u0442\u043d\u0430\u044f \u0438\u043d\u0444\u043e\u0440\u043c\u0430\u0446\u0438\u044f<\/h2>\t\t\t\t<\/div>\n\t\t\t\t<div class=\"elementor-element elementor-element-87164c8 elementor-icon-list--layout-traditional elementor-list-item-link-full_width elementor-widget elementor-widget-icon-list\" data-id=\"87164c8\" data-element_type=\"widget\" data-widget_type=\"icon-list.default\">\n\t\t\t\t\t\t\t<ul class=\"elementor-icon-list-items\">\n\t\t\t\t\t\t\t<li class=\"elementor-icon-list-item\">\n\t\t\t\t\t\t\t\t\t\t\t<span class=\"elementor-icon-list-icon\">\n\t\t\t\t\t\t\t<svg aria-hidden=\"true\" class=\"e-font-icon-svg e-fas-phone-alt\" viewbox=\"0 0 512 512\" xmlns=\"http:\/\/www.w3.org\/2000\/svg\"><path d=\"M497.39 361.8l-112-48a24 24 0 0 0-28 6.9l-49.6 60.6A370.66 370.66 0 0 1 130.6 204.11l60.6-49.6a23.94 23.94 0 0 0 6.9-28l-48-112A24.16 24.16 0 0 0 122.6.61l-104 24A24 24 0 0 0 0 48c0 256.5 207.9 464 464 464a24 24 0 0 0 23.4-18.6l24-104a24.29 24.29 0 0 0-14.01-27.6z\"><\/path><\/svg>\t\t\t\t\t\t<\/span>\n\t\t\t\t\t\t\t\t\t\t<span class=\"elementor-icon-list-text\">+36 70 613 6646<\/span>\n\t\t\t\t\t\t\t\t\t<\/li>\n\t\t\t\t\t\t\t\t<li class=\"elementor-icon-list-item\">\n\t\t\t\t\t\t\t\t\t\t\t<span class=\"elementor-icon-list-icon\">\n\t\t\t\t\t\t\t<svg aria-hidden=\"true\" class=\"e-font-icon-svg e-fas-envelope\" viewbox=\"0 0 512 512\" xmlns=\"http:\/\/www.w3.org\/2000\/svg\"><path d=\"M502.3 190.8c3.9-3.1 9.7-.2 9.7 4.7V400c0 26.5-21.5 48-48 48H48c-26.5 0-48-21.5-48-48V195.6c0-5 5.7-7.8 9.7-4.7 22.4 17.4 52.1 39.5 154.1 113.6 21.1 15.4 56.7 47.8 92.2 47.6 35.7.3 72-32.8 92.3-47.6 102-74.1 131.6-96.3 154-113.7zM256 320c23.2.4 56.6-29.2 73.4-41.4 132.7-96.3 142.8-104.7 173.4-128.7 5.8-4.5 9.2-11.5 9.2-18.9v-19c0-26.5-21.5-48-48-48H48C21.5 64 0 85.5 0 112v19c0 7.4 3.4 14.3 9.2 18.9 30.6 23.9 40.7 32.4 173.4 128.7 16.8 12.2 50.2 41.8 73.4 41.4z\"><\/path><\/svg>\t\t\t\t\t\t<\/span>\n\t\t\t\t\t\t\t\t\t\t<span class=\"elementor-icon-list-text\">rendelo@dnpdental.hu<\/span>\n\t\t\t\t\t\t\t\t\t<\/li>\n\t\t\t\t\t\t\t\t<li class=\"elementor-icon-list-item\">\n\t\t\t\t\t\t\t\t\t\t\t<span class=\"elementor-icon-list-icon\">\n\t\t\t\t\t\t\t<svg aria-hidden=\"true\" class=\"e-font-icon-svg e-fas-map-marker-alt\" viewbox=\"0 0 384 512\" xmlns=\"http:\/\/www.w3.org\/2000\/svg\"><path d=\"M172.268 501.67C26.97 291.031 0 269.413 0 192 0 85.961 85.961 0 192 0s192 85.961 192 192c0 77.413-26.97 99.031-172.268 309.67-9.535 13.774-29.93 13.773-39.464 0zM192 272c44.183 0 80-35.817 80-80s-35.817-80-80-80-80 35.817-80 80 35.817 80 80 80z\"><\/path><\/svg>\t\t\t\t\t\t<\/span>\n\t\t\t\t\t\t\t\t\t\t<span class=\"elementor-icon-list-text\">1115 Budapest, Bart\u00f3k B\u00e9la \u00fat 90. 1-\u0439 \u044d\u0442\u0430\u0436<\/span>\n\t\t\t\t\t\t\t\t\t<\/li>\n\t\t\t\t\t\t<\/ul>\n\t\t\t\t\t\t<\/div>\n\t\t\t\t<div class=\"elementor-element elementor-element-3a1c573 elementor-widget elementor-widget-heading\" data-id=\"3a1c573\" data-element_type=\"widget\" data-widget_type=\"heading.default\">\n\t\t\t\t\t<h2 class=\"elementor-heading-title elementor-size-default\">\u0420\u0430\u0431\u043e\u0447\u0435\u0435 \u0432\u0440\u0435\u043c\u044f<\/h2>\t\t\t\t<\/div>\n\t\t\t\t<div class=\"elementor-element elementor-element-87d2247 elementor-icon-list--layout-traditional elementor-list-item-link-full_width elementor-widget elementor-widget-icon-list\" data-id=\"87d2247\" data-element_type=\"widget\" data-widget_type=\"icon-list.default\">\n\t\t\t\t\t\t\t<ul class=\"elementor-icon-list-items\">\n\t\t\t\t\t\t\t<li class=\"elementor-icon-list-item\">\n\t\t\t\t\t\t\t\t\t\t<span class=\"elementor-icon-list-text\">\u041f\u043e\u043d\u0435\u0434\u0435\u043b\u044c\u043d\u0438\u043a - \u0421\u0443\u0431\u0431\u043e\u0442\u0430: 8:00 - 20:00<\/span>\n\t\t\t\t\t\t\t\t\t<\/li>\n\t\t\t\t\t\t<\/ul>\n\t\t\t\t\t\t<\/div>\n\t\t\t\t<\/div>\n\t\t\t\t<\/div>\n\t\t<div class=\"elementor-element elementor-element-0b43836 e-con-full e-flex e-con e-child\" data-id=\"0b43836\" data-element_type=\"container\">\n\t\t\t\t<div class=\"elementor-element elementor-element-96214a3 elementor-widget elementor-widget-heading\" data-id=\"96214a3\" data-element_type=\"widget\" data-widget_type=\"heading.default\">\n\t\t\t\t\t<h1 class=\"elementor-heading-title elementor-size-default\">Papp L\u00eddia<\/h1>\t\t\t\t<\/div>\n\t\t\t\t<div class=\"elementor-element elementor-element-8db8982 elementor-widget elementor-widget-heading\" data-id=\"8db8982\" data-element_type=\"widget\" data-widget_type=\"heading.default\">\n\t\t\t\t\t<p class=\"elementor-heading-title elementor-size-default\">\u0410\u0434\u043c\u0438\u043d\u0438\u0441\u0442\u0440\u0430\u0442\u043e\u0440<\/p>\t\t\t\t<\/div>\n\t\t\t\t<div class=\"elementor-element elementor-element-4bc906a elementor-widget elementor-widget-heading\" data-id=\"4bc906a\" data-element_type=\"widget\" data-widget_type=\"heading.default\">\n\t\t\t\t\t<h2 class=\"elementor-heading-title elementor-size-default\">\u0411\u0438\u043e\u0433\u0440\u0430\u0444\u0438\u044f<\/h2>\t\t\t\t<\/div>\n\t\t\t\t<div class=\"elementor-element elementor-element-41ac310 elementor-widget elementor-widget-text-editor\" data-id=\"41ac310\" data-element_type=\"widget\" data-widget_type=\"text-editor.default\">\n\t\t\t\t\t\t\t\t\t<p>P\u00e1ciens koordin\u00e1tork\u00e9nt az a c\u00e9lom, hogy minden helyzetben t\u00e1mogassam a p\u00e1cienseket, \u00e9s g\u00f6rd\u00fcl\u00e9kenny\u00e9 tegyem az \u00fcgyint\u00e9z\u00e9st. Hiszek abban, hogy az odafigyel\u0151, empatikus hozz\u00e1\u00e1ll\u00e1s biztons\u00e1got \u00e9s nyugalmat ad.<br \/><br \/>Jelenleg a Szegedi Tudom\u00e1nyegyetemen folytatom jogi tanulm\u00e1nyaimat, amelyek er\u0151s\u00edtik probl\u00e9mamegold\u00f3 \u00e9s szervez\u00e9si k\u00e9szs\u00e9geimet, \u00edgy m\u00e9g hat\u00e9konyabban t\u00e1mogathatom a p\u00e1cienseket a mindennapi folyamatokban.<\/p>\t\t\t\t\t\t\t\t<\/div>\n\t\t\t\t<\/div>\n\t\t\t\t\t<\/div>\n\t\t\t\t<\/div>\n\t\t\t\t<\/div>","protected":false},"excerpt":{"rendered":"<p>Kapcsolati adatok +36 70 613 6646 rendelo@dnpdental.hu 1115 Budapest, Bart\u00f3k B\u00e9la \u00fat 90. 1. emelet Munkaid\u0151 H\u00e9tf\u0151-Szombat: 8:00-20:00 Papp L\u00eddia Recepci\u00f3s, kapcsolattart\u00f3 \u00c9letrajz P\u00e1ciens koordin\u00e1tork\u00e9nt az a c\u00e9lom, hogy minden helyzetben t\u00e1mogassam a p\u00e1cienseket, \u00e9s g\u00f6rd\u00fcl\u00e9kenny\u00e9 tegyem az \u00fcgyint\u00e9z\u00e9st. Hiszek abban, hogy az odafigyel\u0151, empatikus hozz\u00e1\u00e1ll\u00e1s biztons\u00e1got \u00e9s nyugalmat ad. Jelenleg a Szegedi Tudom\u00e1nyegyetemen folytatom &#8230; <a title=\"Papp L\u00eddia\" class=\"read-more\" href=\"https:\/\/dnpdental.hu\/ru\/papp_lidia\/\" aria-label=\"\u041f\u0440\u043e\u0447\u0438\u0442\u0430\u0442\u044c \u0431\u043e\u043b\u044c\u0448\u0435 \u043e Papp L\u00eddia\">\u0427\u0438\u0442\u0430\u0442\u044c \u0434\u0430\u043b\u0435\u0435<\/a><\/p>","protected":false},"author":1,"featured_media":0,"parent":0,"menu_order":0,"comment_status":"closed","ping_status":"closed","template":"elementor_header_footer","meta":{"footnotes":""},"class_list":["post-1001","page","type-page","status-publish"],"yoast_head":"<!-- This site is optimized with the Yoast SEO Premium plugin v26.2 (Yoast SEO v26.5) - https:\/\/yoast.com\/wordpress\/plugins\/seo\/ -->\n<title>Papp L\u00eddia - DNP Dental<\/title>\n<meta name=\"robots\" content=\"index, follow, max-snippet:-1, max-image-preview:large, max-video-preview:-1\" \/>\n<link rel=\"canonical\" href=\"https:\/\/dnpdental.hu\/ru\/papp_lidia\/\" \/>\n<meta property=\"og:locale\" content=\"ru_RU\" \/>\n<meta property=\"og:type\" content=\"article\" \/>\n<meta property=\"og:title\" content=\"Papp L\u00eddia\" \/>\n<meta property=\"og:description\" content=\"Kapcsolati adatok +36 70 613 6646 rendelo@dnpdental.hu 1115 Budapest, Bart\u00f3k B\u00e9la \u00fat 90. 1. emelet Munkaid\u0151 H\u00e9tf\u0151-Szombat: 8:00-20:00 Papp L\u00eddia Recepci\u00f3s, kapcsolattart\u00f3 \u00c9letrajz P\u00e1ciens koordin\u00e1tork\u00e9nt az a c\u00e9lom, hogy minden helyzetben t\u00e1mogassam a p\u00e1cienseket, \u00e9s g\u00f6rd\u00fcl\u00e9kenny\u00e9 tegyem az \u00fcgyint\u00e9z\u00e9st. Hiszek abban, hogy az odafigyel\u0151, empatikus hozz\u00e1\u00e1ll\u00e1s biztons\u00e1got \u00e9s nyugalmat ad. Jelenleg a Szegedi Tudom\u00e1nyegyetemen folytatom ... \u0427\u0438\u0442\u0430\u0442\u044c \u0434\u0430\u043b\u0435\u0435\" \/>\n<meta property=\"og:url\" content=\"https:\/\/dnpdental.hu\/ru\/papp_lidia\/\" \/>\n<meta property=\"og:site_name\" content=\"DNP Dental\" \/>\n<meta property=\"article:modified_time\" content=\"2026-01-28T16:50:38+00:00\" \/>\n<meta property=\"og:image\" content=\"https:\/\/dnpdental.hu\/wp-content\/uploads\/2026\/01\/DSC00367-2-1-scaled.jpg\" \/>\n\t<meta property=\"og:image:width\" content=\"1707\" \/>\n\t<meta property=\"og:image:height\" content=\"2560\" \/>\n\t<meta property=\"og:image:type\" content=\"image\/jpeg\" \/>\n<meta name=\"twitter:card\" content=\"summary_large_image\" \/>\n<meta name=\"twitter:label1\" content=\"\u041f\u0440\u0438\u043c\u0435\u0440\u043d\u043e\u0435 \u0432\u0440\u0435\u043c\u044f \u0434\u043b\u044f \u0447\u0442\u0435\u043d\u0438\u044f\" \/>\n\t<meta name=\"twitter:data1\" content=\"1 \u043c\u0438\u043d\u0443\u0442\u0430\" \/>\n<script type=\"application\/ld+json\" class=\"yoast-schema-graph\">{\"@context\":\"https:\/\/schema.org\",\"@graph\":[{\"@type\":\"WebPage\",\"@id\":\"https:\/\/dnpdental.hu\/papp_lidia\/\",\"url\":\"https:\/\/dnpdental.hu\/papp_lidia\/\",\"name\":\"Papp L\u00eddia - DNP Dental\",\"isPartOf\":{\"@id\":\"https:\/\/dnpdental.hu\/#website\"},\"primaryImageOfPage\":{\"@id\":\"https:\/\/dnpdental.hu\/papp_lidia\/#primaryimage\"},\"image\":{\"@id\":\"https:\/\/dnpdental.hu\/papp_lidia\/#primaryimage\"},\"thumbnailUrl\":\"https:\/\/dnpdental.hu\/wp-content\/uploads\/2026\/01\/DSC00367-2-1-683x1024.jpg\",\"datePublished\":\"2025-11-01T00:45:08+00:00\",\"dateModified\":\"2026-01-28T16:50:38+00:00\",\"breadcrumb\":{\"@id\":\"https:\/\/dnpdental.hu\/papp_lidia\/#breadcrumb\"},\"inLanguage\":\"ru-RU\",\"potentialAction\":[{\"@type\":\"ReadAction\",\"target\":[\"https:\/\/dnpdental.hu\/papp_lidia\/\"]}]},{\"@type\":\"ImageObject\",\"inLanguage\":\"ru-RU\",\"@id\":\"https:\/\/dnpdental.hu\/papp_lidia\/#primaryimage\",\"url\":\"https:\/\/dnpdental.hu\/wp-content\/uploads\/2026\/01\/DSC00367-2-1-683x1024.jpg\",\"contentUrl\":\"https:\/\/dnpdental.hu\/wp-content\/uploads\/2026\/01\/DSC00367-2-1-683x1024.jpg\"},{\"@type\":\"BreadcrumbList\",\"@id\":\"https:\/\/dnpdental.hu\/papp_lidia\/#breadcrumb\",\"itemListElement\":[{\"@type\":\"ListItem\",\"position\":1,\"name\":\"Kezd\u0151lap\",\"item\":\"https:\/\/dnpdental.hu\/\"},{\"@type\":\"ListItem\",\"position\":2,\"name\":\"Papp L\u00eddia\"}]},{\"@type\":\"WebSite\",\"@id\":\"https:\/\/dnpdental.hu\/#website\",\"url\":\"https:\/\/dnpdental.hu\/\",\"name\":\"DNP Dental\",\"description\":\"\",\"publisher\":{\"@id\":\"https:\/\/dnpdental.hu\/#organization\"},\"potentialAction\":[{\"@type\":\"SearchAction\",\"target\":{\"@type\":\"EntryPoint\",\"urlTemplate\":\"https:\/\/dnpdental.hu\/?s={search_term_string}\"},\"query-input\":{\"@type\":\"PropertyValueSpecification\",\"valueRequired\":true,\"valueName\":\"search_term_string\"}}],\"inLanguage\":\"ru-RU\"},{\"@type\":\"Organization\",\"@id\":\"https:\/\/dnpdental.hu\/#organization\",\"name\":\"DNP Dental\",\"url\":\"https:\/\/dnpdental.hu\/\",\"logo\":{\"@type\":\"ImageObject\",\"inLanguage\":\"ru-RU\",\"@id\":\"https:\/\/dnpdental.hu\/#\/schema\/logo\/image\/\",\"url\":\"https:\/\/dnpdental.hu\/wp-content\/uploads\/2025\/11\/DNP-10_mini.webp\",\"contentUrl\":\"https:\/\/dnpdental.hu\/wp-content\/uploads\/2025\/11\/DNP-10_mini.webp\",\"width\":420,\"height\":202,\"caption\":\"DNP Dental\"},\"image\":{\"@id\":\"https:\/\/dnpdental.hu\/#\/schema\/logo\/image\/\"}}]}<\/script>\n<!-- \/ Yoast SEO Premium plugin. -->","yoast_head_json":{"title":"Papp L\u00eddia - DNP Dental","robots":{"index":"index","follow":"follow","max-snippet":"max-snippet:-1","max-image-preview":"max-image-preview:large","max-video-preview":"max-video-preview:-1"},"canonical":"https:\/\/dnpdental.hu\/ru\/papp_lidia\/","og_locale":"ru_RU","og_type":"article","og_title":"Papp L\u00eddia","og_description":"Kapcsolati adatok +36 70 613 6646 rendelo@dnpdental.hu 1115 Budapest, Bart\u00f3k B\u00e9la \u00fat 90. 1. emelet Munkaid\u0151 H\u00e9tf\u0151-Szombat: 8:00-20:00 Papp L\u00eddia Recepci\u00f3s, kapcsolattart\u00f3 \u00c9letrajz P\u00e1ciens koordin\u00e1tork\u00e9nt az a c\u00e9lom, hogy minden helyzetben t\u00e1mogassam a p\u00e1cienseket, \u00e9s g\u00f6rd\u00fcl\u00e9kenny\u00e9 tegyem az \u00fcgyint\u00e9z\u00e9st. Hiszek abban, hogy az odafigyel\u0151, empatikus hozz\u00e1\u00e1ll\u00e1s biztons\u00e1got \u00e9s nyugalmat ad. Jelenleg a Szegedi Tudom\u00e1nyegyetemen folytatom ... \u0427\u0438\u0442\u0430\u0442\u044c \u0434\u0430\u043b\u0435\u0435","og_url":"https:\/\/dnpdental.hu\/ru\/papp_lidia\/","og_site_name":"DNP Dental","article_modified_time":"2026-01-28T16:50:38+00:00","og_image":[{"width":1707,"height":2560,"url":"https:\/\/dnpdental.hu\/wp-content\/uploads\/2026\/01\/DSC00367-2-1-scaled.jpg","type":"image\/jpeg"}],"twitter_card":"summary_large_image","twitter_misc":{"\u041f\u0440\u0438\u043c\u0435\u0440\u043d\u043e\u0435 \u0432\u0440\u0435\u043c\u044f \u0434\u043b\u044f \u0447\u0442\u0435\u043d\u0438\u044f":"1 \u043c\u0438\u043d\u0443\u0442\u0430"},"schema":{"@context":"https:\/\/schema.org","@graph":[{"@type":"WebPage","@id":"https:\/\/dnpdental.hu\/papp_lidia\/","url":"https:\/\/dnpdental.hu\/papp_lidia\/","name":"Papp L\u00eddia - DNP Dental","isPartOf":{"@id":"https:\/\/dnpdental.hu\/#website"},"primaryImageOfPage":{"@id":"https:\/\/dnpdental.hu\/papp_lidia\/#primaryimage"},"image":{"@id":"https:\/\/dnpdental.hu\/papp_lidia\/#primaryimage"},"thumbnailUrl":"https:\/\/dnpdental.hu\/wp-content\/uploads\/2026\/01\/DSC00367-2-1-683x1024.jpg","datePublished":"2025-11-01T00:45:08+00:00","dateModified":"2026-01-28T16:50:38+00:00","breadcrumb":{"@id":"https:\/\/dnpdental.hu\/papp_lidia\/#breadcrumb"},"inLanguage":"ru-RU","potentialAction":[{"@type":"ReadAction","target":["https:\/\/dnpdental.hu\/papp_lidia\/"]}]},{"@type":"ImageObject","inLanguage":"ru-RU","@id":"https:\/\/dnpdental.hu\/papp_lidia\/#primaryimage","url":"https:\/\/dnpdental.hu\/wp-content\/uploads\/2026\/01\/DSC00367-2-1-683x1024.jpg","contentUrl":"https:\/\/dnpdental.hu\/wp-content\/uploads\/2026\/01\/DSC00367-2-1-683x1024.jpg"},{"@type":"BreadcrumbList","@id":"https:\/\/dnpdental.hu\/papp_lidia\/#breadcrumb","itemListElement":[{"@type":"ListItem","position":1,"name":"Kezd\u0151lap","item":"https:\/\/dnpdental.hu\/"},{"@type":"ListItem","position":2,"name":"Papp L\u00eddia"}]},{"@type":"WebSite","@id":"https:\/\/dnpdental.hu\/#website","url":"https:\/\/dnpdental.hu\/","name":"DNP Dental","description":"","publisher":{"@id":"https:\/\/dnpdental.hu\/#organization"},"potentialAction":[{"@type":"SearchAction","target":{"@type":"EntryPoint","urlTemplate":"https:\/\/dnpdental.hu\/?s={search_term_string}"},"query-input":{"@type":"PropertyValueSpecification","valueRequired":true,"valueName":"search_term_string"}}],"inLanguage":"ru-RU"},{"@type":"Organization","@id":"https:\/\/dnpdental.hu\/#organization","name":"DNP Dental","url":"https:\/\/dnpdental.hu\/","logo":{"@type":"ImageObject","inLanguage":"ru-RU","@id":"https:\/\/dnpdental.hu\/#\/schema\/logo\/image\/","url":"https:\/\/dnpdental.hu\/wp-content\/uploads\/2025\/11\/DNP-10_mini.webp","contentUrl":"https:\/\/dnpdental.hu\/wp-content\/uploads\/2025\/11\/DNP-10_mini.webp","width":420,"height":202,"caption":"DNP Dental"},"image":{"@id":"https:\/\/dnpdental.hu\/#\/schema\/logo\/image\/"}}]}},"_links":{"self":[{"href":"https:\/\/dnpdental.hu\/ru\/wp-json\/wp\/v2\/pages\/1001","targetHints":{"allow":["GET"]}}],"collection":[{"href":"https:\/\/dnpdental.hu\/ru\/wp-json\/wp\/v2\/pages"}],"about":[{"href":"https:\/\/dnpdental.hu\/ru\/wp-json\/wp\/v2\/types\/page"}],"author":[{"embeddable":true,"href":"https:\/\/dnpdental.hu\/ru\/wp-json\/wp\/v2\/users\/1"}],"replies":[{"embeddable":true,"href":"https:\/\/dnpdental.hu\/ru\/wp-json\/wp\/v2\/comments?post=1001"}],"version-history":[{"count":22,"href":"https:\/\/dnpdental.hu\/ru\/wp-json\/wp\/v2\/pages\/1001\/revisions"}],"predecessor-version":[{"id":2810,"href":"https:\/\/dnpdental.hu\/ru\/wp-json\/wp\/v2\/pages\/1001\/revisions\/2810"}],"wp:attachment":[{"href":"https:\/\/dnpdental.hu\/ru\/wp-json\/wp\/v2\/media?parent=1001"}],"curies":[{"name":"wp","href":"https:\/\/api.w.org\/{rel}","templated":true}]}}