{"id":108,"date":"2025-10-29T15:18:34","date_gmt":"2025-10-29T14:18:34","guid":{"rendered":"https:\/\/newsite.dnpdental.hu\/?page_id=108"},"modified":"2025-11-10T12:43:28","modified_gmt":"2025-11-10T11:43:28","slug":"inlay-onlay","status":"publish","type":"page","link":"https:\/\/dnpdental.hu\/ru\/inlay-onlay\/","title":{"rendered":"\u0418\u043d\u043b\u0435\u0439 | \u041e\u043d\u043b\u0435\u0439 | Inlay, onlay"},"content":{"rendered":"<div data-elementor-type=\"wp-page\" data-elementor-id=\"108\" class=\"elementor elementor-108\" data-elementor-post-type=\"page\">\n\t\t\t\t<div class=\"elementor-element elementor-element-3d489e6 e-flex e-con-boxed e-con e-parent\" data-id=\"3d489e6\" data-element_type=\"container\">\n\t\t\t\t\t<div class=\"e-con-inner\">\n\t\t<div class=\"elementor-element elementor-element-5065553 e-con-full e-flex e-con e-child\" data-id=\"5065553\" data-element_type=\"container\">\n\t\t<div class=\"elementor-element elementor-element-121db4f e-con-full e-flex e-con e-child\" data-id=\"121db4f\" data-element_type=\"container\">\n\t\t<div class=\"elementor-element elementor-element-7963a27 e-con-full e-flex e-con e-child\" data-id=\"7963a27\" data-element_type=\"container\">\n\t\t\t\t<div class=\"elementor-element elementor-element-2db1368 elementor-widget elementor-widget-heading\" data-id=\"2db1368\" data-element_type=\"widget\" data-widget_type=\"heading.default\">\n\t\t\t\t\t<h1 class=\"elementor-heading-title elementor-size-default\">\u0418\u043d\u043b\u0435\u0439 | \u041e\u043d\u043b\u0435\u0439 | Inlay, onlay<\/h1>\t\t\t\t<\/div>\n\t\t\t\t<div class=\"elementor-element elementor-element-d63fc90 elementor-widget elementor-widget-heading\" data-id=\"d63fc90\" data-element_type=\"widget\" data-widget_type=\"heading.default\">\n\t\t\t\t\t<h2 class=\"elementor-heading-title elementor-size-default\">\u041a\u043e\u0433\u0434\u0430 \u0432\u043c\u0435\u0441\u0442\u043e \u043f\u043b\u043e\u043c\u0431\u044b \u0438\u0441\u043f\u043e\u043b\u044c\u0437\u0443\u044e\u0442\u0441\u044f \u0432\u043a\u043b\u0430\u0434\u043a\u0438 (\u0438\u043d\u043b\u0435\u0439, \u043e\u043d\u043b\u0435\u0439)?<\/h2>\t\t\t\t<\/div>\n\t\t\t\t<div class=\"elementor-element elementor-element-1bb747c elementor-widget elementor-widget-text-editor\" data-id=\"1bb747c\" data-element_type=\"widget\" data-widget_type=\"text-editor.default\">\n\t\t\t\t\t\t\t\t\t<p>\u0412\u043a\u043b\u0430\u0434\u043a\u0430 \u0438\u0437\u0433\u043e\u0442\u0430\u0432\u043b\u0438\u0432\u0430\u0435\u0442\u0441\u044f \u0432 \u0442\u0435\u0445 \u0441\u043b\u0443\u0447\u0430\u044f\u0445, \u043a\u043e\u0433\u0434\u0430 \u0437\u043d\u0430\u0447\u0438\u0442\u0435\u043b\u044c\u043d\u0430\u044f \u0447\u0430\u0441\u0442\u044c \u043a\u043e\u0440\u043e\u043d\u043a\u0438 \u0437\u0443\u0431\u0430 \u043e\u0442\u0441\u0443\u0442\u0441\u0442\u0432\u0443\u0435\u0442, \u0438 \u0435\u0435 \u0443\u0436\u0435 \u043d\u0435\u043b\u044c\u0437\u044f \u0432\u043e\u0441\u0441\u0442\u0430\u043d\u043e\u0432\u0438\u0442\u044c \u0441 \u043f\u043e\u043c\u043e\u0449\u044c\u044e \u043f\u043b\u043e\u043c\u0431\u044b, \u0438\u043b\u0438 \u0435\u0441\u043b\u0438 \u043a\u043e\u043d\u0442\u0430\u043a\u0442\u043d\u0430\u044f \u0442\u043e\u0447\u043a\u0430 \u043c\u0435\u0436\u0434\u0443 \u0437\u0443\u0431\u0430\u043c\u0438 \u043d\u0435 \u043c\u043e\u0436\u0435\u0442 \u0431\u044b\u0442\u044c \u0441\u043e\u0437\u0434\u0430\u043d\u0430 \u043f\u043b\u043e\u043c\u0431\u0438\u0440\u043e\u0432\u043e\u0447\u043d\u044b\u043c \u043c\u0430\u0442\u0435\u0440\u0438\u0430\u043b\u043e\u043c \u0438\u0437-\u0437\u0430 \u0431\u043e\u043b\u044c\u0448\u043e\u0433\u043e \u043e\u0431\u044a\u0435\u043c\u0430 \u0443\u0442\u0440\u0430\u0447\u0435\u043d\u043d\u043e\u0439 \u0442\u043a\u0430\u043d\u0438 \u0437\u0443\u0431\u0430. \u041a\u0440\u043e\u043c\u0435 \u0442\u043e\u0433\u043e, \u0432\u043a\u043b\u0430\u0434\u043a\u0438 \u043f\u0440\u0438\u043c\u0435\u043d\u044f\u044e\u0442\u0441\u044f \u043f\u0440\u0438 \u043b\u0435\u0447\u0435\u043d\u0438\u0438 \u043a\u043e\u0440\u043d\u0435\u0432\u044b\u0445 \u043a\u0430\u043d\u0430\u043b\u043e\u0432 \u0434\u043b\u044f \u043e\u043a\u043e\u043d\u0447\u0430\u0442\u0435\u043b\u044c\u043d\u043e\u0433\u043e \u0432\u043e\u0441\u0441\u0442\u0430\u043d\u043e\u0432\u043b\u0435\u043d\u0438\u044f \u0437\u0443\u0431\u0430 \u043f\u043e\u0441\u043b\u0435 \u043f\u043b\u043e\u043c\u0431\u0438\u0440\u043e\u0432\u0430\u043d\u0438\u044f \u043a\u043e\u0440\u043d\u044f.<\/p><p>\u0412\u043a\u043b\u0430\u0434\u043a\u0430 (\u0438\u043d\u043b\u0435\u0439, \u043e\u043d\u043b\u0435\u0439) \u2014 \u044d\u0442\u043e, \u043f\u043e \u0441\u0443\u0442\u0438, \u043f\u0440\u043e\u0447\u043d\u044b\u0439 \u043c\u0430\u0442\u0435\u0440\u0438\u0430\u043b, \u043f\u0440\u0438\u043a\u043b\u0435\u0438\u0432\u0430\u0435\u043c\u044b\u0439 \u0432 \u0437\u0443\u0431 \u0432 \u0433\u043e\u0442\u043e\u0432\u043e\u043c \u0432\u0438\u0434\u0435. \u041e\u043d \u0438\u0437\u0433\u043e\u0442\u0430\u0432\u043b\u0438\u0432\u0430\u0435\u0442\u0441\u044f \u0437\u0443\u0431\u043d\u044b\u043c \u0442\u0435\u0445\u043d\u0438\u043a\u043e\u043c \u0432 \u043b\u0430\u0431\u043e\u0440\u0430\u0442\u043e\u0440\u0438\u0438 \u043d\u0430 \u043e\u0441\u043d\u043e\u0432\u0435 \u0438\u043d\u0434\u0438\u0432\u0438\u0434\u0443\u0430\u043b\u044c\u043d\u043e\u0433\u043e \u0441\u043b\u0435\u043f\u043a\u0430 \u043f\u0430\u0446\u0438\u0435\u043d\u0442\u0430. \u0412\u043a\u043b\u0430\u0434\u043a\u0438 \u043c\u043e\u0433\u0443\u0442 \u0431\u044b\u0442\u044c \u0438\u0437\u0433\u043e\u0442\u043e\u0432\u043b\u0435\u043d\u044b \u0438\u0437 \u043a\u0435\u0440\u0430\u043c\u0438\u043a\u0438, \u043a\u043e\u043c\u043f\u043e\u0437\u0438\u0442\u0430 \u0438\u043b\u0438 \u043c\u0435\u0442\u0430\u043b\u043b\u0430.<\/p><p>\u0418\u043d\u043b\u0435\u0439 \u0438\u0437\u0433\u043e\u0442\u0430\u0432\u043b\u0438\u0432\u0430\u0435\u0442\u0441\u044f, \u043a\u043e\u0433\u0434\u0430 \u043c\u043e\u0436\u043d\u043e \u0441\u043e\u0445\u0440\u0430\u043d\u0438\u0442\u044c \u0432\u0435\u0440\u0448\u0438\u043d\u044b \u0437\u0443\u0431\u0430 \u0438 \u043d\u0435 \u0442\u0440\u0435\u0431\u0443\u0435\u0442\u0441\u044f \u043f\u043e\u043a\u0440\u044b\u0432\u0430\u0442\u044c \u0432\u0441\u044e \u0436\u0435\u0432\u0430\u0442\u0435\u043b\u044c\u043d\u0443\u044e \u043f\u043e\u0432\u0435\u0440\u0445\u043d\u043e\u0441\u0442\u044c. \u0422\u0430\u043a\u0436\u0435 \u0438\u0441\u043f\u043e\u043b\u044c\u0437\u0443\u0435\u0442\u0441\u044f, \u0435\u0441\u043b\u0438 \u043d\u0435\u043e\u0431\u0445\u043e\u0434\u0438\u043c\u043e \u043f\u043e\u043a\u0440\u044b\u0442\u044c \u043d\u0435\u0441\u043a\u043e\u043b\u044c\u043a\u043e \u0432\u0435\u0440\u0448\u0438\u043d \u0437\u0443\u0431\u0430, \u043d\u043e \u0445\u043e\u0442\u044f \u0431\u044b \u043e\u0434\u043d\u0430 \u0438\u0437 \u043d\u0438\u0445 \u043e\u0441\u0442\u0430\u0435\u0442\u0441\u044f \u043d\u0435\u043f\u043e\u043a\u0440\u044b\u0442\u043e\u0439.<\/p><p>\u041e\u043d\u043b\u0435\u0439 \u043f\u0440\u0438\u043c\u0435\u043d\u044f\u0435\u0442\u0441\u044f, \u0435\u0441\u043b\u0438 \u0432\u043a\u043b\u0430\u0434\u043a\u0430 \u043f\u043e\u043a\u0440\u044b\u0432\u0430\u0435\u0442 \u0432\u0441\u0435 \u0432\u0435\u0440\u0448\u0438\u043d\u044b \u0436\u0435\u0432\u0430\u0442\u0435\u043b\u044c\u043d\u043e\u0433\u043e \u0437\u0443\u0431\u0430. \u0415\u0441\u043b\u0438 \u043a\u043e\u0440\u043e\u043d\u043a\u043e\u0432\u0430\u044f \u0447\u0430\u0441\u0442\u044c \u0437\u0443\u0431\u0430 \u0437\u043d\u0430\u0447\u0438\u0442\u0435\u043b\u044c\u043d\u043e \u043f\u043e\u0432\u0440\u0435\u0436\u0434\u0435\u043d\u0430, \u043c\u043e\u0436\u0435\u0442 \u043f\u043e\u0442\u0440\u0435\u0431\u043e\u0432\u0430\u0442\u044c\u0441\u044f \u0438\u0437\u0433\u043e\u0442\u043e\u0432\u043b\u0435\u043d\u0438\u0435 \u0432\u043a\u043b\u0430\u0434\u043a\u0438, \u043e\u0445\u0432\u0430\u0442\u044b\u0432\u0430\u044e\u0449\u0435\u0439 \u0432\u0441\u044e \u0436\u0435\u0432\u0430\u0442\u0435\u043b\u044c\u043d\u0443\u044e \u043f\u043e\u0432\u0435\u0440\u0445\u043d\u043e\u0441\u0442\u044c, \u0447\u0442\u043e\u0431\u044b \u0437\u0430\u0449\u0438\u0442\u0438\u0442\u044c \u0437\u0443\u0431 \u043e\u0442 \u043f\u0435\u0440\u0435\u043b\u043e\u043c\u0430. \u0422\u0430\u043a\u043e\u0439 \u0442\u0438\u043f \u0432\u043e\u0441\u0441\u0442\u0430\u043d\u043e\u0432\u043b\u0435\u043d\u0438\u044f \u0447\u0430\u0441\u0442\u043e \u0432\u044b\u0431\u0438\u0440\u0430\u0435\u0442\u0441\u044f \u0434\u043b\u044f \u043a\u043e\u0440\u043d\u0435\u0432\u044b\u0445 \u0437\u0443\u0431\u043e\u0432 \u0432 \u043a\u0430\u0447\u0435\u0441\u0442\u0432\u0435 \u043e\u043a\u043e\u043d\u0447\u0430\u0442\u0435\u043b\u044c\u043d\u043e\u0433\u043e \u0440\u0435\u0448\u0435\u043d\u0438\u044f.<\/p>\t\t\t\t\t\t\t\t<\/div>\n\t\t\t\t<\/div>\n\t\t\t\t<div class=\"elementor-element elementor-element-475d331 elementor-widget elementor-widget-image\" data-id=\"475d331\" data-element_type=\"widget\" data-widget_type=\"image.default\">\n\t\t\t\t\t\t\t\t\t\t\t\t\t\t\t<img fetchpriority=\"high\" decoding=\"async\" width=\"600\" height=\"400\" src=\"https:\/\/dnpdental.hu\/wp-content\/uploads\/2025\/11\/inlay_2.webp\" class=\"attachment-large size-large wp-image-808\" alt=\"\" srcset=\"https:\/\/dnpdental.hu\/wp-content\/uploads\/2025\/11\/inlay_2.webp 600w, https:\/\/dnpdental.hu\/wp-content\/uploads\/2025\/11\/inlay_2-300x200.webp 300w, https:\/\/dnpdental.hu\/wp-content\/uploads\/2025\/11\/inlay_2-18x12.webp 18w\" sizes=\"(max-width: 600px) 100vw, 600px\" \/>\t\t\t\t\t\t\t\t\t\t\t\t\t\t\t<\/div>\n\t\t\t\t<\/div>\n\t\t\t\t<div class=\"elementor-element elementor-element-61f7ac1 elementor-align-center elementor-widget elementor-widget-button\" data-id=\"61f7ac1\" data-element_type=\"widget\" data-widget_type=\"button.default\">\n\t\t\t\t\t\t\t\t\t\t<a class=\"elementor-button elementor-button-link elementor-size-sm\" href=\"\/ru\/idopontfoglalas\/\">\n\t\t\t\t\t\t<span class=\"elementor-button-content-wrapper\">\n\t\t\t\t\t\t\t\t\t<span class=\"elementor-button-text\">\u041d\u0430\u0437\u043d\u0430\u0447\u044c\u0442\u0435 \u0432\u0441\u0442\u0440\u0435\u0447\u0443 \u0441 \u043d\u0430\u043c\u0438<\/span>\n\t\t\t\t\t<\/span>\n\t\t\t\t\t<\/a>\n\t\t\t\t\t\t\t\t<\/div>\n\t\t<div class=\"elementor-element elementor-element-fe9144c e-con-full e-flex e-con e-child\" data-id=\"fe9144c\" data-element_type=\"container\">\n\t\t\t\t<div class=\"elementor-element elementor-element-bcdde62 elementor-widget__width-initial elementor-widget-tablet__width-inherit elementor-widget elementor-widget-image\" data-id=\"bcdde62\" data-element_type=\"widget\" data-widget_type=\"image.default\">\n\t\t\t\t\t\t\t\t\t\t\t\t\t\t\t<img decoding=\"async\" width=\"500\" height=\"500\" src=\"https:\/\/dnpdental.hu\/wp-content\/uploads\/2025\/11\/cirkonium-1.webp\" class=\"attachment-large size-large wp-image-744\" alt=\"\" srcset=\"https:\/\/dnpdental.hu\/wp-content\/uploads\/2025\/11\/cirkonium-1.webp 500w, https:\/\/dnpdental.hu\/wp-content\/uploads\/2025\/11\/cirkonium-1-300x300.webp 300w, https:\/\/dnpdental.hu\/wp-content\/uploads\/2025\/11\/cirkonium-1-150x150.webp 150w, https:\/\/dnpdental.hu\/wp-content\/uploads\/2025\/11\/cirkonium-1-12x12.webp 12w\" sizes=\"(max-width: 500px) 100vw, 500px\" \/>\t\t\t\t\t\t\t\t\t\t\t\t\t\t\t<\/div>\n\t\t<div class=\"elementor-element elementor-element-946e89a e-con-full e-flex e-con e-child\" data-id=\"946e89a\" data-element_type=\"container\">\n\t\t\t\t<div class=\"elementor-element elementor-element-71aa06b elementor-widget elementor-widget-heading\" data-id=\"71aa06b\" data-element_type=\"widget\" data-widget_type=\"heading.default\">\n\t\t\t\t\t<h2 class=\"elementor-heading-title elementor-size-default\">\u0421\u043a\u043e\u043b\u044c\u043a\u043e \u0440\u0430\u0437 \u043d\u0443\u0436\u043d\u043e \u043f\u043e\u0441\u0435\u0442\u0438\u0442\u044c \u0441\u0442\u043e\u043c\u0430\u0442\u043e\u043b\u043e\u0433\u0438\u0447\u0435\u0441\u043a\u0443\u044e \u043a\u043b\u0438\u043d\u0438\u043a\u0443?<\/h2>\t\t\t\t<\/div>\n\t\t\t\t<div class=\"elementor-element elementor-element-f66e722 elementor-widget elementor-widget-text-editor\" data-id=\"f66e722\" data-element_type=\"widget\" data-widget_type=\"text-editor.default\">\n\t\t\t\t\t\t\t\t\t<p>\u0414\u043b\u044f \u0438\u0437\u0433\u043e\u0442\u043e\u0432\u043b\u0435\u043d\u0438\u044f \u0432\u043a\u043b\u0430\u0434\u043e\u043a \u043d\u0435\u043e\u0431\u0445\u043e\u0434\u0438\u043c\u043e \u043c\u0438\u043d\u0438\u043c\u0443\u043c \u0434\u0432\u0430 \u0432\u0438\u0437\u0438\u0442\u0430 \u043a \u0441\u0442\u043e\u043c\u0430\u0442\u043e\u043b\u043e\u0433\u0443.<\/p><p>\u0412\u043e \u0432\u0440\u0435\u043c\u044f \u043f\u0435\u0440\u0432\u043e\u0433\u043e \u0432\u0438\u0437\u0438\u0442\u0430 \u0437\u0443\u0431 \u043f\u043e\u0434\u0433\u043e\u0442\u0430\u0432\u043b\u0438\u0432\u0430\u044e\u0442 \u043a \u0443\u0441\u0442\u0430\u043d\u043e\u0432\u043a\u0435 \u0432\u043a\u043b\u0430\u0434\u043a\u0438, \u0443\u0434\u0430\u043b\u044f\u044f \u043f\u043e\u0440\u0430\u0436\u0435\u043d\u043d\u044b\u0435 \u043a\u0430\u0440\u0438\u0435\u0441\u043e\u043c \u0443\u0447\u0430\u0441\u0442\u043a\u0438 \u0438 \u0444\u043e\u0440\u043c\u0438\u0440\u0443\u044f \u043f\u043e\u043b\u043e\u0441\u0442\u044c \u043d\u0443\u0436\u043d\u043e\u0439 \u0444\u043e\u0440\u043c\u044b. \u0417\u0430\u0442\u0435\u043c \u0441\u043d\u0438\u043c\u0430\u044e\u0442 \u0441\u043b\u0435\u043f\u043e\u043a \u0437\u0443\u0431\u043e\u0432, \u043d\u0430 \u043e\u0441\u043d\u043e\u0432\u0430\u043d\u0438\u0438 \u043a\u043e\u0442\u043e\u0440\u043e\u0433\u043e \u0437\u0443\u0431\u043d\u043e\u0439 \u0442\u0435\u0445\u043d\u0438\u043a \u0432 \u043b\u0430\u0431\u043e\u0440\u0430\u0442\u043e\u0440\u0438\u0438 \u0438\u0437\u0433\u043e\u0442\u0430\u0432\u043b\u0438\u0432\u0430\u0435\u0442 \u0432\u043a\u043b\u0430\u0434\u043a\u0443, \u043a\u043e\u0442\u043e\u0440\u0430\u044f \u0431\u0443\u0434\u0435\u0442 \u0438\u0434\u0435\u0430\u043b\u044c\u043d\u043e \u043f\u0440\u0438\u043b\u0435\u0433\u0430\u0442\u044c \u0438 \u0441\u043e\u043e\u0442\u0432\u0435\u0442\u0441\u0442\u0432\u043e\u0432\u0430\u0442\u044c \u0444\u043e\u0440\u043c\u0435 \u0437\u0443\u0431\u0430.\n\u0427\u0442\u043e\u0431\u044b \u0437\u0430\u0449\u0438\u0442\u0438\u0442\u044c \u0437\u0443\u0431 \u0434\u043e \u0443\u0441\u0442\u0430\u043d\u043e\u0432\u043a\u0438 \u0432\u043a\u043b\u0430\u0434\u043a\u0438, \u0435\u0433o \u0437\u0430\u043a\u0440\u044b\u0432\u0430\u044e\u0442 \u0432\u0440\u0435\u043c\u0435\u043d\u043d\u043e\u0439 \u043f\u043b\u043e\u043c\u0431\u043e\u0439.<\/p><p>\u041d\u0430 \u0432\u0442\u043e\u0440\u043e\u043c \u0432\u0438\u0437\u0438\u0442\u0435 \u0432\u043a\u043b\u0430\u0434\u043a\u0430 \u0437\u0430\u043a\u0440\u0435\u043f\u043b\u044f\u0435\u0442\u0441\u044f \u0441 \u043f\u043e\u043c\u043e\u0449\u044c\u044e \u043a\u043b\u0435\u044f, \u043f\u0440\u0438 \u043d\u0435\u043e\u0431\u0445\u043e\u0434\u0438\u043c\u043e\u0441\u0442\u0438 \u0441 \u043f\u0440\u0438\u043c\u0435\u043d\u0435\u043d\u0438\u0435\u043c \u043c\u0435\u0441\u0442\u043d\u043e\u0439 \u0430\u043d\u0435\u0441\u0442\u0435\u0437\u0438\u0438.<\/p><p>\u041f\u043e\u0441\u043b\u0435 \u044d\u0442\u043e\u0433\u043e \u043c\u043e\u0436\u0435\u0442 \u0431\u044b\u0442\u044c \u043d\u0430\u0437\u043d\u0430\u0447\u0435\u043d \u043a\u043e\u043d\u0442\u0440\u043e\u043b\u044c\u043d\u044b\u0439 \u043e\u0441\u043c\u043e\u0442\u0440 \u043f\u043e \u0436\u0435\u043b\u0430\u043d\u0438\u044e \u043f\u0430\u0446\u0438\u0435\u043d\u0442\u0430.<\/p>\t\t\t\t\t\t\t\t<\/div>\n\t\t\t\t<\/div>\n\t\t\t\t<\/div>\n\t\t\t\t<div class=\"elementor-element elementor-element-1a25993 elementor-align-center elementor-widget elementor-widget-button\" data-id=\"1a25993\" data-element_type=\"widget\" data-widget_type=\"button.default\">\n\t\t\t\t\t\t\t\t\t\t<a class=\"elementor-button elementor-button-link elementor-size-sm\" href=\"\/ru\/idopontfoglalas\/\">\n\t\t\t\t\t\t<span class=\"elementor-button-content-wrapper\">\n\t\t\t\t\t\t\t\t\t<span class=\"elementor-button-text\">\u0417\u0430\u043f\u0438\u0441\u044c \u043d\u0430 \u043f\u0440\u0438\u0435\u043c<\/span>\n\t\t\t\t\t<\/span>\n\t\t\t\t\t<\/a>\n\t\t\t\t\t\t\t\t<\/div>\n\t\t\t\t<\/div>\n\t\t\t\t\t<\/div>\n\t\t\t\t<\/div>\n\t\t\t\t<\/div>","protected":false},"excerpt":{"rendered":"<p>Inlay | Onlay Mikor haszn\u00e1lunk fogt\u00f6m\u00e9s helyett fogbet\u00e9teket &#8211; inlayt\/ onlayt? Bet\u00e9tet akkor k\u00e9sz\u00edt\u00fcnk, ha a fog koronai r\u00e9sz\u00e9b\u0151l nagyon sok hi\u00e1nyzik \u00e9s azt m\u00e1r t\u00f6m\u00e9ssel nem lehet fel\u00e9p\u00edteni, vagy ha a fogak k\u00f6z\u00f6tti kontaktpontot a nagy foganyag hi\u00e1ny miatt m\u00e1r nem lehet t\u00f6m\u0151anyaggal kialak\u00edtani. Ezen k\u00edv\u00fcl alkalmazzuk gy\u00f6k\u00e9rkezelt fogak eset\u00e9ben, gy\u00f6k\u00e9rt\u00f6m\u00e9st k\u00f6vet\u0151en a fog &#8230; <a title=\"\u0418\u043d\u043b\u0435\u0439 | \u041e\u043d\u043b\u0435\u0439 | Inlay, onlay\" class=\"read-more\" href=\"https:\/\/dnpdental.hu\/ru\/inlay-onlay\/\" aria-label=\"\u041f\u0440\u043e\u0447\u0438\u0442\u0430\u0442\u044c \u0431\u043e\u043b\u044c\u0448\u0435 \u043e Inlay | Onlay\">\u0427\u0438\u0442\u0430\u0442\u044c \u0434\u0430\u043b\u0435\u0435<\/a><\/p>","protected":false},"author":1,"featured_media":0,"parent":0,"menu_order":0,"comment_status":"closed","ping_status":"closed","template":"elementor_header_footer","meta":{"footnotes":""},"class_list":["post-108","page","type-page","status-publish"],"yoast_head":"<!-- This site is optimized with the Yoast SEO Premium plugin v26.2 (Yoast SEO v26.5) - https:\/\/yoast.com\/wordpress\/plugins\/seo\/ -->\n<title>Inlay | Onlay - DNP Dental<\/title>\n<meta name=\"robots\" content=\"index, follow, max-snippet:-1, max-image-preview:large, max-video-preview:-1\" \/>\n<link rel=\"canonical\" href=\"https:\/\/dnpdental.hu\/ru\/inlay-onlay\/\" \/>\n<meta property=\"og:locale\" content=\"ru_RU\" \/>\n<meta property=\"og:type\" content=\"article\" \/>\n<meta property=\"og:title\" content=\"Inlay | Onlay\" \/>\n<meta property=\"og:description\" content=\"Inlay | Onlay Mikor haszn\u00e1lunk fogt\u00f6m\u00e9s helyett fogbet\u00e9teket &#8211; inlayt\/ onlayt? Bet\u00e9tet akkor k\u00e9sz\u00edt\u00fcnk, ha a fog koronai r\u00e9sz\u00e9b\u0151l nagyon sok hi\u00e1nyzik \u00e9s azt m\u00e1r t\u00f6m\u00e9ssel nem lehet fel\u00e9p\u00edteni, vagy ha a fogak k\u00f6z\u00f6tti kontaktpontot a nagy foganyag hi\u00e1ny miatt m\u00e1r nem lehet t\u00f6m\u0151anyaggal kialak\u00edtani. Ezen k\u00edv\u00fcl alkalmazzuk gy\u00f6k\u00e9rkezelt fogak eset\u00e9ben, gy\u00f6k\u00e9rt\u00f6m\u00e9st k\u00f6vet\u0151en a fog ... \u0427\u0438\u0442\u0430\u0442\u044c \u0434\u0430\u043b\u0435\u0435\" \/>\n<meta property=\"og:url\" content=\"https:\/\/dnpdental.hu\/ru\/inlay-onlay\/\" \/>\n<meta property=\"og:site_name\" content=\"DNP Dental\" \/>\n<meta property=\"article:modified_time\" content=\"2025-11-10T11:43:28+00:00\" \/>\n<meta property=\"og:image\" content=\"https:\/\/newsite.dnpdental.hu\/wp-content\/uploads\/2025\/11\/inlay_2.webp\" \/>\n<meta name=\"twitter:card\" content=\"summary_large_image\" \/>\n<meta name=\"twitter:label1\" content=\"\u041f\u0440\u0438\u043c\u0435\u0440\u043d\u043e\u0435 \u0432\u0440\u0435\u043c\u044f \u0434\u043b\u044f \u0447\u0442\u0435\u043d\u0438\u044f\" \/>\n\t<meta name=\"twitter:data1\" content=\"2 \u043c\u0438\u043d\u0443\u0442\u044b\" \/>\n<script type=\"application\/ld+json\" class=\"yoast-schema-graph\">{\"@context\":\"https:\/\/schema.org\",\"@graph\":[{\"@type\":\"WebPage\",\"@id\":\"https:\/\/dnpdental.hu\/inlay-onlay\/\",\"url\":\"https:\/\/dnpdental.hu\/inlay-onlay\/\",\"name\":\"Inlay | Onlay - DNP Dental\",\"isPartOf\":{\"@id\":\"https:\/\/dnpdental.hu\/#website\"},\"primaryImageOfPage\":{\"@id\":\"https:\/\/dnpdental.hu\/inlay-onlay\/#primaryimage\"},\"image\":{\"@id\":\"https:\/\/dnpdental.hu\/inlay-onlay\/#primaryimage\"},\"thumbnailUrl\":\"https:\/\/newsite.dnpdental.hu\/wp-content\/uploads\/2025\/11\/inlay_2.webp\",\"datePublished\":\"2025-10-29T14:18:34+00:00\",\"dateModified\":\"2025-11-10T11:43:28+00:00\",\"breadcrumb\":{\"@id\":\"https:\/\/dnpdental.hu\/inlay-onlay\/#breadcrumb\"},\"inLanguage\":\"ru-RU\",\"potentialAction\":[{\"@type\":\"ReadAction\",\"target\":[\"https:\/\/dnpdental.hu\/inlay-onlay\/\"]}]},{\"@type\":\"ImageObject\",\"inLanguage\":\"ru-RU\",\"@id\":\"https:\/\/dnpdental.hu\/inlay-onlay\/#primaryimage\",\"url\":\"https:\/\/newsite.dnpdental.hu\/wp-content\/uploads\/2025\/11\/inlay_2.webp\",\"contentUrl\":\"https:\/\/newsite.dnpdental.hu\/wp-content\/uploads\/2025\/11\/inlay_2.webp\"},{\"@type\":\"BreadcrumbList\",\"@id\":\"https:\/\/dnpdental.hu\/inlay-onlay\/#breadcrumb\",\"itemListElement\":[{\"@type\":\"ListItem\",\"position\":1,\"name\":\"Kezd\u0151lap\",\"item\":\"https:\/\/dnpdental.hu\/\"},{\"@type\":\"ListItem\",\"position\":2,\"name\":\"Inlay | Onlay\"}]},{\"@type\":\"WebSite\",\"@id\":\"https:\/\/dnpdental.hu\/#website\",\"url\":\"https:\/\/dnpdental.hu\/\",\"name\":\"DNP Dental\",\"description\":\"\",\"publisher\":{\"@id\":\"https:\/\/dnpdental.hu\/#organization\"},\"potentialAction\":[{\"@type\":\"SearchAction\",\"target\":{\"@type\":\"EntryPoint\",\"urlTemplate\":\"https:\/\/dnpdental.hu\/?s={search_term_string}\"},\"query-input\":{\"@type\":\"PropertyValueSpecification\",\"valueRequired\":true,\"valueName\":\"search_term_string\"}}],\"inLanguage\":\"ru-RU\"},{\"@type\":\"Organization\",\"@id\":\"https:\/\/dnpdental.hu\/#organization\",\"name\":\"DNP Dental\",\"url\":\"https:\/\/dnpdental.hu\/\",\"logo\":{\"@type\":\"ImageObject\",\"inLanguage\":\"ru-RU\",\"@id\":\"https:\/\/dnpdental.hu\/#\/schema\/logo\/image\/\",\"url\":\"https:\/\/dnpdental.hu\/wp-content\/uploads\/2025\/11\/DNP-10_mini.webp\",\"contentUrl\":\"https:\/\/dnpdental.hu\/wp-content\/uploads\/2025\/11\/DNP-10_mini.webp\",\"width\":420,\"height\":202,\"caption\":\"DNP Dental\"},\"image\":{\"@id\":\"https:\/\/dnpdental.hu\/#\/schema\/logo\/image\/\"}}]}<\/script>\n<!-- \/ Yoast SEO Premium plugin. -->","yoast_head_json":{"title":"Inlay | Onlay - DNP Dental","robots":{"index":"index","follow":"follow","max-snippet":"max-snippet:-1","max-image-preview":"max-image-preview:large","max-video-preview":"max-video-preview:-1"},"canonical":"https:\/\/dnpdental.hu\/ru\/inlay-onlay\/","og_locale":"ru_RU","og_type":"article","og_title":"Inlay | Onlay","og_description":"Inlay | Onlay Mikor haszn\u00e1lunk fogt\u00f6m\u00e9s helyett fogbet\u00e9teket &#8211; inlayt\/ onlayt? Bet\u00e9tet akkor k\u00e9sz\u00edt\u00fcnk, ha a fog koronai r\u00e9sz\u00e9b\u0151l nagyon sok hi\u00e1nyzik \u00e9s azt m\u00e1r t\u00f6m\u00e9ssel nem lehet fel\u00e9p\u00edteni, vagy ha a fogak k\u00f6z\u00f6tti kontaktpontot a nagy foganyag hi\u00e1ny miatt m\u00e1r nem lehet t\u00f6m\u0151anyaggal kialak\u00edtani. Ezen k\u00edv\u00fcl alkalmazzuk gy\u00f6k\u00e9rkezelt fogak eset\u00e9ben, gy\u00f6k\u00e9rt\u00f6m\u00e9st k\u00f6vet\u0151en a fog ... \u0427\u0438\u0442\u0430\u0442\u044c \u0434\u0430\u043b\u0435\u0435","og_url":"https:\/\/dnpdental.hu\/ru\/inlay-onlay\/","og_site_name":"DNP Dental","article_modified_time":"2025-11-10T11:43:28+00:00","og_image":[{"url":"https:\/\/newsite.dnpdental.hu\/wp-content\/uploads\/2025\/11\/inlay_2.webp","type":"","width":"","height":""}],"twitter_card":"summary_large_image","twitter_misc":{"\u041f\u0440\u0438\u043c\u0435\u0440\u043d\u043e\u0435 \u0432\u0440\u0435\u043c\u044f \u0434\u043b\u044f \u0447\u0442\u0435\u043d\u0438\u044f":"2 \u043c\u0438\u043d\u0443\u0442\u044b"},"schema":{"@context":"https:\/\/schema.org","@graph":[{"@type":"WebPage","@id":"https:\/\/dnpdental.hu\/inlay-onlay\/","url":"https:\/\/dnpdental.hu\/inlay-onlay\/","name":"Inlay | Onlay - DNP Dental","isPartOf":{"@id":"https:\/\/dnpdental.hu\/#website"},"primaryImageOfPage":{"@id":"https:\/\/dnpdental.hu\/inlay-onlay\/#primaryimage"},"image":{"@id":"https:\/\/dnpdental.hu\/inlay-onlay\/#primaryimage"},"thumbnailUrl":"https:\/\/newsite.dnpdental.hu\/wp-content\/uploads\/2025\/11\/inlay_2.webp","datePublished":"2025-10-29T14:18:34+00:00","dateModified":"2025-11-10T11:43:28+00:00","breadcrumb":{"@id":"https:\/\/dnpdental.hu\/inlay-onlay\/#breadcrumb"},"inLanguage":"ru-RU","potentialAction":[{"@type":"ReadAction","target":["https:\/\/dnpdental.hu\/inlay-onlay\/"]}]},{"@type":"ImageObject","inLanguage":"ru-RU","@id":"https:\/\/dnpdental.hu\/inlay-onlay\/#primaryimage","url":"https:\/\/newsite.dnpdental.hu\/wp-content\/uploads\/2025\/11\/inlay_2.webp","contentUrl":"https:\/\/newsite.dnpdental.hu\/wp-content\/uploads\/2025\/11\/inlay_2.webp"},{"@type":"BreadcrumbList","@id":"https:\/\/dnpdental.hu\/inlay-onlay\/#breadcrumb","itemListElement":[{"@type":"ListItem","position":1,"name":"Kezd\u0151lap","item":"https:\/\/dnpdental.hu\/"},{"@type":"ListItem","position":2,"name":"Inlay | Onlay"}]},{"@type":"WebSite","@id":"https:\/\/dnpdental.hu\/#website","url":"https:\/\/dnpdental.hu\/","name":"DNP Dental","description":"","publisher":{"@id":"https:\/\/dnpdental.hu\/#organization"},"potentialAction":[{"@type":"SearchAction","target":{"@type":"EntryPoint","urlTemplate":"https:\/\/dnpdental.hu\/?s={search_term_string}"},"query-input":{"@type":"PropertyValueSpecification","valueRequired":true,"valueName":"search_term_string"}}],"inLanguage":"ru-RU"},{"@type":"Organization","@id":"https:\/\/dnpdental.hu\/#organization","name":"DNP Dental","url":"https:\/\/dnpdental.hu\/","logo":{"@type":"ImageObject","inLanguage":"ru-RU","@id":"https:\/\/dnpdental.hu\/#\/schema\/logo\/image\/","url":"https:\/\/dnpdental.hu\/wp-content\/uploads\/2025\/11\/DNP-10_mini.webp","contentUrl":"https:\/\/dnpdental.hu\/wp-content\/uploads\/2025\/11\/DNP-10_mini.webp","width":420,"height":202,"caption":"DNP Dental"},"image":{"@id":"https:\/\/dnpdental.hu\/#\/schema\/logo\/image\/"}}]}},"_links":{"self":[{"href":"https:\/\/dnpdental.hu\/ru\/wp-json\/wp\/v2\/pages\/108","targetHints":{"allow":["GET"]}}],"collection":[{"href":"https:\/\/dnpdental.hu\/ru\/wp-json\/wp\/v2\/pages"}],"about":[{"href":"https:\/\/dnpdental.hu\/ru\/wp-json\/wp\/v2\/types\/page"}],"author":[{"embeddable":true,"href":"https:\/\/dnpdental.hu\/ru\/wp-json\/wp\/v2\/users\/1"}],"replies":[{"embeddable":true,"href":"https:\/\/dnpdental.hu\/ru\/wp-json\/wp\/v2\/comments?post=108"}],"version-history":[{"count":22,"href":"https:\/\/dnpdental.hu\/ru\/wp-json\/wp\/v2\/pages\/108\/revisions"}],"predecessor-version":[{"id":1717,"href":"https:\/\/dnpdental.hu\/ru\/wp-json\/wp\/v2\/pages\/108\/revisions\/1717"}],"wp:attachment":[{"href":"https:\/\/dnpdental.hu\/ru\/wp-json\/wp\/v2\/media?parent=108"}],"curies":[{"name":"wp","href":"https:\/\/api.w.org\/{rel}","templated":true}]}}