{"id":114,"date":"2025-10-29T15:27:48","date_gmt":"2025-10-29T14:27:48","guid":{"rendered":"https:\/\/newsite.dnpdental.hu\/?page_id=114"},"modified":"2026-04-01T10:01:10","modified_gmt":"2026-04-01T08:01:10","slug":"kapcsolat","status":"publish","type":"page","link":"https:\/\/dnpdental.hu\/ru\/kapcsolat\/","title":{"rendered":"\u041a\u043e\u043d\u0442\u0430\u043a\u0442\u044b"},"content":{"rendered":"\t\t<div data-elementor-type=\"wp-page\" data-elementor-id=\"114\" class=\"elementor elementor-114\" data-elementor-post-type=\"page\">\n\t\t\t\t<div class=\"elementor-element elementor-element-776d1c0 e-flex e-con-boxed e-con e-parent\" data-id=\"776d1c0\" data-element_type=\"container\">\n\t\t\t\t\t<div class=\"e-con-inner\">\n\t\t<div class=\"elementor-element elementor-element-adc2094 e-con-full e-flex e-con e-child\" data-id=\"adc2094\" data-element_type=\"container\">\n\t\t<div class=\"elementor-element elementor-element-7120935 e-con-full e-flex e-con e-child\" data-id=\"7120935\" data-element_type=\"container\">\n\t\t<div class=\"elementor-element elementor-element-98dd088 e-con-full e-flex e-con e-child\" data-id=\"98dd088\" data-element_type=\"container\">\n\t\t\t\t<div class=\"elementor-element elementor-element-d885986 elementor-widget elementor-widget-heading\" data-id=\"d885986\" data-element_type=\"widget\" data-widget_type=\"heading.default\">\n\t\t\t\t\t<h1 class=\"elementor-heading-title elementor-size-default\">\u00cdrjon nek\u00fcnk<\/h1>\t\t\t\t<\/div>\n\t\t\t\t<div class=\"elementor-element elementor-element-bdef352 elementor-button-align-stretch elementor-widget elementor-widget-form\" data-id=\"bdef352\" data-element_type=\"widget\" data-settings=\"{&quot;step_next_label&quot;:&quot;K\\u00f6vetkez\\u0151&quot;,&quot;step_previous_label&quot;:&quot;El\\u0151z\\u0151&quot;,&quot;button_width&quot;:&quot;100&quot;,&quot;step_type&quot;:&quot;number_text&quot;,&quot;step_icon_shape&quot;:&quot;circle&quot;}\" data-widget_type=\"form.default\">\n\t\t\t\t\t\t\t<form class=\"elementor-form\" method=\"post\" name=\"\u00daj \u0171rlap\" aria-label=\"\u00daj \u0171rlap\">\n\t\t\t<input type=\"hidden\" name=\"post_id\" value=\"114\"\/>\n\t\t\t<input type=\"hidden\" name=\"form_id\" value=\"bdef352\"\/>\n\t\t\t<input type=\"hidden\" name=\"referer_title\" value=\"DNP Dental\" \/>\n\n\t\t\t\n\t\t\t<div class=\"elementor-form-fields-wrapper elementor-labels-above\">\n\t\t\t\t\t\t\t\t<div class=\"elementor-field-type-text elementor-field-group elementor-column elementor-field-group-name elementor-col-50 elementor-field-required\">\n\t\t\t\t\t\t\t\t\t\t\t\t\t<input size=\"1\" type=\"text\" name=\"form_fields[name]\" id=\"form-field-name\" class=\"elementor-field elementor-size-sm  elementor-field-textual\" placeholder=\"N\u00e9v*\" required=\"required\">\n\t\t\t\t\t\t\t\t\t\t\t<\/div>\n\t\t\t\t\t\t\t\t<div class=\"elementor-field-type-email elementor-field-group elementor-column elementor-field-group-email elementor-col-50 elementor-field-required\">\n\t\t\t\t\t\t\t\t\t\t\t\t\t<input size=\"1\" type=\"email\" name=\"form_fields[email]\" id=\"form-field-email\" class=\"elementor-field elementor-size-sm  elementor-field-textual\" placeholder=\"E-mail c\u00edm\" required=\"required\">\n\t\t\t\t\t\t\t\t\t\t\t<\/div>\n\t\t\t\t\t\t\t\t<div class=\"elementor-field-type-tel elementor-field-group elementor-column elementor-field-group-field_9416010 elementor-col-50 elementor-field-required\">\n\t\t\t\t\t\t\t<input size=\"1\" type=\"tel\" name=\"form_fields[field_9416010]\" id=\"form-field-field_9416010\" class=\"elementor-field elementor-size-sm  elementor-field-textual\" placeholder=\"Telefonsz\u00e1m*\" required=\"required\" pattern=\"[0-9()#&amp;+*-=.]+\" title=\"Only numbers and phone characters (#, -, *, etc) are accepted.\">\n\n\t\t\t\t\t\t<\/div>\n\t\t\t\t\t\t\t\t<div class=\"elementor-field-type-select elementor-field-group elementor-column elementor-field-group-field_b9e1f18 elementor-col-50\">\n\t\t\t\t\t\t\t<div class=\"elementor-field elementor-select-wrapper remove-before \">\n\t\t\t<div class=\"select-caret-down-wrapper\">\n\t\t\t\t<svg aria-hidden=\"true\" class=\"e-font-icon-svg e-eicon-caret-down\" viewBox=\"0 0 571.4 571.4\" xmlns=\"http:\/\/www.w3.org\/2000\/svg\"><path d=\"M571 393Q571 407 561 418L311 668Q300 679 286 679T261 668L11 418Q0 407 0 393T11 368 36 357H536Q550 357 561 368T571 393Z\"><\/path><\/svg>\t\t\t<\/div>\n\t\t\t<select name=\"form_fields[field_b9e1f18]\" id=\"form-field-field_b9e1f18\" class=\"elementor-field-textual elementor-size-sm\">\n\t\t\t\t\t\t\t\t\t<option value=\"Konzult\u00e1ci\u00f3\">Konzult\u00e1ci\u00f3<\/option>\n\t\t\t\t\t\t\t\t\t<option value=\"Csontp\u00f3tl\u00e1s\">Csontp\u00f3tl\u00e1s<\/option>\n\t\t\t\t\t\t\t\t\t<option value=\"All-on-4\u2122 \u00e9s All-on-6\u2122 fogp\u00f3tl\u00e1sok\">All-on-4\u2122 \u00e9s All-on-6\u2122 fogp\u00f3tl\u00e1sok<\/option>\n\t\t\t\t\t\t\t\t\t<option value=\"8 implant\u00e1tumon r\u00f6gz\u00edtett k\u00f6rh\u00edd\">8 implant\u00e1tumon r\u00f6gz\u00edtett k\u00f6rh\u00edd<\/option>\n\t\t\t\t\t\t\t\t\t<option value=\"B\u00f6lcsess\u00e9gfog elt\u00e1vol\u00edt\u00e1s\">B\u00f6lcsess\u00e9gfog elt\u00e1vol\u00edt\u00e1s<\/option>\n\t\t\t\t\t\t\t\t\t<option value=\"Fogh\u00faz\u00e1s\">Fogh\u00faz\u00e1s<\/option>\n\t\t\t\t\t\t\t\t\t<option value=\"Fog implant\u00e1ci\u00f3\">Fog implant\u00e1ci\u00f3<\/option>\n\t\t\t\t\t\t\t\t\t<option value=\"Inlay\/ Onlay\">Inlay\/ Onlay<\/option>\n\t\t\t\t\t\t\t\t\t<option value=\"Gy\u00f6k\u00e9rkezel\u00e9s\">Gy\u00f6k\u00e9rkezel\u00e9s<\/option>\n\t\t\t\t\t\t\t\t\t<option value=\"T\u00f6m\u00e9s\">T\u00f6m\u00e9s<\/option>\n\t\t\t\t\t\t\t\t\t<option value=\"Ideiglenes fogp\u00f3tl\u00e1sok\">Ideiglenes fogp\u00f3tl\u00e1sok<\/option>\n\t\t\t\t\t\t\t\t\t<option value=\"Implant\u00e1tumokkal stabiliz\u00e1lt kivehet\u0151 fogsorok\">Implant\u00e1tumokkal stabiliz\u00e1lt kivehet\u0151 fogsorok<\/option>\n\t\t\t\t\t\t\t\t\t<option value=\"Teljes\/ r\u00e9szleges kivehet\u0151 fogsorok\">Teljes\/ r\u00e9szleges kivehet\u0151 fogsorok<\/option>\n\t\t\t\t\t\t\t\t\t<option value=\"Fog\u00e1szati hidak\">Fog\u00e1szati hidak<\/option>\n\t\t\t\t\t\t\t\t\t<option value=\"Egy\u00e9b\">Egy\u00e9b<\/option>\n\t\t\t\t\t\t\t<\/select>\n\t\t<\/div>\n\t\t\t\t\t\t<\/div>\n\t\t\t\t\t\t\t\t<div class=\"elementor-field-type-textarea elementor-field-group elementor-column elementor-field-group-message elementor-col-100\">\n\t\t\t\t\t<textarea class=\"elementor-field-textual elementor-field  elementor-size-sm\" name=\"form_fields[message]\" id=\"form-field-message\" rows=\"4\" placeholder=\"\u00dczenet\"><\/textarea>\t\t\t\t<\/div>\n\t\t\t\t\t\t\t\t<div class=\"elementor-field-type-radio elementor-field-group elementor-column elementor-field-group-field_7143a4f elementor-col-100 elementor-field-required\">\n\t\t\t\t\t\t\t\t\t\t\t\t<label for=\"form-field-field_7143a4f\" class=\"elementor-field-label\">\n\t\t\t\t\t\t\t\tHogyan k\u00e9nyelmesebb kapcsolatba l\u00e9pni \u00d6nnel?\t\t\t\t\t\t\t<\/label>\n\t\t\t\t\t\t<div class=\"elementor-field-subgroup  \"><span class=\"elementor-field-option\"><input type=\"radio\" value=\"Telefon\" id=\"form-field-field_7143a4f-0\" name=\"form_fields[field_7143a4f]\" required=\"required\"> <label for=\"form-field-field_7143a4f-0\">Telefon<\/label><\/span><span class=\"elementor-field-option\"><input type=\"radio\" value=\"Email\" id=\"form-field-field_7143a4f-1\" name=\"form_fields[field_7143a4f]\" required=\"required\"> <label for=\"form-field-field_7143a4f-1\">Email<\/label><\/span><\/div>\t\t\t\t<\/div>\n\t\t\t\t\t\t\t\t<div class=\"elementor-field-type-acceptance elementor-field-group elementor-column elementor-field-group-field_da7431d elementor-col-100 elementor-field-required\">\n\t\t\t\t\t\t\t<div class=\"elementor-field-subgroup\">\n\t\t\t<span class=\"elementor-field-option\">\n\t\t\t\t<input type=\"checkbox\" name=\"form_fields[field_da7431d]\" id=\"form-field-field_da7431d\" class=\"elementor-field elementor-size-sm  elementor-acceptance-field\" required=\"required\">\n\t\t\t\t<label for=\"form-field-field_da7431d\">Elolvastam \u00e9s elfogadom az <a href=\"\/adatvedelmi-tajekoztato\">Adatv\u00e9delmi nyilatkozatban<\/a> foglaltakat.<\/label>\t\t\t<\/span>\n\t\t<\/div>\n\t\t\t\t\t\t<\/div>\n\t\t\t\t\t\t\t\t<div class=\"elementor-field-group elementor-column elementor-field-type-submit elementor-col-100 e-form__buttons\">\n\t\t\t\t\t<button class=\"elementor-button elementor-size-sm\" type=\"submit\">\n\t\t\t\t\t\t<span class=\"elementor-button-content-wrapper\">\n\t\t\t\t\t\t\t\t\t\t\t\t\t\t\t\t\t\t\t\t\t\t<span class=\"elementor-button-text\">K\u00fcld\u00e9s<\/span>\n\t\t\t\t\t\t\t\t\t\t\t\t\t<\/span>\n\t\t\t\t\t<\/button>\n\t\t\t\t<\/div>\n\t\t\t<\/div>\n\t\t<\/form>\n\t\t\t\t\t\t<\/div>\n\t\t\t\t<\/div>\n\t\t\t\t<div class=\"elementor-element elementor-element-2a0468b elementor-widget__width-initial elementor-widget-tablet__width-inherit elementor-widget elementor-widget-html\" data-id=\"2a0468b\" data-element_type=\"widget\" data-widget_type=\"html.default\">\n\t\t\t\t\t<iframe src=\"https:\/\/www.google.com\/maps\/embed?pb=!1m14!1m8!1m3!1d1348.397991180343!2d19.0376405!3d47.474405!3m2!1i1024!2i768!4f13.1!3m3!1m2!1s0x4741ddb2f95744eb%3A0x7e63ba20ac8e7af0!2sDNP%20Dental!5e0!3m2!1shu!2shu!4v1737983983611!5m2!1shu!2shu\" width=\"800\" height=\"900\" style=\"border:0;\" allowfullscreen=\"\" loading=\"lazy\" referrerpolicy=\"no-referrer-when-downgrade\"><\/iframe>\t\t\t\t<\/div>\n\t\t\t\t<\/div>\n\t\t\t\t<\/div>\n\t\t\t\t\t<\/div>\n\t\t\t\t<\/div>\n\t\t<div class=\"elementor-element elementor-element-7245073 e-grid e-con-boxed e-con e-parent\" data-id=\"7245073\" data-element_type=\"container\">\n\t\t\t\t\t<div class=\"e-con-inner\">\n\t\t<div class=\"elementor-element elementor-element-369d7da e-con-full e-flex e-con e-child\" data-id=\"369d7da\" data-element_type=\"container\" data-settings=\"{&quot;background_background&quot;:&quot;classic&quot;}\">\n\t\t\t\t<div class=\"elementor-element elementor-element-f61397b elementor-view-default elementor-widget elementor-widget-icon\" data-id=\"f61397b\" data-element_type=\"widget\" data-widget_type=\"icon.default\">\n\t\t\t\t\t\t\t<div class=\"elementor-icon-wrapper\">\n\t\t\t<div class=\"elementor-icon\">\n\t\t\t<svg aria-hidden=\"true\" class=\"e-font-icon-svg e-fas-phone-alt\" viewBox=\"0 0 512 512\" xmlns=\"http:\/\/www.w3.org\/2000\/svg\"><path d=\"M497.39 361.8l-112-48a24 24 0 0 0-28 6.9l-49.6 60.6A370.66 370.66 0 0 1 130.6 204.11l60.6-49.6a23.94 23.94 0 0 0 6.9-28l-48-112A24.16 24.16 0 0 0 122.6.61l-104 24A24 24 0 0 0 0 48c0 256.5 207.9 464 464 464a24 24 0 0 0 23.4-18.6l24-104a24.29 24.29 0 0 0-14.01-27.6z\"><\/path><\/svg>\t\t\t<\/div>\n\t\t<\/div>\n\t\t\t\t\t\t<\/div>\n\t\t<div class=\"elementor-element elementor-element-9d1558e e-con-full e-flex e-con e-child\" data-id=\"9d1558e\" data-element_type=\"container\">\n\t\t\t\t<div class=\"elementor-element elementor-element-06be363 elementor-icon-list--layout-traditional elementor-list-item-link-full_width elementor-widget elementor-widget-icon-list\" data-id=\"06be363\" data-element_type=\"widget\" data-widget_type=\"icon-list.default\">\n\t\t\t\t\t\t\t<ul class=\"elementor-icon-list-items\">\n\t\t\t\t\t\t\t<li class=\"elementor-icon-list-item\">\n\t\t\t\t\t\t\t\t\t\t<span class=\"elementor-icon-list-text\"> +36 70 613 6646<\/span>\n\t\t\t\t\t\t\t\t\t<\/li>\n\t\t\t\t\t\t\t\t<li class=\"elementor-icon-list-item\">\n\t\t\t\t\t\t\t\t\t\t<span class=\"elementor-icon-list-text\">rendelo@dnpdental.hu<\/span>\n\t\t\t\t\t\t\t\t\t<\/li>\n\t\t\t\t\t\t<\/ul>\n\t\t\t\t\t\t<\/div>\n\t\t\t\t<\/div>\n\t\t\t\t<\/div>\n\t\t<div class=\"elementor-element elementor-element-4e784f0 e-con-full e-flex e-con e-child\" data-id=\"4e784f0\" data-element_type=\"container\" data-settings=\"{&quot;background_background&quot;:&quot;classic&quot;}\">\n\t\t\t\t<div class=\"elementor-element elementor-element-0c283a9 elementor-view-default elementor-widget elementor-widget-icon\" data-id=\"0c283a9\" data-element_type=\"widget\" data-widget_type=\"icon.default\">\n\t\t\t\t\t\t\t<div class=\"elementor-icon-wrapper\">\n\t\t\t<div class=\"elementor-icon\">\n\t\t\t<svg aria-hidden=\"true\" class=\"e-font-icon-svg e-fas-map-marker-alt\" viewBox=\"0 0 384 512\" xmlns=\"http:\/\/www.w3.org\/2000\/svg\"><path d=\"M172.268 501.67C26.97 291.031 0 269.413 0 192 0 85.961 85.961 0 192 0s192 85.961 192 192c0 77.413-26.97 99.031-172.268 309.67-9.535 13.774-29.93 13.773-39.464 0zM192 272c44.183 0 80-35.817 80-80s-35.817-80-80-80-80 35.817-80 80 35.817 80 80 80z\"><\/path><\/svg>\t\t\t<\/div>\n\t\t<\/div>\n\t\t\t\t\t\t<\/div>\n\t\t<div class=\"elementor-element elementor-element-626e244 e-con-full e-flex e-con e-child\" data-id=\"626e244\" data-element_type=\"container\">\n\t\t\t\t<div class=\"elementor-element elementor-element-0fd342c elementor-icon-list--layout-traditional elementor-list-item-link-full_width elementor-widget elementor-widget-icon-list\" data-id=\"0fd342c\" data-element_type=\"widget\" data-widget_type=\"icon-list.default\">\n\t\t\t\t\t\t\t<ul class=\"elementor-icon-list-items\">\n\t\t\t\t\t\t\t<li class=\"elementor-icon-list-item\">\n\t\t\t\t\t\t\t\t\t\t<span class=\"elementor-icon-list-text\"> 1115 Budapest, Bart\u00f3k B\u00e9la \u00fat 90. 1st floor<\/span>\n\t\t\t\t\t\t\t\t\t<\/li>\n\t\t\t\t\t\t<\/ul>\n\t\t\t\t\t\t<\/div>\n\t\t\t\t<\/div>\n\t\t\t\t<\/div>\n\t\t<div class=\"elementor-element elementor-element-91c679a e-con-full e-flex e-con e-child\" data-id=\"91c679a\" data-element_type=\"container\" data-settings=\"{&quot;background_background&quot;:&quot;classic&quot;}\">\n\t\t\t\t<div class=\"elementor-element elementor-element-378dec9 elementor-view-default elementor-widget elementor-widget-icon\" data-id=\"378dec9\" data-element_type=\"widget\" data-widget_type=\"icon.default\">\n\t\t\t\t\t\t\t<div class=\"elementor-icon-wrapper\">\n\t\t\t<div class=\"elementor-icon\">\n\t\t\t<svg aria-hidden=\"true\" class=\"e-font-icon-svg e-far-clock\" viewBox=\"0 0 512 512\" xmlns=\"http:\/\/www.w3.org\/2000\/svg\"><path d=\"M256 8C119 8 8 119 8 256s111 248 248 248 248-111 248-248S393 8 256 8zm0 448c-110.5 0-200-89.5-200-200S145.5 56 256 56s200 89.5 200 200-89.5 200-200 200zm61.8-104.4l-84.9-61.7c-3.1-2.3-4.9-5.9-4.9-9.7V116c0-6.6 5.4-12 12-12h32c6.6 0 12 5.4 12 12v141.7l66.8 48.6c5.4 3.9 6.5 11.4 2.6 16.8L334.6 349c-3.9 5.3-11.4 6.5-16.8 2.6z\"><\/path><\/svg>\t\t\t<\/div>\n\t\t<\/div>\n\t\t\t\t\t\t<\/div>\n\t\t<div class=\"elementor-element elementor-element-fa8850b e-con-full e-flex e-con e-child\" data-id=\"fa8850b\" data-element_type=\"container\">\n\t\t\t\t<div class=\"elementor-element elementor-element-8e63688 elementor-icon-list--layout-traditional elementor-list-item-link-full_width elementor-widget elementor-widget-icon-list\" data-id=\"8e63688\" data-element_type=\"widget\" data-widget_type=\"icon-list.default\">\n\t\t\t\t\t\t\t<ul class=\"elementor-icon-list-items\">\n\t\t\t\t\t\t\t<li class=\"elementor-icon-list-item\">\n\t\t\t\t\t\t\t\t\t\t<span class=\"elementor-icon-list-text\"> H\u00e9tf\u0151-Szombat: 08:00 - 20:00<\/span>\n\t\t\t\t\t\t\t\t\t<\/li>\n\t\t\t\t\t\t\t\t<li class=\"elementor-icon-list-item\">\n\t\t\t\t\t\t\t\t\t\t<span class=\"elementor-icon-list-text\">Vas\u00e1rnap - Z\u00e1rva<\/span>\n\t\t\t\t\t\t\t\t\t<\/li>\n\t\t\t\t\t\t<\/ul>\n\t\t\t\t\t\t<\/div>\n\t\t\t\t<\/div>\n\t\t\t\t<\/div>\n\t\t\t\t\t<\/div>\n\t\t\t\t<\/div>\n\t\t<div class=\"elementor-element elementor-element-2ca7e4e e-flex e-con-boxed e-con e-parent\" data-id=\"2ca7e4e\" data-element_type=\"container\">\n\t\t\t\t\t<div class=\"e-con-inner\">\n\t\t\t\t<div class=\"elementor-element elementor-element-b022ec0 elementor-widget elementor-widget-text-editor\" data-id=\"b022ec0\" data-element_type=\"widget\" data-widget_type=\"text-editor.default\">\n\t\t\t\t\t\t\t\t\t<p>Amennyiben nem tud elj\u00f6nni a kezel\u00e9s id\u0151pontj\u00e1ra, minimum 24 \u00f3r\u00e1val el\u0151bb k\u00e9rj\u00fck azt jelezni. 24 \u00f3r\u00e1n bel\u00fcli lemond\u00e1s eset\u00e9n 10.000 Ft k\u00e9szenl\u00e9ti d\u00edjat sz\u00e1molunk fel a legk\u00f6zelebbi id\u0151pontj\u00e1n<\/p>\t\t\t\t\t\t\t\t<\/div>\n\t\t\t\t\t<\/div>\n\t\t\t\t<\/div>\n\t\t\t\t<\/div>\n\t\t","protected":false},"excerpt":{"rendered":"<p>\u00cdrjon nek\u00fcnk +36 70 613 6646 rendelo@dnpdental.hu 1115 Budapest, Bart\u00f3k B\u00e9la \u00fat 90. 1st floor H\u00e9tf\u0151-Szombat: 08:00 &#8211; 20:00 Vas\u00e1rnap &#8211; Z\u00e1rva Amennyiben nem tud elj\u00f6nni a kezel\u00e9s id\u0151pontj\u00e1ra, minimum 24 \u00f3r\u00e1val el\u0151bb k\u00e9rj\u00fck azt jelezni. 24 \u00f3r\u00e1n bel\u00fcli lemond\u00e1s eset\u00e9n 10.000 Ft k\u00e9szenl\u00e9ti d\u00edjat sz\u00e1molunk fel a legk\u00f6zelebbi id\u0151pontj\u00e1n<\/p>","protected":false},"author":1,"featured_media":0,"parent":0,"menu_order":0,"comment_status":"closed","ping_status":"closed","template":"elementor_header_footer","meta":{"footnotes":""},"class_list":["post-114","page","type-page","status-publish"],"yoast_head":"<!-- This site is optimized with the Yoast SEO Premium plugin v26.2 (Yoast SEO v26.5) - https:\/\/yoast.com\/wordpress\/plugins\/seo\/ -->\n<title>Kapcsolat - DNP Dental<\/title>\n<meta name=\"robots\" content=\"index, follow, max-snippet:-1, max-image-preview:large, max-video-preview:-1\" \/>\n<link rel=\"canonical\" href=\"https:\/\/dnpdental.hu\/ru\/kapcsolat\/\" \/>\n<meta property=\"og:locale\" content=\"ru_RU\" \/>\n<meta property=\"og:type\" content=\"article\" \/>\n<meta property=\"og:title\" content=\"Kapcsolat\" \/>\n<meta property=\"og:description\" content=\"\u00cdrjon nek\u00fcnk +36 70 613 6646 rendelo@dnpdental.hu 1115 Budapest, Bart\u00f3k B\u00e9la \u00fat 90. 1st floor H\u00e9tf\u0151-Szombat: 08:00 &#8211; 20:00 Vas\u00e1rnap &#8211; Z\u00e1rva Amennyiben nem tud elj\u00f6nni a kezel\u00e9s id\u0151pontj\u00e1ra, minimum 24 \u00f3r\u00e1val el\u0151bb k\u00e9rj\u00fck azt jelezni. 24 \u00f3r\u00e1n bel\u00fcli lemond\u00e1s eset\u00e9n 10.000 Ft k\u00e9szenl\u00e9ti d\u00edjat sz\u00e1molunk fel a legk\u00f6zelebbi id\u0151pontj\u00e1n\" \/>\n<meta property=\"og:url\" content=\"https:\/\/dnpdental.hu\/ru\/kapcsolat\/\" \/>\n<meta property=\"og:site_name\" content=\"DNP Dental\" \/>\n<meta property=\"article:modified_time\" content=\"2026-04-01T08:01:10+00:00\" \/>\n<meta name=\"twitter:card\" content=\"summary_large_image\" \/>\n<meta name=\"twitter:label1\" content=\"\u041f\u0440\u0438\u043c\u0435\u0440\u043d\u043e\u0435 \u0432\u0440\u0435\u043c\u044f \u0434\u043b\u044f \u0447\u0442\u0435\u043d\u0438\u044f\" \/>\n\t<meta name=\"twitter:data1\" content=\"1 \u043c\u0438\u043d\u0443\u0442\u0430\" \/>\n<script type=\"application\/ld+json\" class=\"yoast-schema-graph\">{\"@context\":\"https:\/\/schema.org\",\"@graph\":[{\"@type\":\"WebPage\",\"@id\":\"https:\/\/dnpdental.hu\/kapcsolat\/\",\"url\":\"https:\/\/dnpdental.hu\/kapcsolat\/\",\"name\":\"Kapcsolat - DNP Dental\",\"isPartOf\":{\"@id\":\"https:\/\/dnpdental.hu\/#website\"},\"datePublished\":\"2025-10-29T14:27:48+00:00\",\"dateModified\":\"2026-04-01T08:01:10+00:00\",\"breadcrumb\":{\"@id\":\"https:\/\/dnpdental.hu\/kapcsolat\/#breadcrumb\"},\"inLanguage\":\"ru-RU\",\"potentialAction\":[{\"@type\":\"ReadAction\",\"target\":[\"https:\/\/dnpdental.hu\/kapcsolat\/\"]}]},{\"@type\":\"BreadcrumbList\",\"@id\":\"https:\/\/dnpdental.hu\/kapcsolat\/#breadcrumb\",\"itemListElement\":[{\"@type\":\"ListItem\",\"position\":1,\"name\":\"Kezd\u0151lap\",\"item\":\"https:\/\/dnpdental.hu\/\"},{\"@type\":\"ListItem\",\"position\":2,\"name\":\"Kapcsolat\"}]},{\"@type\":\"WebSite\",\"@id\":\"https:\/\/dnpdental.hu\/#website\",\"url\":\"https:\/\/dnpdental.hu\/\",\"name\":\"DNP Dental\",\"description\":\"\",\"publisher\":{\"@id\":\"https:\/\/dnpdental.hu\/#organization\"},\"potentialAction\":[{\"@type\":\"SearchAction\",\"target\":{\"@type\":\"EntryPoint\",\"urlTemplate\":\"https:\/\/dnpdental.hu\/?s={search_term_string}\"},\"query-input\":{\"@type\":\"PropertyValueSpecification\",\"valueRequired\":true,\"valueName\":\"search_term_string\"}}],\"inLanguage\":\"ru-RU\"},{\"@type\":\"Organization\",\"@id\":\"https:\/\/dnpdental.hu\/#organization\",\"name\":\"DNP Dental\",\"url\":\"https:\/\/dnpdental.hu\/\",\"logo\":{\"@type\":\"ImageObject\",\"inLanguage\":\"ru-RU\",\"@id\":\"https:\/\/dnpdental.hu\/#\/schema\/logo\/image\/\",\"url\":\"https:\/\/dnpdental.hu\/wp-content\/uploads\/2025\/11\/DNP-10_mini.webp\",\"contentUrl\":\"https:\/\/dnpdental.hu\/wp-content\/uploads\/2025\/11\/DNP-10_mini.webp\",\"width\":420,\"height\":202,\"caption\":\"DNP Dental\"},\"image\":{\"@id\":\"https:\/\/dnpdental.hu\/#\/schema\/logo\/image\/\"}}]}<\/script>\n<!-- \/ Yoast SEO Premium plugin. -->","yoast_head_json":{"title":"Kapcsolat - DNP Dental","robots":{"index":"index","follow":"follow","max-snippet":"max-snippet:-1","max-image-preview":"max-image-preview:large","max-video-preview":"max-video-preview:-1"},"canonical":"https:\/\/dnpdental.hu\/ru\/kapcsolat\/","og_locale":"ru_RU","og_type":"article","og_title":"Kapcsolat","og_description":"\u00cdrjon nek\u00fcnk +36 70 613 6646 rendelo@dnpdental.hu 1115 Budapest, Bart\u00f3k B\u00e9la \u00fat 90. 1st floor H\u00e9tf\u0151-Szombat: 08:00 &#8211; 20:00 Vas\u00e1rnap &#8211; Z\u00e1rva Amennyiben nem tud elj\u00f6nni a kezel\u00e9s id\u0151pontj\u00e1ra, minimum 24 \u00f3r\u00e1val el\u0151bb k\u00e9rj\u00fck azt jelezni. 24 \u00f3r\u00e1n bel\u00fcli lemond\u00e1s eset\u00e9n 10.000 Ft k\u00e9szenl\u00e9ti d\u00edjat sz\u00e1molunk fel a legk\u00f6zelebbi id\u0151pontj\u00e1n","og_url":"https:\/\/dnpdental.hu\/ru\/kapcsolat\/","og_site_name":"DNP Dental","article_modified_time":"2026-04-01T08:01:10+00:00","twitter_card":"summary_large_image","twitter_misc":{"\u041f\u0440\u0438\u043c\u0435\u0440\u043d\u043e\u0435 \u0432\u0440\u0435\u043c\u044f \u0434\u043b\u044f \u0447\u0442\u0435\u043d\u0438\u044f":"1 \u043c\u0438\u043d\u0443\u0442\u0430"},"schema":{"@context":"https:\/\/schema.org","@graph":[{"@type":"WebPage","@id":"https:\/\/dnpdental.hu\/kapcsolat\/","url":"https:\/\/dnpdental.hu\/kapcsolat\/","name":"Kapcsolat - DNP Dental","isPartOf":{"@id":"https:\/\/dnpdental.hu\/#website"},"datePublished":"2025-10-29T14:27:48+00:00","dateModified":"2026-04-01T08:01:10+00:00","breadcrumb":{"@id":"https:\/\/dnpdental.hu\/kapcsolat\/#breadcrumb"},"inLanguage":"ru-RU","potentialAction":[{"@type":"ReadAction","target":["https:\/\/dnpdental.hu\/kapcsolat\/"]}]},{"@type":"BreadcrumbList","@id":"https:\/\/dnpdental.hu\/kapcsolat\/#breadcrumb","itemListElement":[{"@type":"ListItem","position":1,"name":"Kezd\u0151lap","item":"https:\/\/dnpdental.hu\/"},{"@type":"ListItem","position":2,"name":"Kapcsolat"}]},{"@type":"WebSite","@id":"https:\/\/dnpdental.hu\/#website","url":"https:\/\/dnpdental.hu\/","name":"DNP Dental","description":"","publisher":{"@id":"https:\/\/dnpdental.hu\/#organization"},"potentialAction":[{"@type":"SearchAction","target":{"@type":"EntryPoint","urlTemplate":"https:\/\/dnpdental.hu\/?s={search_term_string}"},"query-input":{"@type":"PropertyValueSpecification","valueRequired":true,"valueName":"search_term_string"}}],"inLanguage":"ru-RU"},{"@type":"Organization","@id":"https:\/\/dnpdental.hu\/#organization","name":"DNP Dental","url":"https:\/\/dnpdental.hu\/","logo":{"@type":"ImageObject","inLanguage":"ru-RU","@id":"https:\/\/dnpdental.hu\/#\/schema\/logo\/image\/","url":"https:\/\/dnpdental.hu\/wp-content\/uploads\/2025\/11\/DNP-10_mini.webp","contentUrl":"https:\/\/dnpdental.hu\/wp-content\/uploads\/2025\/11\/DNP-10_mini.webp","width":420,"height":202,"caption":"DNP Dental"},"image":{"@id":"https:\/\/dnpdental.hu\/#\/schema\/logo\/image\/"}}]}},"_links":{"self":[{"href":"https:\/\/dnpdental.hu\/ru\/wp-json\/wp\/v2\/pages\/114","targetHints":{"allow":["GET"]}}],"collection":[{"href":"https:\/\/dnpdental.hu\/ru\/wp-json\/wp\/v2\/pages"}],"about":[{"href":"https:\/\/dnpdental.hu\/ru\/wp-json\/wp\/v2\/types\/page"}],"author":[{"embeddable":true,"href":"https:\/\/dnpdental.hu\/ru\/wp-json\/wp\/v2\/users\/1"}],"replies":[{"embeddable":true,"href":"https:\/\/dnpdental.hu\/ru\/wp-json\/wp\/v2\/comments?post=114"}],"version-history":[{"count":40,"href":"https:\/\/dnpdental.hu\/ru\/wp-json\/wp\/v2\/pages\/114\/revisions"}],"predecessor-version":[{"id":3376,"href":"https:\/\/dnpdental.hu\/ru\/wp-json\/wp\/v2\/pages\/114\/revisions\/3376"}],"wp:attachment":[{"href":"https:\/\/dnpdental.hu\/ru\/wp-json\/wp\/v2\/media?parent=114"}],"curies":[{"name":"wp","href":"https:\/\/api.w.org\/{rel}","templated":true}]}}