{"id":116,"date":"2025-10-29T15:28:03","date_gmt":"2025-10-29T14:28:03","guid":{"rendered":"https:\/\/newsite.dnpdental.hu\/?page_id=116"},"modified":"2025-11-10T12:46:38","modified_gmt":"2025-11-10T11:46:38","slug":"karrier","status":"publish","type":"page","link":"https:\/\/dnpdental.hu\/ru\/karrier\/","title":{"rendered":"\u041a\u0430\u0440\u044c\u0435\u0440\u0430"},"content":{"rendered":"<div data-elementor-type=\"wp-page\" data-elementor-id=\"116\" class=\"elementor elementor-116\" data-elementor-post-type=\"page\">\n\t\t\t\t<div class=\"elementor-element elementor-element-32f4d56 e-flex e-con-boxed e-con e-parent\" data-id=\"32f4d56\" data-element_type=\"container\">\n\t\t\t\t\t<div class=\"e-con-inner\">\n\t\t\t\t<div class=\"elementor-element elementor-element-09485ad elementor-widget elementor-widget-heading\" data-id=\"09485ad\" data-element_type=\"widget\" data-widget_type=\"heading.default\">\n\t\t\t\t\t<h1 class=\"elementor-heading-title elementor-size-default\">\u041a\u0430\u0440\u044c\u0435\u0440\u0430 \u0432 DNP Dental<\/h1>\t\t\t\t<\/div>\n\t\t\t\t<div class=\"elementor-element elementor-element-701116b elementor-widget elementor-widget-text-editor\" data-id=\"701116b\" data-element_type=\"widget\" data-widget_type=\"text-editor.default\">\n\t\t\t\t\t\t\t\t\t<p class=\"my-2\">DNP Dental \u2014 \u044d\u0442\u043e \u0441\u0442\u043e\u043c\u0430\u0442\u043e\u043b\u043e\u0433\u0438\u0447\u0435\u0441\u043a\u0430\u044f \u043a\u043b\u0438\u043d\u0438\u043a\u0430 \u043d\u043e\u0432\u043e\u0433\u043e \u043f\u043e\u043a\u043e\u043b\u0435\u043d\u0438\u044f \u0441 \u0442\u0451\u043f\u043b\u043e\u0439, \u0441\u0435\u043c\u0435\u0439\u043d\u043e\u0439 \u0430\u0442\u043c\u043e\u0441\u0444\u0435\u0440\u043e\u0439, \u0440\u0430\u0441\u043f\u043e\u043b\u043e\u0436\u0435\u043d\u043d\u0430\u044f \u0432 XI \u0440\u0430\u0439\u043e\u043d\u0435 \u0411\u0443\u0434\u0430\u043f\u0435\u0448\u0442\u0430. \u0423 \u043d\u0430\u0441 \u0432\u0440\u0430\u0447\u0438 \u043d\u0435 \u043f\u0440\u043e\u0441\u0442\u043e \u0440\u0430\u0431\u043e\u0442\u0430\u044e\u0442 \u2014 \u043e\u043d\u0438 \u043f\u0440\u0438\u0445\u043e\u0434\u044f\u0442 \u043d\u0430 \u043f\u0440\u0438\u0451\u043c \u0441 \u0443\u0434\u043e\u0432\u043e\u043b\u044c\u0441\u0442\u0432\u0438\u0435\u043c. \u041d\u0435\u0441\u043c\u043e\u0442\u0440\u044f \u043d\u0430 \u0442\u043e, \u0447\u0442\u043e \u043c\u044b \u043e\u0442\u043a\u0440\u044b\u043b\u0438\u0441\u044c \u0432\u0441\u0435\u0433\u043e \u0433\u043e\u0434 \u043d\u0430\u0437\u0430\u0434, \u0443 \u043d\u0430\u0441 \u0443\u0436\u0435 \u0441\u0444\u043e\u0440\u043c\u0438\u0440\u043e\u0432\u0430\u043b\u0430\u0441\u044c \u0437\u043d\u0430\u0447\u0438\u0442\u0435\u043b\u044c\u043d\u0430\u044f \u0431\u0430\u0437\u0430 \u043a\u0430\u043a \u0432\u0435\u043d\u0433\u0435\u0440\u0441\u043a\u0438\u0445, \u0442\u0430\u043a \u0438 \u0438\u043d\u043e\u0441\u0442\u0440\u0430\u043d\u043d\u044b\u0445 \u043f\u0430\u0446\u0438\u0435\u043d\u0442\u043e\u0432.<\/p><p class=\"my-2\">\u041d\u0430\u0448\u0430 \u0446\u0435\u043b\u044c \u2014 \u043f\u0440\u0435\u0434\u043e\u0441\u0442\u0430\u0432\u0438\u0442\u044c \u0432\u0440\u0430\u0447\u0430\u043c \u0441\u0442\u0430\u0431\u0438\u043b\u044c\u043d\u043e\u0435, \u043d\u0430\u0434\u0451\u0436\u043d\u043e\u0435 \u0438 \u0434\u043e\u043b\u0433\u043e\u0432\u0440\u0435\u043c\u0435\u043d\u043d\u043e\u0435 \u043f\u0440\u043e\u0444\u0435\u0441\u0441\u0438\u043e\u043d\u0430\u043b\u044c\u043d\u043e\u0435 \u043f\u0440\u043e\u0441\u0442\u0440\u0430\u043d\u0441\u0442\u0432\u043e, \u0433\u0434\u0435 \u043c\u043e\u0436\u043d\u043e \u043d\u0435 \u043f\u0440\u043e\u0441\u0442\u043e \u0440\u0430\u0431\u043e\u0442\u0430\u0442\u044c, \u0430 \u0434\u0435\u0439\u0441\u0442\u0432\u0438\u0442\u0435\u043b\u044c\u043d\u043e \u0440\u0430\u0437\u0432\u0438\u0432\u0430\u0442\u044c\u0441\u044f \u2014 \u043a\u0430\u043a \u0432 \u043f\u0440\u043e\u0444\u0435\u0441\u0441\u0438\u043e\u043d\u0430\u043b\u044c\u043d\u043e\u043c, \u0442\u0430\u043a \u0438 \u0432 \u043b\u0438\u0447\u043d\u043e\u0441\u0442\u043d\u043e\u043c \u043f\u043b\u0430\u043d\u0435. \u0412 DNP Dental \u0432\u044b \u043d\u0435 \u043d\u0430\u0439\u0434\u0451\u0442\u0435 \u0431\u0435\u0437\u043b\u0438\u043a\u043e\u0439 \u043a\u043e\u043d\u0432\u0435\u0439\u0435\u0440\u043d\u043e\u0439 \u043e\u0431\u0441\u0442\u0430\u043d\u043e\u0432\u043a\u0438 \u2014 \u0437\u0434\u0435\u0441\u044c \u0446\u0430\u0440\u0438\u0442 \u043f\u043e\u0434\u0434\u0435\u0440\u0436\u0438\u0432\u0430\u044e\u0449\u0430\u044f \u0438 \u0447\u0435\u043b\u043e\u0432\u0435\u0447\u043d\u0430\u044f \u0430\u0442\u043c\u043e\u0441\u0444\u0435\u0440\u0430, \u0433\u0434\u0435 \u0442\u0440\u0443\u0434 \u043a\u0430\u0436\u0434\u043e\u0433\u043e \u0447\u043b\u0435\u043d\u0430 \u043a\u043e\u043c\u0430\u043d\u0434\u044b \u043f\u043e-\u043d\u0430\u0441\u0442\u043e\u044f\u0449\u0435\u043c\u0443 \u0446\u0435\u043d\u0438\u0442\u0441\u044f.<\/p>\t\t\t\t\t\t\t\t<\/div>\n\t\t<div class=\"elementor-element elementor-element-b92338b e-con-full e-flex e-con e-child\" data-id=\"b92338b\" data-element_type=\"container\">\n\t\t<div class=\"elementor-element elementor-element-c887285 e-con-full e-flex e-con e-child\" data-id=\"c887285\" data-element_type=\"container\">\n\t\t\t\t<div class=\"elementor-element elementor-element-77bc1a7 elementor-widget elementor-widget-image\" data-id=\"77bc1a7\" data-element_type=\"widget\" data-widget_type=\"image.default\">\n\t\t\t\t\t\t\t\t\t\t\t\t\t\t\t<img fetchpriority=\"high\" decoding=\"async\" width=\"900\" height=\"506\" src=\"https:\/\/dnpdental.hu\/wp-content\/uploads\/2025\/11\/career.webp\" class=\"attachment-large size-large wp-image-907\" alt=\"\" srcset=\"https:\/\/dnpdental.hu\/wp-content\/uploads\/2025\/11\/career.webp 900w, https:\/\/dnpdental.hu\/wp-content\/uploads\/2025\/11\/career-300x169.webp 300w, https:\/\/dnpdental.hu\/wp-content\/uploads\/2025\/11\/career-768x432.webp 768w, https:\/\/dnpdental.hu\/wp-content\/uploads\/2025\/11\/career-18x10.webp 18w\" sizes=\"(max-width: 900px) 100vw, 900px\" \/>\t\t\t\t\t\t\t\t\t\t\t\t\t\t\t<\/div>\n\t\t\t\t<\/div>\n\t\t<div class=\"elementor-element elementor-element-54fcccd e-con-full e-flex e-con e-child\" data-id=\"54fcccd\" data-element_type=\"container\">\n\t\t\t\t<div class=\"elementor-element elementor-element-e7a89b1 elementor-widget elementor-widget-text-editor\" data-id=\"e7a89b1\" data-element_type=\"widget\" data-widget_type=\"text-editor.default\">\n\t\t\t\t\t\t\t\t\t<p class=\"my-2 translation-block\">\u041d\u0430\u0448\u0430 \u043a\u043e\u043c\u0430\u043d\u0434\u0430 \u043d\u0435\u0431\u043e\u043b\u044c\u0448\u0430\u044f, \u0441\u043f\u043b\u043e\u0447\u0451\u043d\u043d\u0430\u044f \u0438 \u043f\u0440\u0435\u0434\u0430\u043d\u043d\u0430\u044f \u0441\u0432\u043e\u0435\u043c\u0443 \u0434\u0435\u043b\u0443. \u041c\u044b \u0443\u0432\u0435\u0440\u0435\u043d\u044b, \u0447\u0442\u043e \u0434\u043e\u0432\u0435\u0440\u0438\u0435, \u043e\u0442\u043a\u0440\u044b\u0442\u043e\u0441\u0442\u044c \u0438 \u0434\u043e\u0431\u0440\u043e\u0436\u0435\u043b\u0430\u0442\u0435\u043b\u044c\u043d\u0430\u044f \u043e\u0431\u0441\u0442\u0430\u043d\u043e\u0432\u043a\u0430 \u0442\u0430\u043a \u0436\u0435 \u0432\u0430\u0436\u043d\u044b, \u043a\u0430\u043a \u0438 \u043f\u0440\u043e\u0444\u0435\u0441\u0441\u0438\u043e\u043d\u0430\u043b\u044c\u043d\u044b\u0435 \u0437\u043d\u0430\u043d\u0438\u044f. \u0420\u0430\u0437\u0432\u0438\u0442\u0438\u0435 \u0437\u0434\u0435\u0441\u044c \u2014 \u043d\u0435 \u0440\u0435\u0434\u043a\u043e\u0441\u0442\u044c, \u0430 \u0447\u0430\u0441\u0442\u044c \u043f\u043e\u0432\u0441\u0435\u0434\u043d\u0435\u0432\u043d\u043e\u0439 \u0436\u0438\u0437\u043d\u0438. \u0421\u043e\u0432\u0440\u0435\u043c\u0435\u043d\u043d\u043e\u0435 \u043e\u0431\u043e\u0440\u0443\u0434\u043e\u0432\u0430\u043d\u0438\u0435 \u0438 \u0432\u043d\u0438\u043c\u0430\u0442\u0435\u043b\u044c\u043d\u044b\u0435 \u0430\u0441\u0441\u0438\u0441\u0442\u0435\u043d\u0442\u044b \u043e\u0431\u0435\u0441\u043f\u0435\u0447\u0438\u0432\u0430\u044e\u0442 \u0441\u043f\u043e\u043a\u043e\u0439\u043d\u0443\u044e \u0438 \u043a\u0430\u0447\u0435\u0441\u0442\u0432\u0435\u043d\u043d\u0443\u044e \u0440\u0430\u0431\u043e\u0447\u0443\u044e \u0441\u0440\u0435\u0434\u0443, \u0430 \u0443\u0447\u0430\u0441\u0442\u0438\u0435 \u0432 \u043a\u0443\u0440\u0441\u0430\u0445 \u043f\u043e\u0432\u044b\u0448\u0435\u043d\u0438\u044f \u043a\u0432\u0430\u043b\u0438\u0444\u0438\u043a\u0430\u0446\u0438\u0438 \u043c\u044b \u043f\u043e\u043b\u043d\u043e\u0441\u0442\u044c\u044e \u0444\u0438\u043d\u0430\u043d\u0441\u0438\u0440\u0443\u0435\u043c \u0438 \u043f\u043e\u043e\u0449\u0440\u044f\u0435\u043c.<\/p><p class=\"my-2 translation-block\">\u0421\u0440\u0435\u0434\u0438 \u043d\u0430\u0448\u0438\u0445 \u043f\u0430\u0446\u0438\u0435\u043d\u0442\u043e\u0432 \u2014 \u043a\u0430\u043a \u043c\u0435\u0441\u0442\u043d\u044b\u0435 \u0436\u0438\u0442\u0435\u043b\u0438, \u0442\u0430\u043a \u0438 \u0438\u043d\u043e\u0441\u0442\u0440\u0430\u043d\u0446\u044b, \u043f\u043e\u044d\u0442\u043e\u043c\u0443 \u043f\u043e\u0432\u0441\u0435\u0434\u043d\u0435\u0432\u043d\u0430\u044f \u0440\u0430\u0431\u043e\u0442\u0430 \u0440\u0430\u0437\u043d\u043e\u043e\u0431\u0440\u0430\u0437\u043d\u0430, \u043d\u0430\u0441\u044b\u0449\u0435\u043d\u043d\u0430 \u0438 \u0432\u0434\u043e\u0445\u043d\u043e\u0432\u043b\u044f\u044e\u0449\u0430. \u0412 \u0441\u0440\u0435\u0434\u043d\u0435\u043c \u043d\u0430\u0448\u0438 \u0432\u0440\u0430\u0447\u0438 \u0437\u0430\u0440\u0430\u0431\u0430\u0442\u044b\u0432\u0430\u044e\u0442 2 \u043c\u0438\u043b\u043b\u0438\u043e\u043d\u0430 \u0444\u043e\u0440\u0438\u043d\u0442\u043e\u0432 \u0432 \u043c\u0435\u0441\u044f\u0446, \u043f\u0440\u0438 \u044d\u0442\u043e\u043c \u043e\u043d\u0438 \u043f\u043e\u043b\u043d\u043e\u0441\u0442\u044c\u044e \u043e\u0441\u0432\u043e\u0431\u043e\u0436\u0434\u0435\u043d\u044b \u043e\u0442 \u0430\u0434\u043c\u0438\u043d\u0438\u0441\u0442\u0440\u0430\u0442\u0438\u0432\u043d\u043e\u0439 \u043d\u0430\u0433\u0440\u0443\u0437\u043a\u0438 \u2014 \u0432\u0441\u0451 \u0441\u043e\u0437\u0434\u0430\u043d\u043e \u0434\u043b\u044f \u0442\u043e\u0433\u043e, \u0447\u0442\u043e\u0431\u044b \u043e\u043d\u0438 \u043c\u043e\u0433\u043b\u0438 \u0441\u043e\u0441\u0440\u0435\u0434\u043e\u0442\u043e\u0447\u0438\u0442\u044c\u0441\u044f \u0438\u0441\u043a\u043b\u044e\u0447\u0438\u0442\u0435\u043b\u044c\u043d\u043e \u043d\u0430 \u043b\u0435\u0447\u0435\u043d\u0438\u0438.<\/p>\t\t\t\t\t\t\t\t<\/div>\n\t\t\t\t<\/div>\n\t\t\t\t<\/div>\n\t\t\t\t<div class=\"elementor-element elementor-element-5941d9c elementor-widget elementor-widget-text-editor\" data-id=\"5941d9c\" data-element_type=\"widget\" data-widget_type=\"text-editor.default\">\n\t\t\t\t\t\t\t\t\t<div class=\"row my-2\"><div class=\"col-md-12\"><p>\u0415\u0441\u043b\u0438 \u0432\u044b \u0438\u0449\u0435\u0442\u0435 \u043c\u0435\u0441\u0442\u043e, \u0433\u0434\u0435 \u043f\u0440\u043e\u0444\u0435\u0441\u0441\u0438\u043e\u043d\u0430\u043b\u0438\u0437\u043c \u0438 \u0447\u0435\u043b\u043e\u0432\u0435\u0447\u0435\u0441\u043a\u0438\u0435 \u0446\u0435\u043d\u043d\u043e\u0441\u0442\u0438 \u043d\u0435 \u043f\u0440\u043e\u0442\u0438\u0432\u043e\u043f\u043e\u0441\u0442\u0430\u0432\u043b\u0435\u043d\u044b \u0434\u0440\u0443\u0433 \u0434\u0440\u0443\u0433\u0443, \u0430 \u0434\u043e\u043f\u043e\u043b\u043d\u044f\u044e\u0442 \u0438 \u0443\u0441\u0438\u043b\u0438\u0432\u0430\u044e\u0442, \u2014 \u043c\u044b \u0431\u0443\u0434\u0435\u043c \u0440\u0430\u0434\u044b \u043f\u043e\u0437\u043d\u0430\u043a\u043e\u043c\u0438\u0442\u044c\u0441\u044f \u0441 \u0432\u0430\u043c\u0438. \u0412\u043e\u0437\u043c\u043e\u0436\u043d\u043e, \u0438\u043c\u0435\u043d\u043d\u043e \u0432\u0430\u0441 \u043c\u044b \u0442\u0430\u043a \u0434\u043e\u043b\u0433\u043e \u0436\u0434\u0430\u043b\u0438.<\/p><\/div><\/div><div class=\"row my-2\"><div class=\"col-md-12\"><p class=\"translation-block\">\u041e\u0442\u043f\u0440\u0430\u0432\u044c\u0442\u0435 \u0441\u0432\u043e\u0451 \u0440\u0435\u0437\u044e\u043c\u0435 \u0441 \u0444\u043e\u0442\u043e\u0433\u0440\u0430\u0444\u0438\u0435\u0439 \u043d\u0430 \u0430\u0434\u0440\u0435\u0441 info@dnpdental.hu. \u0415\u0441\u043b\u0438 \u0443 \u0432\u0430\u0441 \u0435\u0441\u0442\u044c \u0432\u043e\u043f\u0440\u043e\u0441\u044b, \u043d\u0435 \u0441\u0442\u0435\u0441\u043d\u044f\u0439\u0442\u0435\u0441\u044c \u0437\u0432\u043e\u043d\u0438\u0442\u044c \u043f\u043e \u0442\u0435\u043b\u0435\u0444\u043e\u043d\u0443: +36 70 215 3925.<\/p><\/div><\/div><div class=\"row my-2\"><div class=\"col-md-12\"><p>\u0425\u043e\u0442\u0438\u0442\u0435 \u043f\u043e\u0431\u043b\u0438\u0436\u0435 \u0443\u0437\u043d\u0430\u0442\u044c \u043d\u0430\u0441? \u041c\u044b \u0441 \u0440\u0430\u0434\u043e\u0441\u0442\u044c\u044e \u043f\u0440\u0438\u0433\u043b\u0430\u0441\u0438\u043c \u0432\u0430\u0441 \u043d\u0430 \u043b\u0438\u0447\u043d\u0443\u044e \u0432\u0441\u0442\u0440\u0435\u0447\u0443 \u2014 \u0447\u0430\u0448\u0435\u0447\u043a\u0430 \u043a\u043e\u0444\u0435 \u0432\u0441\u0435\u0433\u0434\u0430 \u0437\u0430 \u043d\u0430\u0448 \u0441\u0447\u0451\u0442.<\/p><\/div><\/div>\t\t\t\t\t\t\t\t<\/div>\n\t\t\t\t\t<\/div>\n\t\t\t\t<\/div>\n\t\t\t\t<\/div>","protected":false},"excerpt":{"rendered":"<p>Karrier a DNP Dentaln\u00e1l A DNP Dental egy \u00faj gener\u00e1ci\u00f3s, m\u00e9gis csal\u00e1dias fog\u00e1szat Budapest XI. ker\u00fclet\u00e9ben, ahol nem csup\u00e1n dolgoznak az orvosok, hanem \u00f6rmmel \u00e9rkeznek a rendel\u0151be. Rendel\u0151nk alig egy \u00e9ve nyitotta meg kapuit, \u00e9s m\u00e1ris jelent\u0151s hazai \u00e9s nemzetk\u00f6zi p\u00e1ciens\u00e1llom\u00e1nnyal b\u00fcszk\u00e9lkedhet\u00fcnk. C\u00e9lunk, hogy hossz\u00fa t\u00e1von stabil, kisz\u00e1m\u00edthat\u00f3 szakmai otthont ny\u00fajtsunk olyan fogorvosok sz\u00e1m\u00e1ra, akik &#8230; <a title=\"\u041a\u0430\u0440\u044c\u0435\u0440\u0430\" class=\"read-more\" href=\"https:\/\/dnpdental.hu\/ru\/karrier\/\" aria-label=\"\u041f\u0440\u043e\u0447\u0438\u0442\u0430\u0442\u044c \u0431\u043e\u043b\u044c\u0448\u0435 \u043e Karrier\">\u0427\u0438\u0442\u0430\u0442\u044c \u0434\u0430\u043b\u0435\u0435<\/a><\/p>","protected":false},"author":1,"featured_media":0,"parent":0,"menu_order":0,"comment_status":"closed","ping_status":"closed","template":"elementor_header_footer","meta":{"footnotes":""},"class_list":["post-116","page","type-page","status-publish"],"yoast_head":"<!-- This site is optimized with the Yoast SEO Premium plugin v26.2 (Yoast SEO v26.5) - https:\/\/yoast.com\/wordpress\/plugins\/seo\/ -->\n<title>Karrier - DNP Dental<\/title>\n<meta name=\"robots\" content=\"index, follow, max-snippet:-1, max-image-preview:large, max-video-preview:-1\" \/>\n<link rel=\"canonical\" href=\"https:\/\/dnpdental.hu\/ru\/karrier\/\" \/>\n<meta property=\"og:locale\" content=\"ru_RU\" \/>\n<meta property=\"og:type\" content=\"article\" \/>\n<meta property=\"og:title\" content=\"Karrier\" \/>\n<meta property=\"og:description\" content=\"Karrier a DNP Dentaln\u00e1l A DNP Dental egy \u00faj gener\u00e1ci\u00f3s, m\u00e9gis csal\u00e1dias fog\u00e1szat Budapest XI. ker\u00fclet\u00e9ben, ahol nem csup\u00e1n dolgoznak az orvosok, hanem \u00f6rmmel \u00e9rkeznek a rendel\u0151be. Rendel\u0151nk alig egy \u00e9ve nyitotta meg kapuit, \u00e9s m\u00e1ris jelent\u0151s hazai \u00e9s nemzetk\u00f6zi p\u00e1ciens\u00e1llom\u00e1nnyal b\u00fcszk\u00e9lkedhet\u00fcnk. C\u00e9lunk, hogy hossz\u00fa t\u00e1von stabil, kisz\u00e1m\u00edthat\u00f3 szakmai otthont ny\u00fajtsunk olyan fogorvosok sz\u00e1m\u00e1ra, akik ... \u0427\u0438\u0442\u0430\u0442\u044c \u0434\u0430\u043b\u0435\u0435\" \/>\n<meta property=\"og:url\" content=\"https:\/\/dnpdental.hu\/ru\/karrier\/\" \/>\n<meta property=\"og:site_name\" content=\"DNP Dental\" \/>\n<meta property=\"article:modified_time\" content=\"2025-11-10T11:46:38+00:00\" \/>\n<meta property=\"og:image\" content=\"https:\/\/newsite.dnpdental.hu\/wp-content\/uploads\/2025\/11\/career.webp\" \/>\n<meta name=\"twitter:card\" content=\"summary_large_image\" \/>\n<meta name=\"twitter:label1\" content=\"\u041f\u0440\u0438\u043c\u0435\u0440\u043d\u043e\u0435 \u0432\u0440\u0435\u043c\u044f \u0434\u043b\u044f \u0447\u0442\u0435\u043d\u0438\u044f\" \/>\n\t<meta name=\"twitter:data1\" content=\"2 \u043c\u0438\u043d\u0443\u0442\u044b\" \/>\n<script type=\"application\/ld+json\" class=\"yoast-schema-graph\">{\"@context\":\"https:\/\/schema.org\",\"@graph\":[{\"@type\":\"WebPage\",\"@id\":\"https:\/\/dnpdental.hu\/karrier\/\",\"url\":\"https:\/\/dnpdental.hu\/karrier\/\",\"name\":\"Karrier - DNP Dental\",\"isPartOf\":{\"@id\":\"https:\/\/dnpdental.hu\/#website\"},\"primaryImageOfPage\":{\"@id\":\"https:\/\/dnpdental.hu\/karrier\/#primaryimage\"},\"image\":{\"@id\":\"https:\/\/dnpdental.hu\/karrier\/#primaryimage\"},\"thumbnailUrl\":\"https:\/\/newsite.dnpdental.hu\/wp-content\/uploads\/2025\/11\/career.webp\",\"datePublished\":\"2025-10-29T14:28:03+00:00\",\"dateModified\":\"2025-11-10T11:46:38+00:00\",\"breadcrumb\":{\"@id\":\"https:\/\/dnpdental.hu\/karrier\/#breadcrumb\"},\"inLanguage\":\"ru-RU\",\"potentialAction\":[{\"@type\":\"ReadAction\",\"target\":[\"https:\/\/dnpdental.hu\/karrier\/\"]}]},{\"@type\":\"ImageObject\",\"inLanguage\":\"ru-RU\",\"@id\":\"https:\/\/dnpdental.hu\/karrier\/#primaryimage\",\"url\":\"https:\/\/newsite.dnpdental.hu\/wp-content\/uploads\/2025\/11\/career.webp\",\"contentUrl\":\"https:\/\/newsite.dnpdental.hu\/wp-content\/uploads\/2025\/11\/career.webp\"},{\"@type\":\"BreadcrumbList\",\"@id\":\"https:\/\/dnpdental.hu\/karrier\/#breadcrumb\",\"itemListElement\":[{\"@type\":\"ListItem\",\"position\":1,\"name\":\"Kezd\u0151lap\",\"item\":\"https:\/\/dnpdental.hu\/\"},{\"@type\":\"ListItem\",\"position\":2,\"name\":\"Karrier\"}]},{\"@type\":\"WebSite\",\"@id\":\"https:\/\/dnpdental.hu\/#website\",\"url\":\"https:\/\/dnpdental.hu\/\",\"name\":\"DNP Dental\",\"description\":\"\",\"publisher\":{\"@id\":\"https:\/\/dnpdental.hu\/#organization\"},\"potentialAction\":[{\"@type\":\"SearchAction\",\"target\":{\"@type\":\"EntryPoint\",\"urlTemplate\":\"https:\/\/dnpdental.hu\/?s={search_term_string}\"},\"query-input\":{\"@type\":\"PropertyValueSpecification\",\"valueRequired\":true,\"valueName\":\"search_term_string\"}}],\"inLanguage\":\"ru-RU\"},{\"@type\":\"Organization\",\"@id\":\"https:\/\/dnpdental.hu\/#organization\",\"name\":\"DNP Dental\",\"url\":\"https:\/\/dnpdental.hu\/\",\"logo\":{\"@type\":\"ImageObject\",\"inLanguage\":\"ru-RU\",\"@id\":\"https:\/\/dnpdental.hu\/#\/schema\/logo\/image\/\",\"url\":\"https:\/\/dnpdental.hu\/wp-content\/uploads\/2025\/11\/DNP-10_mini.webp\",\"contentUrl\":\"https:\/\/dnpdental.hu\/wp-content\/uploads\/2025\/11\/DNP-10_mini.webp\",\"width\":420,\"height\":202,\"caption\":\"DNP Dental\"},\"image\":{\"@id\":\"https:\/\/dnpdental.hu\/#\/schema\/logo\/image\/\"}}]}<\/script>\n<!-- \/ Yoast SEO Premium plugin. -->","yoast_head_json":{"title":"Karrier - DNP Dental","robots":{"index":"index","follow":"follow","max-snippet":"max-snippet:-1","max-image-preview":"max-image-preview:large","max-video-preview":"max-video-preview:-1"},"canonical":"https:\/\/dnpdental.hu\/ru\/karrier\/","og_locale":"ru_RU","og_type":"article","og_title":"Karrier","og_description":"Karrier a DNP Dentaln\u00e1l A DNP Dental egy \u00faj gener\u00e1ci\u00f3s, m\u00e9gis csal\u00e1dias fog\u00e1szat Budapest XI. ker\u00fclet\u00e9ben, ahol nem csup\u00e1n dolgoznak az orvosok, hanem \u00f6rmmel \u00e9rkeznek a rendel\u0151be. Rendel\u0151nk alig egy \u00e9ve nyitotta meg kapuit, \u00e9s m\u00e1ris jelent\u0151s hazai \u00e9s nemzetk\u00f6zi p\u00e1ciens\u00e1llom\u00e1nnyal b\u00fcszk\u00e9lkedhet\u00fcnk. C\u00e9lunk, hogy hossz\u00fa t\u00e1von stabil, kisz\u00e1m\u00edthat\u00f3 szakmai otthont ny\u00fajtsunk olyan fogorvosok sz\u00e1m\u00e1ra, akik ... \u0427\u0438\u0442\u0430\u0442\u044c \u0434\u0430\u043b\u0435\u0435","og_url":"https:\/\/dnpdental.hu\/ru\/karrier\/","og_site_name":"DNP Dental","article_modified_time":"2025-11-10T11:46:38+00:00","og_image":[{"url":"https:\/\/newsite.dnpdental.hu\/wp-content\/uploads\/2025\/11\/career.webp","type":"","width":"","height":""}],"twitter_card":"summary_large_image","twitter_misc":{"\u041f\u0440\u0438\u043c\u0435\u0440\u043d\u043e\u0435 \u0432\u0440\u0435\u043c\u044f \u0434\u043b\u044f \u0447\u0442\u0435\u043d\u0438\u044f":"2 \u043c\u0438\u043d\u0443\u0442\u044b"},"schema":{"@context":"https:\/\/schema.org","@graph":[{"@type":"WebPage","@id":"https:\/\/dnpdental.hu\/karrier\/","url":"https:\/\/dnpdental.hu\/karrier\/","name":"Karrier - DNP Dental","isPartOf":{"@id":"https:\/\/dnpdental.hu\/#website"},"primaryImageOfPage":{"@id":"https:\/\/dnpdental.hu\/karrier\/#primaryimage"},"image":{"@id":"https:\/\/dnpdental.hu\/karrier\/#primaryimage"},"thumbnailUrl":"https:\/\/newsite.dnpdental.hu\/wp-content\/uploads\/2025\/11\/career.webp","datePublished":"2025-10-29T14:28:03+00:00","dateModified":"2025-11-10T11:46:38+00:00","breadcrumb":{"@id":"https:\/\/dnpdental.hu\/karrier\/#breadcrumb"},"inLanguage":"ru-RU","potentialAction":[{"@type":"ReadAction","target":["https:\/\/dnpdental.hu\/karrier\/"]}]},{"@type":"ImageObject","inLanguage":"ru-RU","@id":"https:\/\/dnpdental.hu\/karrier\/#primaryimage","url":"https:\/\/newsite.dnpdental.hu\/wp-content\/uploads\/2025\/11\/career.webp","contentUrl":"https:\/\/newsite.dnpdental.hu\/wp-content\/uploads\/2025\/11\/career.webp"},{"@type":"BreadcrumbList","@id":"https:\/\/dnpdental.hu\/karrier\/#breadcrumb","itemListElement":[{"@type":"ListItem","position":1,"name":"Kezd\u0151lap","item":"https:\/\/dnpdental.hu\/"},{"@type":"ListItem","position":2,"name":"Karrier"}]},{"@type":"WebSite","@id":"https:\/\/dnpdental.hu\/#website","url":"https:\/\/dnpdental.hu\/","name":"DNP Dental","description":"","publisher":{"@id":"https:\/\/dnpdental.hu\/#organization"},"potentialAction":[{"@type":"SearchAction","target":{"@type":"EntryPoint","urlTemplate":"https:\/\/dnpdental.hu\/?s={search_term_string}"},"query-input":{"@type":"PropertyValueSpecification","valueRequired":true,"valueName":"search_term_string"}}],"inLanguage":"ru-RU"},{"@type":"Organization","@id":"https:\/\/dnpdental.hu\/#organization","name":"DNP Dental","url":"https:\/\/dnpdental.hu\/","logo":{"@type":"ImageObject","inLanguage":"ru-RU","@id":"https:\/\/dnpdental.hu\/#\/schema\/logo\/image\/","url":"https:\/\/dnpdental.hu\/wp-content\/uploads\/2025\/11\/DNP-10_mini.webp","contentUrl":"https:\/\/dnpdental.hu\/wp-content\/uploads\/2025\/11\/DNP-10_mini.webp","width":420,"height":202,"caption":"DNP Dental"},"image":{"@id":"https:\/\/dnpdental.hu\/#\/schema\/logo\/image\/"}}]}},"_links":{"self":[{"href":"https:\/\/dnpdental.hu\/ru\/wp-json\/wp\/v2\/pages\/116","targetHints":{"allow":["GET"]}}],"collection":[{"href":"https:\/\/dnpdental.hu\/ru\/wp-json\/wp\/v2\/pages"}],"about":[{"href":"https:\/\/dnpdental.hu\/ru\/wp-json\/wp\/v2\/types\/page"}],"author":[{"embeddable":true,"href":"https:\/\/dnpdental.hu\/ru\/wp-json\/wp\/v2\/users\/1"}],"replies":[{"embeddable":true,"href":"https:\/\/dnpdental.hu\/ru\/wp-json\/wp\/v2\/comments?post=116"}],"version-history":[{"count":16,"href":"https:\/\/dnpdental.hu\/ru\/wp-json\/wp\/v2\/pages\/116\/revisions"}],"predecessor-version":[{"id":1720,"href":"https:\/\/dnpdental.hu\/ru\/wp-json\/wp\/v2\/pages\/116\/revisions\/1720"}],"wp:attachment":[{"href":"https:\/\/dnpdental.hu\/ru\/wp-json\/wp\/v2\/media?parent=116"}],"curies":[{"name":"wp","href":"https:\/\/api.w.org\/{rel}","templated":true}]}}