{"id":2777,"date":"2026-01-28T14:35:13","date_gmt":"2026-01-28T13:35:13","guid":{"rendered":"https:\/\/dnpdental.hu\/?page_id=2777"},"modified":"2026-01-28T17:46:15","modified_gmt":"2026-01-28T16:46:15","slug":"barushkov-herman","status":"publish","type":"page","link":"https:\/\/dnpdental.hu\/ru\/barushkov-herman\/","title":{"rendered":"Barushkov Herman"},"content":{"rendered":"<div data-elementor-type=\"wp-page\" data-elementor-id=\"2777\" class=\"elementor elementor-2777\" data-elementor-post-type=\"page\">\n\t\t\t\t<div class=\"elementor-element elementor-element-b1afec7 e-flex e-con-boxed e-con e-parent\" data-id=\"b1afec7\" data-element_type=\"container\">\n\t\t\t\t\t<div class=\"e-con-inner\">\n\t\t<div class=\"elementor-element elementor-element-84698b9 e-con-full e-flex e-con e-child\" data-id=\"84698b9\" data-element_type=\"container\" data-settings=\"{&quot;background_background&quot;:&quot;classic&quot;}\">\n\t\t\t\t<div class=\"elementor-element elementor-element-015a506 elementor-widget elementor-widget-image\" data-id=\"015a506\" data-element_type=\"widget\" data-widget_type=\"image.default\">\n\t\t\t\t\t\t\t\t\t\t\t\t\t\t\t<img fetchpriority=\"high\" decoding=\"async\" width=\"775\" height=\"1024\" src=\"https:\/\/dnpdental.hu\/wp-content\/uploads\/2026\/01\/DSC00615-775x1024.jpg\" class=\"attachment-large size-large wp-image-2762\" alt=\"\" srcset=\"https:\/\/dnpdental.hu\/wp-content\/uploads\/2026\/01\/DSC00615-775x1024.jpg 775w, https:\/\/dnpdental.hu\/wp-content\/uploads\/2026\/01\/DSC00615-227x300.jpg 227w, https:\/\/dnpdental.hu\/wp-content\/uploads\/2026\/01\/DSC00615-768x1015.jpg 768w, https:\/\/dnpdental.hu\/wp-content\/uploads\/2026\/01\/DSC00615-1162x1536.jpg 1162w, https:\/\/dnpdental.hu\/wp-content\/uploads\/2026\/01\/DSC00615-1550x2048.jpg 1550w, https:\/\/dnpdental.hu\/wp-content\/uploads\/2026\/01\/DSC00615-9x12.jpg 9w, https:\/\/dnpdental.hu\/wp-content\/uploads\/2026\/01\/DSC00615-scaled.jpg 1937w\" sizes=\"(max-width: 775px) 100vw, 775px\" \/>\t\t\t\t\t\t\t\t\t\t\t\t\t\t\t<\/div>\n\t\t<div class=\"elementor-element elementor-element-8aedbe1 e-con-full e-flex e-con e-child\" data-id=\"8aedbe1\" data-element_type=\"container\">\n\t\t\t\t<div class=\"elementor-element elementor-element-4cbb758 elementor-widget elementor-widget-heading\" data-id=\"4cbb758\" data-element_type=\"widget\" data-widget_type=\"heading.default\">\n\t\t\t\t\t<h2 class=\"elementor-heading-title elementor-size-default\">\u041a\u043e\u043d\u0442\u0430\u043a\u0442\u043d\u0430\u044f \u0438\u043d\u0444\u043e\u0440\u043c\u0430\u0446\u0438\u044f<\/h2>\t\t\t\t<\/div>\n\t\t\t\t<div class=\"elementor-element elementor-element-4df3951 elementor-icon-list--layout-traditional elementor-list-item-link-full_width elementor-widget elementor-widget-icon-list\" data-id=\"4df3951\" data-element_type=\"widget\" data-widget_type=\"icon-list.default\">\n\t\t\t\t\t\t\t<ul class=\"elementor-icon-list-items\">\n\t\t\t\t\t\t\t<li class=\"elementor-icon-list-item\">\n\t\t\t\t\t\t\t\t\t\t\t<span class=\"elementor-icon-list-icon\">\n\t\t\t\t\t\t\t<svg aria-hidden=\"true\" class=\"e-font-icon-svg e-fas-phone-alt\" viewbox=\"0 0 512 512\" xmlns=\"http:\/\/www.w3.org\/2000\/svg\"><path d=\"M497.39 361.8l-112-48a24 24 0 0 0-28 6.9l-49.6 60.6A370.66 370.66 0 0 1 130.6 204.11l60.6-49.6a23.94 23.94 0 0 0 6.9-28l-48-112A24.16 24.16 0 0 0 122.6.61l-104 24A24 24 0 0 0 0 48c0 256.5 207.9 464 464 464a24 24 0 0 0 23.4-18.6l24-104a24.29 24.29 0 0 0-14.01-27.6z\"><\/path><\/svg>\t\t\t\t\t\t<\/span>\n\t\t\t\t\t\t\t\t\t\t<span class=\"elementor-icon-list-text\">+36 70 613 6646<\/span>\n\t\t\t\t\t\t\t\t\t<\/li>\n\t\t\t\t\t\t\t\t<li class=\"elementor-icon-list-item\">\n\t\t\t\t\t\t\t\t\t\t\t<span class=\"elementor-icon-list-icon\">\n\t\t\t\t\t\t\t<svg aria-hidden=\"true\" class=\"e-font-icon-svg e-fas-envelope\" viewbox=\"0 0 512 512\" xmlns=\"http:\/\/www.w3.org\/2000\/svg\"><path d=\"M502.3 190.8c3.9-3.1 9.7-.2 9.7 4.7V400c0 26.5-21.5 48-48 48H48c-26.5 0-48-21.5-48-48V195.6c0-5 5.7-7.8 9.7-4.7 22.4 17.4 52.1 39.5 154.1 113.6 21.1 15.4 56.7 47.8 92.2 47.6 35.7.3 72-32.8 92.3-47.6 102-74.1 131.6-96.3 154-113.7zM256 320c23.2.4 56.6-29.2 73.4-41.4 132.7-96.3 142.8-104.7 173.4-128.7 5.8-4.5 9.2-11.5 9.2-18.9v-19c0-26.5-21.5-48-48-48H48C21.5 64 0 85.5 0 112v19c0 7.4 3.4 14.3 9.2 18.9 30.6 23.9 40.7 32.4 173.4 128.7 16.8 12.2 50.2 41.8 73.4 41.4z\"><\/path><\/svg>\t\t\t\t\t\t<\/span>\n\t\t\t\t\t\t\t\t\t\t<span class=\"elementor-icon-list-text\">rendelo@dnpdental.hu<\/span>\n\t\t\t\t\t\t\t\t\t<\/li>\n\t\t\t\t\t\t\t\t<li class=\"elementor-icon-list-item\">\n\t\t\t\t\t\t\t\t\t\t\t<span class=\"elementor-icon-list-icon\">\n\t\t\t\t\t\t\t<svg aria-hidden=\"true\" class=\"e-font-icon-svg e-fas-map-marker-alt\" viewbox=\"0 0 384 512\" xmlns=\"http:\/\/www.w3.org\/2000\/svg\"><path d=\"M172.268 501.67C26.97 291.031 0 269.413 0 192 0 85.961 85.961 0 192 0s192 85.961 192 192c0 77.413-26.97 99.031-172.268 309.67-9.535 13.774-29.93 13.773-39.464 0zM192 272c44.183 0 80-35.817 80-80s-35.817-80-80-80-80 35.817-80 80 35.817 80 80 80z\"><\/path><\/svg>\t\t\t\t\t\t<\/span>\n\t\t\t\t\t\t\t\t\t\t<span class=\"elementor-icon-list-text\">1115 Budapest, Bart\u00f3k B\u00e9la \u00fat 90. 1-\u0439 \u044d\u0442\u0430\u0436<\/span>\n\t\t\t\t\t\t\t\t\t<\/li>\n\t\t\t\t\t\t<\/ul>\n\t\t\t\t\t\t<\/div>\n\t\t\t\t<div class=\"elementor-element elementor-element-53467aa elementor-widget elementor-widget-heading\" data-id=\"53467aa\" data-element_type=\"widget\" data-widget_type=\"heading.default\">\n\t\t\t\t\t<h2 class=\"elementor-heading-title elementor-size-default\">\u0420\u0430\u0431\u043e\u0447\u0435\u0435 \u0432\u0440\u0435\u043c\u044f<\/h2>\t\t\t\t<\/div>\n\t\t\t\t<div class=\"elementor-element elementor-element-fef137c elementor-icon-list--layout-traditional elementor-list-item-link-full_width elementor-widget elementor-widget-icon-list\" data-id=\"fef137c\" data-element_type=\"widget\" data-widget_type=\"icon-list.default\">\n\t\t\t\t\t\t\t<ul class=\"elementor-icon-list-items\">\n\t\t\t\t\t\t\t<li class=\"elementor-icon-list-item\">\n\t\t\t\t\t\t\t\t\t\t<span class=\"elementor-icon-list-text\"><div data-id=\"3a1c573\" data-element_type=\"widget\" data-widget_type=\"heading.default\" style=\"align-self: auto;flex: 0 1 auto;align-items: normal;flex-flow: row;gap: 20px;--widgets-spacing: 20px 20px;--widgets-spacing-row: 20px;--widgets-spacing-column: 20px;--kit-widget-spacing: 0px;margin: 0px 0px 16px;max-width: 100%\"><h2 style=\"font-family: Nunito, sans-serif;font-size: 19.2px;font-weight: 500\"><span style=\"font-size: inherit\">\u041f\u043e\u043d\u0435\u0434\u0435\u043b\u044c\u043d\u0438\u043a - \u0421\u0443\u0431\u0431\u043e\u0442\u0430: 8:00 - 20:00<\/span><\/h2><\/div><\/span>\n\t\t\t\t\t\t\t\t\t<\/li>\n\t\t\t\t\t\t\t\t<li class=\"elementor-icon-list-item\">\n\t\t\t\t\t\t\t\t\t\t<span class=\"elementor-icon-list-text\"><\/span>\n\t\t\t\t\t\t\t\t\t<\/li>\n\t\t\t\t\t\t<\/ul>\n\t\t\t\t\t\t<\/div>\n\t\t\t\t<\/div>\n\t\t\t\t<\/div>\n\t\t<div class=\"elementor-element elementor-element-de9150e e-con-full e-flex e-con e-child\" data-id=\"de9150e\" data-element_type=\"container\">\n\t\t\t\t<div class=\"elementor-element elementor-element-b87d093 elementor-widget elementor-widget-heading\" data-id=\"b87d093\" data-element_type=\"widget\" data-widget_type=\"heading.default\">\n\t\t\t\t\t<h1 class=\"elementor-heading-title elementor-size-default\">Barushkov Herman<\/h1>\t\t\t\t<\/div>\n\t\t\t\t<div class=\"elementor-element elementor-element-c288dd4 elementor-widget elementor-widget-heading\" data-id=\"c288dd4\" data-element_type=\"widget\" data-widget_type=\"heading.default\">\n\t\t\t\t\t<p class=\"elementor-heading-title elementor-size-default\"><span>\u0410\u0434\u043c\u0438\u043d\u0438\u0441\u0442\u0440\u0430\u0442\u043e\u0440<\/span><\/p>\t\t\t\t<\/div>\n\t\t\t\t<div class=\"elementor-element elementor-element-8876f7e elementor-widget elementor-widget-heading\" data-id=\"8876f7e\" data-element_type=\"widget\" data-widget_type=\"heading.default\">\n\t\t\t\t\t<h2 class=\"elementor-heading-title elementor-size-default\">\u0411\u0438\u043e\u0433\u0440\u0430\u0444\u0438\u044f<\/h2>\t\t\t\t<\/div>\n\t\t\t\t<div class=\"elementor-element elementor-element-5efd042 elementor-widget elementor-widget-text-editor\" data-id=\"5efd042\" data-element_type=\"widget\" data-widget_type=\"text-editor.default\">\n\t\t\t\t\t\t\t\t\t<p>Gyermekkorom \u00f3ta gyakran j\u00e1rtam fogorvosi rendel\u0151kben \u00e9s klinik\u00e1kon, csal\u00e1domban pedig t\u00f6bb orvos is volt, akikkel sok id\u0151t t\u00f6lt\u00f6ttem. Ezek az \u00e9lm\u00e9nyek kor\u00e1n megtan\u00edtott\u00e1k sz\u00e1momra, mennyire fontos a figyelem, a t\u00fcrelem \u00e9s a bizalom a p\u00e1ciensekkel val\u00f3 kommunik\u00e1ci\u00f3ban. Jelenleg nemzetk\u00f6zi kapcsolatok szakon tanulok, ami seg\u00edt jobban meg\u00e9rteni a k\u00fcl\u00f6nb\u00f6z\u0151 kultur\u00e1lis h\u00e1tt\u00e9rrel \u00e9rkez\u0151 embereket. Recepci\u00f3sk\u00e9nt \u00e9s kapcsolattart\u00f3k\u00e9nt fontosnak tartom, hogy minden p\u00e1ciens m\u00e1r az els\u0151 tal\u00e1lkoz\u00e1skor nyugodtnak \u00e9s biztons\u00e1gban \u00e9rezze mag\u00e1t. T\u00f6bb nyelven besz\u00e9lek, \u00edgy k\u00f6nnyen kommunik\u00e1lok nemzetk\u00f6zi p\u00e1cienseinkkel, \u00e9s igyekszem sz\u00e1mukra a rendel\u0151 m\u0171k\u00f6d\u00e9s\u00e9t \u00e1tl\u00e1that\u00f3v\u00e1 \u00e9s \u00e9rthet\u0151v\u00e9 tenni. Meggy\u0151z\u0151d\u00e9sem, hogy a bar\u00e1ts\u00e1gos kommunik\u00e1ci\u00f3 \u00e9s a j\u00f3l szervezett h\u00e1tt\u00e9rmunka elengedhetetlen r\u00e9sze a pozit\u00edv beteg\u00e9lm\u00e9nynek.<\/p>\t\t\t\t\t\t\t\t<\/div>\n\t\t\t\t<\/div>\n\t\t\t\t\t<\/div>\n\t\t\t\t<\/div>\n\t\t\t\t<\/div>","protected":false},"excerpt":{"rendered":"<p>Kapcsolati adatok +36 70 613 6646 rendelo@dnpdental.hu 1115 Budapest, Bart\u00f3k B\u00e9la \u00fat 90. 1. emelet Munkaid\u0151 H\u00e9tf\u0151-Szombat: 8:00-20:00 Barushkov Herman Recepci\u00f3s, kapcsolattart\u00f3 \u00c9letrajz Gyermekkorom \u00f3ta gyakran j\u00e1rtam fogorvosi rendel\u0151kben \u00e9s klinik\u00e1kon, csal\u00e1domban pedig t\u00f6bb orvos is volt, akikkel sok id\u0151t t\u00f6lt\u00f6ttem. Ezek az \u00e9lm\u00e9nyek kor\u00e1n megtan\u00edtott\u00e1k sz\u00e1momra, mennyire fontos a figyelem, a t\u00fcrelem \u00e9s a &#8230; <a title=\"Barushkov Herman\" class=\"read-more\" href=\"https:\/\/dnpdental.hu\/ru\/barushkov-herman\/\" aria-label=\"\u041f\u0440\u043e\u0447\u0438\u0442\u0430\u0442\u044c \u0431\u043e\u043b\u044c\u0448\u0435 \u043e Barushkov Herman\">\u0427\u0438\u0442\u0430\u0442\u044c \u0434\u0430\u043b\u0435\u0435<\/a><\/p>","protected":false},"author":3,"featured_media":0,"parent":0,"menu_order":0,"comment_status":"closed","ping_status":"closed","template":"elementor_header_footer","meta":{"footnotes":""},"class_list":["post-2777","page","type-page","status-publish"],"yoast_head":"<!-- This site is optimized with the Yoast SEO Premium plugin v26.2 (Yoast SEO v26.5) - https:\/\/yoast.com\/wordpress\/plugins\/seo\/ -->\n<title>Barushkov Herman - DNP Dental<\/title>\n<meta name=\"robots\" content=\"index, follow, max-snippet:-1, max-image-preview:large, max-video-preview:-1\" \/>\n<link rel=\"canonical\" href=\"https:\/\/dnpdental.hu\/ru\/barushkov-herman\/\" \/>\n<meta property=\"og:locale\" content=\"ru_RU\" \/>\n<meta property=\"og:type\" content=\"article\" \/>\n<meta property=\"og:title\" content=\"Barushkov Herman\" \/>\n<meta property=\"og:description\" content=\"Kapcsolati adatok +36 70 613 6646 rendelo@dnpdental.hu 1115 Budapest, Bart\u00f3k B\u00e9la \u00fat 90. 1. emelet Munkaid\u0151 H\u00e9tf\u0151-Szombat: 8:00-20:00 Barushkov Herman Recepci\u00f3s, kapcsolattart\u00f3 \u00c9letrajz Gyermekkorom \u00f3ta gyakran j\u00e1rtam fogorvosi rendel\u0151kben \u00e9s klinik\u00e1kon, csal\u00e1domban pedig t\u00f6bb orvos is volt, akikkel sok id\u0151t t\u00f6lt\u00f6ttem. Ezek az \u00e9lm\u00e9nyek kor\u00e1n megtan\u00edtott\u00e1k sz\u00e1momra, mennyire fontos a figyelem, a t\u00fcrelem \u00e9s a ... \u0427\u0438\u0442\u0430\u0442\u044c \u0434\u0430\u043b\u0435\u0435\" \/>\n<meta property=\"og:url\" content=\"https:\/\/dnpdental.hu\/ru\/barushkov-herman\/\" \/>\n<meta property=\"og:site_name\" content=\"DNP Dental\" \/>\n<meta property=\"article:modified_time\" content=\"2026-01-28T16:46:15+00:00\" \/>\n<meta property=\"og:image\" content=\"https:\/\/dnpdental.hu\/wp-content\/uploads\/2026\/01\/DSC00615-scaled.jpg\" \/>\n\t<meta property=\"og:image:width\" content=\"1937\" \/>\n\t<meta property=\"og:image:height\" content=\"2560\" \/>\n\t<meta property=\"og:image:type\" content=\"image\/jpeg\" \/>\n<meta name=\"twitter:card\" content=\"summary_large_image\" \/>\n<meta name=\"twitter:label1\" content=\"\u041f\u0440\u0438\u043c\u0435\u0440\u043d\u043e\u0435 \u0432\u0440\u0435\u043c\u044f \u0434\u043b\u044f \u0447\u0442\u0435\u043d\u0438\u044f\" \/>\n\t<meta name=\"twitter:data1\" content=\"1 \u043c\u0438\u043d\u0443\u0442\u0430\" \/>\n<script type=\"application\/ld+json\" class=\"yoast-schema-graph\">{\"@context\":\"https:\/\/schema.org\",\"@graph\":[{\"@type\":\"WebPage\",\"@id\":\"https:\/\/dnpdental.hu\/barushkov-herman\/\",\"url\":\"https:\/\/dnpdental.hu\/barushkov-herman\/\",\"name\":\"Barushkov Herman - DNP Dental\",\"isPartOf\":{\"@id\":\"https:\/\/dnpdental.hu\/#website\"},\"primaryImageOfPage\":{\"@id\":\"https:\/\/dnpdental.hu\/barushkov-herman\/#primaryimage\"},\"image\":{\"@id\":\"https:\/\/dnpdental.hu\/barushkov-herman\/#primaryimage\"},\"thumbnailUrl\":\"https:\/\/dnpdental.hu\/wp-content\/uploads\/2026\/01\/DSC00615-775x1024.jpg\",\"datePublished\":\"2026-01-28T13:35:13+00:00\",\"dateModified\":\"2026-01-28T16:46:15+00:00\",\"breadcrumb\":{\"@id\":\"https:\/\/dnpdental.hu\/barushkov-herman\/#breadcrumb\"},\"inLanguage\":\"ru-RU\",\"potentialAction\":[{\"@type\":\"ReadAction\",\"target\":[\"https:\/\/dnpdental.hu\/barushkov-herman\/\"]}]},{\"@type\":\"ImageObject\",\"inLanguage\":\"ru-RU\",\"@id\":\"https:\/\/dnpdental.hu\/barushkov-herman\/#primaryimage\",\"url\":\"https:\/\/dnpdental.hu\/wp-content\/uploads\/2026\/01\/DSC00615-775x1024.jpg\",\"contentUrl\":\"https:\/\/dnpdental.hu\/wp-content\/uploads\/2026\/01\/DSC00615-775x1024.jpg\"},{\"@type\":\"BreadcrumbList\",\"@id\":\"https:\/\/dnpdental.hu\/barushkov-herman\/#breadcrumb\",\"itemListElement\":[{\"@type\":\"ListItem\",\"position\":1,\"name\":\"Kezd\u0151lap\",\"item\":\"https:\/\/dnpdental.hu\/\"},{\"@type\":\"ListItem\",\"position\":2,\"name\":\"Barushkov Herman\"}]},{\"@type\":\"WebSite\",\"@id\":\"https:\/\/dnpdental.hu\/#website\",\"url\":\"https:\/\/dnpdental.hu\/\",\"name\":\"DNP Dental\",\"description\":\"\",\"publisher\":{\"@id\":\"https:\/\/dnpdental.hu\/#organization\"},\"potentialAction\":[{\"@type\":\"SearchAction\",\"target\":{\"@type\":\"EntryPoint\",\"urlTemplate\":\"https:\/\/dnpdental.hu\/?s={search_term_string}\"},\"query-input\":{\"@type\":\"PropertyValueSpecification\",\"valueRequired\":true,\"valueName\":\"search_term_string\"}}],\"inLanguage\":\"ru-RU\"},{\"@type\":\"Organization\",\"@id\":\"https:\/\/dnpdental.hu\/#organization\",\"name\":\"DNP Dental\",\"url\":\"https:\/\/dnpdental.hu\/\",\"logo\":{\"@type\":\"ImageObject\",\"inLanguage\":\"ru-RU\",\"@id\":\"https:\/\/dnpdental.hu\/#\/schema\/logo\/image\/\",\"url\":\"https:\/\/dnpdental.hu\/wp-content\/uploads\/2025\/11\/DNP-10_mini.webp\",\"contentUrl\":\"https:\/\/dnpdental.hu\/wp-content\/uploads\/2025\/11\/DNP-10_mini.webp\",\"width\":420,\"height\":202,\"caption\":\"DNP Dental\"},\"image\":{\"@id\":\"https:\/\/dnpdental.hu\/#\/schema\/logo\/image\/\"}}]}<\/script>\n<!-- \/ Yoast SEO Premium plugin. -->","yoast_head_json":{"title":"Barushkov Herman - DNP Dental","robots":{"index":"index","follow":"follow","max-snippet":"max-snippet:-1","max-image-preview":"max-image-preview:large","max-video-preview":"max-video-preview:-1"},"canonical":"https:\/\/dnpdental.hu\/ru\/barushkov-herman\/","og_locale":"ru_RU","og_type":"article","og_title":"Barushkov Herman","og_description":"Kapcsolati adatok +36 70 613 6646 rendelo@dnpdental.hu 1115 Budapest, Bart\u00f3k B\u00e9la \u00fat 90. 1. emelet Munkaid\u0151 H\u00e9tf\u0151-Szombat: 8:00-20:00 Barushkov Herman Recepci\u00f3s, kapcsolattart\u00f3 \u00c9letrajz Gyermekkorom \u00f3ta gyakran j\u00e1rtam fogorvosi rendel\u0151kben \u00e9s klinik\u00e1kon, csal\u00e1domban pedig t\u00f6bb orvos is volt, akikkel sok id\u0151t t\u00f6lt\u00f6ttem. Ezek az \u00e9lm\u00e9nyek kor\u00e1n megtan\u00edtott\u00e1k sz\u00e1momra, mennyire fontos a figyelem, a t\u00fcrelem \u00e9s a ... \u0427\u0438\u0442\u0430\u0442\u044c \u0434\u0430\u043b\u0435\u0435","og_url":"https:\/\/dnpdental.hu\/ru\/barushkov-herman\/","og_site_name":"DNP Dental","article_modified_time":"2026-01-28T16:46:15+00:00","og_image":[{"width":1937,"height":2560,"url":"https:\/\/dnpdental.hu\/wp-content\/uploads\/2026\/01\/DSC00615-scaled.jpg","type":"image\/jpeg"}],"twitter_card":"summary_large_image","twitter_misc":{"\u041f\u0440\u0438\u043c\u0435\u0440\u043d\u043e\u0435 \u0432\u0440\u0435\u043c\u044f \u0434\u043b\u044f \u0447\u0442\u0435\u043d\u0438\u044f":"1 \u043c\u0438\u043d\u0443\u0442\u0430"},"schema":{"@context":"https:\/\/schema.org","@graph":[{"@type":"WebPage","@id":"https:\/\/dnpdental.hu\/barushkov-herman\/","url":"https:\/\/dnpdental.hu\/barushkov-herman\/","name":"Barushkov Herman - DNP Dental","isPartOf":{"@id":"https:\/\/dnpdental.hu\/#website"},"primaryImageOfPage":{"@id":"https:\/\/dnpdental.hu\/barushkov-herman\/#primaryimage"},"image":{"@id":"https:\/\/dnpdental.hu\/barushkov-herman\/#primaryimage"},"thumbnailUrl":"https:\/\/dnpdental.hu\/wp-content\/uploads\/2026\/01\/DSC00615-775x1024.jpg","datePublished":"2026-01-28T13:35:13+00:00","dateModified":"2026-01-28T16:46:15+00:00","breadcrumb":{"@id":"https:\/\/dnpdental.hu\/barushkov-herman\/#breadcrumb"},"inLanguage":"ru-RU","potentialAction":[{"@type":"ReadAction","target":["https:\/\/dnpdental.hu\/barushkov-herman\/"]}]},{"@type":"ImageObject","inLanguage":"ru-RU","@id":"https:\/\/dnpdental.hu\/barushkov-herman\/#primaryimage","url":"https:\/\/dnpdental.hu\/wp-content\/uploads\/2026\/01\/DSC00615-775x1024.jpg","contentUrl":"https:\/\/dnpdental.hu\/wp-content\/uploads\/2026\/01\/DSC00615-775x1024.jpg"},{"@type":"BreadcrumbList","@id":"https:\/\/dnpdental.hu\/barushkov-herman\/#breadcrumb","itemListElement":[{"@type":"ListItem","position":1,"name":"Kezd\u0151lap","item":"https:\/\/dnpdental.hu\/"},{"@type":"ListItem","position":2,"name":"Barushkov Herman"}]},{"@type":"WebSite","@id":"https:\/\/dnpdental.hu\/#website","url":"https:\/\/dnpdental.hu\/","name":"DNP Dental","description":"","publisher":{"@id":"https:\/\/dnpdental.hu\/#organization"},"potentialAction":[{"@type":"SearchAction","target":{"@type":"EntryPoint","urlTemplate":"https:\/\/dnpdental.hu\/?s={search_term_string}"},"query-input":{"@type":"PropertyValueSpecification","valueRequired":true,"valueName":"search_term_string"}}],"inLanguage":"ru-RU"},{"@type":"Organization","@id":"https:\/\/dnpdental.hu\/#organization","name":"DNP Dental","url":"https:\/\/dnpdental.hu\/","logo":{"@type":"ImageObject","inLanguage":"ru-RU","@id":"https:\/\/dnpdental.hu\/#\/schema\/logo\/image\/","url":"https:\/\/dnpdental.hu\/wp-content\/uploads\/2025\/11\/DNP-10_mini.webp","contentUrl":"https:\/\/dnpdental.hu\/wp-content\/uploads\/2025\/11\/DNP-10_mini.webp","width":420,"height":202,"caption":"DNP Dental"},"image":{"@id":"https:\/\/dnpdental.hu\/#\/schema\/logo\/image\/"}}]}},"_links":{"self":[{"href":"https:\/\/dnpdental.hu\/ru\/wp-json\/wp\/v2\/pages\/2777","targetHints":{"allow":["GET"]}}],"collection":[{"href":"https:\/\/dnpdental.hu\/ru\/wp-json\/wp\/v2\/pages"}],"about":[{"href":"https:\/\/dnpdental.hu\/ru\/wp-json\/wp\/v2\/types\/page"}],"author":[{"embeddable":true,"href":"https:\/\/dnpdental.hu\/ru\/wp-json\/wp\/v2\/users\/3"}],"replies":[{"embeddable":true,"href":"https:\/\/dnpdental.hu\/ru\/wp-json\/wp\/v2\/comments?post=2777"}],"version-history":[{"count":10,"href":"https:\/\/dnpdental.hu\/ru\/wp-json\/wp\/v2\/pages\/2777\/revisions"}],"predecessor-version":[{"id":2807,"href":"https:\/\/dnpdental.hu\/ru\/wp-json\/wp\/v2\/pages\/2777\/revisions\/2807"}],"wp:attachment":[{"href":"https:\/\/dnpdental.hu\/ru\/wp-json\/wp\/v2\/media?parent=2777"}],"curies":[{"name":"wp","href":"https:\/\/api.w.org\/{rel}","templated":true}]}}