{"id":298,"date":"2025-10-30T14:14:34","date_gmt":"2025-10-30T13:14:34","guid":{"rendered":"https:\/\/newsite.dnpdental.hu\/?page_id=298"},"modified":"2025-11-10T11:42:05","modified_gmt":"2025-11-10T10:42:05","slug":"fog-eltavolitas","status":"publish","type":"page","link":"https:\/\/dnpdental.hu\/ru\/fog-eltavolitas\/","title":{"rendered":"\u0423\u0434\u0430\u043b\u0435\u043d\u0438\u0435 \u0437\u0443\u0431\u0430"},"content":{"rendered":"<div data-elementor-type=\"wp-page\" data-elementor-id=\"298\" class=\"elementor elementor-298\" data-elementor-post-type=\"page\">\n\t\t\t\t<div class=\"elementor-element elementor-element-956e297 e-flex e-con-boxed e-con e-parent\" data-id=\"956e297\" data-element_type=\"container\">\n\t\t\t\t\t<div class=\"e-con-inner\">\n\t\t\t\t<div class=\"elementor-element elementor-element-a5f3cc2 elementor-widget elementor-widget-heading\" data-id=\"a5f3cc2\" data-element_type=\"widget\" data-widget_type=\"heading.default\">\n\t\t\t\t\t<h1 class=\"elementor-heading-title elementor-size-default\">\u0423\u0434\u0430\u043b\u0435\u043d\u0438\u0435 \u0437\u0443\u0431\u0430<\/h1>\t\t\t\t<\/div>\n\t\t<div class=\"elementor-element elementor-element-4ee8b8f e-grid e-con-full e-con e-child\" data-id=\"4ee8b8f\" data-element_type=\"container\">\n\t\t\t\t<div class=\"elementor-element elementor-element-83e42ed elementor-cta--layout-image-above elementor-cta--skin-classic elementor-animated-content elementor-widget elementor-widget-call-to-action\" data-id=\"83e42ed\" data-element_type=\"widget\" data-widget_type=\"call-to-action.default\">\n\t\t\t\t\t\t\t<a class=\"elementor-cta\" href=\"\/ru\/%d1%83%d0%b4%d0%b0%d0%bb%d0%b5%d0%bd%d0%b8%d0%b5-%d0%b7%d1%83%d0%b1%d0%b0-%d0%bc%d1%83%d0%b4%d1%80%d0%be%d1%81%d1%82%d0%b8\/\">\n\t\t\t\t\t<div class=\"elementor-cta__bg-wrapper\">\n\t\t\t\t<div class=\"elementor-cta__bg elementor-bg\" style=\"background-image: url(https:\/\/dnpdental.hu\/wp-content\/uploads\/2025\/11\/tooth-extraction_5.webp);\" role=\"img\" aria-label=\"tooth-extraction_5\"><\/div>\n\t\t\t\t<div class=\"elementor-cta__bg-overlay\"><\/div>\n\t\t\t<\/div>\n\t\t\t\t\t\t\t<div class=\"elementor-cta__content\">\n\t\t\t\t\n\t\t\t\t\t\t\t\t\t<h2 class=\"elementor-cta__title elementor-cta__content-item elementor-content-item\">\n\t\t\t\t\t\t\u0423\u0434\u0430\u043b\u0435\u043d\u0438\u0435 \u0437\u0443\u0431\u0430 \u043c\u0443\u0434\u0440\u043e\u0441\u0442\u0438\t\t\t\t\t<\/h2>\n\t\t\t\t\n\t\t\t\t\t\t\t\t\t<div class=\"elementor-cta__description elementor-cta__content-item elementor-content-item\">\n\t\t\t\t\t\t\u041a\u043e\u0433\u0434\u0430 \u043d\u0435\u043e\u0431\u0445\u043e\u0434\u0438\u043c\u043e \u0443\u0434\u0430\u043b\u0435\u043d\u0438\u0435 \u0437\u0443\u0431\u0430 \u043c\u0443\u0434\u0440\u043e\u0441\u0442\u0438?...\t\t\t\t\t<\/div>\n\t\t\t\t\n\t\t\t\t\t\t\t\t\t<div class=\"elementor-cta__button-wrapper elementor-cta__content-item elementor-content-item\">\n\t\t\t\t\t<span class=\"elementor-cta__button elementor-button elementor-size-\">\n\t\t\t\t\t\t\u041f\u043e\u0434\u0440\u043e\u0431\u043d\u0435\u0435\t\t\t\t\t<\/span>\n\t\t\t\t\t<\/div>\n\t\t\t\t\t\t\t<\/div>\n\t\t\t\t\t\t<\/a>\n\t\t\t\t\t\t<\/div>\n\t\t\t\t<div class=\"elementor-element elementor-element-3fd97de elementor-cta--layout-image-above elementor-cta--skin-classic elementor-animated-content elementor-widget elementor-widget-call-to-action\" data-id=\"3fd97de\" data-element_type=\"widget\" data-widget_type=\"call-to-action.default\">\n\t\t\t\t\t\t\t<a class=\"elementor-cta\" href=\"\/ru\/%d1%83%d0%b4%d0%b0%d0%bb%d0%b5%d0%bd%d0%b8%d0%b5-%d0%b7%d1%83%d0%b1%d0%b0\/\">\n\t\t\t\t\t<div class=\"elementor-cta__bg-wrapper\">\n\t\t\t\t<div class=\"elementor-cta__bg elementor-bg\" style=\"background-image: url(https:\/\/dnpdental.hu\/wp-content\/uploads\/2025\/11\/udalenie-retinirovannogo-zuba_11.webp);\" role=\"img\" aria-label=\"udalenie-retinirovannogo-zuba_11\"><\/div>\n\t\t\t\t<div class=\"elementor-cta__bg-overlay\"><\/div>\n\t\t\t<\/div>\n\t\t\t\t\t\t\t<div class=\"elementor-cta__content\">\n\t\t\t\t\n\t\t\t\t\t\t\t\t\t<h2 class=\"elementor-cta__title elementor-cta__content-item elementor-content-item\">\n\t\t\t\t\t\t\u0423\u0434\u0430\u043b\u0435\u043d\u0438\u0435 \u0437\u0443\u0431\u0430\t\t\t\t\t<\/h2>\n\t\t\t\t\n\t\t\t\t\t\t\t\t\t<div class=\"elementor-cta__description elementor-cta__content-item elementor-content-item\">\n\t\t\t\t\t\t\u041f\u043e\u0447\u0435\u043c\u0443 \u043c\u043e\u0436\u0435\u0442 \u043f\u043e\u0442\u0440\u0435\u0431\u043e\u0432\u0430\u0442\u044c\u0441\u044f \u0443\u0434\u0430\u043b\u0435\u043d\u0438\u0435 \u0437\u0443\u0431\u043e\u0432? \u041a\u043e\u0433\u0434\u0430 \u043d\u0435\u043e\u0431\u0445\u043e\u0434\u0438\u043c\u043e \u0443\u0434\u0430\u043b\u0435\u043d\u0438\u0435 \u0437\u0443\u0431\u0430?...\t\t\t\t\t<\/div>\n\t\t\t\t\n\t\t\t\t\t\t\t\t\t<div class=\"elementor-cta__button-wrapper elementor-cta__content-item elementor-content-item\">\n\t\t\t\t\t<span class=\"elementor-cta__button elementor-button elementor-size-\">\n\t\t\t\t\t\t\u041f\u043e\u0434\u0440\u043e\u0431\u043d\u0435\u0435\t\t\t\t\t<\/span>\n\t\t\t\t\t<\/div>\n\t\t\t\t\t\t\t<\/div>\n\t\t\t\t\t\t<\/a>\n\t\t\t\t\t\t<\/div>\n\t\t\t\t<\/div>\n\t\t\t\t\t<\/div>\n\t\t\t\t<\/div>\n\t\t\t\t<\/div>","protected":false},"excerpt":{"rendered":"<p>Fogh\u00faz\u00e1s B\u00f6lcsess\u00e9gfog elt\u00e1vol\u00edt\u00e1s Mikor sz\u00fcks\u00e9ges a b\u00f6lcsess\u00e9gfog elt\u00e1vol\u00edt\u00e1sa?&#8230; B\u0151vebben Fogh\u00faz\u00e1s Mi\u00e9rt lehet sz\u00fcks\u00e9ges a fogak elt\u00e1vol\u00edt\u00e1sa? Mikor sz\u00fcks\u00e9ges a fogh\u00faz\u00e1s?&#8230; B\u0151vebben<\/p>","protected":false},"author":1,"featured_media":813,"parent":0,"menu_order":0,"comment_status":"closed","ping_status":"closed","template":"elementor_header_footer","meta":{"footnotes":""},"class_list":["post-298","page","type-page","status-publish","has-post-thumbnail"],"yoast_head":"<!-- This site is optimized with the Yoast SEO Premium plugin v26.2 (Yoast SEO v26.5) - https:\/\/yoast.com\/wordpress\/plugins\/seo\/ -->\n<title>Fogh\u00faz\u00e1s - DNP Dental<\/title>\n<meta name=\"robots\" content=\"index, follow, max-snippet:-1, max-image-preview:large, max-video-preview:-1\" \/>\n<link rel=\"canonical\" href=\"https:\/\/dnpdental.hu\/ru\/fog-eltavolitas\/\" \/>\n<meta property=\"og:locale\" content=\"ru_RU\" \/>\n<meta property=\"og:type\" content=\"article\" \/>\n<meta property=\"og:title\" content=\"Fogh\u00faz\u00e1s\" \/>\n<meta property=\"og:description\" content=\"Fogh\u00faz\u00e1s B\u00f6lcsess\u00e9gfog elt\u00e1vol\u00edt\u00e1s Mikor sz\u00fcks\u00e9ges a b\u00f6lcsess\u00e9gfog elt\u00e1vol\u00edt\u00e1sa?&#8230; B\u0151vebben Fogh\u00faz\u00e1s Mi\u00e9rt lehet sz\u00fcks\u00e9ges a fogak elt\u00e1vol\u00edt\u00e1sa? Mikor sz\u00fcks\u00e9ges a fogh\u00faz\u00e1s?&#8230; B\u0151vebben\" \/>\n<meta property=\"og:url\" content=\"https:\/\/dnpdental.hu\/ru\/fog-eltavolitas\/\" \/>\n<meta property=\"og:site_name\" content=\"DNP Dental\" \/>\n<meta property=\"article:modified_time\" content=\"2025-11-10T10:42:05+00:00\" \/>\n<meta property=\"og:image\" content=\"https:\/\/dnpdental.hu\/wp-content\/uploads\/2025\/11\/tooth-extraction_5.webp\" \/>\n\t<meta property=\"og:image:width\" content=\"700\" \/>\n\t<meta property=\"og:image:height\" content=\"700\" \/>\n\t<meta property=\"og:image:type\" content=\"image\/webp\" \/>\n<meta name=\"twitter:card\" content=\"summary_large_image\" \/>\n<meta name=\"twitter:label1\" content=\"\u041f\u0440\u0438\u043c\u0435\u0440\u043d\u043e\u0435 \u0432\u0440\u0435\u043c\u044f \u0434\u043b\u044f \u0447\u0442\u0435\u043d\u0438\u044f\" \/>\n\t<meta name=\"twitter:data1\" content=\"1 \u043c\u0438\u043d\u0443\u0442\u0430\" \/>\n<script type=\"application\/ld+json\" class=\"yoast-schema-graph\">{\"@context\":\"https:\/\/schema.org\",\"@graph\":[{\"@type\":\"WebPage\",\"@id\":\"https:\/\/dnpdental.hu\/fog-eltavolitas\/\",\"url\":\"https:\/\/dnpdental.hu\/fog-eltavolitas\/\",\"name\":\"Fogh\u00faz\u00e1s - DNP Dental\",\"isPartOf\":{\"@id\":\"https:\/\/dnpdental.hu\/#website\"},\"primaryImageOfPage\":{\"@id\":\"https:\/\/dnpdental.hu\/fog-eltavolitas\/#primaryimage\"},\"image\":{\"@id\":\"https:\/\/dnpdental.hu\/fog-eltavolitas\/#primaryimage\"},\"thumbnailUrl\":\"https:\/\/dnpdental.hu\/wp-content\/uploads\/2025\/11\/tooth-extraction_5.webp\",\"datePublished\":\"2025-10-30T13:14:34+00:00\",\"dateModified\":\"2025-11-10T10:42:05+00:00\",\"breadcrumb\":{\"@id\":\"https:\/\/dnpdental.hu\/fog-eltavolitas\/#breadcrumb\"},\"inLanguage\":\"ru-RU\",\"potentialAction\":[{\"@type\":\"ReadAction\",\"target\":[\"https:\/\/dnpdental.hu\/fog-eltavolitas\/\"]}]},{\"@type\":\"ImageObject\",\"inLanguage\":\"ru-RU\",\"@id\":\"https:\/\/dnpdental.hu\/fog-eltavolitas\/#primaryimage\",\"url\":\"https:\/\/dnpdental.hu\/wp-content\/uploads\/2025\/11\/tooth-extraction_5.webp\",\"contentUrl\":\"https:\/\/dnpdental.hu\/wp-content\/uploads\/2025\/11\/tooth-extraction_5.webp\",\"width\":700,\"height\":700},{\"@type\":\"BreadcrumbList\",\"@id\":\"https:\/\/dnpdental.hu\/fog-eltavolitas\/#breadcrumb\",\"itemListElement\":[{\"@type\":\"ListItem\",\"position\":1,\"name\":\"Kezd\u0151lap\",\"item\":\"https:\/\/dnpdental.hu\/\"},{\"@type\":\"ListItem\",\"position\":2,\"name\":\"Fogh\u00faz\u00e1s\"}]},{\"@type\":\"WebSite\",\"@id\":\"https:\/\/dnpdental.hu\/#website\",\"url\":\"https:\/\/dnpdental.hu\/\",\"name\":\"DNP Dental\",\"description\":\"\",\"publisher\":{\"@id\":\"https:\/\/dnpdental.hu\/#organization\"},\"potentialAction\":[{\"@type\":\"SearchAction\",\"target\":{\"@type\":\"EntryPoint\",\"urlTemplate\":\"https:\/\/dnpdental.hu\/?s={search_term_string}\"},\"query-input\":{\"@type\":\"PropertyValueSpecification\",\"valueRequired\":true,\"valueName\":\"search_term_string\"}}],\"inLanguage\":\"ru-RU\"},{\"@type\":\"Organization\",\"@id\":\"https:\/\/dnpdental.hu\/#organization\",\"name\":\"DNP Dental\",\"url\":\"https:\/\/dnpdental.hu\/\",\"logo\":{\"@type\":\"ImageObject\",\"inLanguage\":\"ru-RU\",\"@id\":\"https:\/\/dnpdental.hu\/#\/schema\/logo\/image\/\",\"url\":\"https:\/\/dnpdental.hu\/wp-content\/uploads\/2025\/11\/DNP-10_mini.webp\",\"contentUrl\":\"https:\/\/dnpdental.hu\/wp-content\/uploads\/2025\/11\/DNP-10_mini.webp\",\"width\":420,\"height\":202,\"caption\":\"DNP Dental\"},\"image\":{\"@id\":\"https:\/\/dnpdental.hu\/#\/schema\/logo\/image\/\"}}]}<\/script>\n<!-- \/ Yoast SEO Premium plugin. -->","yoast_head_json":{"title":"Fogh\u00faz\u00e1s - DNP Dental","robots":{"index":"index","follow":"follow","max-snippet":"max-snippet:-1","max-image-preview":"max-image-preview:large","max-video-preview":"max-video-preview:-1"},"canonical":"https:\/\/dnpdental.hu\/ru\/fog-eltavolitas\/","og_locale":"ru_RU","og_type":"article","og_title":"Fogh\u00faz\u00e1s","og_description":"Fogh\u00faz\u00e1s B\u00f6lcsess\u00e9gfog elt\u00e1vol\u00edt\u00e1s Mikor sz\u00fcks\u00e9ges a b\u00f6lcsess\u00e9gfog elt\u00e1vol\u00edt\u00e1sa?&#8230; B\u0151vebben Fogh\u00faz\u00e1s Mi\u00e9rt lehet sz\u00fcks\u00e9ges a fogak elt\u00e1vol\u00edt\u00e1sa? Mikor sz\u00fcks\u00e9ges a fogh\u00faz\u00e1s?&#8230; B\u0151vebben","og_url":"https:\/\/dnpdental.hu\/ru\/fog-eltavolitas\/","og_site_name":"DNP Dental","article_modified_time":"2025-11-10T10:42:05+00:00","og_image":[{"width":700,"height":700,"url":"https:\/\/dnpdental.hu\/wp-content\/uploads\/2025\/11\/tooth-extraction_5.webp","type":"image\/webp"}],"twitter_card":"summary_large_image","twitter_misc":{"\u041f\u0440\u0438\u043c\u0435\u0440\u043d\u043e\u0435 \u0432\u0440\u0435\u043c\u044f \u0434\u043b\u044f \u0447\u0442\u0435\u043d\u0438\u044f":"1 \u043c\u0438\u043d\u0443\u0442\u0430"},"schema":{"@context":"https:\/\/schema.org","@graph":[{"@type":"WebPage","@id":"https:\/\/dnpdental.hu\/fog-eltavolitas\/","url":"https:\/\/dnpdental.hu\/fog-eltavolitas\/","name":"Fogh\u00faz\u00e1s - DNP Dental","isPartOf":{"@id":"https:\/\/dnpdental.hu\/#website"},"primaryImageOfPage":{"@id":"https:\/\/dnpdental.hu\/fog-eltavolitas\/#primaryimage"},"image":{"@id":"https:\/\/dnpdental.hu\/fog-eltavolitas\/#primaryimage"},"thumbnailUrl":"https:\/\/dnpdental.hu\/wp-content\/uploads\/2025\/11\/tooth-extraction_5.webp","datePublished":"2025-10-30T13:14:34+00:00","dateModified":"2025-11-10T10:42:05+00:00","breadcrumb":{"@id":"https:\/\/dnpdental.hu\/fog-eltavolitas\/#breadcrumb"},"inLanguage":"ru-RU","potentialAction":[{"@type":"ReadAction","target":["https:\/\/dnpdental.hu\/fog-eltavolitas\/"]}]},{"@type":"ImageObject","inLanguage":"ru-RU","@id":"https:\/\/dnpdental.hu\/fog-eltavolitas\/#primaryimage","url":"https:\/\/dnpdental.hu\/wp-content\/uploads\/2025\/11\/tooth-extraction_5.webp","contentUrl":"https:\/\/dnpdental.hu\/wp-content\/uploads\/2025\/11\/tooth-extraction_5.webp","width":700,"height":700},{"@type":"BreadcrumbList","@id":"https:\/\/dnpdental.hu\/fog-eltavolitas\/#breadcrumb","itemListElement":[{"@type":"ListItem","position":1,"name":"Kezd\u0151lap","item":"https:\/\/dnpdental.hu\/"},{"@type":"ListItem","position":2,"name":"Fogh\u00faz\u00e1s"}]},{"@type":"WebSite","@id":"https:\/\/dnpdental.hu\/#website","url":"https:\/\/dnpdental.hu\/","name":"DNP Dental","description":"","publisher":{"@id":"https:\/\/dnpdental.hu\/#organization"},"potentialAction":[{"@type":"SearchAction","target":{"@type":"EntryPoint","urlTemplate":"https:\/\/dnpdental.hu\/?s={search_term_string}"},"query-input":{"@type":"PropertyValueSpecification","valueRequired":true,"valueName":"search_term_string"}}],"inLanguage":"ru-RU"},{"@type":"Organization","@id":"https:\/\/dnpdental.hu\/#organization","name":"DNP Dental","url":"https:\/\/dnpdental.hu\/","logo":{"@type":"ImageObject","inLanguage":"ru-RU","@id":"https:\/\/dnpdental.hu\/#\/schema\/logo\/image\/","url":"https:\/\/dnpdental.hu\/wp-content\/uploads\/2025\/11\/DNP-10_mini.webp","contentUrl":"https:\/\/dnpdental.hu\/wp-content\/uploads\/2025\/11\/DNP-10_mini.webp","width":420,"height":202,"caption":"DNP Dental"},"image":{"@id":"https:\/\/dnpdental.hu\/#\/schema\/logo\/image\/"}}]}},"_links":{"self":[{"href":"https:\/\/dnpdental.hu\/ru\/wp-json\/wp\/v2\/pages\/298","targetHints":{"allow":["GET"]}}],"collection":[{"href":"https:\/\/dnpdental.hu\/ru\/wp-json\/wp\/v2\/pages"}],"about":[{"href":"https:\/\/dnpdental.hu\/ru\/wp-json\/wp\/v2\/types\/page"}],"author":[{"embeddable":true,"href":"https:\/\/dnpdental.hu\/ru\/wp-json\/wp\/v2\/users\/1"}],"replies":[{"embeddable":true,"href":"https:\/\/dnpdental.hu\/ru\/wp-json\/wp\/v2\/comments?post=298"}],"version-history":[{"count":13,"href":"https:\/\/dnpdental.hu\/ru\/wp-json\/wp\/v2\/pages\/298\/revisions"}],"predecessor-version":[{"id":1681,"href":"https:\/\/dnpdental.hu\/ru\/wp-json\/wp\/v2\/pages\/298\/revisions\/1681"}],"wp:featuredmedia":[{"embeddable":true,"href":"https:\/\/dnpdental.hu\/ru\/wp-json\/wp\/v2\/media\/813"}],"wp:attachment":[{"href":"https:\/\/dnpdental.hu\/ru\/wp-json\/wp\/v2\/media?parent=298"}],"curies":[{"name":"wp","href":"https:\/\/api.w.org\/{rel}","templated":true}]}}