{"id":414,"date":"2025-10-31T09:29:08","date_gmt":"2025-10-31T08:29:08","guid":{"rendered":"https:\/\/newsite.dnpdental.hu\/?page_id=414"},"modified":"2025-11-10T11:44:58","modified_gmt":"2025-11-10T10:44:58","slug":"garancia","status":"publish","type":"page","link":"https:\/\/dnpdental.hu\/ru\/garancia\/","title":{"rendered":"\u0413\u0430\u0440\u0430\u043d\u0442\u0438\u044f"},"content":{"rendered":"<div data-elementor-type=\"wp-page\" data-elementor-id=\"414\" class=\"elementor elementor-414\" data-elementor-post-type=\"page\">\n\t\t\t\t<div class=\"elementor-element elementor-element-2b1643c e-flex e-con-boxed e-con e-parent\" data-id=\"2b1643c\" data-element_type=\"container\">\n\t\t\t\t\t<div class=\"e-con-inner\">\n\t\t\t\t<div class=\"elementor-element elementor-element-305496b elementor-widget elementor-widget-heading\" data-id=\"305496b\" data-element_type=\"widget\" data-widget_type=\"heading.default\">\n\t\t\t\t\t<h1 class=\"elementor-heading-title elementor-size-default\">100% \u0413\u0430\u0440\u0430\u043d\u0442\u0438\u044f \u2013 \u041f\u043e\u0442\u043e\u043c\u0443 \u0447\u0442\u043e \u0434\u043e\u0432\u0435\u0440\u0438\u0435 \u0438\u043c\u0435\u0435\u0442 \u0437\u043d\u0430\u0447\u0435\u043d\u0438\u0435<\/h1>\t\t\t\t<\/div>\n\t\t\t\t<div class=\"elementor-element elementor-element-4cb69ec elementor-widget elementor-widget-text-editor\" data-id=\"4cb69ec\" data-element_type=\"widget\" data-widget_type=\"text-editor.default\">\n\t\t\t\t\t\t\t\t\t<p>\u0421\u043a\u043e\u0440\u0435\u0435 \u0432\u0441\u0435\u0433\u043e, \u0432\u0430\u043c \u0443\u0436\u0435 \u043f\u0440\u0438\u0445\u043e\u0434\u0438\u043b\u043e\u0441\u044c \u0441\u0442\u0430\u043b\u043a\u0438\u0432\u0430\u0442\u044c\u0441\u044f \u0441 \u0442\u0430\u043a\u0438\u043c\u0438 \u0433\u0430\u0440\u0430\u043d\u0442\u0438\u044f\u043c\u0438, \u043a\u043e\u0442\u043e\u0440\u044b\u0435 \u0442\u0440\u0443\u0434\u043d\u043e \u0431\u044b\u043b\u043e \u0440\u0435\u0430\u043b\u0438\u0437\u043e\u0432\u0430\u0442\u044c. \u0412\u043e\u0437\u043c\u043e\u0436\u043d\u043e, \u0432\u0430\u043c \u0437\u0430\u0434\u0430\u0432\u0430\u043b\u0438 \u043d\u0435\u0443\u0434\u043e\u0431\u043d\u044b\u0435 \u0432\u043e\u043f\u0440\u043e\u0441\u044b \u0438\u043b\u0438 \u0441\u0441\u044b\u043b\u0430\u043b\u0438\u0441\u044c \u043d\u0430 \u043c\u0435\u043b\u043a\u0438\u0439 \u0448\u0440\u0438\u0444\u0442 \u0432 \u0434\u043e\u0433\u043e\u0432\u043e\u0440\u0435 \u2014 \u043c\u043e\u043b, \u00ab\u0438\u0437\u0432\u0438\u043d\u0438\u0442\u0435, \u043d\u043e \u0438\u043c\u0435\u043d\u043d\u043e \u044d\u0442\u043e\u0442 \u0441\u043b\u0443\u0447\u0430\u0439 \u043d\u0435 \u043f\u043e\u0434\u043f\u0430\u0434\u0430\u0435\u0442 \u043f\u043e\u0434 \u0443\u0441\u043b\u043e\u0432\u0438\u044f \u0433\u0430\u0440\u0430\u043d\u0442\u0438\u0438\u00bb.<\/p><p class=\"translation-block\">\u0423 \u043d\u0430\u0441 \u0442\u0430\u043a\u043e\u0433\u043e \u043d\u0435 \u0431\u044b\u0432\u0430\u0435\u0442. \u0415\u0441\u043b\u0438 \u0432 \u0442\u0435\u0447\u0435\u043d\u0438\u0435 \u0433\u0430\u0440\u0430\u043d\u0442\u0438\u0439\u043d\u043e\u0433\u043e \u0441\u0440\u043e\u043a\u0430 \u0432\u043e\u0437\u043d\u0438\u043a\u043d\u0435\u0442 \u043b\u044e\u0431\u0430\u044f \u043f\u0440\u043e\u0431\u043b\u0435\u043c\u0430 \u0441 \u0438\u0437\u0433\u043e\u0442\u043e\u0432\u043b\u0435\u043d\u043d\u043e\u0439 \u0437\u0443\u0431\u043d\u043e\u0439 \u043a\u043e\u043d\u0441\u0442\u0440\u0443\u043a\u0446\u0438\u0435\u0439, \u043c\u044b \u0432\u043e\u0441\u0441\u0442\u0430\u043d\u043e\u0432\u0438\u043c, \u043e\u0442\u0440\u0435\u043c\u043e\u043d\u0442\u0438\u0440\u0443\u0435\u043c \u0438\u043b\u0438 \u0437\u0430\u043c\u0435\u043d\u0438\u043c \u0435\u0451 \u0431\u0435\u0441\u043f\u043b\u0430\u0442\u043d\u043e, \u0431\u0435\u0437 \u043b\u0438\u0448\u043d\u0438\u0445 \u0432\u043e\u043f\u0440\u043e\u0441\u043e\u0432 \u0438 \u0441\u043b\u043e\u0436\u043d\u043e\u0441\u0442\u0435\u0439.<\/p><p class=\"translation-block\">\u0415\u0434\u0438\u043d\u0441\u0442\u0432\u0435\u043d\u043d\u043e\u0435 \u0443\u0441\u043b\u043e\u0432\u0438\u0435 \u043d\u0430\u0448\u0435\u0439 100% \u0413\u0430\u0440\u0430\u043d\u0442\u0438\u0438 \u2014 \u043f\u0440\u043e\u0445\u043e\u0434\u0438\u0442\u044c \u0443 \u043d\u0430\u0441 \u043f\u0440\u043e\u0444\u0438\u043b\u0430\u043a\u0442\u0438\u0447\u0435\u0441\u043a\u0438\u0439 \u043e\u0441\u043c\u043e\u0442\u0440 \u043d\u0435 \u0440\u0435\u0436\u0435 \u043e\u0434\u043d\u043e\u0433\u043e \u0440\u0430\u0437\u0430 \u0432 \u043f\u043e\u043b\u0433\u043e\u0434\u0430, \u0432\u0435\u0434\u044c \u0440\u0435\u0433\u0443\u043b\u044f\u0440\u043d\u044b\u0439 \u043a\u043e\u043d\u0442\u0440\u043e\u043b\u044c \u2014 \u0437\u0430\u043b\u043e\u0433 \u0434\u043e\u043b\u0433\u043e\u0432\u0435\u0447\u043d\u043e\u0433\u043e \u0440\u0435\u0437\u0443\u043b\u044c\u0442\u0430\u0442\u0430.<\/p>\t\t\t\t\t\t\t\t<\/div>\n\t\t\t\t<div class=\"elementor-element elementor-element-fd0075e elementor-widget elementor-widget-heading\" data-id=\"fd0075e\" data-element_type=\"widget\" data-widget_type=\"heading.default\">\n\t\t\t\t\t<h2 class=\"elementor-heading-title elementor-size-default\">\u0413\u0430\u0440\u0430\u043d\u0442\u0438\u0439\u043d\u044b\u0435 \u0441\u0440\u043e\u043a\u0438 \u043d\u0430 \u043d\u0430\u0448\u0438 \u0441\u0442\u043e\u043c\u0430\u0442\u043e\u043b\u043e\u0433\u0438\u0447\u0435\u0441\u043a\u0438\u0435 \u0440\u0430\u0431\u043e\u0442\u044b:<\/h2>\t\t\t\t<\/div>\n\t\t\t\t<div class=\"elementor-element elementor-element-2a7ab3d elementor-widget elementor-widget-text-editor\" data-id=\"2a7ab3d\" data-element_type=\"widget\" data-widget_type=\"text-editor.default\">\n\t\t\t\t\t\t\t\t\t<ul><li>\u0426\u0438\u0440\u043a\u043e\u043d\u0438\u0435\u0432\u044b\u0435 \u0438 \u043c\u0435\u0442\u0430\u043b\u043b\u043e\u043a\u0435\u0440\u0430\u043c\u0438\u0447\u0435\u0441\u043a\u0438\u0435 \u043a\u043e\u0440\u043e\u043d\u043a\u0438 \u2014 3 \u0433\u043e\u0434\u0430<\/li><li>\u041f\u0440\u0435\u0441\u0441-\u043a\u0435\u0440\u0430\u043c\u0438\u0447\u0435\u0441\u043a\u0438\u0435 \u0432\u0438\u043d\u0438\u0440\u044b \u2014 2 \u0433\u043e\u0434\u0430<\/li><li>\u041f\u043b\u043e\u043c\u0431\u044b, \u0432\u043a\u043b\u0430\u0434\u043a\u0438\/\u043d\u0430\u043a\u043b\u0430\u0434\u043a\u0438 (inlay\/onlay) \u2014 1 \u0433\u043e\u0434<\/li><li>\u0421\u044a\u0451\u043c\u043d\u044b\u0435 \u043f\u0440\u043e\u0442\u0435\u0437\u044b \u2014 1 \u0433\u043e\u0434<\/li><li>\u0423\u0441\u0442\u0430\u043d\u043e\u0432\u043b\u0435\u043d\u043d\u044b\u0435 \u0438\u043c\u043f\u043b\u0430\u043d\u0442\u0430\u0442\u044b \u2014 10 \u043b\u0435\u0442 \u0433\u0430\u0440\u0430\u043d\u0442\u0438\u0438*<br \/>*\u0442\u043e\u043b\u044c\u043a\u043e \u043d\u0430 \u0441\u0430\u043c \u0438\u043c\u043f\u043b\u0430\u043d\u0442\u0430\u0442, \u043d\u0430\u0445\u043e\u0434\u044f\u0449\u0438\u0439\u0441\u044f \u0432 \u043a\u043e\u0441\u0442\u0438<\/li><\/ul>\t\t\t\t\t\t\t\t<\/div>\n\t\t\t\t<div class=\"elementor-element elementor-element-75e9f14 elementor-align-center elementor-widget elementor-widget-button\" data-id=\"75e9f14\" data-element_type=\"widget\" data-widget_type=\"button.default\">\n\t\t\t\t\t\t\t\t\t\t<a class=\"elementor-button elementor-button-link elementor-size-sm\" href=\"\/ru\/idopontfoglalas\/\">\n\t\t\t\t\t\t<span class=\"elementor-button-content-wrapper\">\n\t\t\t\t\t\t\t\t\t<span class=\"elementor-button-text\">\u0415\u0441\u043b\u0438 \u0443 \u0432\u0430\u0441 \u0435\u0441\u0442\u044c \u0434\u0440\u0443\u0433\u0438\u0435 \u0432\u043e\u043f\u0440\u043e\u0441\u044b, \u0432\u044b \u043c\u043e\u0436\u0435\u0442\u0435 \u0441\u0432\u044f\u0437\u0430\u0442\u044c\u0441\u044f \u0441 \u043d\u0430\u043c\u0438 \u0437\u0434\u0435\u0441\u044c!<\/span>\n\t\t\t\t\t<\/span>\n\t\t\t\t\t<\/a>\n\t\t\t\t\t\t\t\t<\/div>\n\t\t\t\t\t<\/div>\n\t\t\t\t<\/div>\n\t\t\t\t<\/div>","protected":false},"excerpt":{"rendered":"<p>100% Garancia \u2013 Mert sz\u00e1m\u00edt a bizalom Val\u00f3sz\u00edn\u0171leg \u00d6n is tal\u00e1lkozott m\u00e1r olyan garanci\u00e1val, amelyet neh\u00e9z volt \u00e9rv\u00e9nyes\u00edteni. Tal\u00e1n kellemetlen k\u00e9rd\u00e9seket tettek fel, vagy az apr\u00f3bet\u0171s r\u00e9sz valamelyik pontj\u00e1ra hivatkozva utas\u00edtott\u00e1k el a panasz\u00e1t \u2013 mondv\u00e1n, \u201esajn\u00e1ljuk, ez az eset sajnos nem tartozik a garancia hat\u00e1lya al\u00e1.\u201d N\u00e1lunk ilyen nem fordulhat el\u0151. Ha a garanciaid\u0151n &#8230; <a title=\"\u0413\u0430\u0440\u0430\u043d\u0442\u0438\u044f\" class=\"read-more\" href=\"https:\/\/dnpdental.hu\/ru\/garancia\/\" aria-label=\"\u041f\u0440\u043e\u0447\u0438\u0442\u0430\u0442\u044c \u0431\u043e\u043b\u044c\u0448\u0435 \u043e Garancia\">\u0427\u0438\u0442\u0430\u0442\u044c \u0434\u0430\u043b\u0435\u0435<\/a><\/p>","protected":false},"author":1,"featured_media":0,"parent":0,"menu_order":0,"comment_status":"closed","ping_status":"closed","template":"elementor_header_footer","meta":{"footnotes":""},"class_list":["post-414","page","type-page","status-publish"],"yoast_head":"<!-- This site is optimized with the Yoast SEO Premium plugin v26.2 (Yoast SEO v26.5) - https:\/\/yoast.com\/wordpress\/plugins\/seo\/ -->\n<title>Garancia - DNP Dental<\/title>\n<meta name=\"robots\" content=\"index, follow, max-snippet:-1, max-image-preview:large, max-video-preview:-1\" \/>\n<link rel=\"canonical\" href=\"https:\/\/dnpdental.hu\/ru\/garancia\/\" \/>\n<meta property=\"og:locale\" content=\"ru_RU\" \/>\n<meta property=\"og:type\" content=\"article\" \/>\n<meta property=\"og:title\" content=\"Garancia\" \/>\n<meta property=\"og:description\" content=\"100% Garancia \u2013 Mert sz\u00e1m\u00edt a bizalom Val\u00f3sz\u00edn\u0171leg \u00d6n is tal\u00e1lkozott m\u00e1r olyan garanci\u00e1val, amelyet neh\u00e9z volt \u00e9rv\u00e9nyes\u00edteni. Tal\u00e1n kellemetlen k\u00e9rd\u00e9seket tettek fel, vagy az apr\u00f3bet\u0171s r\u00e9sz valamelyik pontj\u00e1ra hivatkozva utas\u00edtott\u00e1k el a panasz\u00e1t \u2013 mondv\u00e1n, \u201esajn\u00e1ljuk, ez az eset sajnos nem tartozik a garancia hat\u00e1lya al\u00e1.\u201d N\u00e1lunk ilyen nem fordulhat el\u0151. Ha a garanciaid\u0151n ... \u0427\u0438\u0442\u0430\u0442\u044c \u0434\u0430\u043b\u0435\u0435\" \/>\n<meta property=\"og:url\" content=\"https:\/\/dnpdental.hu\/ru\/garancia\/\" \/>\n<meta property=\"og:site_name\" content=\"DNP Dental\" \/>\n<meta property=\"article:modified_time\" content=\"2025-11-10T10:44:58+00:00\" \/>\n<meta name=\"twitter:card\" content=\"summary_large_image\" \/>\n<meta name=\"twitter:label1\" content=\"\u041f\u0440\u0438\u043c\u0435\u0440\u043d\u043e\u0435 \u0432\u0440\u0435\u043c\u044f \u0434\u043b\u044f \u0447\u0442\u0435\u043d\u0438\u044f\" \/>\n\t<meta name=\"twitter:data1\" content=\"1 \u043c\u0438\u043d\u0443\u0442\u0430\" \/>\n<script type=\"application\/ld+json\" class=\"yoast-schema-graph\">{\"@context\":\"https:\/\/schema.org\",\"@graph\":[{\"@type\":\"WebPage\",\"@id\":\"https:\/\/dnpdental.hu\/garancia\/\",\"url\":\"https:\/\/dnpdental.hu\/garancia\/\",\"name\":\"Garancia - DNP Dental\",\"isPartOf\":{\"@id\":\"https:\/\/dnpdental.hu\/#website\"},\"datePublished\":\"2025-10-31T08:29:08+00:00\",\"dateModified\":\"2025-11-10T10:44:58+00:00\",\"breadcrumb\":{\"@id\":\"https:\/\/dnpdental.hu\/garancia\/#breadcrumb\"},\"inLanguage\":\"ru-RU\",\"potentialAction\":[{\"@type\":\"ReadAction\",\"target\":[\"https:\/\/dnpdental.hu\/garancia\/\"]}]},{\"@type\":\"BreadcrumbList\",\"@id\":\"https:\/\/dnpdental.hu\/garancia\/#breadcrumb\",\"itemListElement\":[{\"@type\":\"ListItem\",\"position\":1,\"name\":\"Kezd\u0151lap\",\"item\":\"https:\/\/dnpdental.hu\/\"},{\"@type\":\"ListItem\",\"position\":2,\"name\":\"Garancia\"}]},{\"@type\":\"WebSite\",\"@id\":\"https:\/\/dnpdental.hu\/#website\",\"url\":\"https:\/\/dnpdental.hu\/\",\"name\":\"DNP Dental\",\"description\":\"\",\"publisher\":{\"@id\":\"https:\/\/dnpdental.hu\/#organization\"},\"potentialAction\":[{\"@type\":\"SearchAction\",\"target\":{\"@type\":\"EntryPoint\",\"urlTemplate\":\"https:\/\/dnpdental.hu\/?s={search_term_string}\"},\"query-input\":{\"@type\":\"PropertyValueSpecification\",\"valueRequired\":true,\"valueName\":\"search_term_string\"}}],\"inLanguage\":\"ru-RU\"},{\"@type\":\"Organization\",\"@id\":\"https:\/\/dnpdental.hu\/#organization\",\"name\":\"DNP Dental\",\"url\":\"https:\/\/dnpdental.hu\/\",\"logo\":{\"@type\":\"ImageObject\",\"inLanguage\":\"ru-RU\",\"@id\":\"https:\/\/dnpdental.hu\/#\/schema\/logo\/image\/\",\"url\":\"https:\/\/dnpdental.hu\/wp-content\/uploads\/2025\/11\/DNP-10_mini.webp\",\"contentUrl\":\"https:\/\/dnpdental.hu\/wp-content\/uploads\/2025\/11\/DNP-10_mini.webp\",\"width\":420,\"height\":202,\"caption\":\"DNP Dental\"},\"image\":{\"@id\":\"https:\/\/dnpdental.hu\/#\/schema\/logo\/image\/\"}}]}<\/script>\n<!-- \/ Yoast SEO Premium plugin. -->","yoast_head_json":{"title":"Garancia - DNP Dental","robots":{"index":"index","follow":"follow","max-snippet":"max-snippet:-1","max-image-preview":"max-image-preview:large","max-video-preview":"max-video-preview:-1"},"canonical":"https:\/\/dnpdental.hu\/ru\/garancia\/","og_locale":"ru_RU","og_type":"article","og_title":"Garancia","og_description":"100% Garancia \u2013 Mert sz\u00e1m\u00edt a bizalom Val\u00f3sz\u00edn\u0171leg \u00d6n is tal\u00e1lkozott m\u00e1r olyan garanci\u00e1val, amelyet neh\u00e9z volt \u00e9rv\u00e9nyes\u00edteni. Tal\u00e1n kellemetlen k\u00e9rd\u00e9seket tettek fel, vagy az apr\u00f3bet\u0171s r\u00e9sz valamelyik pontj\u00e1ra hivatkozva utas\u00edtott\u00e1k el a panasz\u00e1t \u2013 mondv\u00e1n, \u201esajn\u00e1ljuk, ez az eset sajnos nem tartozik a garancia hat\u00e1lya al\u00e1.\u201d N\u00e1lunk ilyen nem fordulhat el\u0151. Ha a garanciaid\u0151n ... \u0427\u0438\u0442\u0430\u0442\u044c \u0434\u0430\u043b\u0435\u0435","og_url":"https:\/\/dnpdental.hu\/ru\/garancia\/","og_site_name":"DNP Dental","article_modified_time":"2025-11-10T10:44:58+00:00","twitter_card":"summary_large_image","twitter_misc":{"\u041f\u0440\u0438\u043c\u0435\u0440\u043d\u043e\u0435 \u0432\u0440\u0435\u043c\u044f \u0434\u043b\u044f \u0447\u0442\u0435\u043d\u0438\u044f":"1 \u043c\u0438\u043d\u0443\u0442\u0430"},"schema":{"@context":"https:\/\/schema.org","@graph":[{"@type":"WebPage","@id":"https:\/\/dnpdental.hu\/garancia\/","url":"https:\/\/dnpdental.hu\/garancia\/","name":"Garancia - DNP Dental","isPartOf":{"@id":"https:\/\/dnpdental.hu\/#website"},"datePublished":"2025-10-31T08:29:08+00:00","dateModified":"2025-11-10T10:44:58+00:00","breadcrumb":{"@id":"https:\/\/dnpdental.hu\/garancia\/#breadcrumb"},"inLanguage":"ru-RU","potentialAction":[{"@type":"ReadAction","target":["https:\/\/dnpdental.hu\/garancia\/"]}]},{"@type":"BreadcrumbList","@id":"https:\/\/dnpdental.hu\/garancia\/#breadcrumb","itemListElement":[{"@type":"ListItem","position":1,"name":"Kezd\u0151lap","item":"https:\/\/dnpdental.hu\/"},{"@type":"ListItem","position":2,"name":"Garancia"}]},{"@type":"WebSite","@id":"https:\/\/dnpdental.hu\/#website","url":"https:\/\/dnpdental.hu\/","name":"DNP Dental","description":"","publisher":{"@id":"https:\/\/dnpdental.hu\/#organization"},"potentialAction":[{"@type":"SearchAction","target":{"@type":"EntryPoint","urlTemplate":"https:\/\/dnpdental.hu\/?s={search_term_string}"},"query-input":{"@type":"PropertyValueSpecification","valueRequired":true,"valueName":"search_term_string"}}],"inLanguage":"ru-RU"},{"@type":"Organization","@id":"https:\/\/dnpdental.hu\/#organization","name":"DNP Dental","url":"https:\/\/dnpdental.hu\/","logo":{"@type":"ImageObject","inLanguage":"ru-RU","@id":"https:\/\/dnpdental.hu\/#\/schema\/logo\/image\/","url":"https:\/\/dnpdental.hu\/wp-content\/uploads\/2025\/11\/DNP-10_mini.webp","contentUrl":"https:\/\/dnpdental.hu\/wp-content\/uploads\/2025\/11\/DNP-10_mini.webp","width":420,"height":202,"caption":"DNP Dental"},"image":{"@id":"https:\/\/dnpdental.hu\/#\/schema\/logo\/image\/"}}]}},"_links":{"self":[{"href":"https:\/\/dnpdental.hu\/ru\/wp-json\/wp\/v2\/pages\/414","targetHints":{"allow":["GET"]}}],"collection":[{"href":"https:\/\/dnpdental.hu\/ru\/wp-json\/wp\/v2\/pages"}],"about":[{"href":"https:\/\/dnpdental.hu\/ru\/wp-json\/wp\/v2\/types\/page"}],"author":[{"embeddable":true,"href":"https:\/\/dnpdental.hu\/ru\/wp-json\/wp\/v2\/users\/1"}],"replies":[{"embeddable":true,"href":"https:\/\/dnpdental.hu\/ru\/wp-json\/wp\/v2\/comments?post=414"}],"version-history":[{"count":10,"href":"https:\/\/dnpdental.hu\/ru\/wp-json\/wp\/v2\/pages\/414\/revisions"}],"predecessor-version":[{"id":1693,"href":"https:\/\/dnpdental.hu\/ru\/wp-json\/wp\/v2\/pages\/414\/revisions\/1693"}],"wp:attachment":[{"href":"https:\/\/dnpdental.hu\/ru\/wp-json\/wp\/v2\/media?parent=414"}],"curies":[{"name":"wp","href":"https:\/\/api.w.org\/{rel}","templated":true}]}}