{"id":432,"date":"2025-10-31T09:44:04","date_gmt":"2025-10-31T08:44:04","guid":{"rendered":"https:\/\/newsite.dnpdental.hu\/?page_id=432"},"modified":"2025-11-24T13:02:22","modified_gmt":"2025-11-24T12:02:22","slug":"aktualis-akcionk","status":"publish","type":"page","link":"https:\/\/dnpdental.hu\/ru\/aktualis-akcionk\/","title":{"rendered":"\u0410\u043a\u0442\u0443\u0430\u043b\u044c\u043d\u044b\u0435 \u0430\u043a\u0446\u0438\u0438"},"content":{"rendered":"<div data-elementor-type=\"wp-page\" data-elementor-id=\"432\" class=\"elementor elementor-432\" data-elementor-post-type=\"page\">\n\t\t\t\t<div class=\"elementor-element elementor-element-a616aa9 e-flex e-con-boxed e-con e-parent\" data-id=\"a616aa9\" data-element_type=\"container\">\n\t\t\t\t\t<div class=\"e-con-inner\">\n\t\t\t\t<div class=\"elementor-element elementor-element-54ea2e3 elementor-widget elementor-widget-heading\" data-id=\"54ea2e3\" data-element_type=\"widget\" data-widget_type=\"heading.default\">\n\t\t\t\t\t<h1 class=\"elementor-heading-title elementor-size-default\">Aktu\u00e1lis akci\u00f3ink<\/h1>\t\t\t\t<\/div>\n\t\t<div class=\"elementor-element elementor-element-b34cf68 e-grid e-con-full e-con e-child\" data-id=\"b34cf68\" data-element_type=\"container\">\n\t\t\t\t<div class=\"elementor-element elementor-element-7a6d233 elementor-cta--layout-image-above elementor-cta--skin-classic elementor-animated-content elementor-widget elementor-widget-call-to-action\" data-id=\"7a6d233\" data-element_type=\"widget\" data-widget_type=\"call-to-action.default\">\n\t\t\t\t\t\t\t<a class=\"elementor-cta\" href=\"\/ru\/aktualis-akcionk\/gyerekfogaszati-akcio\/\">\n\t\t\t\t\t<div class=\"elementor-cta__bg-wrapper\">\n\t\t\t\t<div class=\"elementor-cta__bg elementor-bg\" style=\"background-image: url(https:\/\/dnpdental.hu\/wp-content\/uploads\/2025\/09\/DNP_Dental_gyerekfogaszat.webp);\" role=\"img\" aria-label=\"DNP_Dental_gyerekfogaszat\"><\/div>\n\t\t\t\t<div class=\"elementor-cta__bg-overlay\"><\/div>\n\t\t\t<\/div>\n\t\t\t\t\t\t\t<div class=\"elementor-cta__content\">\n\t\t\t\t\n\t\t\t\t\t\t\t\t\t<h2 class=\"elementor-cta__title elementor-cta__content-item elementor-content-item\">\n\t\t\t\t\t\tGyermekfog\u00e1szati akci\u00f3\t\t\t\t\t<\/h2>\n\t\t\t\t\n\t\t\t\t\t\t\t\t\t<div class=\"elementor-cta__description elementor-cta__content-item elementor-content-item\">\n\t\t\t\t\t\tGondoskodjon gyermeke eg\u00e9szs\u00e9ges mosoly\u00e1r\u00f3l, most 15% kedvezm\u00e9nnyel! A DNP Dentalban most k\u00fcl\u00f6nleges aj\u00e1nlattal v\u00e1rjuk a csal\u00e1dokat!\t\t\t\t\t<\/div>\n\t\t\t\t\n\t\t\t\t\t\t\t\t\t<div class=\"elementor-cta__button-wrapper elementor-cta__content-item elementor-content-item\">\n\t\t\t\t\t<span class=\"elementor-cta__button elementor-button elementor-size-\">\n\t\t\t\t\t\t\u041f\u043e\u0434\u0440\u043e\u0431\u043d\u0435\u0435\t\t\t\t\t<\/span>\n\t\t\t\t\t<\/div>\n\t\t\t\t\t\t\t<\/div>\n\t\t\t\t\t\t<\/a>\n\t\t\t\t\t\t<\/div>\n\t\t\t\t<\/div>\n\t\t\t\t\t<\/div>\n\t\t\t\t<\/div>\n\t\t\t\t<\/div>","protected":false},"excerpt":{"rendered":"<p>Aktu\u00e1lis akci\u00f3ink Gyermekfog\u00e1szati akci\u00f3 Gondoskodjon gyermeke eg\u00e9szs\u00e9ges mosoly\u00e1r\u00f3l, most 15% kedvezm\u00e9nnyel! A DNP Dentalban most k\u00fcl\u00f6nleges aj\u00e1nlattal v\u00e1rjuk a csal\u00e1dokat! B\u0151vebben<\/p>","protected":false},"author":1,"featured_media":0,"parent":0,"menu_order":0,"comment_status":"closed","ping_status":"closed","template":"elementor_header_footer","meta":{"footnotes":""},"class_list":["post-432","page","type-page","status-publish"],"yoast_head":"<!-- This site is optimized with the Yoast SEO Premium plugin v26.2 (Yoast SEO v26.5) - https:\/\/yoast.com\/wordpress\/plugins\/seo\/ -->\n<title>Aktu\u00e1lis akci\u00f3nk - DNP Dental<\/title>\n<meta name=\"robots\" content=\"index, follow, max-snippet:-1, max-image-preview:large, max-video-preview:-1\" \/>\n<link rel=\"canonical\" href=\"https:\/\/dnpdental.hu\/ru\/aktualis-akcionk\/\" \/>\n<meta property=\"og:locale\" content=\"ru_RU\" \/>\n<meta property=\"og:type\" content=\"article\" \/>\n<meta property=\"og:title\" content=\"Aktu\u00e1lis akci\u00f3nk\" \/>\n<meta property=\"og:description\" content=\"Aktu\u00e1lis akci\u00f3ink Gyermekfog\u00e1szati akci\u00f3 Gondoskodjon gyermeke eg\u00e9szs\u00e9ges mosoly\u00e1r\u00f3l, most 15% kedvezm\u00e9nnyel! A DNP Dentalban most k\u00fcl\u00f6nleges aj\u00e1nlattal v\u00e1rjuk a csal\u00e1dokat! B\u0151vebben\" \/>\n<meta property=\"og:url\" content=\"https:\/\/dnpdental.hu\/ru\/aktualis-akcionk\/\" \/>\n<meta property=\"og:site_name\" content=\"DNP Dental\" \/>\n<meta property=\"article:modified_time\" content=\"2025-11-24T12:02:22+00:00\" \/>\n<meta name=\"twitter:card\" content=\"summary_large_image\" \/>\n<meta name=\"twitter:label1\" content=\"\u041f\u0440\u0438\u043c\u0435\u0440\u043d\u043e\u0435 \u0432\u0440\u0435\u043c\u044f \u0434\u043b\u044f \u0447\u0442\u0435\u043d\u0438\u044f\" \/>\n\t<meta name=\"twitter:data1\" content=\"1 \u043c\u0438\u043d\u0443\u0442\u0430\" \/>\n<script type=\"application\/ld+json\" class=\"yoast-schema-graph\">{\"@context\":\"https:\/\/schema.org\",\"@graph\":[{\"@type\":\"WebPage\",\"@id\":\"https:\/\/dnpdental.hu\/aktualis-akcionk\/\",\"url\":\"https:\/\/dnpdental.hu\/aktualis-akcionk\/\",\"name\":\"Aktu\u00e1lis akci\u00f3nk - DNP Dental\",\"isPartOf\":{\"@id\":\"https:\/\/dnpdental.hu\/#website\"},\"datePublished\":\"2025-10-31T08:44:04+00:00\",\"dateModified\":\"2025-11-24T12:02:22+00:00\",\"breadcrumb\":{\"@id\":\"https:\/\/dnpdental.hu\/aktualis-akcionk\/#breadcrumb\"},\"inLanguage\":\"ru-RU\",\"potentialAction\":[{\"@type\":\"ReadAction\",\"target\":[\"https:\/\/dnpdental.hu\/aktualis-akcionk\/\"]}]},{\"@type\":\"BreadcrumbList\",\"@id\":\"https:\/\/dnpdental.hu\/aktualis-akcionk\/#breadcrumb\",\"itemListElement\":[{\"@type\":\"ListItem\",\"position\":1,\"name\":\"Kezd\u0151lap\",\"item\":\"https:\/\/dnpdental.hu\/\"},{\"@type\":\"ListItem\",\"position\":2,\"name\":\"Aktu\u00e1lis akci\u00f3nk\"}]},{\"@type\":\"WebSite\",\"@id\":\"https:\/\/dnpdental.hu\/#website\",\"url\":\"https:\/\/dnpdental.hu\/\",\"name\":\"DNP Dental\",\"description\":\"\",\"publisher\":{\"@id\":\"https:\/\/dnpdental.hu\/#organization\"},\"potentialAction\":[{\"@type\":\"SearchAction\",\"target\":{\"@type\":\"EntryPoint\",\"urlTemplate\":\"https:\/\/dnpdental.hu\/?s={search_term_string}\"},\"query-input\":{\"@type\":\"PropertyValueSpecification\",\"valueRequired\":true,\"valueName\":\"search_term_string\"}}],\"inLanguage\":\"ru-RU\"},{\"@type\":\"Organization\",\"@id\":\"https:\/\/dnpdental.hu\/#organization\",\"name\":\"DNP Dental\",\"url\":\"https:\/\/dnpdental.hu\/\",\"logo\":{\"@type\":\"ImageObject\",\"inLanguage\":\"ru-RU\",\"@id\":\"https:\/\/dnpdental.hu\/#\/schema\/logo\/image\/\",\"url\":\"https:\/\/dnpdental.hu\/wp-content\/uploads\/2025\/11\/DNP-10_mini.webp\",\"contentUrl\":\"https:\/\/dnpdental.hu\/wp-content\/uploads\/2025\/11\/DNP-10_mini.webp\",\"width\":420,\"height\":202,\"caption\":\"DNP Dental\"},\"image\":{\"@id\":\"https:\/\/dnpdental.hu\/#\/schema\/logo\/image\/\"}}]}<\/script>\n<!-- \/ Yoast SEO Premium plugin. -->","yoast_head_json":{"title":"Aktu\u00e1lis akci\u00f3nk - DNP Dental","robots":{"index":"index","follow":"follow","max-snippet":"max-snippet:-1","max-image-preview":"max-image-preview:large","max-video-preview":"max-video-preview:-1"},"canonical":"https:\/\/dnpdental.hu\/ru\/aktualis-akcionk\/","og_locale":"ru_RU","og_type":"article","og_title":"Aktu\u00e1lis akci\u00f3nk","og_description":"Aktu\u00e1lis akci\u00f3ink Gyermekfog\u00e1szati akci\u00f3 Gondoskodjon gyermeke eg\u00e9szs\u00e9ges mosoly\u00e1r\u00f3l, most 15% kedvezm\u00e9nnyel! A DNP Dentalban most k\u00fcl\u00f6nleges aj\u00e1nlattal v\u00e1rjuk a csal\u00e1dokat! B\u0151vebben","og_url":"https:\/\/dnpdental.hu\/ru\/aktualis-akcionk\/","og_site_name":"DNP Dental","article_modified_time":"2025-11-24T12:02:22+00:00","twitter_card":"summary_large_image","twitter_misc":{"\u041f\u0440\u0438\u043c\u0435\u0440\u043d\u043e\u0435 \u0432\u0440\u0435\u043c\u044f \u0434\u043b\u044f \u0447\u0442\u0435\u043d\u0438\u044f":"1 \u043c\u0438\u043d\u0443\u0442\u0430"},"schema":{"@context":"https:\/\/schema.org","@graph":[{"@type":"WebPage","@id":"https:\/\/dnpdental.hu\/aktualis-akcionk\/","url":"https:\/\/dnpdental.hu\/aktualis-akcionk\/","name":"Aktu\u00e1lis akci\u00f3nk - DNP Dental","isPartOf":{"@id":"https:\/\/dnpdental.hu\/#website"},"datePublished":"2025-10-31T08:44:04+00:00","dateModified":"2025-11-24T12:02:22+00:00","breadcrumb":{"@id":"https:\/\/dnpdental.hu\/aktualis-akcionk\/#breadcrumb"},"inLanguage":"ru-RU","potentialAction":[{"@type":"ReadAction","target":["https:\/\/dnpdental.hu\/aktualis-akcionk\/"]}]},{"@type":"BreadcrumbList","@id":"https:\/\/dnpdental.hu\/aktualis-akcionk\/#breadcrumb","itemListElement":[{"@type":"ListItem","position":1,"name":"Kezd\u0151lap","item":"https:\/\/dnpdental.hu\/"},{"@type":"ListItem","position":2,"name":"Aktu\u00e1lis akci\u00f3nk"}]},{"@type":"WebSite","@id":"https:\/\/dnpdental.hu\/#website","url":"https:\/\/dnpdental.hu\/","name":"DNP Dental","description":"","publisher":{"@id":"https:\/\/dnpdental.hu\/#organization"},"potentialAction":[{"@type":"SearchAction","target":{"@type":"EntryPoint","urlTemplate":"https:\/\/dnpdental.hu\/?s={search_term_string}"},"query-input":{"@type":"PropertyValueSpecification","valueRequired":true,"valueName":"search_term_string"}}],"inLanguage":"ru-RU"},{"@type":"Organization","@id":"https:\/\/dnpdental.hu\/#organization","name":"DNP Dental","url":"https:\/\/dnpdental.hu\/","logo":{"@type":"ImageObject","inLanguage":"ru-RU","@id":"https:\/\/dnpdental.hu\/#\/schema\/logo\/image\/","url":"https:\/\/dnpdental.hu\/wp-content\/uploads\/2025\/11\/DNP-10_mini.webp","contentUrl":"https:\/\/dnpdental.hu\/wp-content\/uploads\/2025\/11\/DNP-10_mini.webp","width":420,"height":202,"caption":"DNP Dental"},"image":{"@id":"https:\/\/dnpdental.hu\/#\/schema\/logo\/image\/"}}]}},"_links":{"self":[{"href":"https:\/\/dnpdental.hu\/ru\/wp-json\/wp\/v2\/pages\/432","targetHints":{"allow":["GET"]}}],"collection":[{"href":"https:\/\/dnpdental.hu\/ru\/wp-json\/wp\/v2\/pages"}],"about":[{"href":"https:\/\/dnpdental.hu\/ru\/wp-json\/wp\/v2\/types\/page"}],"author":[{"embeddable":true,"href":"https:\/\/dnpdental.hu\/ru\/wp-json\/wp\/v2\/users\/1"}],"replies":[{"embeddable":true,"href":"https:\/\/dnpdental.hu\/ru\/wp-json\/wp\/v2\/comments?post=432"}],"version-history":[{"count":46,"href":"https:\/\/dnpdental.hu\/ru\/wp-json\/wp\/v2\/pages\/432\/revisions"}],"predecessor-version":[{"id":2021,"href":"https:\/\/dnpdental.hu\/ru\/wp-json\/wp\/v2\/pages\/432\/revisions\/2021"}],"wp:attachment":[{"href":"https:\/\/dnpdental.hu\/ru\/wp-json\/wp\/v2\/media?parent=432"}],"curies":[{"name":"wp","href":"https:\/\/api.w.org\/{rel}","templated":true}]}}