{"id":489,"date":"2025-10-31T10:41:09","date_gmt":"2025-10-31T09:41:09","guid":{"rendered":"https:\/\/newsite.dnpdental.hu\/?page_id=489"},"modified":"2025-11-24T14:05:51","modified_gmt":"2025-11-24T13:05:51","slug":"dr_nyorba_peter","status":"publish","type":"page","link":"https:\/\/dnpdental.hu\/ru\/dr_nyorba_peter\/","title":{"rendered":"Dr. Nyorba Peter"},"content":{"rendered":"<div data-elementor-type=\"wp-page\" data-elementor-id=\"489\" class=\"elementor elementor-489\" data-elementor-post-type=\"page\">\n\t\t\t\t<div class=\"elementor-element elementor-element-719bf4d e-flex e-con-boxed e-con e-parent\" data-id=\"719bf4d\" data-element_type=\"container\">\n\t\t\t\t\t<div class=\"e-con-inner\">\n\t\t<div class=\"elementor-element elementor-element-aaabd34 e-con-full e-flex e-con e-child\" data-id=\"aaabd34\" data-element_type=\"container\" data-settings=\"{&quot;background_background&quot;:&quot;classic&quot;}\">\n\t\t\t\t<div class=\"elementor-element elementor-element-a1a77b2 elementor-widget elementor-widget-image\" data-id=\"a1a77b2\" data-element_type=\"widget\" data-widget_type=\"image.default\">\n\t\t\t\t\t\t\t\t\t\t\t\t\t\t\t<img fetchpriority=\"high\" decoding=\"async\" width=\"600\" height=\"900\" src=\"https:\/\/dnpdental.hu\/wp-content\/uploads\/2025\/10\/Dr_Nyorba_Peter.webp\" class=\"attachment-large size-large wp-image-495\" alt=\"\" srcset=\"https:\/\/dnpdental.hu\/wp-content\/uploads\/2025\/10\/Dr_Nyorba_Peter.webp 600w, https:\/\/dnpdental.hu\/wp-content\/uploads\/2025\/10\/Dr_Nyorba_Peter-200x300.webp 200w, https:\/\/dnpdental.hu\/wp-content\/uploads\/2025\/10\/Dr_Nyorba_Peter-8x12.webp 8w\" sizes=\"(max-width: 600px) 100vw, 600px\" \/>\t\t\t\t\t\t\t\t\t\t\t\t\t\t\t<\/div>\n\t\t<div class=\"elementor-element elementor-element-61f8cdd e-con-full e-flex e-con e-child\" data-id=\"61f8cdd\" data-element_type=\"container\">\n\t\t\t\t<div class=\"elementor-element elementor-element-3bc1c6f elementor-widget elementor-widget-heading\" data-id=\"3bc1c6f\" data-element_type=\"widget\" data-widget_type=\"heading.default\">\n\t\t\t\t\t<h2 class=\"elementor-heading-title elementor-size-default\">\u041a\u043e\u043d\u0442\u0430\u043a\u0442\u043d\u0430\u044f \u0438\u043d\u0444\u043e\u0440\u043c\u0430\u0446\u0438\u044f<\/h2>\t\t\t\t<\/div>\n\t\t\t\t<div class=\"elementor-element elementor-element-2c1be14 elementor-icon-list--layout-traditional elementor-list-item-link-full_width elementor-widget elementor-widget-icon-list\" data-id=\"2c1be14\" data-element_type=\"widget\" data-widget_type=\"icon-list.default\">\n\t\t\t\t\t\t\t<ul class=\"elementor-icon-list-items\">\n\t\t\t\t\t\t\t<li class=\"elementor-icon-list-item\">\n\t\t\t\t\t\t\t\t\t\t\t<span class=\"elementor-icon-list-icon\">\n\t\t\t\t\t\t\t<svg aria-hidden=\"true\" class=\"e-font-icon-svg e-fas-phone-alt\" viewbox=\"0 0 512 512\" xmlns=\"http:\/\/www.w3.org\/2000\/svg\"><path d=\"M497.39 361.8l-112-48a24 24 0 0 0-28 6.9l-49.6 60.6A370.66 370.66 0 0 1 130.6 204.11l60.6-49.6a23.94 23.94 0 0 0 6.9-28l-48-112A24.16 24.16 0 0 0 122.6.61l-104 24A24 24 0 0 0 0 48c0 256.5 207.9 464 464 464a24 24 0 0 0 23.4-18.6l24-104a24.29 24.29 0 0 0-14.01-27.6z\"><\/path><\/svg>\t\t\t\t\t\t<\/span>\n\t\t\t\t\t\t\t\t\t\t<span class=\"elementor-icon-list-text\">+36 70 613 6646<\/span>\n\t\t\t\t\t\t\t\t\t<\/li>\n\t\t\t\t\t\t\t\t<li class=\"elementor-icon-list-item\">\n\t\t\t\t\t\t\t\t\t\t\t<span class=\"elementor-icon-list-icon\">\n\t\t\t\t\t\t\t<svg aria-hidden=\"true\" class=\"e-font-icon-svg e-fas-envelope\" viewbox=\"0 0 512 512\" xmlns=\"http:\/\/www.w3.org\/2000\/svg\"><path d=\"M502.3 190.8c3.9-3.1 9.7-.2 9.7 4.7V400c0 26.5-21.5 48-48 48H48c-26.5 0-48-21.5-48-48V195.6c0-5 5.7-7.8 9.7-4.7 22.4 17.4 52.1 39.5 154.1 113.6 21.1 15.4 56.7 47.8 92.2 47.6 35.7.3 72-32.8 92.3-47.6 102-74.1 131.6-96.3 154-113.7zM256 320c23.2.4 56.6-29.2 73.4-41.4 132.7-96.3 142.8-104.7 173.4-128.7 5.8-4.5 9.2-11.5 9.2-18.9v-19c0-26.5-21.5-48-48-48H48C21.5 64 0 85.5 0 112v19c0 7.4 3.4 14.3 9.2 18.9 30.6 23.9 40.7 32.4 173.4 128.7 16.8 12.2 50.2 41.8 73.4 41.4z\"><\/path><\/svg>\t\t\t\t\t\t<\/span>\n\t\t\t\t\t\t\t\t\t\t<span class=\"elementor-icon-list-text\">rendelo@dnpdental.hu<\/span>\n\t\t\t\t\t\t\t\t\t<\/li>\n\t\t\t\t\t\t\t\t<li class=\"elementor-icon-list-item\">\n\t\t\t\t\t\t\t\t\t\t\t<span class=\"elementor-icon-list-icon\">\n\t\t\t\t\t\t\t<svg aria-hidden=\"true\" class=\"e-font-icon-svg e-fas-map-marker-alt\" viewbox=\"0 0 384 512\" xmlns=\"http:\/\/www.w3.org\/2000\/svg\"><path d=\"M172.268 501.67C26.97 291.031 0 269.413 0 192 0 85.961 85.961 0 192 0s192 85.961 192 192c0 77.413-26.97 99.031-172.268 309.67-9.535 13.774-29.93 13.773-39.464 0zM192 272c44.183 0 80-35.817 80-80s-35.817-80-80-80-80 35.817-80 80 35.817 80 80 80z\"><\/path><\/svg>\t\t\t\t\t\t<\/span>\n\t\t\t\t\t\t\t\t\t\t<span class=\"elementor-icon-list-text\">1115 Budapest, Bart\u00f3k B\u00e9la \u00fat 90. 1-\u0439 \u044d\u0442\u0430\u0436<\/span>\n\t\t\t\t\t\t\t\t\t<\/li>\n\t\t\t\t\t\t<\/ul>\n\t\t\t\t\t\t<\/div>\n\t\t\t\t<div class=\"elementor-element elementor-element-38f695d elementor-widget elementor-widget-heading\" data-id=\"38f695d\" data-element_type=\"widget\" data-widget_type=\"heading.default\">\n\t\t\t\t\t<h2 class=\"elementor-heading-title elementor-size-default\">\u0412\u0440\u0435\u043c\u044f \u0440\u0430\u0431\u043e\u0442\u044b<\/h2>\t\t\t\t<\/div>\n\t\t\t\t<div class=\"elementor-element elementor-element-bef11ce elementor-icon-list--layout-traditional elementor-list-item-link-full_width elementor-widget elementor-widget-icon-list\" data-id=\"bef11ce\" data-element_type=\"widget\" data-widget_type=\"icon-list.default\">\n\t\t\t\t\t\t\t<ul class=\"elementor-icon-list-items\">\n\t\t\t\t\t\t\t<li class=\"elementor-icon-list-item\">\n\t\t\t\t\t\t\t\t\t\t<span class=\"elementor-icon-list-text\">\u041f\u043e\u043d\u0435\u0434\u0435\u043b\u044c\u043d\u0438\u043a - \u0421\u0443\u0431\u0431\u043e\u0442\u0430: 8:00 - 20:00<\/span>\n\t\t\t\t\t\t\t\t\t<\/li>\n\t\t\t\t\t\t<\/ul>\n\t\t\t\t\t\t<\/div>\n\t\t\t\t<\/div>\n\t\t\t\t<\/div>\n\t\t<div class=\"elementor-element elementor-element-60d4777 e-con-full e-flex e-con e-child\" data-id=\"60d4777\" data-element_type=\"container\">\n\t\t\t\t<div class=\"elementor-element elementor-element-3e55ee3 elementor-widget elementor-widget-heading\" data-id=\"3e55ee3\" data-element_type=\"widget\" data-widget_type=\"heading.default\">\n\t\t\t\t\t<h1 class=\"elementor-heading-title elementor-size-default\">Dr. Nyorba Peter<\/h1>\t\t\t\t<\/div>\n\t\t\t\t<div class=\"elementor-element elementor-element-003947e elementor-widget elementor-widget-heading\" data-id=\"003947e\" data-element_type=\"widget\" data-widget_type=\"heading.default\">\n\t\t\t\t\t<p class=\"elementor-heading-title elementor-size-default\">\u041c\u0435\u0434\u0438\u0446\u0438\u043d\u0441\u043a\u0438\u0439 \u0440\u0443\u043a\u043e\u0432\u043e\u0434\u0438\u0442\u0435\u043b\u044c<\/p>\t\t\t\t<\/div>\n\t\t\t\t<div class=\"elementor-element elementor-element-be89a2e elementor-widget elementor-widget-heading\" data-id=\"be89a2e\" data-element_type=\"widget\" data-widget_type=\"heading.default\">\n\t\t\t\t\t<h2 class=\"elementor-heading-title elementor-size-default\">\u0411\u0438\u043e\u0433\u0440\u0430\u0444\u0438\u044f<\/h2>\t\t\t\t<\/div>\n\t\t\t\t<div class=\"elementor-element elementor-element-edbf85c elementor-widget elementor-widget-text-editor\" data-id=\"edbf85c\" data-element_type=\"widget\" data-widget_type=\"text-editor.default\">\n\t\t\t\t\t\t\t\t\t<div class=\"doctor-details-area section\"><div class=\"container\"><div class=\"row\"><div class=\"col-lg-7\"><div class=\"doctor-details-item\"><div class=\"doctor-details-right\"><div class=\"doctor-details-biography\"><p>\u041a\u0430\u0447\u0435\u0441\u0442\u0432\u043e \u043e\u0441\u043d\u043e\u0432\u0430\u043d\u043e \u043d\u0430 \u043e\u043f\u044b\u0442\u0435 \u0438 \u0437\u043d\u0430\u043d\u0438\u044f\u0445. \u042f \u043b\u044e\u0431\u043b\u044e \u0441\u0432\u043e\u044e \u0440\u0430\u0431\u043e\u0442\u0443 \u0438 \u0445\u043e\u0447\u0443, \u0447\u0442\u043e\u0431\u044b \u043c\u043e\u0438 \u043f\u0430\u0446\u0438\u0435\u043d\u0442\u044b \u0431\u044b\u043b\u0438 \u0434\u043e\u0432\u043e\u043b\u044c\u043d\u044b! \u042f \u0440\u0435\u0433\u0443\u043b\u044f\u0440\u043d\u043e \u043f\u0440\u043e\u0445\u043e\u0436\u0443 \u043a\u0443\u0440\u0441\u044b \u043f\u043e\u0432\u044b\u0448\u0435\u043d\u0438\u044f \u043a\u0432\u0430\u043b\u0438\u0444\u0438\u043a\u0430\u0446\u0438\u0438, \u0447\u0442\u043e\u0431\u044b \u0432\u0441\u0435\u0433\u0434\u0430 \u043f\u0440\u0435\u0434\u043b\u0430\u0433\u0430\u0442\u044c \u0441\u0432\u043e\u0438\u043c \u043f\u0430\u0446\u0438\u0435\u043d\u0442\u0430\u043c \u0441\u0430\u043c\u044b\u0435 \u043a\u0430\u0447\u0435\u0441\u0442\u0432\u0435\u043d\u043d\u044b\u0435 \u0438 \u0441\u043e\u0432\u0440\u0435\u043c\u0435\u043d\u043d\u044b\u0435 \u0440\u0435\u0448\u0435\u043d\u0438\u044f \u0438 \u0437\u0430\u0441\u043b\u0443\u0436\u0438\u0442\u044c \u0438\u0445 \u0434\u043e\u0432\u0435\u0440\u0438\u0435. \u0412 1994 \u0433\u043e\u0434\u0443 \u044f \u043e\u043a\u043e\u043d\u0447\u0438\u043b \u0441\u0442\u043e\u043c\u0430\u0442\u043e\u043b\u043e\u0433\u0438\u0447\u0435\u0441\u043a\u0438\u0439 \u0444\u0430\u043a\u0443\u043b\u044c\u0442\u0435\u0442 \u0421\u043c\u043e\u043b\u0435\u043d\u0441\u043a\u043e\u0433\u043e \u043c\u0435\u0434\u0438\u0446\u0438\u043d\u0441\u043a\u043e\u0433\u043e \u0443\u043d\u0438\u0432\u0435\u0440\u0441\u0438\u0442\u0435\u0442\u0430 \u0432 \u0420\u043e\u0441\u0441\u0438\u0438, \u043f\u043e\u0441\u043b\u0435 \u0447\u0435\u0433\u043e \u0442\u0430\u043a\u0436\u0435 \u0441\u0434\u0430\u043b \u0441\u043f\u0435\u0446\u0438\u0430\u043b\u044c\u043d\u044b\u0435 \u044d\u043a\u0437\u0430\u043c\u0435\u043d\u044b \u043f\u043e \u0441\u0442\u043e\u043c\u0430\u0442\u043e\u043b\u043e\u0433\u0438\u0447\u0435\u0441\u043a\u043e\u0439 \u0445\u0438\u0440\u0443\u0440\u0433\u0438\u0438, \u0430 \u0442\u0430\u043a\u0436\u0435 \u0432 \u043e\u0431\u043b\u0430\u0441\u0442\u0438 \u043a\u043e\u043d\u0441\u0435\u0440\u0432\u0430\u0446\u0438\u0438 \u0438 \u043f\u0440\u043e\u0442\u0435\u0437\u0438\u0440\u043e\u0432\u0430\u043d\u0438\u044f \u0437\u0443\u0431\u043e\u0432. \u0412 2006 \u0433\u043e\u0434\u0443 \u044f \u043f\u043e\u043b\u0443\u0447\u0438\u043b \u0434\u0438\u043f\u043b\u043e\u043c \u0441\u0442\u043e\u043c\u0430\u0442\u043e\u043b\u043e\u0433\u0430 \u0432 \u041c\u0435\u0434\u0438\u0446\u0438\u043d\u0441\u043a\u043e\u043c \u0443\u043d\u0438\u0432\u0435\u0440\u0441\u0438\u0442\u0435\u0442\u0435 \u0417\u0435\u043c\u043c\u0435\u043b\u044c\u0432\u0430\u0439\u0441\u0430. \u0411\u043e\u043b\u0435\u0435 \u0434\u0435\u0441\u044f\u0442\u0438 \u043b\u0435\u0442 \u044f \u0440\u0430\u0431\u043e\u0442\u0430\u043b \u0432 \u043c\u0435\u0434\u0438\u0446\u0438\u043d\u0441\u043a\u043e\u043c \u0446\u0435\u043d\u0442\u0440\u0435 \"\u0420\u0435\u0430\u043b\" \u0438 \u0437\u0430\u043d\u0438\u043c\u0430\u043b\u0441\u044f \u0447\u0430\u0441\u0442\u043d\u043e\u0439 \u043f\u0440\u0430\u043a\u0442\u0438\u043a\u043e\u0439 \u0432 \u041c\u043e\u0441\u043a\u0432\u0435. \u042f \u0441\u043f\u0435\u0446\u0438\u0430\u043b\u0438\u0437\u0438\u0440\u0443\u044e\u0441\u044c \u043d\u0430 \u043e\u0431\u0449\u0435\u0439 \u0441\u0442\u043e\u043c\u0430\u0442\u043e\u043b\u043e\u0433\u0438\u0438, \u0432\u043a\u043b\u044e\u0447\u0430\u044f \u0433\u0438\u0433\u0438\u0435\u043d\u0443 \u043f\u043e\u043b\u043e\u0441\u0442\u0438 \u0440\u0442\u0430, \u044d\u0441\u0442\u0435\u0442\u0438\u043a\u0443 \u0438 \u043f\u0440\u043e\u0444\u0438\u043b\u0430\u043a\u0442\u0438\u043a\u0443, \u044d\u043d\u0434\u043e\u0434\u043e\u043d\u0442\u0438\u044e, \u043a\u043e\u043c\u0431\u0438\u043d\u0438\u0440\u043e\u0432\u0430\u043d\u043d\u044b\u0435 \u043e\u043f\u0435\u0440\u0430\u0446\u0438\u0438, \u0448\u043b\u0438\u0444\u043e\u0432\u043a\u0443, \u043a\u043e\u043d\u0441\u0435\u0440\u0432\u0438\u0440\u0443\u044e\u0449\u0443\u044e \u0441\u0442\u043e\u043c\u0430\u0442\u043e\u043b\u043e\u0433\u0438\u044e, \u043f\u0440\u043e\u0442\u0435\u0437\u0438\u0440\u043e\u0432\u0430\u043d\u0438\u0435, \u0445\u0438\u0440\u0443\u0440\u0433\u0438\u044e \u043f\u043e\u043b\u043e\u0441\u0442\u0438 \u0440\u0442\u0430, \u043f\u0430\u0440\u043e\u0434\u043e\u043d\u0442\u043e\u043b\u043e\u0433\u0438\u0447\u0435\u0441\u043a\u043e\u0435 \u043b\u0435\u0447\u0435\u043d\u0438\u0435.\n\u0412 \u0441\u0432\u043e\u0431\u043e\u0434\u043d\u043e\u0435 \u0432\u0440\u0435\u043c\u044f \u044f \u0437\u0430\u043d\u0438\u043c\u0430\u044e\u0441\u044c \u043f\u043b\u0430\u0432\u0430\u043d\u0438\u0435\u043c \u0438 \u0441 \u0443\u0434\u043e\u0432\u043e\u043b\u044c\u0441\u0442\u0432\u0438\u0435\u043c \u0447\u0438\u0442\u0430\u044e \u0441\u0442\u0430\u0442\u044c\u0438 \u0438 \u043a\u043d\u0438\u0433\u0438, \u0441\u0432\u044f\u0437\u0430\u043d\u043d\u044b\u0435 \u0441 \u043e\u0441\u0432\u043e\u0435\u043d\u0438\u0435\u043c \u043a\u043e\u0441\u043c\u043e\u0441\u0430 \u0438 \u043c\u0438\u0440\u043e\u0432\u043e\u0439 \u0438\u0441\u0442\u043e\u0440\u0438\u0435\u0439. \u042f \u0433\u043e\u0432\u043e\u0440\u044e \u043f\u043e-\u0440\u0443\u0441\u0441\u043a\u0438 \u043d\u0430 \u0440\u043e\u0434\u043d\u043e\u043c \u0443\u0440\u043e\u0432\u043d\u0435 \u0438 \u043f\u043e-\u043d\u0435\u043c\u0435\u0446\u043a\u0438 \u043d\u0430 \u0441\u0440\u0435\u0434\u043d\u0435\u043c \u0443\u0440\u043e\u0432\u043d\u0435.<\/p><\/div><\/div><\/div><\/div><\/div><\/div><\/div><footer id=\"footer\" class=\"footer\"><div class=\"footer-top\"><div class=\"container\"><div class=\"row\"><div class=\"col-lg-4 col-md-6 col-12\"><div class=\"single-footer\">\u00a0<\/div><\/div><\/div><\/div><\/div><\/footer>\t\t\t\t\t\t\t\t<\/div>\n\t\t\t\t<\/div>\n\t\t\t\t\t<\/div>\n\t\t\t\t<\/div>\n\t\t\t\t<\/div>","protected":false},"excerpt":{"rendered":"<p>Kapcsolati adatok +36 70 613 6646 rendelo@dnpdental.hu 1115 Budapest, Bart\u00f3k B\u00e9la \u00fat 90. 1. emelet Rendel\u00e9si id\u0151 H\u00e9tf\u0151-Szombat: 8:00-20:00 Dr. Nyorba P\u00e9ter Szakmai Vezet\u0151 \u00c9letrajz A min\u0151s\u00e9g alapja a tapasztalat \u00e9s a tud\u00e1s. Szeretem a munk\u00e1mat \u00e9s szeretem p\u00e1cienseim el\u00e9gedetts\u00e9g\u00e9t! Rendszeres tov\u00e1bbk\u00e9pz\u00e9seken veszek r\u00e9szt, hogy mindig a legjobb min\u0151s\u00e9g\u0171 \u00e9s legkorszer\u0171bb megold\u00e1st tudjam ny\u00fajtani betegeim &#8230; <a title=\"Dr. Nyorba Peter\" class=\"read-more\" href=\"https:\/\/dnpdental.hu\/ru\/dr_nyorba_peter\/\" aria-label=\"\u041f\u0440\u043e\u0447\u0438\u0442\u0430\u0442\u044c \u0431\u043e\u043b\u044c\u0448\u0435 \u043e Dr. Nyorba Peter\">\u0427\u0438\u0442\u0430\u0442\u044c \u0434\u0430\u043b\u0435\u0435<\/a><\/p>","protected":false},"author":1,"featured_media":0,"parent":0,"menu_order":0,"comment_status":"closed","ping_status":"closed","template":"elementor_header_footer","meta":{"footnotes":""},"class_list":["post-489","page","type-page","status-publish"],"yoast_head":"<!-- This site is optimized with the Yoast SEO Premium plugin v26.2 (Yoast SEO v26.5) - https:\/\/yoast.com\/wordpress\/plugins\/seo\/ -->\n<title>Dr. Nyorba Peter - DNP Dental<\/title>\n<meta name=\"robots\" content=\"index, follow, max-snippet:-1, max-image-preview:large, max-video-preview:-1\" \/>\n<link rel=\"canonical\" href=\"https:\/\/dnpdental.hu\/ru\/dr_nyorba_peter\/\" \/>\n<meta property=\"og:locale\" content=\"ru_RU\" \/>\n<meta property=\"og:type\" content=\"article\" \/>\n<meta property=\"og:title\" content=\"Dr. Nyorba Peter\" \/>\n<meta property=\"og:description\" content=\"Kapcsolati adatok +36 70 613 6646 rendelo@dnpdental.hu 1115 Budapest, Bart\u00f3k B\u00e9la \u00fat 90. 1. emelet Rendel\u00e9si id\u0151 H\u00e9tf\u0151-Szombat: 8:00-20:00 Dr. Nyorba P\u00e9ter Szakmai Vezet\u0151 \u00c9letrajz A min\u0151s\u00e9g alapja a tapasztalat \u00e9s a tud\u00e1s. Szeretem a munk\u00e1mat \u00e9s szeretem p\u00e1cienseim el\u00e9gedetts\u00e9g\u00e9t! Rendszeres tov\u00e1bbk\u00e9pz\u00e9seken veszek r\u00e9szt, hogy mindig a legjobb min\u0151s\u00e9g\u0171 \u00e9s legkorszer\u0171bb megold\u00e1st tudjam ny\u00fajtani betegeim ... \u0427\u0438\u0442\u0430\u0442\u044c \u0434\u0430\u043b\u0435\u0435\" \/>\n<meta property=\"og:url\" content=\"https:\/\/dnpdental.hu\/ru\/dr_nyorba_peter\/\" \/>\n<meta property=\"og:site_name\" content=\"DNP Dental\" \/>\n<meta property=\"article:modified_time\" content=\"2025-11-24T13:05:51+00:00\" \/>\n<meta property=\"og:image\" content=\"https:\/\/dnpdental.hu\/wp-content\/uploads\/2025\/10\/Dr_Nyorba_Peter.webp\" \/>\n\t<meta property=\"og:image:width\" content=\"600\" \/>\n\t<meta property=\"og:image:height\" content=\"900\" \/>\n\t<meta property=\"og:image:type\" content=\"image\/webp\" \/>\n<meta name=\"twitter:card\" content=\"summary_large_image\" \/>\n<meta name=\"twitter:label1\" content=\"\u041f\u0440\u0438\u043c\u0435\u0440\u043d\u043e\u0435 \u0432\u0440\u0435\u043c\u044f \u0434\u043b\u044f \u0447\u0442\u0435\u043d\u0438\u044f\" \/>\n\t<meta name=\"twitter:data1\" content=\"1 \u043c\u0438\u043d\u0443\u0442\u0430\" \/>\n<script type=\"application\/ld+json\" class=\"yoast-schema-graph\">{\"@context\":\"https:\/\/schema.org\",\"@graph\":[{\"@type\":\"WebPage\",\"@id\":\"https:\/\/dnpdental.hu\/dr_nyorba_peter\/\",\"url\":\"https:\/\/dnpdental.hu\/dr_nyorba_peter\/\",\"name\":\"Dr. Nyorba Peter - DNP Dental\",\"isPartOf\":{\"@id\":\"https:\/\/dnpdental.hu\/#website\"},\"primaryImageOfPage\":{\"@id\":\"https:\/\/dnpdental.hu\/dr_nyorba_peter\/#primaryimage\"},\"image\":{\"@id\":\"https:\/\/dnpdental.hu\/dr_nyorba_peter\/#primaryimage\"},\"thumbnailUrl\":\"https:\/\/dnpdental.hu\/wp-content\/uploads\/2025\/10\/Dr_Nyorba_Peter.webp\",\"datePublished\":\"2025-10-31T09:41:09+00:00\",\"dateModified\":\"2025-11-24T13:05:51+00:00\",\"breadcrumb\":{\"@id\":\"https:\/\/dnpdental.hu\/dr_nyorba_peter\/#breadcrumb\"},\"inLanguage\":\"ru-RU\",\"potentialAction\":[{\"@type\":\"ReadAction\",\"target\":[\"https:\/\/dnpdental.hu\/dr_nyorba_peter\/\"]}]},{\"@type\":\"ImageObject\",\"inLanguage\":\"ru-RU\",\"@id\":\"https:\/\/dnpdental.hu\/dr_nyorba_peter\/#primaryimage\",\"url\":\"https:\/\/dnpdental.hu\/wp-content\/uploads\/2025\/10\/Dr_Nyorba_Peter.webp\",\"contentUrl\":\"https:\/\/dnpdental.hu\/wp-content\/uploads\/2025\/10\/Dr_Nyorba_Peter.webp\"},{\"@type\":\"BreadcrumbList\",\"@id\":\"https:\/\/dnpdental.hu\/dr_nyorba_peter\/#breadcrumb\",\"itemListElement\":[{\"@type\":\"ListItem\",\"position\":1,\"name\":\"Kezd\u0151lap\",\"item\":\"https:\/\/dnpdental.hu\/\"},{\"@type\":\"ListItem\",\"position\":2,\"name\":\"Dr. Nyorba Peter\"}]},{\"@type\":\"WebSite\",\"@id\":\"https:\/\/dnpdental.hu\/#website\",\"url\":\"https:\/\/dnpdental.hu\/\",\"name\":\"DNP Dental\",\"description\":\"\",\"publisher\":{\"@id\":\"https:\/\/dnpdental.hu\/#organization\"},\"potentialAction\":[{\"@type\":\"SearchAction\",\"target\":{\"@type\":\"EntryPoint\",\"urlTemplate\":\"https:\/\/dnpdental.hu\/?s={search_term_string}\"},\"query-input\":{\"@type\":\"PropertyValueSpecification\",\"valueRequired\":true,\"valueName\":\"search_term_string\"}}],\"inLanguage\":\"ru-RU\"},{\"@type\":\"Organization\",\"@id\":\"https:\/\/dnpdental.hu\/#organization\",\"name\":\"DNP Dental\",\"url\":\"https:\/\/dnpdental.hu\/\",\"logo\":{\"@type\":\"ImageObject\",\"inLanguage\":\"ru-RU\",\"@id\":\"https:\/\/dnpdental.hu\/#\/schema\/logo\/image\/\",\"url\":\"https:\/\/dnpdental.hu\/wp-content\/uploads\/2025\/11\/DNP-10_mini.webp\",\"contentUrl\":\"https:\/\/dnpdental.hu\/wp-content\/uploads\/2025\/11\/DNP-10_mini.webp\",\"width\":420,\"height\":202,\"caption\":\"DNP Dental\"},\"image\":{\"@id\":\"https:\/\/dnpdental.hu\/#\/schema\/logo\/image\/\"}}]}<\/script>\n<!-- \/ Yoast SEO Premium plugin. -->","yoast_head_json":{"title":"Dr. Nyorba Peter - DNP Dental","robots":{"index":"index","follow":"follow","max-snippet":"max-snippet:-1","max-image-preview":"max-image-preview:large","max-video-preview":"max-video-preview:-1"},"canonical":"https:\/\/dnpdental.hu\/ru\/dr_nyorba_peter\/","og_locale":"ru_RU","og_type":"article","og_title":"Dr. Nyorba Peter","og_description":"Kapcsolati adatok +36 70 613 6646 rendelo@dnpdental.hu 1115 Budapest, Bart\u00f3k B\u00e9la \u00fat 90. 1. emelet Rendel\u00e9si id\u0151 H\u00e9tf\u0151-Szombat: 8:00-20:00 Dr. Nyorba P\u00e9ter Szakmai Vezet\u0151 \u00c9letrajz A min\u0151s\u00e9g alapja a tapasztalat \u00e9s a tud\u00e1s. Szeretem a munk\u00e1mat \u00e9s szeretem p\u00e1cienseim el\u00e9gedetts\u00e9g\u00e9t! Rendszeres tov\u00e1bbk\u00e9pz\u00e9seken veszek r\u00e9szt, hogy mindig a legjobb min\u0151s\u00e9g\u0171 \u00e9s legkorszer\u0171bb megold\u00e1st tudjam ny\u00fajtani betegeim ... \u0427\u0438\u0442\u0430\u0442\u044c \u0434\u0430\u043b\u0435\u0435","og_url":"https:\/\/dnpdental.hu\/ru\/dr_nyorba_peter\/","og_site_name":"DNP Dental","article_modified_time":"2025-11-24T13:05:51+00:00","og_image":[{"width":600,"height":900,"url":"https:\/\/dnpdental.hu\/wp-content\/uploads\/2025\/10\/Dr_Nyorba_Peter.webp","type":"image\/webp"}],"twitter_card":"summary_large_image","twitter_misc":{"\u041f\u0440\u0438\u043c\u0435\u0440\u043d\u043e\u0435 \u0432\u0440\u0435\u043c\u044f \u0434\u043b\u044f \u0447\u0442\u0435\u043d\u0438\u044f":"1 \u043c\u0438\u043d\u0443\u0442\u0430"},"schema":{"@context":"https:\/\/schema.org","@graph":[{"@type":"WebPage","@id":"https:\/\/dnpdental.hu\/dr_nyorba_peter\/","url":"https:\/\/dnpdental.hu\/dr_nyorba_peter\/","name":"Dr. Nyorba Peter - DNP Dental","isPartOf":{"@id":"https:\/\/dnpdental.hu\/#website"},"primaryImageOfPage":{"@id":"https:\/\/dnpdental.hu\/dr_nyorba_peter\/#primaryimage"},"image":{"@id":"https:\/\/dnpdental.hu\/dr_nyorba_peter\/#primaryimage"},"thumbnailUrl":"https:\/\/dnpdental.hu\/wp-content\/uploads\/2025\/10\/Dr_Nyorba_Peter.webp","datePublished":"2025-10-31T09:41:09+00:00","dateModified":"2025-11-24T13:05:51+00:00","breadcrumb":{"@id":"https:\/\/dnpdental.hu\/dr_nyorba_peter\/#breadcrumb"},"inLanguage":"ru-RU","potentialAction":[{"@type":"ReadAction","target":["https:\/\/dnpdental.hu\/dr_nyorba_peter\/"]}]},{"@type":"ImageObject","inLanguage":"ru-RU","@id":"https:\/\/dnpdental.hu\/dr_nyorba_peter\/#primaryimage","url":"https:\/\/dnpdental.hu\/wp-content\/uploads\/2025\/10\/Dr_Nyorba_Peter.webp","contentUrl":"https:\/\/dnpdental.hu\/wp-content\/uploads\/2025\/10\/Dr_Nyorba_Peter.webp"},{"@type":"BreadcrumbList","@id":"https:\/\/dnpdental.hu\/dr_nyorba_peter\/#breadcrumb","itemListElement":[{"@type":"ListItem","position":1,"name":"Kezd\u0151lap","item":"https:\/\/dnpdental.hu\/"},{"@type":"ListItem","position":2,"name":"Dr. Nyorba Peter"}]},{"@type":"WebSite","@id":"https:\/\/dnpdental.hu\/#website","url":"https:\/\/dnpdental.hu\/","name":"DNP Dental","description":"","publisher":{"@id":"https:\/\/dnpdental.hu\/#organization"},"potentialAction":[{"@type":"SearchAction","target":{"@type":"EntryPoint","urlTemplate":"https:\/\/dnpdental.hu\/?s={search_term_string}"},"query-input":{"@type":"PropertyValueSpecification","valueRequired":true,"valueName":"search_term_string"}}],"inLanguage":"ru-RU"},{"@type":"Organization","@id":"https:\/\/dnpdental.hu\/#organization","name":"DNP Dental","url":"https:\/\/dnpdental.hu\/","logo":{"@type":"ImageObject","inLanguage":"ru-RU","@id":"https:\/\/dnpdental.hu\/#\/schema\/logo\/image\/","url":"https:\/\/dnpdental.hu\/wp-content\/uploads\/2025\/11\/DNP-10_mini.webp","contentUrl":"https:\/\/dnpdental.hu\/wp-content\/uploads\/2025\/11\/DNP-10_mini.webp","width":420,"height":202,"caption":"DNP Dental"},"image":{"@id":"https:\/\/dnpdental.hu\/#\/schema\/logo\/image\/"}}]}},"_links":{"self":[{"href":"https:\/\/dnpdental.hu\/ru\/wp-json\/wp\/v2\/pages\/489","targetHints":{"allow":["GET"]}}],"collection":[{"href":"https:\/\/dnpdental.hu\/ru\/wp-json\/wp\/v2\/pages"}],"about":[{"href":"https:\/\/dnpdental.hu\/ru\/wp-json\/wp\/v2\/types\/page"}],"author":[{"embeddable":true,"href":"https:\/\/dnpdental.hu\/ru\/wp-json\/wp\/v2\/users\/1"}],"replies":[{"embeddable":true,"href":"https:\/\/dnpdental.hu\/ru\/wp-json\/wp\/v2\/comments?post=489"}],"version-history":[{"count":19,"href":"https:\/\/dnpdental.hu\/ru\/wp-json\/wp\/v2\/pages\/489\/revisions"}],"predecessor-version":[{"id":2037,"href":"https:\/\/dnpdental.hu\/ru\/wp-json\/wp\/v2\/pages\/489\/revisions\/2037"}],"wp:attachment":[{"href":"https:\/\/dnpdental.hu\/ru\/wp-json\/wp\/v2\/media?parent=489"}],"curies":[{"name":"wp","href":"https:\/\/api.w.org\/{rel}","templated":true}]}}