{"id":61,"date":"2025-10-29T13:21:22","date_gmt":"2025-10-29T12:21:22","guid":{"rendered":"https:\/\/newsite.dnpdental.hu\/?page_id=61"},"modified":"2026-01-26T14:23:45","modified_gmt":"2026-01-26T13:23:45","slug":"konzultacio","status":"publish","type":"page","link":"https:\/\/dnpdental.hu\/ru\/konzultacio\/","title":{"rendered":"\u041a\u043e\u043d\u0441\u0443\u043b\u044c\u0442\u0430\u0446\u0438\u044f \u0441\u0442\u043e\u043c\u0430\u0442\u043e\u043b\u043e\u0433\u0430, \u041e\u0446\u0435\u043d\u043a\u0430 \u0441\u043e\u0441\u0442\u043e\u044f\u043d\u0438\u044f \u0437\u0443\u0431\u043e\u0432"},"content":{"rendered":"<div data-elementor-type=\"wp-page\" data-elementor-id=\"61\" class=\"elementor elementor-61\" data-elementor-post-type=\"page\">\n\t\t\t\t<div class=\"elementor-element elementor-element-d6f644b e-flex e-con-boxed e-con e-parent\" data-id=\"d6f644b\" data-element_type=\"container\">\n\t\t\t\t\t<div class=\"e-con-inner\">\n\t\t<div class=\"elementor-element elementor-element-e0a66bb e-con-full e-flex e-con e-child\" data-id=\"e0a66bb\" data-element_type=\"container\">\n\t\t<div class=\"elementor-element elementor-element-88ba8b7 e-con-full e-flex e-con e-child\" data-id=\"88ba8b7\" data-element_type=\"container\">\n\t\t<div class=\"elementor-element elementor-element-e8b6cd0 e-con-full e-flex e-con e-child\" data-id=\"e8b6cd0\" data-element_type=\"container\">\n\t\t\t\t<div class=\"elementor-element elementor-element-781f15b elementor-widget elementor-widget-heading\" data-id=\"781f15b\" data-element_type=\"widget\" data-widget_type=\"heading.default\">\n\t\t\t\t\t<h1 class=\"elementor-heading-title elementor-size-default\">\u041a\u043e\u043d\u0441\u0443\u043b\u044c\u0442\u0430\u0446\u0438\u044f \u0441\u0442\u043e\u043c\u0430\u0442\u043e\u043b\u043e\u0433\u0430, \u043e\u0446\u0435\u043d\u043a\u0430 \u0441\u043e\u0441\u0442\u043e\u044f\u043d\u0438\u044f \u0437\u0443\u0431\u043e\u0432<\/h1>\t\t\t\t<\/div>\n\t\t\t\t<div class=\"elementor-element elementor-element-eabb3f8 elementor-widget elementor-widget-heading\" data-id=\"eabb3f8\" data-element_type=\"widget\" data-widget_type=\"heading.default\">\n\t\t\t\t\t<h2 class=\"elementor-heading-title elementor-size-default\">\u041f\u043e\u0447\u0435\u043c\u0443 \u0432\u0430\u0436\u0435\u043d \u0440\u0435\u0433\u0443\u043b\u044f\u0440\u043d\u044b\u0439 \u0441\u0442\u043e\u043c\u0430\u0442\u043e\u043b\u043e\u0433\u0438\u0447\u0435\u0441\u043a\u0438\u0439 \u043e\u0441\u043c\u043e\u0442\u0440?<\/h2>\t\t\t\t<\/div>\n\t\t\t\t<div class=\"elementor-element elementor-element-52ab2cf elementor-widget elementor-widget-text-editor\" data-id=\"52ab2cf\" data-element_type=\"widget\" data-widget_type=\"text-editor.default\">\n\t\t\t\t\t\t\t\t\t<p class=\"translation-block\">\u0414\u043b\u044f \u043f\u043e\u0434\u0434\u0435\u0440\u0436\u0430\u043d\u0438\u044f \u043d\u0430\u0448\u0435\u0433\u043e \u0437\u0434\u043e\u0440\u043e\u0432\u044c\u044f \u043d\u0435\u043e\u0431\u0445\u043e\u0434\u0438\u043c\u044b \u0440\u0435\u0433\u0443\u043b\u044f\u0440\u043d\u044b\u0435 \u043c\u0435\u0434\u0438\u0446\u0438\u043d\u0441\u043a\u0438\u0435 \u043e\u0431\u0441\u043b\u0435\u0434\u043e\u0432\u0430\u043d\u0438\u044f, \u043d\u0435\u043e\u0442\u044a\u0435\u043c\u043b\u0435\u043c\u043e\u0439 \u0447\u0430\u0441\u0442\u044c\u044e \u043a\u043e\u0442\u043e\u0440\u044b\u0445 \u044f\u0432\u043b\u044f\u0435\u0442\u0441\u044f \u0438 \u0441\u0442\u043e\u043c\u0430\u0442\u043e\u043b\u043e\u0433\u0438\u0447\u0435\u0441\u043a\u0438\u0439 \u043e\u0441\u043c\u043e\u0442\u0440. \u0422\u0435\u043c \u043d\u0435 \u043c\u0435\u043d\u0435\u0435, \u043c\u043d\u043e\u0433\u0438\u0435 \u043e\u0431\u0440\u0430\u0449\u0430\u044e\u0442\u0441\u044f \u043a \u0441\u0442\u043e\u043c\u0430\u0442\u043e\u043b\u043e\u0433\u0443 \u0442\u043e\u043b\u044c\u043a\u043e \u043f\u0440\u0438 \u043f\u043e\u044f\u0432\u043b\u0435\u043d\u0438\u0438 \u0431\u043e\u043b\u0435\u0437\u043d\u0435\u043d\u043d\u044b\u0445 \u0441\u0438\u043c\u043f\u0442\u043e\u043c\u043e\u0432. \u041e\u0434\u043d\u0430\u043a\u043e \u0438\u043c\u0435\u043d\u043d\u043e \u044d\u0442\u0438 \u043e\u0431\u0441\u043b\u0435\u0434\u043e\u0432\u0430\u043d\u0438\u044f \u0441\u043b\u0443\u0436\u0430\u0442 \u0434\u043b\u044f \u0440\u0430\u043d\u043d\u0435\u0433\u043e \u0432\u044b\u044f\u0432\u043b\u0435\u043d\u0438\u044f \u0441\u0442\u043e\u043c\u0430\u0442\u043e\u043b\u043e\u0433\u0438\u0447\u0435\u0441\u043a\u0438\u0445 \u0437\u0430\u0431\u043e\u043b\u0435\u0432\u0430\u043d\u0438\u0439, \u0447\u0442\u043e\u0431\u044b \u043f\u0440\u0435\u0434\u043e\u0442\u0432\u0440\u0430\u0442\u0438\u0442\u044c \u0441\u0435\u0440\u044c\u0435\u0437\u043d\u044b\u0435 \u0438\u0437\u043c\u0435\u043d\u0435\u043d\u0438\u044f, \u043a\u043e\u0442\u043e\u0440\u044b\u0435 \u0432 \u0431\u043e\u043b\u044c\u0448\u0438\u043d\u0441\u0442\u0432\u0435 \u0441\u043b\u0443\u0447\u0430\u0435\u0432 \u0443\u0436\u0435 \u0441\u0442\u0430\u043d\u043e\u0432\u044f\u0442\u0441\u044f \u043d\u0435\u043e\u0431\u0440\u0430\u0442\u0438\u043c\u044b\u043c\u0438.<\/p><p class=\"translation-block\">\u041d\u0430 \u043d\u0430\u0448\u0435\u0439 \u043a\u043b\u0438\u043d\u0438\u043a\u0435 \u0432\u0430\u043c \u043f\u043e\u043c\u043e\u0433\u0443\u0442 \u043a\u0432\u0430\u043b\u0438\u0444\u0438\u0446\u0438\u0440\u043e\u0432\u0430\u043d\u043d\u044b\u0435 \u0441\u043f\u0435\u0446\u0438\u0430\u043b\u0438\u0441\u0442\u044b.<\/p>\t\t\t\t\t\t\t\t<\/div>\n\t\t\t\t<\/div>\n\t\t\t\t<div class=\"elementor-element elementor-element-a909502 elementor-widget-tablet__width-inherit elementor-widget elementor-widget-image\" data-id=\"a909502\" data-element_type=\"widget\" data-widget_type=\"image.default\">\n\t\t\t\t\t\t\t\t\t\t\t\t\t\t\t<img fetchpriority=\"high\" decoding=\"async\" width=\"600\" height=\"400\" src=\"https:\/\/dnpdental.hu\/wp-content\/uploads\/2025\/10\/tooth-extraction_3.webp\" class=\"attachment-large size-large wp-image-701\" alt=\"\" srcset=\"https:\/\/dnpdental.hu\/wp-content\/uploads\/2025\/10\/tooth-extraction_3.webp 600w, https:\/\/dnpdental.hu\/wp-content\/uploads\/2025\/10\/tooth-extraction_3-300x200.webp 300w, https:\/\/dnpdental.hu\/wp-content\/uploads\/2025\/10\/tooth-extraction_3-18x12.webp 18w\" sizes=\"(max-width: 600px) 100vw, 600px\" \/>\t\t\t\t\t\t\t\t\t\t\t\t\t\t\t<\/div>\n\t\t\t\t<\/div>\n\t\t<div class=\"elementor-element elementor-element-caa559d e-con-full e-flex e-con e-child\" data-id=\"caa559d\" data-element_type=\"container\">\n\t\t\t\t<div class=\"elementor-element elementor-element-c9693cd elementor-widget__width-initial elementor-widget-mobile__width-inherit elementor-widget-tablet__width-inherit elementor-widget elementor-widget-image\" data-id=\"c9693cd\" data-element_type=\"widget\" data-widget_type=\"image.default\">\n\t\t\t\t\t\t\t\t\t\t\t\t\t\t\t<img decoding=\"async\" width=\"900\" height=\"600\" src=\"https:\/\/dnpdental.hu\/wp-content\/uploads\/2025\/10\/fogaszati-hidak-dentist-examining-female-patient-teeth-2.webp\" class=\"attachment-large size-large wp-image-705\" alt=\"\" srcset=\"https:\/\/dnpdental.hu\/wp-content\/uploads\/2025\/10\/fogaszati-hidak-dentist-examining-female-patient-teeth-2.webp 900w, https:\/\/dnpdental.hu\/wp-content\/uploads\/2025\/10\/fogaszati-hidak-dentist-examining-female-patient-teeth-2-300x200.webp 300w, https:\/\/dnpdental.hu\/wp-content\/uploads\/2025\/10\/fogaszati-hidak-dentist-examining-female-patient-teeth-2-768x512.webp 768w, https:\/\/dnpdental.hu\/wp-content\/uploads\/2025\/10\/fogaszati-hidak-dentist-examining-female-patient-teeth-2-18x12.webp 18w\" sizes=\"(max-width: 900px) 100vw, 900px\" \/>\t\t\t\t\t\t\t\t\t\t\t\t\t\t\t<\/div>\n\t\t<div class=\"elementor-element elementor-element-17f8ea2 e-con-full e-flex e-con e-child\" data-id=\"17f8ea2\" data-element_type=\"container\">\n\t\t\t\t<div class=\"elementor-element elementor-element-3bea6bc elementor-widget elementor-widget-heading\" data-id=\"3bea6bc\" data-element_type=\"widget\" data-widget_type=\"heading.default\">\n\t\t\t\t\t<h2 class=\"elementor-heading-title elementor-size-default\">\u0427\u0442\u043e \u0432\u043a\u043b\u044e\u0447\u0430\u0435\u0442 \u0432 \u0441\u0435\u0431\u044f \u0441\u0442\u043e\u043c\u0430\u0442\u043e\u043b\u043e\u0433\u0438\u0447\u0435\u0441\u043a\u0430\u044f \u043a\u043e\u043d\u0441\u0443\u043b\u044c\u0442\u0430\u0446\u0438\u044f \u0438 \u043e\u0441\u043c\u043e\u0442\u0440 \u0432 \u043d\u0430\u0448\u0435\u0439 \u043a\u043b\u0438\u043d\u0438\u043a\u0435?<\/h2>\t\t\t\t<\/div>\n\t\t\t\t<div class=\"elementor-element elementor-element-1598b15 elementor-widget elementor-widget-text-editor\" data-id=\"1598b15\" data-element_type=\"widget\" data-widget_type=\"text-editor.default\">\n\t\t\t\t\t\t\t\t\t<ul><li>\u0421\u043d\u044f\u0442\u0438\u0435 \u0446\u0438\u0444\u0440\u043e\u0432\u043e\u0433\u043e \u043f\u0430\u043d\u043e\u0440\u0430\u043c\u043d\u043e\u0433\u043e \u0440\u0435\u043d\u0442\u0433\u0435\u043d\u043e\u0432\u0441\u043a\u043e\u0433\u043e \u0441\u043d\u0438\u043c\u043a\u0430<\/li><li>\u041e\u0441\u043c\u043e\u0442\u0440 \u043f\u043e\u043b\u043e\u0441\u0442\u0438 \u0440\u0442\u0430<\/li><li>\u0418\u043d\u0434\u0438\u0432\u0438\u0434\u0443\u0430\u043b\u044c\u043d\u044b\u0435 \u0440\u0435\u043a\u043e\u043c\u0435\u043d\u0434\u0430\u0446\u0438\u0438 \u043f\u043e \u0433\u0438\u0433\u0438\u0435\u043d\u0435 \u043f\u043e\u043b\u043e\u0441\u0442\u0438 \u0440\u0442\u0430<\/li><li>\u0421\u043e\u0441\u0442\u0430\u0432\u043b\u0435\u043d\u0438\u0435 \u043f\u0435\u0440\u0441\u043e\u043d\u0430\u043b\u0438\u0437\u0438\u0440\u043e\u0432\u0430\u043d\u043d\u043e\u0433\u043e \u043f\u043b\u0430\u043d\u0430 \u043b\u0435\u0447\u0435\u043d\u0438\u044f \u2014 \u0435\u0441\u043b\u0438 \u044d\u0442\u043e \u043d\u0435\u043e\u0431\u0445\u043e\u0434\u0438\u043c\u043e<\/li><li>\u041e\u0431\u0441\u0443\u0436\u0434\u0435\u043d\u0438\u0435 \u0432\u0430\u0440\u0438\u0430\u043d\u0442\u043e\u0432 \u043b\u0435\u0447\u0435\u043d\u0438\u044f \u0438 \u0441\u0440\u043e\u043a\u043e\u0432 \u0435\u0433\u043e \u043f\u0440\u043e\u0432\u0435\u0434\u0435\u043d\u0438\u044f<\/li><\/ul>\t\t\t\t\t\t\t\t<\/div>\n\t\t\t\t<div class=\"elementor-element elementor-element-69df5af elementor-mobile-align-center elementor-tablet-align-center elementor-widget elementor-widget-button\" data-id=\"69df5af\" data-element_type=\"widget\" data-widget_type=\"button.default\">\n\t\t\t\t\t\t\t\t\t\t<a class=\"elementor-button elementor-button-link elementor-size-sm\" href=\"\/ru\/idopontfoglalas\/\">\n\t\t\t\t\t\t<span class=\"elementor-button-content-wrapper\">\n\t\t\t\t\t\t\t\t\t<span class=\"elementor-button-text\">\u041d\u0430\u0437\u043d\u0430\u0447\u044c\u0442\u0435 \u0432\u0441\u0442\u0440\u0435\u0447\u0443 \u0441 \u043d\u0430\u043c\u0438<\/span>\n\t\t\t\t\t<\/span>\n\t\t\t\t\t<\/a>\n\t\t\t\t\t\t\t\t<\/div>\n\t\t\t\t<\/div>\n\t\t\t\t<\/div>\n\t\t<div class=\"elementor-element elementor-element-5da70e5 e-con-full e-flex e-con e-child\" data-id=\"5da70e5\" data-element_type=\"container\">\n\t\t<div class=\"elementor-element elementor-element-0763eaf e-con-full e-flex e-con e-child\" data-id=\"0763eaf\" data-element_type=\"container\">\n\t\t\t\t<div class=\"elementor-element elementor-element-febe946 elementor-widget elementor-widget-heading\" data-id=\"febe946\" data-element_type=\"widget\" data-widget_type=\"heading.default\">\n\t\t\t\t\t<h2 class=\"elementor-heading-title elementor-size-default\">\u0421\u0442\u043e\u043c\u0430\u0442\u043e\u043b\u043e\u0433\u0438\u0447\u0435\u0441\u043a\u0430\u044f \u043a\u043e\u043d\u0441\u0443\u043b\u044c\u0442\u0430\u0446\u0438\u044f, \u0441\u0442\u043e\u043c\u0430\u0442\u043e\u043b\u043e\u0433\u0438\u0447\u0435\u0441\u043a\u0438\u0439 \u043e\u0441\u043c\u043e\u0442\u0440 \u0434\u043b\u044f \u0434\u0435\u0442\u0435\u0439<\/h2>\t\t\t\t<\/div>\n\t\t\t\t<div class=\"elementor-element elementor-element-be57dfb elementor-widget elementor-widget-text-editor\" data-id=\"be57dfb\" data-element_type=\"widget\" data-widget_type=\"text-editor.default\">\n\t\t\t\t\t\t\t\t\t<div class=\"col-lg-8\"><div class=\"row\"><div class=\"col-lg-8\"><div class=\"department-left\"><p>\u041f\u043e\u0447\u0435\u043c\u0443 \u0441\u0442\u043e\u043c\u0430\u0442\u043e\u043b\u043e\u0433\u0438\u0447\u0435\u0441\u043a\u0438\u0439 \u043e\u0441\u043c\u043e\u0442\u0440 \u0432\u0430\u0436\u0435\u043d \u0438 \u0434\u043b\u044f \u0434\u0435\u0442\u0435\u0439? \u041e\u0441\u0432\u043e\u0435\u043d\u0438\u0435 \u0443\u0445\u043e\u0434\u0430 \u0437\u0430 \u0437\u0443\u0431\u0430\u043c\u0438 \u0438 \u043f\u043e\u043b\u043e\u0441\u0442\u044c\u044e \u0440\u0442\u0430 \u043e\u0447\u0435\u043d\u044c \u0432\u0430\u0436\u043d\u043e \u0443\u0436\u0435 \u0432 \u0434\u0435\u0442\u0441\u043a\u043e\u043c \u0432\u043e\u0437\u0440\u0430\u0441\u0442\u0435, \u0442\u0430\u043a \u043a\u0430\u043a \u044d\u0442\u043e \u0432 \u0437\u043d\u0430\u0447\u0438\u0442\u0435\u043b\u044c\u043d\u043e\u0439 \u0441\u0442\u0435\u043f\u0435\u043d\u0438 \u043e\u043f\u0440\u0435\u0434\u0435\u043b\u044f\u0435\u0442 \u0441\u043e\u0441\u0442\u043e\u044f\u043d\u0438\u0435 \u0437\u0443\u0431\u043e\u0432 \u0432\u043e \u0432\u0437\u0440\u043e\u0441\u043b\u043e\u043c \u0432\u043e\u0437\u0440\u0430\u0441\u0442\u0435.<\/p><p>\u0420\u0435\u0433\u0443\u043b\u044f\u0440\u043d\u044b\u0435 \u0441\u0442\u043e\u043c\u0430\u0442\u043e\u043b\u043e\u0433\u0438\u0447\u0435\u0441\u043a\u0438\u0435 \u043f\u0440\u043e\u0432\u0435\u0440\u043a\u0438 \u0440\u0435\u043a\u043e\u043c\u0435\u043d\u0434\u0443\u0435\u0442\u0441\u044f \u043d\u0430\u0447\u0438\u043d\u0430\u0442\u044c \u0443\u0436\u0435 \u0441 \u043c\u043e\u043c\u0435\u043d\u0442\u0430 \u043f\u0440\u043e\u0440\u0435\u0437\u044b\u0432\u0430\u043d\u0438\u044f \u043f\u0435\u0440\u0432\u044b\u0445 \u043c\u043e\u043b\u043e\u0447\u043d\u044b\u0445 \u0437\u0443\u0431\u043e\u0432, \u0447\u0442\u043e\u0431\u044b \u0432\u044b\u044f\u0432\u043b\u044f\u0442\u044c \u0438 \u043b\u0435\u0447\u0438\u0442\u044c \u043d\u0430\u0447\u0438\u043d\u0430\u044e\u0449\u0438\u0439 \u043a\u0430\u0440\u0438\u0435\u0441, \u0430 \u0442\u0430\u043a\u0436\u0435, \u0432 \u0441\u043b\u0443\u0447\u0430\u0435 \u043d\u0435\u043f\u0440\u0430\u0432\u0438\u043b\u044c\u043d\u043e\u0433\u043e \u043f\u0440\u0438\u043a\u0443\u0441\u0430, \u0447\u0442\u043e\u0431\u044b \u0441\u0442\u043e\u043c\u0430\u0442\u043e\u043b\u043e\u0433 \u043c\u043e\u0433 \u043d\u0430\u0437\u043d\u0430\u0447\u0438\u0442\u044c \u043e\u0440\u0442\u043e\u0434\u043e\u043d\u0442\u0438\u0447\u0435\u0441\u043a\u043e\u0435 \u043b\u0435\u0447\u0435\u043d\u0438\u0435.<\/p><\/div><\/div><\/div><\/div>\t\t\t\t\t\t\t\t<\/div>\n\t\t\t\t<div class=\"elementor-element elementor-element-239ef05 elementor-widget elementor-widget-text-editor\" data-id=\"239ef05\" data-element_type=\"widget\" data-widget_type=\"text-editor.default\">\n\t\t\t\t\t<style>.elementor-element-239ef05{display:none !important}<\/style>\t\t\t\t<\/div>\n\t\t\t\t<\/div>\n\t\t\t\t<div class=\"elementor-element elementor-element-0e289fa elementor-widget elementor-widget-image\" data-id=\"0e289fa\" data-element_type=\"widget\" data-widget_type=\"image.default\">\n\t\t\t\t\t\t\t\t\t\t\t\t\t\t\t<img decoding=\"async\" width=\"900\" height=\"600\" src=\"https:\/\/dnpdental.hu\/wp-content\/uploads\/2025\/10\/dsc_0154_gqJnlDO.webp\" class=\"attachment-large size-large wp-image-706\" alt=\"\" srcset=\"https:\/\/dnpdental.hu\/wp-content\/uploads\/2025\/10\/dsc_0154_gqJnlDO.webp 900w, https:\/\/dnpdental.hu\/wp-content\/uploads\/2025\/10\/dsc_0154_gqJnlDO-300x200.webp 300w, https:\/\/dnpdental.hu\/wp-content\/uploads\/2025\/10\/dsc_0154_gqJnlDO-768x512.webp 768w, https:\/\/dnpdental.hu\/wp-content\/uploads\/2025\/10\/dsc_0154_gqJnlDO-18x12.webp 18w\" sizes=\"(max-width: 900px) 100vw, 900px\" \/>\t\t\t\t\t\t\t\t\t\t\t\t\t\t\t<\/div>\n\t\t\t\t<\/div>\n\t\t\t\t<\/div>\n\t\t\t\t\t<\/div>\n\t\t\t\t<\/div>\n\t\t\t\t<\/div>","protected":false},"excerpt":{"rendered":"<p>Fog\u00e1szati konzult\u00e1ci\u00f3, \u00c1llapotfelm\u00e9r\u00e9s Mi\u00e9rt fontos a rendszeres fog\u00e1szati \u00e1llapotfelm\u00e9r\u00e9s? Eg\u00e9szs\u00e9g\u00fcnk meg\u0151rz\u00e9s\u00e9hez\u00a0rendszeres orvosi sz\u0171r\u0151vizsg\u00e1latok\u00a0sz\u00fcks\u00e9gesek, melyeknek elengedhetetlen r\u00e9sze a fog\u00e1szati \u00e1llapotfelm\u00e9r\u00e9s is. Ennek ellen\u00e9re sokan m\u00e1r csak a f\u00e1jdalmas t\u00fcnetek jelentkez\u00e9sekor fordulnak fogorvoshoz. Pedig ezek a vizsg\u00e1latok pont a fogbetegs\u00e9gek korai felismer\u00e9s\u00e9t szolg\u00e1lj\u00e1k, hogy megel\u0151zhet\u0151k legyenek a komoly, sok esetben m\u00e1r visszaford\u00edthatatlann\u00e1 v\u00e1l\u00f3 elv\u00e1ltoz\u00e1sok. A fog\u00e1szati konzult\u00e1ci\u00f3 &#8230; <a title=\"\u041a\u043e\u043d\u0441\u0443\u043b\u044c\u0442\u0430\u0446\u0438\u044f \u0441\u0442\u043e\u043c\u0430\u0442\u043e\u043b\u043e\u0433\u0430, \u041e\u0446\u0435\u043d\u043a\u0430 \u0441\u043e\u0441\u0442\u043e\u044f\u043d\u0438\u044f \u0437\u0443\u0431\u043e\u0432\" class=\"read-more\" href=\"https:\/\/dnpdental.hu\/ru\/konzultacio\/\" aria-label=\"\u041f\u0440\u043e\u0447\u0438\u0442\u0430\u0442\u044c \u0431\u043e\u043b\u044c\u0448\u0435 \u043e Fog\u00e1szati konzult\u00e1ci\u00f3, \u00e1llapotfelm\u00e9r\u00e9s\">\u0427\u0438\u0442\u0430\u0442\u044c \u0434\u0430\u043b\u0435\u0435<\/a><\/p>","protected":false},"author":1,"featured_media":1270,"parent":0,"menu_order":0,"comment_status":"closed","ping_status":"closed","template":"elementor_header_footer","meta":{"footnotes":""},"class_list":["post-61","page","type-page","status-publish","has-post-thumbnail"],"yoast_head":"<!-- This site is optimized with the Yoast SEO Premium plugin v26.2 (Yoast SEO v26.5) - https:\/\/yoast.com\/wordpress\/plugins\/seo\/ -->\n<title>Fog\u00e1szati konzult\u00e1ci\u00f3, \u00e1llapotfelm\u00e9r\u00e9s | DNP Dental<\/title>\n<meta name=\"description\" content=\"Eg\u00e9szs\u00e9g\u00fcnk meg\u0151rz\u00e9se \u00e9rdek\u00e9ben rendszeres orvosi vizsg\u00e1latokra van sz\u00fcks\u00e9g.\" \/>\n<meta name=\"robots\" content=\"index, follow, max-snippet:-1, max-image-preview:large, max-video-preview:-1\" \/>\n<link rel=\"canonical\" href=\"https:\/\/dnpdental.hu\/ru\/konzultacio\/\" \/>\n<meta property=\"og:locale\" content=\"ru_RU\" \/>\n<meta property=\"og:type\" content=\"article\" \/>\n<meta property=\"og:title\" content=\"Fog\u00e1szati konzult\u00e1ci\u00f3, \u00e1llapotfelm\u00e9r\u00e9s\" \/>\n<meta property=\"og:description\" content=\"Eg\u00e9szs\u00e9g\u00fcnk meg\u0151rz\u00e9se \u00e9rdek\u00e9ben rendszeres orvosi vizsg\u00e1latokra van sz\u00fcks\u00e9g.\" \/>\n<meta property=\"og:url\" content=\"https:\/\/dnpdental.hu\/ru\/konzultacio\/\" \/>\n<meta property=\"og:site_name\" content=\"DNP Dental\" \/>\n<meta property=\"article:modified_time\" content=\"2026-01-26T13:23:45+00:00\" \/>\n<meta property=\"og:image\" content=\"https:\/\/dnpdental.hu\/wp-content\/uploads\/2025\/11\/tooth-extraction_2.webp\" \/>\n\t<meta property=\"og:image:width\" content=\"1500\" \/>\n\t<meta property=\"og:image:height\" content=\"1000\" \/>\n\t<meta property=\"og:image:type\" content=\"image\/webp\" \/>\n<meta name=\"twitter:card\" content=\"summary_large_image\" \/>\n<meta name=\"twitter:label1\" content=\"\u041f\u0440\u0438\u043c\u0435\u0440\u043d\u043e\u0435 \u0432\u0440\u0435\u043c\u044f \u0434\u043b\u044f \u0447\u0442\u0435\u043d\u0438\u044f\" \/>\n\t<meta name=\"twitter:data1\" content=\"1 \u043c\u0438\u043d\u0443\u0442\u0430\" \/>\n<script type=\"application\/ld+json\" class=\"yoast-schema-graph\">{\"@context\":\"https:\/\/schema.org\",\"@graph\":[{\"@type\":\"WebPage\",\"@id\":\"https:\/\/dnpdental.hu\/konzultacio\/\",\"url\":\"https:\/\/dnpdental.hu\/konzultacio\/\",\"name\":\"Fog\u00e1szati konzult\u00e1ci\u00f3, \u00e1llapotfelm\u00e9r\u00e9s | DNP Dental\",\"isPartOf\":{\"@id\":\"https:\/\/dnpdental.hu\/#website\"},\"primaryImageOfPage\":{\"@id\":\"https:\/\/dnpdental.hu\/konzultacio\/#primaryimage\"},\"image\":{\"@id\":\"https:\/\/dnpdental.hu\/konzultacio\/#primaryimage\"},\"thumbnailUrl\":\"https:\/\/dnpdental.hu\/wp-content\/uploads\/2025\/11\/tooth-extraction_2.webp\",\"datePublished\":\"2025-10-29T12:21:22+00:00\",\"dateModified\":\"2026-01-26T13:23:45+00:00\",\"description\":\"Eg\u00e9szs\u00e9g\u00fcnk meg\u0151rz\u00e9se \u00e9rdek\u00e9ben rendszeres orvosi vizsg\u00e1latokra van sz\u00fcks\u00e9g.\",\"breadcrumb\":{\"@id\":\"https:\/\/dnpdental.hu\/konzultacio\/#breadcrumb\"},\"inLanguage\":\"ru-RU\",\"potentialAction\":[{\"@type\":\"ReadAction\",\"target\":[\"https:\/\/dnpdental.hu\/konzultacio\/\"]}]},{\"@type\":\"ImageObject\",\"inLanguage\":\"ru-RU\",\"@id\":\"https:\/\/dnpdental.hu\/konzultacio\/#primaryimage\",\"url\":\"https:\/\/dnpdental.hu\/wp-content\/uploads\/2025\/11\/tooth-extraction_2.webp\",\"contentUrl\":\"https:\/\/dnpdental.hu\/wp-content\/uploads\/2025\/11\/tooth-extraction_2.webp\",\"width\":1500,\"height\":1000},{\"@type\":\"BreadcrumbList\",\"@id\":\"https:\/\/dnpdental.hu\/konzultacio\/#breadcrumb\",\"itemListElement\":[{\"@type\":\"ListItem\",\"position\":1,\"name\":\"Kezd\u0151lap\",\"item\":\"https:\/\/dnpdental.hu\/\"},{\"@type\":\"ListItem\",\"position\":2,\"name\":\"Fog\u00e1szati konzult\u00e1ci\u00f3, \u00e1llapotfelm\u00e9r\u00e9s\"}]},{\"@type\":\"WebSite\",\"@id\":\"https:\/\/dnpdental.hu\/#website\",\"url\":\"https:\/\/dnpdental.hu\/\",\"name\":\"DNP Dental\",\"description\":\"\",\"publisher\":{\"@id\":\"https:\/\/dnpdental.hu\/#organization\"},\"potentialAction\":[{\"@type\":\"SearchAction\",\"target\":{\"@type\":\"EntryPoint\",\"urlTemplate\":\"https:\/\/dnpdental.hu\/?s={search_term_string}\"},\"query-input\":{\"@type\":\"PropertyValueSpecification\",\"valueRequired\":true,\"valueName\":\"search_term_string\"}}],\"inLanguage\":\"ru-RU\"},{\"@type\":\"Organization\",\"@id\":\"https:\/\/dnpdental.hu\/#organization\",\"name\":\"DNP Dental\",\"url\":\"https:\/\/dnpdental.hu\/\",\"logo\":{\"@type\":\"ImageObject\",\"inLanguage\":\"ru-RU\",\"@id\":\"https:\/\/dnpdental.hu\/#\/schema\/logo\/image\/\",\"url\":\"https:\/\/dnpdental.hu\/wp-content\/uploads\/2025\/11\/DNP-10_mini.webp\",\"contentUrl\":\"https:\/\/dnpdental.hu\/wp-content\/uploads\/2025\/11\/DNP-10_mini.webp\",\"width\":420,\"height\":202,\"caption\":\"DNP Dental\"},\"image\":{\"@id\":\"https:\/\/dnpdental.hu\/#\/schema\/logo\/image\/\"}}]}<\/script>\n<!-- \/ Yoast SEO Premium plugin. -->","yoast_head_json":{"title":"Fog\u00e1szati konzult\u00e1ci\u00f3, \u00e1llapotfelm\u00e9r\u00e9s | DNP Dental","description":"Eg\u00e9szs\u00e9g\u00fcnk meg\u0151rz\u00e9se \u00e9rdek\u00e9ben rendszeres orvosi vizsg\u00e1latokra van sz\u00fcks\u00e9g.","robots":{"index":"index","follow":"follow","max-snippet":"max-snippet:-1","max-image-preview":"max-image-preview:large","max-video-preview":"max-video-preview:-1"},"canonical":"https:\/\/dnpdental.hu\/ru\/konzultacio\/","og_locale":"ru_RU","og_type":"article","og_title":"Fog\u00e1szati konzult\u00e1ci\u00f3, \u00e1llapotfelm\u00e9r\u00e9s","og_description":"Eg\u00e9szs\u00e9g\u00fcnk meg\u0151rz\u00e9se \u00e9rdek\u00e9ben rendszeres orvosi vizsg\u00e1latokra van sz\u00fcks\u00e9g.","og_url":"https:\/\/dnpdental.hu\/ru\/konzultacio\/","og_site_name":"DNP Dental","article_modified_time":"2026-01-26T13:23:45+00:00","og_image":[{"width":1500,"height":1000,"url":"https:\/\/dnpdental.hu\/wp-content\/uploads\/2025\/11\/tooth-extraction_2.webp","type":"image\/webp"}],"twitter_card":"summary_large_image","twitter_misc":{"\u041f\u0440\u0438\u043c\u0435\u0440\u043d\u043e\u0435 \u0432\u0440\u0435\u043c\u044f \u0434\u043b\u044f \u0447\u0442\u0435\u043d\u0438\u044f":"1 \u043c\u0438\u043d\u0443\u0442\u0430"},"schema":{"@context":"https:\/\/schema.org","@graph":[{"@type":"WebPage","@id":"https:\/\/dnpdental.hu\/konzultacio\/","url":"https:\/\/dnpdental.hu\/konzultacio\/","name":"Fog\u00e1szati konzult\u00e1ci\u00f3, \u00e1llapotfelm\u00e9r\u00e9s | DNP Dental","isPartOf":{"@id":"https:\/\/dnpdental.hu\/#website"},"primaryImageOfPage":{"@id":"https:\/\/dnpdental.hu\/konzultacio\/#primaryimage"},"image":{"@id":"https:\/\/dnpdental.hu\/konzultacio\/#primaryimage"},"thumbnailUrl":"https:\/\/dnpdental.hu\/wp-content\/uploads\/2025\/11\/tooth-extraction_2.webp","datePublished":"2025-10-29T12:21:22+00:00","dateModified":"2026-01-26T13:23:45+00:00","description":"Eg\u00e9szs\u00e9g\u00fcnk meg\u0151rz\u00e9se \u00e9rdek\u00e9ben rendszeres orvosi vizsg\u00e1latokra van sz\u00fcks\u00e9g.","breadcrumb":{"@id":"https:\/\/dnpdental.hu\/konzultacio\/#breadcrumb"},"inLanguage":"ru-RU","potentialAction":[{"@type":"ReadAction","target":["https:\/\/dnpdental.hu\/konzultacio\/"]}]},{"@type":"ImageObject","inLanguage":"ru-RU","@id":"https:\/\/dnpdental.hu\/konzultacio\/#primaryimage","url":"https:\/\/dnpdental.hu\/wp-content\/uploads\/2025\/11\/tooth-extraction_2.webp","contentUrl":"https:\/\/dnpdental.hu\/wp-content\/uploads\/2025\/11\/tooth-extraction_2.webp","width":1500,"height":1000},{"@type":"BreadcrumbList","@id":"https:\/\/dnpdental.hu\/konzultacio\/#breadcrumb","itemListElement":[{"@type":"ListItem","position":1,"name":"Kezd\u0151lap","item":"https:\/\/dnpdental.hu\/"},{"@type":"ListItem","position":2,"name":"Fog\u00e1szati konzult\u00e1ci\u00f3, \u00e1llapotfelm\u00e9r\u00e9s"}]},{"@type":"WebSite","@id":"https:\/\/dnpdental.hu\/#website","url":"https:\/\/dnpdental.hu\/","name":"DNP Dental","description":"","publisher":{"@id":"https:\/\/dnpdental.hu\/#organization"},"potentialAction":[{"@type":"SearchAction","target":{"@type":"EntryPoint","urlTemplate":"https:\/\/dnpdental.hu\/?s={search_term_string}"},"query-input":{"@type":"PropertyValueSpecification","valueRequired":true,"valueName":"search_term_string"}}],"inLanguage":"ru-RU"},{"@type":"Organization","@id":"https:\/\/dnpdental.hu\/#organization","name":"DNP Dental","url":"https:\/\/dnpdental.hu\/","logo":{"@type":"ImageObject","inLanguage":"ru-RU","@id":"https:\/\/dnpdental.hu\/#\/schema\/logo\/image\/","url":"https:\/\/dnpdental.hu\/wp-content\/uploads\/2025\/11\/DNP-10_mini.webp","contentUrl":"https:\/\/dnpdental.hu\/wp-content\/uploads\/2025\/11\/DNP-10_mini.webp","width":420,"height":202,"caption":"DNP Dental"},"image":{"@id":"https:\/\/dnpdental.hu\/#\/schema\/logo\/image\/"}}]}},"_links":{"self":[{"href":"https:\/\/dnpdental.hu\/ru\/wp-json\/wp\/v2\/pages\/61","targetHints":{"allow":["GET"]}}],"collection":[{"href":"https:\/\/dnpdental.hu\/ru\/wp-json\/wp\/v2\/pages"}],"about":[{"href":"https:\/\/dnpdental.hu\/ru\/wp-json\/wp\/v2\/types\/page"}],"author":[{"embeddable":true,"href":"https:\/\/dnpdental.hu\/ru\/wp-json\/wp\/v2\/users\/1"}],"replies":[{"embeddable":true,"href":"https:\/\/dnpdental.hu\/ru\/wp-json\/wp\/v2\/comments?post=61"}],"version-history":[{"count":44,"href":"https:\/\/dnpdental.hu\/ru\/wp-json\/wp\/v2\/pages\/61\/revisions"}],"predecessor-version":[{"id":3023,"href":"https:\/\/dnpdental.hu\/ru\/wp-json\/wp\/v2\/pages\/61\/revisions\/3023"}],"wp:featuredmedia":[{"embeddable":true,"href":"https:\/\/dnpdental.hu\/ru\/wp-json\/wp\/v2\/media\/1270"}],"wp:attachment":[{"href":"https:\/\/dnpdental.hu\/ru\/wp-json\/wp\/v2\/media?parent=61"}],"curies":[{"name":"wp","href":"https:\/\/api.w.org\/{rel}","templated":true}]}}