{"id":965,"date":"2025-11-01T01:36:49","date_gmt":"2025-11-01T00:36:49","guid":{"rendered":"https:\/\/newsite.dnpdental.hu\/?page_id=965"},"modified":"2025-11-10T10:17:24","modified_gmt":"2025-11-10T09:17:24","slug":"dr_ali_fatemi","status":"publish","type":"page","link":"https:\/\/dnpdental.hu\/ru\/dr_ali_fatemi\/","title":{"rendered":"Dr. Ali Fatemi"},"content":{"rendered":"<div data-elementor-type=\"wp-page\" data-elementor-id=\"965\" class=\"elementor elementor-965\" data-elementor-post-type=\"page\">\n\t\t\t\t<div class=\"elementor-element elementor-element-d92a629 e-flex e-con-boxed e-con e-parent\" data-id=\"d92a629\" data-element_type=\"container\">\n\t\t\t\t\t<div class=\"e-con-inner\">\n\t\t<div class=\"elementor-element elementor-element-fbb5e67 e-con-full e-flex e-con e-child\" data-id=\"fbb5e67\" data-element_type=\"container\" data-settings=\"{&quot;background_background&quot;:&quot;classic&quot;}\">\n\t\t\t\t<div class=\"elementor-element elementor-element-2be4421 elementor-widget elementor-widget-image\" data-id=\"2be4421\" data-element_type=\"widget\" data-widget_type=\"image.default\">\n\t\t\t\t\t\t\t\t\t\t\t\t\t\t\t<img fetchpriority=\"high\" decoding=\"async\" width=\"600\" height=\"900\" src=\"https:\/\/dnpdental.hu\/wp-content\/uploads\/2025\/10\/Dr_Ali_Fatemi.webp\" class=\"attachment-large size-large wp-image-594\" alt=\"Dr. Ali Fatemi Endodontus fogmegtart\u00f3 fogszakorvos\" srcset=\"https:\/\/dnpdental.hu\/wp-content\/uploads\/2025\/10\/Dr_Ali_Fatemi.webp 600w, https:\/\/dnpdental.hu\/wp-content\/uploads\/2025\/10\/Dr_Ali_Fatemi-200x300.webp 200w, https:\/\/dnpdental.hu\/wp-content\/uploads\/2025\/10\/Dr_Ali_Fatemi-8x12.webp 8w\" sizes=\"(max-width: 600px) 100vw, 600px\" \/>\t\t\t\t\t\t\t\t\t\t\t\t\t\t\t<\/div>\n\t\t<div class=\"elementor-element elementor-element-bdd734d e-con-full e-flex e-con e-child\" data-id=\"bdd734d\" data-element_type=\"container\">\n\t\t\t\t<div class=\"elementor-element elementor-element-489e8bb elementor-widget elementor-widget-heading\" data-id=\"489e8bb\" data-element_type=\"widget\" data-widget_type=\"heading.default\">\n\t\t\t\t\t<h2 class=\"elementor-heading-title elementor-size-default\">\u041a\u043e\u043d\u0442\u0430\u043a\u0442\u043d\u0430\u044f \u0438\u043d\u0444\u043e\u0440\u043c\u0430\u0446\u0438\u044f<\/h2>\t\t\t\t<\/div>\n\t\t\t\t<div class=\"elementor-element elementor-element-dcbd6e5 elementor-icon-list--layout-traditional elementor-list-item-link-full_width elementor-widget elementor-widget-icon-list\" data-id=\"dcbd6e5\" data-element_type=\"widget\" data-widget_type=\"icon-list.default\">\n\t\t\t\t\t\t\t<ul class=\"elementor-icon-list-items\">\n\t\t\t\t\t\t\t<li class=\"elementor-icon-list-item\">\n\t\t\t\t\t\t\t\t\t\t\t<span class=\"elementor-icon-list-icon\">\n\t\t\t\t\t\t\t<svg aria-hidden=\"true\" class=\"e-font-icon-svg e-fas-phone-alt\" viewbox=\"0 0 512 512\" xmlns=\"http:\/\/www.w3.org\/2000\/svg\"><path d=\"M497.39 361.8l-112-48a24 24 0 0 0-28 6.9l-49.6 60.6A370.66 370.66 0 0 1 130.6 204.11l60.6-49.6a23.94 23.94 0 0 0 6.9-28l-48-112A24.16 24.16 0 0 0 122.6.61l-104 24A24 24 0 0 0 0 48c0 256.5 207.9 464 464 464a24 24 0 0 0 23.4-18.6l24-104a24.29 24.29 0 0 0-14.01-27.6z\"><\/path><\/svg>\t\t\t\t\t\t<\/span>\n\t\t\t\t\t\t\t\t\t\t<span class=\"elementor-icon-list-text\">+36 70 613 6646<\/span>\n\t\t\t\t\t\t\t\t\t<\/li>\n\t\t\t\t\t\t\t\t<li class=\"elementor-icon-list-item\">\n\t\t\t\t\t\t\t\t\t\t\t<span class=\"elementor-icon-list-icon\">\n\t\t\t\t\t\t\t<svg aria-hidden=\"true\" class=\"e-font-icon-svg e-fas-envelope\" viewbox=\"0 0 512 512\" xmlns=\"http:\/\/www.w3.org\/2000\/svg\"><path d=\"M502.3 190.8c3.9-3.1 9.7-.2 9.7 4.7V400c0 26.5-21.5 48-48 48H48c-26.5 0-48-21.5-48-48V195.6c0-5 5.7-7.8 9.7-4.7 22.4 17.4 52.1 39.5 154.1 113.6 21.1 15.4 56.7 47.8 92.2 47.6 35.7.3 72-32.8 92.3-47.6 102-74.1 131.6-96.3 154-113.7zM256 320c23.2.4 56.6-29.2 73.4-41.4 132.7-96.3 142.8-104.7 173.4-128.7 5.8-4.5 9.2-11.5 9.2-18.9v-19c0-26.5-21.5-48-48-48H48C21.5 64 0 85.5 0 112v19c0 7.4 3.4 14.3 9.2 18.9 30.6 23.9 40.7 32.4 173.4 128.7 16.8 12.2 50.2 41.8 73.4 41.4z\"><\/path><\/svg>\t\t\t\t\t\t<\/span>\n\t\t\t\t\t\t\t\t\t\t<span class=\"elementor-icon-list-text\">rendelo@dnpdental.hu<\/span>\n\t\t\t\t\t\t\t\t\t<\/li>\n\t\t\t\t\t\t\t\t<li class=\"elementor-icon-list-item\">\n\t\t\t\t\t\t\t\t\t\t\t<span class=\"elementor-icon-list-icon\">\n\t\t\t\t\t\t\t<svg aria-hidden=\"true\" class=\"e-font-icon-svg e-fas-map-marker-alt\" viewbox=\"0 0 384 512\" xmlns=\"http:\/\/www.w3.org\/2000\/svg\"><path d=\"M172.268 501.67C26.97 291.031 0 269.413 0 192 0 85.961 85.961 0 192 0s192 85.961 192 192c0 77.413-26.97 99.031-172.268 309.67-9.535 13.774-29.93 13.773-39.464 0zM192 272c44.183 0 80-35.817 80-80s-35.817-80-80-80-80 35.817-80 80 35.817 80 80 80z\"><\/path><\/svg>\t\t\t\t\t\t<\/span>\n\t\t\t\t\t\t\t\t\t\t<span class=\"elementor-icon-list-text\">1115 Budapest, Bart\u00f3k B\u00e9la \u00fat 90. 1-\u0439 \u044d\u0442\u0430\u0436<\/span>\n\t\t\t\t\t\t\t\t\t<\/li>\n\t\t\t\t\t\t<\/ul>\n\t\t\t\t\t\t<\/div>\n\t\t\t\t<div class=\"elementor-element elementor-element-7cf0add elementor-widget elementor-widget-heading\" data-id=\"7cf0add\" data-element_type=\"widget\" data-widget_type=\"heading.default\">\n\t\t\t\t\t<h2 class=\"elementor-heading-title elementor-size-default\">\u0412\u0440\u0435\u043c\u044f \u0440\u0430\u0431\u043e\u0442\u044b<\/h2>\t\t\t\t<\/div>\n\t\t\t\t<div class=\"elementor-element elementor-element-1a95017 elementor-icon-list--layout-traditional elementor-list-item-link-full_width elementor-widget elementor-widget-icon-list\" data-id=\"1a95017\" data-element_type=\"widget\" data-widget_type=\"icon-list.default\">\n\t\t\t\t\t\t\t<ul class=\"elementor-icon-list-items\">\n\t\t\t\t\t\t\t<li class=\"elementor-icon-list-item\">\n\t\t\t\t\t\t\t\t\t\t<span class=\"elementor-icon-list-text\">\u0412\u0442\u043e\u0440\u043d\u0438\u043a: 14:00-20:00<\/span>\n\t\t\t\t\t\t\t\t\t<\/li>\n\t\t\t\t\t\t\t\t<li class=\"elementor-icon-list-item\">\n\t\t\t\t\t\t\t\t\t\t<span class=\"elementor-icon-list-text\">\u0427\u0435\u0442\u0432\u0435\u0440\u0433: 14:00-20:00<\/span>\n\t\t\t\t\t\t\t\t\t<\/li>\n\t\t\t\t\t\t<\/ul>\n\t\t\t\t\t\t<\/div>\n\t\t\t\t<\/div>\n\t\t\t\t<\/div>\n\t\t<div class=\"elementor-element elementor-element-dd46cb7 e-con-full e-flex e-con e-child\" data-id=\"dd46cb7\" data-element_type=\"container\">\n\t\t\t\t<div class=\"elementor-element elementor-element-244cc1c elementor-widget elementor-widget-heading\" data-id=\"244cc1c\" data-element_type=\"widget\" data-widget_type=\"heading.default\">\n\t\t\t\t\t<h1 class=\"elementor-heading-title elementor-size-default\">Dr. Ali Fatemi<\/h1>\t\t\t\t<\/div>\n\t\t\t\t<div class=\"elementor-element elementor-element-2fe0dda elementor-widget elementor-widget-heading\" data-id=\"2fe0dda\" data-element_type=\"widget\" data-widget_type=\"heading.default\">\n\t\t\t\t\t<p class=\"elementor-heading-title elementor-size-default\">\u042d\u043d\u0434\u043e\u0434\u043e\u043d\u0442\u0438\u0441\u0442<\/p>\t\t\t\t<\/div>\n\t\t\t\t<div class=\"elementor-element elementor-element-2c772c4 elementor-widget elementor-widget-heading\" data-id=\"2c772c4\" data-element_type=\"widget\" data-widget_type=\"heading.default\">\n\t\t\t\t\t<h2 class=\"elementor-heading-title elementor-size-default\">\u0411\u0438\u043e\u0433\u0440\u0430\u0444\u0438\u044f<\/h2>\t\t\t\t<\/div>\n\t\t\t\t<div class=\"elementor-element elementor-element-b2e5036 elementor-widget elementor-widget-text-editor\" data-id=\"b2e5036\" data-element_type=\"widget\" data-widget_type=\"text-editor.default\">\n\t\t\t\t\t\t\t\t\t<div class=\"doctor-details-area section\"><div class=\"container\"><div class=\"row\"><div class=\"col-lg-7\"><div class=\"doctor-details-item\"><div class=\"doctor-details-right\"><div class=\"doctor-details-biography\"><p>\u041c\u0435\u043d\u044f \u0437\u043e\u0432\u0443\u0442 \u0410\u043b\u0438 \u0424\u0430\u0442\u0435\u043c\u0438. \u042f \u0440\u043e\u0434\u043e\u043c \u0438\u0437 \u0441\u0435\u043c\u044c\u0438 \u0441\u0442\u043e\u043c\u0430\u0442\u043e\u043b\u043e\u0433\u043e\u0432, \u043f\u043e\u044d\u0442\u043e\u043c\u0443 \u0441 \u0434\u0435\u0442\u0441\u0442\u0432\u0430 \u043f\u0440\u0435\u0434\u0441\u0442\u0430\u0432\u043b\u044f\u043b \u0441\u0432\u043e\u0435 \u0431\u0443\u0434\u0443\u0449\u0435\u0435 \u0432 \u044d\u0442\u043e\u0439 \u043f\u0440\u043e\u0444\u0435\u0441\u0441\u0438\u0438. \u0412 2017 \u0433\u043e\u0434\u0443 \u044f \u043f\u0435\u0440\u0435\u0435\u0445\u0430\u043b \u0432 \u0412\u0435\u043d\u0433\u0440\u0438\u044e. \u0412 2022 \u0433\u043e\u0434\u0443 \u044f \u043e\u043a\u043e\u043d\u0447\u0438\u043b \u0441\u0442\u043e\u043c\u0430\u0442\u043e\u043b\u043e\u0433\u0438\u0447\u0435\u0441\u043a\u0438\u0439 \u0444\u0430\u043a\u0443\u043b\u044c\u0442\u0435\u0442 \u0414\u0435\u0431\u0440\u0435\u0446\u0435\u043d\u0441\u043a\u043e\u0433\u043e \u0443\u043d\u0438\u0432\u0435\u0440\u0441\u0438\u0442\u0435\u0442\u0430. \u0417\u0430 \u0432\u0440\u0435\u043c\u044f \u043c\u043e\u0435\u0433\u043e \u043e\u0431\u0443\u0447\u0435\u043d\u0438\u044f \u0442\u0430\u043c \u044f \u0431\u044b\u043b \u043f\u0440\u0438\u0437\u043d\u0430\u043d \u043b\u0443\u0447\u0448\u0438\u043c \u0441\u0442\u0443\u0434\u0435\u043d\u0442\u043e\u043c \u0437\u0430 3 \u0441\u0435\u043c\u0435\u0441\u0442\u0440\u0430. \u041c\u043e\u044f \u043b\u044e\u0431\u0438\u043c\u0430\u044f \u0441\u043f\u0435\u0446\u0438\u0430\u043b\u044c\u043d\u043e\u0441\u0442\u044c - \u044d\u043d\u0434\u043e\u0434\u043e\u043d\u0442\u0438\u044f, \u0441\u043e\u0445\u0440\u0430\u043d\u0435\u043d\u0438\u0435 \u0437\u0443\u0431\u043e\u0432. \u042f \u0432\u044b\u0431\u0440\u0430\u043b \u044d\u0442\u0443 \u0441\u043f\u0435\u0446\u0438\u0430\u043b\u044c\u043d\u043e\u0441\u0442\u044c, \u043f\u043e\u0442\u043e\u043c\u0443 \u0447\u0442\u043e \u043f\u043e\u0441\u043b\u0435 \u043b\u0435\u0447\u0435\u043d\u0438\u044f \u0431\u043e\u043b\u044c \u043f\u0430\u0446\u0438\u0435\u043d\u0442\u0430 \u043f\u043e\u043b\u043d\u043e\u0441\u0442\u044c\u044e \u0438\u0441\u0447\u0435\u0437\u0430\u0435\u0442, \u0438 \u043e\u043d \u043c\u043e\u0436\u0435\u0442 \u0441 \u0440\u0430\u0434\u043e\u0441\u0442\u044c\u044e \u043f\u043e\u043a\u0438\u043d\u0443\u0442\u044c \u043d\u0430\u0448 \u043a\u0430\u0431\u0438\u043d\u0435\u0442. \u042f \u0440\u0435\u0433\u0443\u043b\u044f\u0440\u043d\u043e \u043f\u043e\u0441\u0435\u0449\u0430\u044e \u043a\u0443\u0440\u0441\u044b \u043f\u043e\u0432\u044b\u0448\u0435\u043d\u0438\u044f \u043a\u0432\u0430\u043b\u0438\u0444\u0438\u043a\u0430\u0446\u0438\u0438 \u0438 \u0443\u0436\u0435 \u043c\u043d\u043e\u0433\u043e \u043b\u0435\u0442 \u043e\u0431\u0443\u0447\u0430\u044e \u0441\u0442\u0443\u0434\u0435\u043d\u0442\u043e\u0432-\u0441\u0442\u043e\u043c\u0430\u0442\u043e\u043b\u043e\u0433\u043e\u0432. \u042f \u043e\u0442\u043d\u043e\u0448\u0443\u0441\u044c \u043a \u0441\u0432\u043e\u0438\u043c \u043f\u0430\u0446\u0438\u0435\u043d\u0442\u0430\u043c \u0441 \u043f\u043e\u043d\u0438\u043c\u0430\u043d\u0438\u0435\u043c \u0438 \u0442\u0435\u0440\u043f\u0435\u043d\u0438\u0435\u043c \u0438 \u0441\u0442\u0430\u0440\u0430\u044e\u0441\u044c \u043f\u0440\u043e\u0432\u043e\u0434\u0438\u0442\u044c \u043a\u0430\u0436\u0434\u043e\u0435 \u043b\u0435\u0447\u0435\u043d\u0438\u0435 \u0432 \u043c\u0435\u0440\u0443 \u0441\u0432\u043e\u0438\u0445 \u0432\u043e\u0437\u043c\u043e\u0436\u043d\u043e\u0441\u0442\u0435\u0439. \u042f \u0441\u0447\u0438\u0442\u0430\u044e \u0432\u0430\u0436\u043d\u044b\u043c \u0441\u043e\u0437\u0434\u0430\u0442\u044c \u0430\u0442\u043c\u043e\u0441\u0444\u0435\u0440\u0443, \u0432 \u043a\u043e\u0442\u043e\u0440\u043e\u0439 \u043c\u043e\u0438 \u043f\u0430\u0446\u0438\u0435\u043d\u0442\u044b \u043f\u043e\u043a\u0438\u0434\u0430\u044e\u0442 \u043d\u0430\u0448 \u043a\u0430\u0431\u0438\u043d\u0435\u0442 \u0443\u0434\u043e\u0432\u043b\u0435\u0442\u0432\u043e\u0440\u0435\u043d\u043d\u044b\u043c\u0438 \u0438 \u0431\u0435\u0437 \u0441\u0442\u0440\u0430\u0445\u0430. \u0412 \u0441\u0432\u043e\u0431\u043e\u0434\u043d\u043e\u0435 \u0432\u0440\u0435\u043c\u044f \u044f \u0445\u043e\u0436\u0443 \u043d\u0430 \u0442\u0440\u0435\u043d\u0438\u0440\u043e\u0432\u043a\u0438 \u043f\u043e \u0431\u043e\u043a\u0441\u0443 \u0438 \u043b\u044e\u0431\u043b\u044e \u0444\u0443\u0442\u0431\u043e\u043b.<\/p><\/div><\/div><\/div><\/div><\/div><\/div><\/div>\t\t\t\t\t\t\t\t<\/div>\n\t\t\t\t<\/div>\n\t\t\t\t\t<\/div>\n\t\t\t\t<\/div>\n\t\t\t\t<\/div>","protected":false},"excerpt":{"rendered":"<p>Kapcsolati adatok +36 70 613 6646 rendelo@dnpdental.hu 1115 Budapest, Bart\u00f3k B\u00e9la \u00fat 90. 1. emelet Rendel\u00e9si id\u0151 Kedd: 14:00-20:00 Cs\u00fct\u00f6rt\u00f6k: 14:00-20:00 Dr. Ali Fatemi Endodontus \u00c9letrajz Ali Fateminek h\u00edvnak. Fogorvos csal\u00e1db\u00f3l sz\u00e1rmazom, \u00edgy m\u00e1r gyermekkorom \u00f3ta ebben a szakm\u00e1ban k\u00e9pzeltem el a j\u00f6v\u0151met. 2017-ben k\u00f6lt\u00f6ztem Magyarorsz\u00e1gra. 2022-ben v\u00e9geztem a Debreceni Egyetem Fogorvostudom\u00e1ny Kar\u00e1n. Az ott &#8230; <a title=\"Dr. Ali Fatemi\" class=\"read-more\" href=\"https:\/\/dnpdental.hu\/ru\/dr_ali_fatemi\/\" aria-label=\"\u041f\u0440\u043e\u0447\u0438\u0442\u0430\u0442\u044c \u0431\u043e\u043b\u044c\u0448\u0435 \u043e Dr. Ali Fatemi\">\u0427\u0438\u0442\u0430\u0442\u044c \u0434\u0430\u043b\u0435\u0435<\/a><\/p>","protected":false},"author":1,"featured_media":0,"parent":0,"menu_order":0,"comment_status":"closed","ping_status":"closed","template":"elementor_header_footer","meta":{"footnotes":""},"class_list":["post-965","page","type-page","status-publish"],"yoast_head":"<!-- This site is optimized with the Yoast SEO Premium plugin v26.2 (Yoast SEO v26.5) - https:\/\/yoast.com\/wordpress\/plugins\/seo\/ -->\n<title>Dr. Ali Fatemi - DNP Dental<\/title>\n<meta name=\"robots\" content=\"index, follow, max-snippet:-1, max-image-preview:large, max-video-preview:-1\" \/>\n<link rel=\"canonical\" href=\"https:\/\/dnpdental.hu\/ru\/dr_ali_fatemi\/\" \/>\n<meta property=\"og:locale\" content=\"ru_RU\" \/>\n<meta property=\"og:type\" content=\"article\" \/>\n<meta property=\"og:title\" content=\"Dr. Ali Fatemi\" \/>\n<meta property=\"og:description\" content=\"Kapcsolati adatok +36 70 613 6646 rendelo@dnpdental.hu 1115 Budapest, Bart\u00f3k B\u00e9la \u00fat 90. 1. emelet Rendel\u00e9si id\u0151 Kedd: 14:00-20:00 Cs\u00fct\u00f6rt\u00f6k: 14:00-20:00 Dr. Ali Fatemi Endodontus \u00c9letrajz Ali Fateminek h\u00edvnak. Fogorvos csal\u00e1db\u00f3l sz\u00e1rmazom, \u00edgy m\u00e1r gyermekkorom \u00f3ta ebben a szakm\u00e1ban k\u00e9pzeltem el a j\u00f6v\u0151met. 2017-ben k\u00f6lt\u00f6ztem Magyarorsz\u00e1gra. 2022-ben v\u00e9geztem a Debreceni Egyetem Fogorvostudom\u00e1ny Kar\u00e1n. Az ott ... \u0427\u0438\u0442\u0430\u0442\u044c \u0434\u0430\u043b\u0435\u0435\" \/>\n<meta property=\"og:url\" content=\"https:\/\/dnpdental.hu\/ru\/dr_ali_fatemi\/\" \/>\n<meta property=\"og:site_name\" content=\"DNP Dental\" \/>\n<meta property=\"article:modified_time\" content=\"2025-11-10T09:17:24+00:00\" \/>\n<meta property=\"og:image\" content=\"https:\/\/newsite.dnpdental.hu\/wp-content\/uploads\/2025\/10\/Dr_Ali_Fatemi.webp\" \/>\n<meta name=\"twitter:card\" content=\"summary_large_image\" \/>\n<meta name=\"twitter:label1\" content=\"\u041f\u0440\u0438\u043c\u0435\u0440\u043d\u043e\u0435 \u0432\u0440\u0435\u043c\u044f \u0434\u043b\u044f \u0447\u0442\u0435\u043d\u0438\u044f\" \/>\n\t<meta name=\"twitter:data1\" content=\"1 \u043c\u0438\u043d\u0443\u0442\u0430\" \/>\n<script type=\"application\/ld+json\" class=\"yoast-schema-graph\">{\"@context\":\"https:\/\/schema.org\",\"@graph\":[{\"@type\":\"WebPage\",\"@id\":\"https:\/\/dnpdental.hu\/dr_ali_fatemi\/\",\"url\":\"https:\/\/dnpdental.hu\/dr_ali_fatemi\/\",\"name\":\"Dr. Ali Fatemi - DNP Dental\",\"isPartOf\":{\"@id\":\"https:\/\/dnpdental.hu\/#website\"},\"primaryImageOfPage\":{\"@id\":\"https:\/\/dnpdental.hu\/dr_ali_fatemi\/#primaryimage\"},\"image\":{\"@id\":\"https:\/\/dnpdental.hu\/dr_ali_fatemi\/#primaryimage\"},\"thumbnailUrl\":\"https:\/\/newsite.dnpdental.hu\/wp-content\/uploads\/2025\/10\/Dr_Ali_Fatemi.webp\",\"datePublished\":\"2025-11-01T00:36:49+00:00\",\"dateModified\":\"2025-11-10T09:17:24+00:00\",\"breadcrumb\":{\"@id\":\"https:\/\/dnpdental.hu\/dr_ali_fatemi\/#breadcrumb\"},\"inLanguage\":\"ru-RU\",\"potentialAction\":[{\"@type\":\"ReadAction\",\"target\":[\"https:\/\/dnpdental.hu\/dr_ali_fatemi\/\"]}]},{\"@type\":\"ImageObject\",\"inLanguage\":\"ru-RU\",\"@id\":\"https:\/\/dnpdental.hu\/dr_ali_fatemi\/#primaryimage\",\"url\":\"https:\/\/newsite.dnpdental.hu\/wp-content\/uploads\/2025\/10\/Dr_Ali_Fatemi.webp\",\"contentUrl\":\"https:\/\/newsite.dnpdental.hu\/wp-content\/uploads\/2025\/10\/Dr_Ali_Fatemi.webp\"},{\"@type\":\"BreadcrumbList\",\"@id\":\"https:\/\/dnpdental.hu\/dr_ali_fatemi\/#breadcrumb\",\"itemListElement\":[{\"@type\":\"ListItem\",\"position\":1,\"name\":\"Kezd\u0151lap\",\"item\":\"https:\/\/dnpdental.hu\/\"},{\"@type\":\"ListItem\",\"position\":2,\"name\":\"Dr. Ali Fatemi\"}]},{\"@type\":\"WebSite\",\"@id\":\"https:\/\/dnpdental.hu\/#website\",\"url\":\"https:\/\/dnpdental.hu\/\",\"name\":\"DNP Dental\",\"description\":\"\",\"publisher\":{\"@id\":\"https:\/\/dnpdental.hu\/#organization\"},\"potentialAction\":[{\"@type\":\"SearchAction\",\"target\":{\"@type\":\"EntryPoint\",\"urlTemplate\":\"https:\/\/dnpdental.hu\/?s={search_term_string}\"},\"query-input\":{\"@type\":\"PropertyValueSpecification\",\"valueRequired\":true,\"valueName\":\"search_term_string\"}}],\"inLanguage\":\"ru-RU\"},{\"@type\":\"Organization\",\"@id\":\"https:\/\/dnpdental.hu\/#organization\",\"name\":\"DNP Dental\",\"url\":\"https:\/\/dnpdental.hu\/\",\"logo\":{\"@type\":\"ImageObject\",\"inLanguage\":\"ru-RU\",\"@id\":\"https:\/\/dnpdental.hu\/#\/schema\/logo\/image\/\",\"url\":\"https:\/\/dnpdental.hu\/wp-content\/uploads\/2025\/11\/DNP-10_mini.webp\",\"contentUrl\":\"https:\/\/dnpdental.hu\/wp-content\/uploads\/2025\/11\/DNP-10_mini.webp\",\"width\":420,\"height\":202,\"caption\":\"DNP Dental\"},\"image\":{\"@id\":\"https:\/\/dnpdental.hu\/#\/schema\/logo\/image\/\"}}]}<\/script>\n<!-- \/ Yoast SEO Premium plugin. -->","yoast_head_json":{"title":"Dr. Ali Fatemi - DNP Dental","robots":{"index":"index","follow":"follow","max-snippet":"max-snippet:-1","max-image-preview":"max-image-preview:large","max-video-preview":"max-video-preview:-1"},"canonical":"https:\/\/dnpdental.hu\/ru\/dr_ali_fatemi\/","og_locale":"ru_RU","og_type":"article","og_title":"Dr. Ali Fatemi","og_description":"Kapcsolati adatok +36 70 613 6646 rendelo@dnpdental.hu 1115 Budapest, Bart\u00f3k B\u00e9la \u00fat 90. 1. emelet Rendel\u00e9si id\u0151 Kedd: 14:00-20:00 Cs\u00fct\u00f6rt\u00f6k: 14:00-20:00 Dr. Ali Fatemi Endodontus \u00c9letrajz Ali Fateminek h\u00edvnak. Fogorvos csal\u00e1db\u00f3l sz\u00e1rmazom, \u00edgy m\u00e1r gyermekkorom \u00f3ta ebben a szakm\u00e1ban k\u00e9pzeltem el a j\u00f6v\u0151met. 2017-ben k\u00f6lt\u00f6ztem Magyarorsz\u00e1gra. 2022-ben v\u00e9geztem a Debreceni Egyetem Fogorvostudom\u00e1ny Kar\u00e1n. Az ott ... \u0427\u0438\u0442\u0430\u0442\u044c \u0434\u0430\u043b\u0435\u0435","og_url":"https:\/\/dnpdental.hu\/ru\/dr_ali_fatemi\/","og_site_name":"DNP Dental","article_modified_time":"2025-11-10T09:17:24+00:00","og_image":[{"url":"https:\/\/newsite.dnpdental.hu\/wp-content\/uploads\/2025\/10\/Dr_Ali_Fatemi.webp","type":"","width":"","height":""}],"twitter_card":"summary_large_image","twitter_misc":{"\u041f\u0440\u0438\u043c\u0435\u0440\u043d\u043e\u0435 \u0432\u0440\u0435\u043c\u044f \u0434\u043b\u044f \u0447\u0442\u0435\u043d\u0438\u044f":"1 \u043c\u0438\u043d\u0443\u0442\u0430"},"schema":{"@context":"https:\/\/schema.org","@graph":[{"@type":"WebPage","@id":"https:\/\/dnpdental.hu\/dr_ali_fatemi\/","url":"https:\/\/dnpdental.hu\/dr_ali_fatemi\/","name":"Dr. Ali Fatemi - DNP Dental","isPartOf":{"@id":"https:\/\/dnpdental.hu\/#website"},"primaryImageOfPage":{"@id":"https:\/\/dnpdental.hu\/dr_ali_fatemi\/#primaryimage"},"image":{"@id":"https:\/\/dnpdental.hu\/dr_ali_fatemi\/#primaryimage"},"thumbnailUrl":"https:\/\/newsite.dnpdental.hu\/wp-content\/uploads\/2025\/10\/Dr_Ali_Fatemi.webp","datePublished":"2025-11-01T00:36:49+00:00","dateModified":"2025-11-10T09:17:24+00:00","breadcrumb":{"@id":"https:\/\/dnpdental.hu\/dr_ali_fatemi\/#breadcrumb"},"inLanguage":"ru-RU","potentialAction":[{"@type":"ReadAction","target":["https:\/\/dnpdental.hu\/dr_ali_fatemi\/"]}]},{"@type":"ImageObject","inLanguage":"ru-RU","@id":"https:\/\/dnpdental.hu\/dr_ali_fatemi\/#primaryimage","url":"https:\/\/newsite.dnpdental.hu\/wp-content\/uploads\/2025\/10\/Dr_Ali_Fatemi.webp","contentUrl":"https:\/\/newsite.dnpdental.hu\/wp-content\/uploads\/2025\/10\/Dr_Ali_Fatemi.webp"},{"@type":"BreadcrumbList","@id":"https:\/\/dnpdental.hu\/dr_ali_fatemi\/#breadcrumb","itemListElement":[{"@type":"ListItem","position":1,"name":"Kezd\u0151lap","item":"https:\/\/dnpdental.hu\/"},{"@type":"ListItem","position":2,"name":"Dr. Ali Fatemi"}]},{"@type":"WebSite","@id":"https:\/\/dnpdental.hu\/#website","url":"https:\/\/dnpdental.hu\/","name":"DNP Dental","description":"","publisher":{"@id":"https:\/\/dnpdental.hu\/#organization"},"potentialAction":[{"@type":"SearchAction","target":{"@type":"EntryPoint","urlTemplate":"https:\/\/dnpdental.hu\/?s={search_term_string}"},"query-input":{"@type":"PropertyValueSpecification","valueRequired":true,"valueName":"search_term_string"}}],"inLanguage":"ru-RU"},{"@type":"Organization","@id":"https:\/\/dnpdental.hu\/#organization","name":"DNP Dental","url":"https:\/\/dnpdental.hu\/","logo":{"@type":"ImageObject","inLanguage":"ru-RU","@id":"https:\/\/dnpdental.hu\/#\/schema\/logo\/image\/","url":"https:\/\/dnpdental.hu\/wp-content\/uploads\/2025\/11\/DNP-10_mini.webp","contentUrl":"https:\/\/dnpdental.hu\/wp-content\/uploads\/2025\/11\/DNP-10_mini.webp","width":420,"height":202,"caption":"DNP Dental"},"image":{"@id":"https:\/\/dnpdental.hu\/#\/schema\/logo\/image\/"}}]}},"_links":{"self":[{"href":"https:\/\/dnpdental.hu\/ru\/wp-json\/wp\/v2\/pages\/965","targetHints":{"allow":["GET"]}}],"collection":[{"href":"https:\/\/dnpdental.hu\/ru\/wp-json\/wp\/v2\/pages"}],"about":[{"href":"https:\/\/dnpdental.hu\/ru\/wp-json\/wp\/v2\/types\/page"}],"author":[{"embeddable":true,"href":"https:\/\/dnpdental.hu\/ru\/wp-json\/wp\/v2\/users\/1"}],"replies":[{"embeddable":true,"href":"https:\/\/dnpdental.hu\/ru\/wp-json\/wp\/v2\/comments?post=965"}],"version-history":[{"count":7,"href":"https:\/\/dnpdental.hu\/ru\/wp-json\/wp\/v2\/pages\/965\/revisions"}],"predecessor-version":[{"id":1627,"href":"https:\/\/dnpdental.hu\/ru\/wp-json\/wp\/v2\/pages\/965\/revisions\/1627"}],"wp:attachment":[{"href":"https:\/\/dnpdental.hu\/ru\/wp-json\/wp\/v2\/media?parent=965"}],"curies":[{"name":"wp","href":"https:\/\/api.w.org\/{rel}","templated":true}]}}